{"id":22395,"date":"2014-11-19T14:44:38","date_gmt":"2014-11-19T14:44:38","guid":{"rendered":"http:\/\/www.labeljoy.com\/aide\/locking-elements\/"},"modified":"2015-02-03T15:12:53","modified_gmt":"2015-02-03T15:12:53","slug":"verrouiller-les-elements","status":"publish","type":"page","link":"https:\/\/www.labeljoy.com\/fr\/aide\/verrouiller-les-elements\/","title":{"rendered":"Verrouiller les \u00e9l\u00e9ments"},"content":{"rendered":"<div data-partent=\"19635\" class=\"callout callout-warning\">\n<h4>Cette page fait r\u00e9f\u00e9rence \u00e0 Labeljoy 5, qui n&rsquo;est pas notre derni\u00e8re version.<\/h4>\n<p>Effectuez une <a href=\"\/fr\/achat\/\">mise \u00e0 niveau vers Labeljoy 6<\/a> pour obtenir la derni\u00e8re version du logiciel avec toutes ses fonctionnalit\u00e9s \u00e9tonnantes ou, si vous l\u2019utilisez d\u00e9j\u00e0, visitez le <a href=\"\/help-lj6\/\">guide de l\u2019utilisateur de Labeljoy 6<\/a>.<\/p>\n<\/div>\n<div id=\"help-guide\">\n\r\n<p class=\"title\">verrouiller les \u00e9l\u00e9ments<\/p>\r\n<p class=\"body\">L'ic\u00f4ne <em>Verrouiller les \u00e9l\u00e9ments <\/em>permet de mettre Labeljoy dans un \u00e9tat dans lequel les <strong>mouvements<\/strong>, le <strong>redimensionnements<\/strong> et les rotations normalement effectu\u00e9s avec la souris <strong>sont d\u00e9sactiv\u00e9s<\/strong>.<\/p>\r\n<p class=\"body\">Les coordonn\u00e9es des \u00e9l\u00e9ments peuvent cependant \u00eatre modifi\u00e9es \u00e0 travers les <strong>fen\u00eatres des propri\u00e9t\u00e9s <\/strong>de divers \u00e9l\u00e9ments, \u00e0 l'onglet <a href=\"http:\/\/www.labeljoy.com\/fr\/aide\/positionner-les-elements\/\">Avanc\u00e9<\/a>, commun \u00e0 tous les \u00e9l\u00e9ments.<\/p>\r\n<p class=\"body\">L'activation du blocage des \u00e9l\u00e9ments fera en sorte que l'ic\u00f4ne s'affiche dans la <a href=\"http:\/\/www.labeljoy.com\/fr\/aide\/la-barre-d-etat\/\">barre d'\u00e9tat<\/a>. Il sera possible de <em>d\u00e9bloquer <\/em>les \u00e9l\u00e9ments\r\n  aussi en cliquant sur cette ic\u00f4ne dans la barre d'\u00e9tat.<\/p>\r\n<p class=\"note\"><strong>Note<\/strong>:<br>\r\n  Le verrouillage des \u00e9l\u00e9ments est totalement <strong>ind\u00e9pendant <\/strong>du param\u00e8tre <em>R\u00e9pondre \u00e0 la souris <\/em>qui peut \u00eatre d\u00e9fini dans l'onglet <a href=\"http:\/\/www.labeljoy.com\/fr\/aide\/positionner-les-elements\/\">Avanc\u00e9<\/a> des bo\u00eetes de dialogue de propri\u00e9t\u00e9s. En fait, lorsque le <em>Verrouillage des \u00e9l\u00e9ments <\/em>est actif, il est cependant encore possible de\r\n  double-cliquer avec la souris pour acc\u00e9der aux fen\u00eatres de propri\u00e9t\u00e9, si le param\u00e8tre <em>R\u00e9pondre \u00e0 la souris <\/em>n'est pas d\u00e9sactiv\u00e9. <\/p>\n<\/div>\n","protected":false},"excerpt":{"rendered":"<p>Cette page fait r\u00e9f\u00e9rence \u00e0 Labeljoy 5, qui n&rsquo;est pas notre derni\u00e8re version. Effectuez une mise \u00e0 niveau vers Labeljoy 6 pour obtenir la derni\u00e8re version du logiciel avec toutes ses fonctionnalit\u00e9s \u00e9tonnantes ou, si vous l\u2019utilisez d\u00e9j\u00e0, visitez le guide de l\u2019utilisateur de Labeljoy 6.<\/p>\n","protected":false},"author":8,"featured_media":0,"parent":22289,"menu_order":0,"comment_status":"open","ping_status":"closed","template":"page-template-left-sidebar.php","meta":{"inline_featured_image":false,"_monsterinsights_skip_tracking":false,"_monsterinsights_sitenote_active":false,"_monsterinsights_sitenote_note":"","_monsterinsights_sitenote_category":0,"footnotes":""},"class_list":{"0":"post-22395","1":"page","2":"type-page","3":"status-publish","5":"infinite-scroll-item"},"aioseo_notices":[],"_links":{"self":[{"href":"https:\/\/www.labeljoy.com\/fr\/wp-json\/wp\/v2\/pages\/22395","targetHints":{"allow":["GET"]}}],"collection":[{"href":"https:\/\/www.labeljoy.com\/fr\/wp-json\/wp\/v2\/pages"}],"about":[{"href":"https:\/\/www.labeljoy.com\/fr\/wp-json\/wp\/v2\/types\/page"}],"author":[{"embeddable":true,"href":"https:\/\/www.labeljoy.com\/fr\/wp-json\/wp\/v2\/users\/8"}],"replies":[{"embeddable":true,"href":"https:\/\/www.labeljoy.com\/fr\/wp-json\/wp\/v2\/comments?post=22395"}],"version-history":[{"count":3,"href":"https:\/\/www.labeljoy.com\/fr\/wp-json\/wp\/v2\/pages\/22395\/revisions"}],"predecessor-version":[{"id":22608,"href":"https:\/\/www.labeljoy.com\/fr\/wp-json\/wp\/v2\/pages\/22395\/revisions\/22608"}],"up":[{"embeddable":true,"href":"https:\/\/www.labeljoy.com\/fr\/wp-json\/wp\/v2\/pages\/22289"}],"wp:attachment":[{"href":"https:\/\/www.labeljoy.com\/fr\/wp-json\/wp\/v2\/media?parent=22395"}],"curies":[{"name":"wp","href":"https:\/\/api.w.org\/{rel}","templated":true}]}}