{"id":22396,"date":"2014-11-19T14:50:16","date_gmt":"2014-11-19T14:50:16","guid":{"rendered":"http:\/\/www.labeljoy.com\/aide\/main\/"},"modified":"2015-02-03T10:03:46","modified_gmt":"2015-02-03T10:03:46","slug":"principal","status":"publish","type":"page","link":"https:\/\/www.labeljoy.com\/fr\/aide\/principal\/","title":{"rendered":"Principal"},"content":{"rendered":"<div data-partent=\"19635\" class=\"callout callout-warning\">\n<h4>Cette page fait r\u00e9f\u00e9rence \u00e0 Labeljoy 5, qui n&rsquo;est pas notre derni\u00e8re version.<\/h4>\n<p>Effectuez une <a href=\"\/fr\/achat\/\">mise \u00e0 niveau vers Labeljoy 6<\/a> pour obtenir la derni\u00e8re version du logiciel avec toutes ses fonctionnalit\u00e9s \u00e9tonnantes ou, si vous l\u2019utilisez d\u00e9j\u00e0, visitez le <a href=\"\/help-lj6\/\">guide de l\u2019utilisateur de Labeljoy 6<\/a>.<\/p>\n<\/div>\n<link rel=\"stylesheet\" href=\"http:\/\/www.labeljoy.com\/user-guide-files\/en\/styles.css\" type=\"text\/css\" media=\"all\" \/>\n<div id=\"help-guide\">\n\r\n<p class=\"title\">principal<\/p>\r\n<p class=\"body\"><em>L'onglet Principal<\/em> groupe un certain nombre d'options relatives \u00e0 l'exploitation et l'apparence du programme.<\/p>\r\n<table width=\"100%\">\r\n  <tr valign=\"top\">\r\n    <td><p class=\"body\"><img src=\"http:\/\/www.labeljoy.com\/user-guide-files\/fr\/1680_001.png\" align=\"left\" style=\"margin: 0px 24px 4px 0px\"> Ces options sont:<\/p>\r\n      <ul>\r\n        <li class=\"body\"><strong>Confirmer le Couper\/Supprimer<\/strong>: quand cette option est activ\u00e9e, lorsque la commande <em>Couper <\/em>ou <em>Coller <\/em>est donn\u00e9e, vous verrez un message de confirmation.<\/li>\r\n        <li class=\"body\"><strong>Afficher les noms lors des d\u00e9placements souris<\/strong>: quand cette option est activ\u00e9e, au mouvement de la souris sur les \u00e9l\u00e9ments le nom attribu\u00e9 \u00e0 chaque \u00e9l\u00e9ment sera affich\u00e9e, tel que d\u00e9fini dans\r\n          l'onglet <a href=\"http:\/\/www.labeljoy.com\/fr\/aide\/positionner-les-elements\/\">Avanc\u00e9es<\/a>.<\/li>\r\n        <li class=\"body\"><strong>Mode chargement d'un travail<\/strong>: quand vous cliquez sur le bouton <a href=\"http:\/\/www.labeljoy.com\/fr\/aide\/ouvrir\/\">Ouvrir<\/a> et il ya un ou plusieurs groupes d'\u00e9tiquettes, Labeljoy vous permet de d\u00e9cider comment effectuer\r\n          l'op\u00e9ration de chargement. Vous pouvez choisir de supprimer le travail courant et le remplacer par le travail qui est en cours de chargement, ou de conserver le travail courant et ajouter celui en cours. Cette option vous permet de sp\u00e9cifier le type d'action que Labeljoy doit effectuer dans de tels cas.<\/li>\r\n        <li class=\"body\"><strong>Afficher l'\u00e9diteur apr\u00e8s l'ajoute d'un \u00e9l\u00e9ment<\/strong>: fait en sorte que, \u00e0 la fin de l'insertion d'un nouvel \u00e9l\u00e9ment \u00e0 la souris, la fen\u00eatre de gestion de l'\u00e9l\u00e9ment qui vient d'ajouter s'ouvre. <\/li>\r\n        <li class=\"body\"><strong>Unit\u00e9 de m\u00e9sure<\/strong>: d\u00e9finition de l'unit\u00e9 de mesure utilis\u00e9e.<\/li>\r\n      <\/ul><\/td>\r\n  <\/tr>\r\n<\/table>>\n<\/div>\n","protected":false},"excerpt":{"rendered":"<p>Cette page fait r\u00e9f\u00e9rence \u00e0 Labeljoy 5, qui n&rsquo;est pas notre derni\u00e8re version. Effectuez une mise \u00e0 niveau vers Labeljoy 6 pour obtenir la derni\u00e8re version du logiciel avec toutes ses fonctionnalit\u00e9s \u00e9tonnantes ou, si vous l\u2019utilisez d\u00e9j\u00e0, visitez le guide de l\u2019utilisateur de Labeljoy 6.<\/p>\n","protected":false},"author":8,"featured_media":0,"parent":22289,"menu_order":0,"comment_status":"open","ping_status":"closed","template":"page-template-left-sidebar.php","meta":{"inline_featured_image":false,"_monsterinsights_skip_tracking":false,"_monsterinsights_sitenote_active":false,"_monsterinsights_sitenote_note":"","_monsterinsights_sitenote_category":0,"footnotes":""},"class_list":{"0":"post-22396","1":"page","2":"type-page","3":"status-publish","5":"infinite-scroll-item"},"aioseo_notices":[],"_links":{"self":[{"href":"https:\/\/www.labeljoy.com\/fr\/wp-json\/wp\/v2\/pages\/22396","targetHints":{"allow":["GET"]}}],"collection":[{"href":"https:\/\/www.labeljoy.com\/fr\/wp-json\/wp\/v2\/pages"}],"about":[{"href":"https:\/\/www.labeljoy.com\/fr\/wp-json\/wp\/v2\/types\/page"}],"author":[{"embeddable":true,"href":"https:\/\/www.labeljoy.com\/fr\/wp-json\/wp\/v2\/users\/8"}],"replies":[{"embeddable":true,"href":"https:\/\/www.labeljoy.com\/fr\/wp-json\/wp\/v2\/comments?post=22396"}],"version-history":[{"count":2,"href":"https:\/\/www.labeljoy.com\/fr\/wp-json\/wp\/v2\/pages\/22396\/revisions"}],"predecessor-version":[{"id":22436,"href":"https:\/\/www.labeljoy.com\/fr\/wp-json\/wp\/v2\/pages\/22396\/revisions\/22436"}],"up":[{"embeddable":true,"href":"https:\/\/www.labeljoy.com\/fr\/wp-json\/wp\/v2\/pages\/22289"}],"wp:attachment":[{"href":"https:\/\/www.labeljoy.com\/fr\/wp-json\/wp\/v2\/media?parent=22396"}],"curies":[{"name":"wp","href":"https:\/\/api.w.org\/{rel}","templated":true}]}}