{"id":22397,"date":"2014-11-19T14:45:35","date_gmt":"2014-11-19T14:45:35","guid":{"rendered":"http:\/\/www.labeljoy.com\/aide\/zoom-icon\/"},"modified":"2015-02-03T15:09:18","modified_gmt":"2015-02-03T15:09:18","slug":"zoom-fr","status":"publish","type":"page","link":"https:\/\/www.labeljoy.com\/fr\/aide\/zoom-fr\/","title":{"rendered":"Zoom"},"content":{"rendered":"<div data-partent=\"19635\" class=\"callout callout-warning\">\n<h4>Cette page fait r\u00e9f\u00e9rence \u00e0 Labeljoy 5, qui n&rsquo;est pas notre derni\u00e8re version.<\/h4>\n<p>Effectuez une <a href=\"\/fr\/achat\/\">mise \u00e0 niveau vers Labeljoy 6<\/a> pour obtenir la derni\u00e8re version du logiciel avec toutes ses fonctionnalit\u00e9s \u00e9tonnantes ou, si vous l\u2019utilisez d\u00e9j\u00e0, visitez le <a href=\"\/help-lj6\/\">guide de l\u2019utilisateur de Labeljoy 6<\/a>.<\/p>\n<\/div>\n<div id=\"help-guide\">\n\r\n<p class=\"title\">zoom<\/p>\r\n<p class=\"body\"> Avec ce bouton, vous acc\u00e9dez \u00e0 un menu qui vous permet de d\u00e9finir le <strong>facteur de zoom <\/strong>avec qui Labeljoy affichera le travail en cours.<\/p>\r\n<table width=\"100%\">\r\n  <tr valign=\"top\">\r\n    <td><p class=\"body\"><img src=\"http:\/\/www.labeljoy.com\/user-guide-files\/fr\/1540_001.png\" align=\"left\" style=\"margin: 0px 24px 4px 0px\">La valeur peut \u00eatre r\u00e9gl\u00e9e en fonction d'une <strong>valeur proportionnelle <\/strong>ou d'une <strong>valeur libre<\/strong>. Les trois premiers \u00e9l\u00e9ments de\r\n        menu r\u00e8glent le facteur de zoom proportionnellement comme il suit:<\/p>\r\n      <ul>\r\n        <li class=\"body\"><strong>Adapter \u00e0 une \u00e9tiquette<\/strong>: en d\u00e9finant cette valeur, Labeljoy r\u00e9glera automatiquement le facteur de zoom le plus haut de sorte qu'une <strong>\u00e9tiquette enti\u00e8re <\/strong> puisse \u00eatre affich\u00e9 sur l'\u00e9cran.<\/li>\r\n        <li class=\"body\"><strong>Adapter \u00e0 la page enti\u00e8re<\/strong>: cette commande r\u00e9glera un facteur de zoom qui vous permettra de visualiser une <strong>page enti\u00e8re <\/strong>sur l'\u00e9cran. <\/li>\r\n        <li class=\"body\"><strong>Adapter \u00e0 la largeur de page<\/strong>: avec cette commande le facteur de zoom sera r\u00e9gl\u00e9e \u00e0 la valeur maximale possible sur l'\u00e9cran de telle sorte que <strong>la page soit enti\u00e8rement visible <\/strong>dans la direction horizontale. <\/li>\r\n      <\/ul>\r\n      <p class=\"note\"><strong>Note<\/strong>:<br>\r\n        La valeur d\u00e9finie automatiquement par Labeljoy lorsque vous s\u00e9lectionnez l'une des trois voix proportion variera en fonction de la <strong>taille de la fen\u00eatre principale du programme<\/strong>.<\/p>\r\n      <p class=\"body\"> La prochaine s\u00e9rie d'\u00e9l\u00e9ments vous permet de d\u00e9finir un facteur de <strong>zoom fixe et ind\u00e9pendante <\/strong>de la taille de la fen\u00eatre du programme, de\r\n        la feuille ou de la taille de l'\u00e9tiquette.<\/p>\r\n      <p class=\"body\">Enfin, il y a les commandes Zoom + et Zoom \u0096 avec qui il est aussi possible d'<strong>augmenter<\/strong> ou <strong>r\u00e9duire<\/strong> le facteur de zoom \u00e0\r\n        une augmentation de 25 points de pourcentage, \u00e9galement en appuyant sur le \"+\" et \"-\" du <strong>pav\u00e9 num\u00e9rique<\/strong>. <\/p>\r\n      <p class=\"note\"><strong>Note<\/strong>:<br>\r\n        vous pouvez zoomer sur les \u00e9l\u00e9ments pr\u00e9sents en utilisant <strong>la souris avec le clavier <\/strong>comme suit: <br\/>\r\n        en cliquant avec le <strong>bouton gauche <\/strong>de la souris sur un point de l'\u00e9cran tout en maintenant enfonc\u00e9e la touche <em>ALT<\/em> (suppl\u00e9ant) augmentera le facteur de zoom de 50 points de pourcentage;\r\n        \r\n        en cliquant avec le <strong>bouton droit <\/strong>de la souris tout en maintenant enfonc\u00e9e la touche <em>ALT<\/em> provoquera une diminution du zoom de 50%,\r\n        jusqu'au maximum. <br\/>\r\n        En outre, l'utilisation de ce syst\u00e8me, le point sur lequel la souris a \u00e9t\u00e9 cliqu\u00e9 sera <strong>centr\u00e9e sur l'\u00e9cran<\/strong>. <br\/>\r\n        Notez que l'utilisation de cette fonction <strong>d\u00e9sactivera<\/strong> toutes les s\u00e9lections de <strong>zoom proportionnel <\/strong>pr\u00e9c\u00e9demment activ\u00e9es. <\/p><\/td>\r\n  <\/tr>\r\n<\/table>\n<\/div>\n","protected":false},"excerpt":{"rendered":"<p>Cette page fait r\u00e9f\u00e9rence \u00e0 Labeljoy 5, qui n&rsquo;est pas notre derni\u00e8re version. Effectuez une mise \u00e0 niveau vers Labeljoy 6 pour obtenir la derni\u00e8re version du logiciel avec toutes ses fonctionnalit\u00e9s \u00e9tonnantes ou, si vous l\u2019utilisez d\u00e9j\u00e0, visitez le guide de l\u2019utilisateur de Labeljoy 6.<\/p>\n","protected":false},"author":8,"featured_media":0,"parent":22289,"menu_order":0,"comment_status":"open","ping_status":"closed","template":"page-template-left-sidebar.php","meta":{"inline_featured_image":false,"_monsterinsights_skip_tracking":false,"_monsterinsights_sitenote_active":false,"_monsterinsights_sitenote_note":"","_monsterinsights_sitenote_category":0,"footnotes":""},"class_list":{"0":"post-22397","1":"page","2":"type-page","3":"status-publish","5":"infinite-scroll-item"},"aioseo_notices":[],"_links":{"self":[{"href":"https:\/\/www.labeljoy.com\/fr\/wp-json\/wp\/v2\/pages\/22397","targetHints":{"allow":["GET"]}}],"collection":[{"href":"https:\/\/www.labeljoy.com\/fr\/wp-json\/wp\/v2\/pages"}],"about":[{"href":"https:\/\/www.labeljoy.com\/fr\/wp-json\/wp\/v2\/types\/page"}],"author":[{"embeddable":true,"href":"https:\/\/www.labeljoy.com\/fr\/wp-json\/wp\/v2\/users\/8"}],"replies":[{"embeddable":true,"href":"https:\/\/www.labeljoy.com\/fr\/wp-json\/wp\/v2\/comments?post=22397"}],"version-history":[{"count":3,"href":"https:\/\/www.labeljoy.com\/fr\/wp-json\/wp\/v2\/pages\/22397\/revisions"}],"predecessor-version":[{"id":22587,"href":"https:\/\/www.labeljoy.com\/fr\/wp-json\/wp\/v2\/pages\/22397\/revisions\/22587"}],"up":[{"embeddable":true,"href":"https:\/\/www.labeljoy.com\/fr\/wp-json\/wp\/v2\/pages\/22289"}],"wp:attachment":[{"href":"https:\/\/www.labeljoy.com\/fr\/wp-json\/wp\/v2\/media?parent=22397"}],"curies":[{"name":"wp","href":"https:\/\/api.w.org\/{rel}","templated":true}]}}