{"id":22399,"date":"2014-11-19T14:55:14","date_gmt":"2014-11-19T14:55:14","guid":{"rendered":"http:\/\/www.labeljoy.com\/aide\/margins\/"},"modified":"2015-02-03T12:25:07","modified_gmt":"2015-02-03T12:25:07","slug":"marges","status":"publish","type":"page","link":"https:\/\/www.labeljoy.com\/fr\/aide\/marges\/","title":{"rendered":"Marges"},"content":{"rendered":"<div data-partent=\"19635\" class=\"callout callout-warning\">\n<h4>Cette page fait r\u00e9f\u00e9rence \u00e0 Labeljoy 5, qui n&rsquo;est pas notre derni\u00e8re version.<\/h4>\n<p>Effectuez une <a href=\"\/fr\/achat\/\">mise \u00e0 niveau vers Labeljoy 6<\/a> pour obtenir la derni\u00e8re version du logiciel avec toutes ses fonctionnalit\u00e9s \u00e9tonnantes ou, si vous l\u2019utilisez d\u00e9j\u00e0, visitez le <a href=\"\/help-lj6\/\">guide de l\u2019utilisateur de Labeljoy 6<\/a>.<\/p>\n<\/div>\n<div id=\"help-guide\">\n\r\n<p class=\"title\">marges<\/p>\r\n<p class=\"body\"> Dans cet onglet vous pouvez configurer l'affichage des marges de l'<a href=\"http:\/\/www.labeljoy.com\/help-fr\/print-icon-fr\/\">imprimante choisie<\/a>.<\/p>\r\n<table width=\"100%\">\r\n  <tr valign=\"top\">\r\n    <td><p class=\"body\"><img src=\"http:\/\/www.labeljoy.com\/user-guide-files\/fr\/1620_001.png\" align=\"left\" style=\"margin: 0px 24px 4px 0px\"> Cette fonction vous permet d'\u00e9viter de placer des \u00e9l\u00e9ments <strong>en dehors <\/strong>de la zone imprimable. Il y a deux param\u00e8tres:<\/p>\r\n      <ul>\r\n        <li class=\"body\"><strong>Couleur des marges d'imprimante<\/strong>: s\u00e9lection de la couleur avec laquelle les lignes des marges seront affich\u00e9s. <\/li>\r\n        <li class=\"body\"><strong>Affichage des marges d'imprimante<\/strong>: la s\u00e9lection de la mani\u00e8re selon laquelle les lignes des marges seront affich\u00e9s. <\/li>\r\n      <\/ul>\r\n      <p class=\"note\"><strong>Note<\/strong>:<br>\r\n        Si les marges montrent des zones non imprimables dans la partie inf\u00e9rieure de la feuille en raison des limites physiques de l'imprimante, utilisez la <a href=\"http:\/\/www.labeljoy.com\/fr\/aide\/diviser-une-mise-en-page\/\">subdivision automatique<\/a> d'une mise en page. <\/p><\/td>\r\n  <\/tr>\r\n<\/table><\/table>\n<\/div>\n","protected":false},"excerpt":{"rendered":"<p>Cette page fait r\u00e9f\u00e9rence \u00e0 Labeljoy 5, qui n&rsquo;est pas notre derni\u00e8re version. Effectuez une mise \u00e0 niveau vers Labeljoy 6 pour obtenir la derni\u00e8re version du logiciel avec toutes ses fonctionnalit\u00e9s \u00e9tonnantes ou, si vous l\u2019utilisez d\u00e9j\u00e0, visitez le guide de l\u2019utilisateur de Labeljoy 6.<\/p>\n","protected":false},"author":8,"featured_media":0,"parent":22289,"menu_order":0,"comment_status":"open","ping_status":"closed","template":"page-template-left-sidebar.php","meta":{"inline_featured_image":false,"_monsterinsights_skip_tracking":false,"_monsterinsights_sitenote_active":false,"_monsterinsights_sitenote_note":"","_monsterinsights_sitenote_category":0,"footnotes":""},"class_list":{"0":"post-22399","1":"page","2":"type-page","3":"status-publish","5":"infinite-scroll-item"},"aioseo_notices":[],"_links":{"self":[{"href":"https:\/\/www.labeljoy.com\/fr\/wp-json\/wp\/v2\/pages\/22399","targetHints":{"allow":["GET"]}}],"collection":[{"href":"https:\/\/www.labeljoy.com\/fr\/wp-json\/wp\/v2\/pages"}],"about":[{"href":"https:\/\/www.labeljoy.com\/fr\/wp-json\/wp\/v2\/types\/page"}],"author":[{"embeddable":true,"href":"https:\/\/www.labeljoy.com\/fr\/wp-json\/wp\/v2\/users\/8"}],"replies":[{"embeddable":true,"href":"https:\/\/www.labeljoy.com\/fr\/wp-json\/wp\/v2\/comments?post=22399"}],"version-history":[{"count":2,"href":"https:\/\/www.labeljoy.com\/fr\/wp-json\/wp\/v2\/pages\/22399\/revisions"}],"predecessor-version":[{"id":22441,"href":"https:\/\/www.labeljoy.com\/fr\/wp-json\/wp\/v2\/pages\/22399\/revisions\/22441"}],"up":[{"embeddable":true,"href":"https:\/\/www.labeljoy.com\/fr\/wp-json\/wp\/v2\/pages\/22289"}],"wp:attachment":[{"href":"https:\/\/www.labeljoy.com\/fr\/wp-json\/wp\/v2\/media?parent=22399"}],"curies":[{"name":"wp","href":"https:\/\/api.w.org\/{rel}","templated":true}]}}