{"id":22400,"date":"2014-11-19T14:56:52","date_gmt":"2014-11-19T14:56:52","guid":{"rendered":"http:\/\/www.labeljoy.com\/aide\/selection-options\/"},"modified":"2015-02-03T15:25:23","modified_gmt":"2015-02-03T15:25:23","slug":"selection","status":"publish","type":"page","link":"https:\/\/www.labeljoy.com\/fr\/aide\/selection\/","title":{"rendered":"S\u00e9lection"},"content":{"rendered":"<div data-partent=\"19635\" class=\"callout callout-warning\">\n<h4>Cette page fait r\u00e9f\u00e9rence \u00e0 Labeljoy 5, qui n&rsquo;est pas notre derni\u00e8re version.<\/h4>\n<p>Effectuez une <a href=\"\/fr\/achat\/\">mise \u00e0 niveau vers Labeljoy 6<\/a> pour obtenir la derni\u00e8re version du logiciel avec toutes ses fonctionnalit\u00e9s \u00e9tonnantes ou, si vous l\u2019utilisez d\u00e9j\u00e0, visitez le <a href=\"\/help-lj6\/\">guide de l\u2019utilisateur de Labeljoy 6<\/a>.<\/p>\n<\/div>\n<div id=\"help-guide\">\n\r\n<p class=\"title\">s\u00e9lection<\/p>\r\n<p class=\"body\"> Dans cet onglet, vous pouvez d\u00e9finir les param\u00e8tres de la <em>cadre de s\u00e9lection <\/em>qui appara\u00eet quand un \u00e9l\u00e9ment est s\u00e9lectionn\u00e9.<\/p>\r\n<table width=\"100%\">\r\n  <tr valign=\"top\">\r\n    <td><p class=\"body\"><img src=\"http:\/\/www.labeljoy.com\/user-guide-files\/fr\/1640_001.png\" align=\"left\" style=\"margin: 0px 24px 4px 0px\">Les \u00e9l\u00e9ments sont:<\/p>\r\n      <ul>\r\n        <li class=\"body\"><strong>Remplissage<\/strong>: la couleur utilis\u00e9e dans la cadre de s\u00e9lection.<\/li>\r\n        <li class=\"body\"><strong>Remplissez opacit\u00e9<\/strong>: l'opacit\u00e9 de la couleur de remplissage. Faire glisser le curseur tout \u00e0 gauche ne produira pas de couverture, tandis que faire\r\n          glisser le curseur tout \u00e0 droite le remplissage couvrira compl\u00e8tement la zone de l'\u00e9l\u00e9ment s\u00e9lectionn\u00e9. <\/li>\r\n        <li class=\"body\"><strong>Couleur de la cadre<\/strong>: la couleur des bordes de la cadre de s\u00e9lection.<\/li>\r\n        <li class=\"body\"><strong>Cadre<\/strong>: mode utilis\u00e9 pour tracer les lignes qui constituent le cadre.<\/li>\r\n        <li class=\"body\"><strong>Glisser le contenu<\/strong>: lorsque cette option est activ\u00e9e, le contenu des \u00e9l\u00e9ments sur les \u00e9tiquettes et des \u00e9l\u00e9ments de page sera affich\u00e9e en plein dans\r\n          le processus de glisser et redimensionner. Lorsque cette option est d\u00e9sactiv\u00e9e, vous ne verrez que le cadre ext\u00e9rieur. Gardez cette\r\n          option d\u00e9sactiv\u00e9e pour que le glisser avec la souris soit plus facile. <\/li>\r\n      <\/ul><\/td>\r\n  <\/tr>\r\n<\/table>\n<\/div>\n","protected":false},"excerpt":{"rendered":"<p>Cette page fait r\u00e9f\u00e9rence \u00e0 Labeljoy 5, qui n&rsquo;est pas notre derni\u00e8re version. Effectuez une mise \u00e0 niveau vers Labeljoy 6 pour obtenir la derni\u00e8re version du logiciel avec toutes ses fonctionnalit\u00e9s \u00e9tonnantes ou, si vous l\u2019utilisez d\u00e9j\u00e0, visitez le guide de l\u2019utilisateur de Labeljoy 6.<\/p>\n","protected":false},"author":8,"featured_media":0,"parent":22289,"menu_order":0,"comment_status":"open","ping_status":"closed","template":"page-template-left-sidebar.php","meta":{"inline_featured_image":false,"_monsterinsights_skip_tracking":false,"_monsterinsights_sitenote_active":false,"_monsterinsights_sitenote_note":"","_monsterinsights_sitenote_category":0,"footnotes":""},"class_list":{"0":"post-22400","1":"page","2":"type-page","3":"status-publish","5":"infinite-scroll-item"},"aioseo_notices":[],"_links":{"self":[{"href":"https:\/\/www.labeljoy.com\/fr\/wp-json\/wp\/v2\/pages\/22400","targetHints":{"allow":["GET"]}}],"collection":[{"href":"https:\/\/www.labeljoy.com\/fr\/wp-json\/wp\/v2\/pages"}],"about":[{"href":"https:\/\/www.labeljoy.com\/fr\/wp-json\/wp\/v2\/types\/page"}],"author":[{"embeddable":true,"href":"https:\/\/www.labeljoy.com\/fr\/wp-json\/wp\/v2\/users\/8"}],"replies":[{"embeddable":true,"href":"https:\/\/www.labeljoy.com\/fr\/wp-json\/wp\/v2\/comments?post=22400"}],"version-history":[{"count":3,"href":"https:\/\/www.labeljoy.com\/fr\/wp-json\/wp\/v2\/pages\/22400\/revisions"}],"predecessor-version":[{"id":22612,"href":"https:\/\/www.labeljoy.com\/fr\/wp-json\/wp\/v2\/pages\/22400\/revisions\/22612"}],"up":[{"embeddable":true,"href":"https:\/\/www.labeljoy.com\/fr\/wp-json\/wp\/v2\/pages\/22289"}],"wp:attachment":[{"href":"https:\/\/www.labeljoy.com\/fr\/wp-json\/wp\/v2\/media?parent=22400"}],"curies":[{"name":"wp","href":"https:\/\/api.w.org\/{rel}","templated":true}]}}