{"id":22401,"date":"2014-11-19T14:59:26","date_gmt":"2014-11-19T14:59:26","guid":{"rendered":"http:\/\/www.labeljoy.com\/aide\/user-interface\/"},"modified":"2015-02-03T10:03:52","modified_gmt":"2015-02-03T10:03:52","slug":"interface-utilisateur","status":"publish","type":"page","link":"https:\/\/www.labeljoy.com\/fr\/aide\/interface-utilisateur\/","title":{"rendered":"Interface utilisateur"},"content":{"rendered":"<div data-partent=\"19635\" class=\"callout callout-warning\">\n<h4>Cette page fait r\u00e9f\u00e9rence \u00e0 Labeljoy 5, qui n&rsquo;est pas notre derni\u00e8re version.<\/h4>\n<p>Effectuez une <a href=\"\/fr\/achat\/\">mise \u00e0 niveau vers Labeljoy 6<\/a> pour obtenir la derni\u00e8re version du logiciel avec toutes ses fonctionnalit\u00e9s \u00e9tonnantes ou, si vous l\u2019utilisez d\u00e9j\u00e0, visitez le <a href=\"\/help-lj6\/\">guide de l\u2019utilisateur de Labeljoy 6<\/a>.<\/p>\n<\/div>\n<link rel=\"stylesheet\" href=\"http:\/\/www.labeljoy.com\/user-guide-files\/en\/styles.css\" type=\"text\/css\" media=\"all\" \/>\n<div id=\"help-guide\">\n\r\n<p class=\"title\">interface utilisateur<\/p>\n<p class=\"body\"><em>L'onglet Interface utilisateur<\/em> groupe certaines options relatives \u00e0 l'aspect du logiciel.<\/p>\n<table width=\"100%\">\n  <tr valign=\"top\">\n    <td><img src=\"http:\/\/www.labeljoy.com\/user-guide-files\/fr\/2600_001.png\" align=\"left\" style=\"margin: 0px 24px 4px 0px\">\n      <ul>\n        <li class=\"body\"><strong>Langue<\/strong>: vous permet de d\u00e9finir la langue utilis\u00e9e pour l'interface de Labeljoy.<\/li>\n        <li class=\"body\"><strong>Taille principale des ic\u00f4nes<\/strong>: r\u00e8gle la taille des ic\u00f4nes affich\u00e9es dans la barre d'ic\u00f4nes. Vous pouvez r\u00e9duire la taille des ic\u00f4nes pour r\u00e9server plus d'espace pour la zone de\n          travail. En s\u00e9lectionnant l'option <em>Adapter<\/em> les ic\u00f4nes seront adapt\u00e9es pour assurer leur visibilit\u00e9 compl\u00e8te. <\/li>\n        <li class=\"body\"><strong>Barre d'outile affichage<\/strong>: vous permet de d\u00e9finir la fa\u00e7on d'afficher la barre d'outils.<\/li>\n        <li class=\"body\"><strong>Barre d'outile taille d'ic\u00f4ne<\/strong>: <strong>d\u00e9finit la taille des ic\u00f4nes des outils.<\/strong><\/li>\n      <\/ul><\/td>\n  <\/tr>\n<\/table>\n<\/div>\n","protected":false},"excerpt":{"rendered":"<p>Cette page fait r\u00e9f\u00e9rence \u00e0 Labeljoy 5, qui n&rsquo;est pas notre derni\u00e8re version. Effectuez une mise \u00e0 niveau vers Labeljoy 6 pour obtenir la derni\u00e8re version du logiciel avec toutes ses fonctionnalit\u00e9s \u00e9tonnantes ou, si vous l\u2019utilisez d\u00e9j\u00e0, visitez le guide de l\u2019utilisateur de Labeljoy 6.<\/p>\n","protected":false},"author":8,"featured_media":0,"parent":22289,"menu_order":0,"comment_status":"open","ping_status":"closed","template":"page-template-left-sidebar.php","meta":{"inline_featured_image":false,"_monsterinsights_skip_tracking":false,"_monsterinsights_sitenote_active":false,"_monsterinsights_sitenote_note":"","_monsterinsights_sitenote_category":0,"footnotes":""},"class_list":{"0":"post-22401","1":"page","2":"type-page","3":"status-publish","5":"infinite-scroll-item"},"aioseo_notices":[],"_links":{"self":[{"href":"https:\/\/www.labeljoy.com\/fr\/wp-json\/wp\/v2\/pages\/22401","targetHints":{"allow":["GET"]}}],"collection":[{"href":"https:\/\/www.labeljoy.com\/fr\/wp-json\/wp\/v2\/pages"}],"about":[{"href":"https:\/\/www.labeljoy.com\/fr\/wp-json\/wp\/v2\/types\/page"}],"author":[{"embeddable":true,"href":"https:\/\/www.labeljoy.com\/fr\/wp-json\/wp\/v2\/users\/8"}],"replies":[{"embeddable":true,"href":"https:\/\/www.labeljoy.com\/fr\/wp-json\/wp\/v2\/comments?post=22401"}],"version-history":[{"count":2,"href":"https:\/\/www.labeljoy.com\/fr\/wp-json\/wp\/v2\/pages\/22401\/revisions"}],"predecessor-version":[{"id":22443,"href":"https:\/\/www.labeljoy.com\/fr\/wp-json\/wp\/v2\/pages\/22401\/revisions\/22443"}],"up":[{"embeddable":true,"href":"https:\/\/www.labeljoy.com\/fr\/wp-json\/wp\/v2\/pages\/22289"}],"wp:attachment":[{"href":"https:\/\/www.labeljoy.com\/fr\/wp-json\/wp\/v2\/media?parent=22401"}],"curies":[{"name":"wp","href":"https:\/\/api.w.org\/{rel}","templated":true}]}}