{"id":22402,"date":"2014-11-19T15:00:50","date_gmt":"2014-11-19T15:00:50","guid":{"rendered":"http:\/\/www.labeljoy.com\/aide\/help-icon\/"},"modified":"2015-02-03T13:26:58","modified_gmt":"2015-02-03T13:26:58","slug":"aide-icone","status":"publish","type":"page","link":"https:\/\/www.labeljoy.com\/fr\/aide\/aide-icone\/","title":{"rendered":"Aide"},"content":{"rendered":"<div data-partent=\"19635\" class=\"callout callout-warning\">\n<h4>Cette page fait r\u00e9f\u00e9rence \u00e0 Labeljoy 5, qui n&rsquo;est pas notre derni\u00e8re version.<\/h4>\n<p>Effectuez une <a href=\"\/fr\/achat\/\">mise \u00e0 niveau vers Labeljoy 6<\/a> pour obtenir la derni\u00e8re version du logiciel avec toutes ses fonctionnalit\u00e9s \u00e9tonnantes ou, si vous l\u2019utilisez d\u00e9j\u00e0, visitez le <a href=\"\/help-lj6\/\">guide de l\u2019utilisateur de Labeljoy 6<\/a>.<\/p>\n<\/div>\n<div id=\"help-guide\">\n\r\n<p class=\"title\">aide<\/p>\r\n<p class=\"body\">Le dernier bouton \u00e0 \u00e0 droite de la barre d'ic\u00f4nes permet d'acc\u00e9der au menu des <strong>fonctions suppl\u00e9mentaires du programme<\/strong>.<\/p>\r\n<table width=\"100%\">\r\n  <tr valign=\"top\">\r\n    <td><p class=\"body\"><img src=\"http:\/\/www.labeljoy.com\/user-guide-files\/fr\/1720_001.png\" align=\"left\" style=\"margin: 0px 24px 4px 0px\">Voici les \u00e9l\u00e9ments:<\/p>\r\n      <ul>\r\n        <li class=\"body\"><strong>Aide Labeljoy<\/strong>: ouvre l'\u00e9cran de cette aide en ligne.<\/li>\r\n        <li class=\"body\"><strong>Pour commencer<\/strong>: montre la fen\u00eatre de bienvenue qui s'affiche lorsque vous d\u00e9marrez le programme normalement.<\/li>\r\n        <li class=\"body\"><strong>Enregistrement<\/strong>: ouvre la fen\u00eatre d'activation qui permet la transition du programme de la version d\u00e9mo \u00e0 la version compl\u00e8te. <\/li>\r\n        <li class=\"body\"><strong>Envoyer un mail \u00e0 l'assistance*<\/strong>: pr\u00e9pare un mail adress\u00e9 au support technique de Labeljoy.<\/li>\r\n        <li class=\"body\"><strong>Rendez vous sur le site web*<\/strong>: ouvre le site <a href=\"http:\/\/www.labeljoy.com\/fr\">www.labeljoy.com\/fr<\/a>.<\/li>\r\n        <li class=\"body\"><strong>A propos de Labeljoy<\/strong>: ouvre la fen\u00eatre des informations sur la version du programme.<\/li>\r\n      <\/ul>\r\n      <p class=\"body\"><strong>*<\/strong> Ces \u00e9l\u00e9ments n\u00e9cessitent une <strong>connexion \u00e0 Internet<\/strong>.<\/p><\/td>\r\n  <\/tr>\r\n<\/table>\n<\/div>\n","protected":false},"excerpt":{"rendered":"<p>Cette page fait r\u00e9f\u00e9rence \u00e0 Labeljoy 5, qui n&rsquo;est pas notre derni\u00e8re version. Effectuez une mise \u00e0 niveau vers Labeljoy 6 pour obtenir la derni\u00e8re version du logiciel avec toutes ses fonctionnalit\u00e9s \u00e9tonnantes ou, si vous l\u2019utilisez d\u00e9j\u00e0, visitez le guide de l\u2019utilisateur de Labeljoy 6.<\/p>\n","protected":false},"author":8,"featured_media":0,"parent":22289,"menu_order":0,"comment_status":"open","ping_status":"closed","template":"page-template-left-sidebar.php","meta":{"inline_featured_image":false,"_monsterinsights_skip_tracking":false,"_monsterinsights_sitenote_active":false,"_monsterinsights_sitenote_note":"","_monsterinsights_sitenote_category":0,"footnotes":""},"class_list":{"0":"post-22402","1":"page","2":"type-page","3":"status-publish","5":"infinite-scroll-item"},"aioseo_notices":[],"_links":{"self":[{"href":"https:\/\/www.labeljoy.com\/fr\/wp-json\/wp\/v2\/pages\/22402","targetHints":{"allow":["GET"]}}],"collection":[{"href":"https:\/\/www.labeljoy.com\/fr\/wp-json\/wp\/v2\/pages"}],"about":[{"href":"https:\/\/www.labeljoy.com\/fr\/wp-json\/wp\/v2\/types\/page"}],"author":[{"embeddable":true,"href":"https:\/\/www.labeljoy.com\/fr\/wp-json\/wp\/v2\/users\/8"}],"replies":[{"embeddable":true,"href":"https:\/\/www.labeljoy.com\/fr\/wp-json\/wp\/v2\/comments?post=22402"}],"version-history":[{"count":3,"href":"https:\/\/www.labeljoy.com\/fr\/wp-json\/wp\/v2\/pages\/22402\/revisions"}],"predecessor-version":[{"id":22578,"href":"https:\/\/www.labeljoy.com\/fr\/wp-json\/wp\/v2\/pages\/22402\/revisions\/22578"}],"up":[{"embeddable":true,"href":"https:\/\/www.labeljoy.com\/fr\/wp-json\/wp\/v2\/pages\/22289"}],"wp:attachment":[{"href":"https:\/\/www.labeljoy.com\/fr\/wp-json\/wp\/v2\/media?parent=22402"}],"curies":[{"name":"wp","href":"https:\/\/api.w.org\/{rel}","templated":true}]}}