{"id":22403,"date":"2014-11-19T14:51:44","date_gmt":"2014-11-19T14:51:44","guid":{"rendered":"http:\/\/www.labeljoy.com\/aide\/page\/"},"modified":"2015-02-03T11:27:38","modified_gmt":"2015-02-03T11:27:38","slug":"page-fr","status":"publish","type":"page","link":"https:\/\/www.labeljoy.com\/fr\/aide\/page-fr\/","title":{"rendered":"Page"},"content":{"rendered":"<div data-partent=\"19635\" class=\"callout callout-warning\">\n<h4>Cette page fait r\u00e9f\u00e9rence \u00e0 Labeljoy 5, qui n&rsquo;est pas notre derni\u00e8re version.<\/h4>\n<p>Effectuez une <a href=\"\/fr\/achat\/\">mise \u00e0 niveau vers Labeljoy 6<\/a> pour obtenir la derni\u00e8re version du logiciel avec toutes ses fonctionnalit\u00e9s \u00e9tonnantes ou, si vous l\u2019utilisez d\u00e9j\u00e0, visitez le <a href=\"\/help-lj6\/\">guide de l\u2019utilisateur de Labeljoy 6<\/a>.<\/p>\n<\/div>\n<div id=\"help-guide\">\n\r\n<p class=\"title\">page<\/p>\r\n<p class=\"body\">Onglet pour les param\u00e8tres <strong>d'affichage de la page<\/strong>.<\/p>\r\n<table width=\"100%\">\r\n  <tr valign=\"top\">\r\n    <td><p class=\"body\"><img src=\"http:\/\/www.labeljoy.com\/user-guide-files\/fr\/1580_001.png\" align=\"left\" style=\"margin: 0px 24px 4px 0px\"><\/p><\/td>\r\n    <td><span class=\"body\">L'onglet <em>Page <\/em>contient les options suivantes:\r\n      <\/p>\r\n      <\/span>\r\n      <ul>\r\n        <li class=\"body\"><strong>Arri\u00e8re-plan<\/strong>:d\u00e9finition de la couleur de l'arri\u00e8re-plan de la fen\u00eatre principale du logiciel, c'est \u00e0 dire la zone vide arri\u00e8re la feuille. En cliquant sur la\r\n          zone color\u00e9e une <a href=\"http:\/\/www.labeljoy.com\/fr\/aide\/regler-les-couleurs\/\">fen\u00eatre de param\u00e8tres des couleurs <\/a> sera affich\u00e9e.<\/li>\r\n        <li class=\"body\"><strong>Bord de page<\/strong>: la couleur du borde de la page.<\/li>\r\n        <li class=\"body\"><strong>Etiquettes vides<\/strong>: la couleur des \u00e9tiquettes vides affich\u00e9es dans la premi\u00e8re page (dans le cas o\u00f9 on a \u00e9tabli un point de <a href=\"http:\/\/www.labeljoy.com\/fr\/aide\/definir-le-point-de-demarrage-d-impression\/\">d\u00e9but d'impression <\/a>diff\u00e9rent de la\r\n          premi\u00e8re ligne, premi\u00e8re colonne) et de la derni\u00e8re page (dans le cas o\u00f9 le nombre total d'\u00e9tiquettes ne remplit pas compl\u00e8tement la derni\u00e8re\r\n          feuille).<\/li>\r\n        <li class=\"body\"><strong>Bord d'\u00e9tiquette<\/strong>: la couleur des lignes de d\u00e9limitation de l'\u00e9tiquette.<\/li>\r\n        <li class=\"body\"><strong>Page<\/strong>: la couleur de l'arri\u00e8re-plan de la page.<\/li>\r\n        <li class=\"body\"><strong>Taille de l'ombre<\/strong>: taille (en pixels) de l'ombre de la page situ\u00e9e \u00e0 la partie inf\u00e9rieure droite de la feuille.<\/li>\r\n        <li class=\"body\"><strong>Taille du cadre vide<\/strong>: taille (en pixels) de la zone gard\u00e9e blanche autour de la feuille blanche. La r\u00e9duction de cette valeur augmentera la zone visible.<\/li>\r\n      <\/ul><\/td>\r\n  <\/tr>\r\n<\/table>\n<\/div>\n","protected":false},"excerpt":{"rendered":"<p>Cette page fait r\u00e9f\u00e9rence \u00e0 Labeljoy 5, qui n&rsquo;est pas notre derni\u00e8re version. Effectuez une mise \u00e0 niveau vers Labeljoy 6 pour obtenir la derni\u00e8re version du logiciel avec toutes ses fonctionnalit\u00e9s \u00e9tonnantes ou, si vous l\u2019utilisez d\u00e9j\u00e0, visitez le guide de l\u2019utilisateur de Labeljoy 6.<\/p>\n","protected":false},"author":8,"featured_media":0,"parent":22289,"menu_order":0,"comment_status":"open","ping_status":"closed","template":"page-template-left-sidebar.php","meta":{"inline_featured_image":false,"_monsterinsights_skip_tracking":false,"_monsterinsights_sitenote_active":false,"_monsterinsights_sitenote_note":"","_monsterinsights_sitenote_category":0,"footnotes":""},"class_list":{"0":"post-22403","1":"page","2":"type-page","3":"status-publish","5":"infinite-scroll-item"},"aioseo_notices":[],"_links":{"self":[{"href":"https:\/\/www.labeljoy.com\/fr\/wp-json\/wp\/v2\/pages\/22403","targetHints":{"allow":["GET"]}}],"collection":[{"href":"https:\/\/www.labeljoy.com\/fr\/wp-json\/wp\/v2\/pages"}],"about":[{"href":"https:\/\/www.labeljoy.com\/fr\/wp-json\/wp\/v2\/types\/page"}],"author":[{"embeddable":true,"href":"https:\/\/www.labeljoy.com\/fr\/wp-json\/wp\/v2\/users\/8"}],"replies":[{"embeddable":true,"href":"https:\/\/www.labeljoy.com\/fr\/wp-json\/wp\/v2\/comments?post=22403"}],"version-history":[{"count":3,"href":"https:\/\/www.labeljoy.com\/fr\/wp-json\/wp\/v2\/pages\/22403\/revisions"}],"predecessor-version":[{"id":22567,"href":"https:\/\/www.labeljoy.com\/fr\/wp-json\/wp\/v2\/pages\/22403\/revisions\/22567"}],"up":[{"embeddable":true,"href":"https:\/\/www.labeljoy.com\/fr\/wp-json\/wp\/v2\/pages\/22289"}],"wp:attachment":[{"href":"https:\/\/www.labeljoy.com\/fr\/wp-json\/wp\/v2\/media?parent=22403"}],"curies":[{"name":"wp","href":"https:\/\/api.w.org\/{rel}","templated":true}]}}