{"id":22444,"date":"2014-11-19T15:05:53","date_gmt":"2014-11-19T15:05:53","guid":{"rendered":"http:\/\/www.labeljoy.com\/aide\/the-toolbar\/"},"modified":"2015-02-03T14:16:55","modified_gmt":"2015-02-03T14:16:55","slug":"la-barre-des-outils","status":"publish","type":"page","link":"https:\/\/www.labeljoy.com\/fr\/aide\/la-barre-des-outils\/","title":{"rendered":"La barre des outils"},"content":{"rendered":"<div data-partent=\"19635\" class=\"callout callout-warning\">\n<h4>Cette page fait r\u00e9f\u00e9rence \u00e0 Labeljoy 5, qui n&rsquo;est pas notre derni\u00e8re version.<\/h4>\n<p>Effectuez une <a href=\"\/fr\/achat\/\">mise \u00e0 niveau vers Labeljoy 6<\/a> pour obtenir la derni\u00e8re version du logiciel avec toutes ses fonctionnalit\u00e9s \u00e9tonnantes ou, si vous l\u2019utilisez d\u00e9j\u00e0, visitez le <a href=\"\/help-lj6\/\">guide de l\u2019utilisateur de Labeljoy 6<\/a>.<\/p>\n<\/div>\n<div id=\"help-guide\">\n\r\n<p class=\"title\">la barre des outils<\/p>\r\n<p class=\"body\">La barre d'outils est l'\u00e9l\u00e9ment qui contient<strong> les commandes les plus fr\u00e9quemment utilis\u00e9es <\/strong>et vous permet de <strong>modifier l'apparence des \u00e9tiquettes<\/strong> rapidement.<\/p>\r\n<table width=\"100%\">\r\n  <tr valign=\"top\">\r\n    <td><p class=\"body\"><img src=\"http:\/\/www.labeljoy.com\/user-guide-files\/fr\/1750_001.png\" align=\"left\" style=\"margin: 0px 24px 4px 0px\">La barre peut \u00eatre <a href=\"http:\/\/www.labeljoy.com\/fr\/aide\/afficher-la-barre-des-outils\/\">positionn\u00e9e<\/a> de plusieurs fa\u00e7ons. A l'int\u00e9rieur il y a les \u00e9l\u00e9ments suivants, actifs en fonction du contexte dans lequel le\r\n        programme se trouve:<\/p>\r\n      <ul>\r\n        <li class=\"body\"><strong>Quantit\u00e9 des \u00e9tiquettes<\/strong> : Au sommet se trouve le contr\u00f4le pour g\u00e9rer le nombre d'\u00e9tiquettes \u00e0 imprimer. En utilisant les touches vous pouvez modifier le nombre\r\n          d'\u00e9tiquettes dans le groupe. Vous pouvez \u00e9galement entrer manuellement le nombre d'\u00e9tiquettes que vous souhaitez imprimer. <br\/>\r\n          Quand le montant des \u00e9tiquettes est modifi\u00e9 par cette commande, Labeljoy d\u00e9place la page courante \u00e0 la derni\u00e8re o\u00f9 se trouve le groupe (la derni\u00e8re\r\n          du travail s'il y a un seul groupe).\r\n          <p class=\"note\"><strong>Note<\/strong>:<br>\r\n            Quand le travail est connect\u00e9 \u00e0 une source de donn\u00e9es, vous ne pouvez pas changer le nombre d'\u00e9tiquettes. <br\/>\r\n            Quando dans le travail courant il y a plusieurs groupes, le contr\u00f4le est li\u00e9 au premier groupe rendu sur la page en cours. <\/p>\r\n        <\/li>\r\n        <li class=\"body\"><strong>Mode souris<\/strong>: mode par d\u00e9faut: la souris fonctionne normalement et peut \u00eatre utilis\u00e9e pour d\u00e9placer et redimensionner les \u00e9l\u00e9ments. <\/li>\r\n        <li class=\"body\"><strong>Ins\u00e9rer un code barres<\/strong>: permet de d\u00e9finir Labeljoy en mode insertion d'un \u00e9l\u00e9ment <a href=\"http:\/\/www.labeljoy.com\/fr\/aide\/definir-les-codes-barres\/\">code barres<\/a>. Quand ce mode est actif, le curseur de la souris se transforme en\r\n          croix et en cliquant sur un point d'une \u00e9tiquette et en faisant glisser la s\u00e9lection \u00e7a vous permet d'ins\u00e9rer un nouvel \u00e9l\u00e9ment. <\/li>\r\n        <li class=\"body\"><strong>Ins\u00e9rer du text<\/strong>: comme ci-dessus, mais pour les \u00e9l\u00e9ments de <a href=\"http:\/\/www.labeljoy.com\/fr\/aide\/gerer-les-textes\/\">texte<\/a>.<\/li>\r\n        <li class=\"body\"><strong>Ins\u00e9rer un graphique<\/strong>: comme ci-dessus, mais pour les \u00e9l\u00e9ments <a href=\"http:\/\/www.labeljoy.com\/fr\/aide\/gerer-les-graphiques\/\">graphiques<\/a>.<\/li>\r\n        <li class=\"body\"><strong>Inserisci un \u00e9l\u00e9ment page<\/strong><em>:<\/em> comme ci-dessus, mais pour les \u00e9l\u00e9ments de <\/em> <a href=\"http:\/\/www.labeljoy.com\/fr\/aide\/gerer-les-elements-de-page\/\">page<\/a><\/li>\r\n        <li class=\"body\"><strong>D\u00e9finir le point de d\u00e9marrage d'impression<\/strong>: d\u00e9finit le mode du <a href=\"http:\/\/www.labeljoy.com\/fr\/aide\/definir-le-point-de-demarrage-d-impression\/\">point de d\u00e9marrage d'impression<\/a>. Dans ce mode, vous d\u00e9finissez la position \u00e0 partir de laquelle commence l'impression\r\n          des \u00e9tiquettes sur la premi\u00e8re page.<\/li>\r\n        <li class=\"body\"><strong>Param\u00e8tres de mise en page<\/strong>: ouvre la fen\u00eatre de r\u00e9glage de la <a href=\"http:\/\/www.labeljoy.com\/fr\/aide\/definir-la-mise-en-page\/\">mise en page<\/a>.<\/li>\r\n        <li class=\"body\"><strong>Param\u00e8tres de groupe<\/strong>: ouvre la fen\u00eatre de r\u00e9glage du <a href=\"http:\/\/www.labeljoy.com\/fr\/aide\/gerer-les-groupes\/\">groupe<\/a> courant d'\u00e9tiquettes.<\/li>\r\n        <li class=\"body\"><strong>Lier les donn\u00e9es sources*<\/strong> : permet de d\u00e9marrer la <a href=\"http:\/\/www.labeljoy.com\/fr\/aide\/procedure-guidee-pour-la-connexion-a-une-source-de-donnees\/\">procedure guid\u00e9e de liaison \u00e0 une source de donn\u00e9es<\/a>.<\/li>\r\n        <li class=\"body\"><strong>Param\u00e8tres des \u00e9l\u00e9ments<\/strong>: ouvre la fen\u00eatre de r\u00e9glage des \u00e9l\u00e9ments. La fen\u00eatre ouverte correspondra \u00e0 la fen\u00eatre des propri\u00e9t\u00e9s du dernier \u00e9l\u00e9ment cliqu\u00e9. <\/li>\r\n        <li class=\"body\"><strong>Couper<\/strong>: supprime les \u00e9l\u00e9ments s\u00e9lectionn\u00e9s et les copie dans le presse-papiers.<\/li>\r\n        <li class=\"body\"> <strong>Copier<\/strong>: copie les les \u00e9l\u00e9ments s\u00e9lectionn\u00e9s dans le presse-papiers de Labeljoy.<\/li>\r\n        <li class=\"body\"><strong>Coller<\/strong>: colle les \u00e9l\u00e9ments copi\u00e9s dans le presse-papiers en faisant une copie de sauvegarde. Vous pouvez \u00e9galement utiliser cette commande pour cr\u00e9er des\r\n          copies d'\u00e9l\u00e9ments des groupes de diff\u00e9rentes \u00e9tiquettes. Voir la section <a href=\"http:\/\/www.labeljoy.com\/fr\/aide\/copier-et-coller-les-elements\/\">Copier et coller des \u00e9l\u00e9ments <\/a>pour plus de d\u00e9tails. <\/li>\r\n        <li class=\"body\"><strong>Supprimer<\/strong>: supprime les \u00e9l\u00e9ments s\u00e9lectionn\u00e9s sans les copier dans le presse-papiers.<\/li>\r\n        <li class=\"body\"><strong>Mettre au premier plan<\/strong>: met l'\u00e9l\u00e9ment s\u00e9lectionn\u00e9 au <strong>premier plan <\/strong>par rapport \u00e0 tous les autres. <\/li>\r\n        <li class=\"body\"><strong>Mettre en arri\u00e8re plan<\/strong>: met l'\u00e9l\u00e9ment s\u00e9lectionn\u00e9 en <strong>arri\u00e8re plan <\/strong>par rapport \u00e0 tous les autres. <\/li>\r\n        <li class=\"body\"><strong>Aligner<\/strong> : cette commande, <strong>active seulement si plusieurs \u00e9l\u00e9ments sont s\u00e9lectionn\u00e9s<\/strong>, donne l'acc\u00e8s \u00e0 une s\u00e9rie de sous-menus \u00e0 utiliser\r\n          pour aligner plusieurs \u00e9l\u00e9ments entre eux.<\/li>\r\n        <li class=\"body\"><strong>M\u00eame taille<\/strong> : <strong> cette commande aussi est utilisable seulement en cas de s\u00e9lection multiple, et vous fait acc\u00e9der \u00e0 une s\u00e9rie de sous-menus qui permettent <\/strong> <strong>de rendere \u00e9gale la taille des \u00e9l\u00e9ments s\u00e9lectionn\u00e9s.<\/strong><\/li>\r\n        <li class=\"body\"><strong>Centre\/rotation<\/strong> : cette entr\u00e9e donne acc\u00e8s \u00e0 2 groupes de menus diff\u00e9rents: le groupe sup\u00e9rieur vous permet de changer la position des \u00e9l\u00e9ments s\u00e9lectionn\u00e9s par\r\n          rapport \u00e0 l'\u00e9tiquette dont ils font partie, tandis que le second groupe vous permet de d\u00e9finir une <a>rotation<\/a>. <\/li>\r\n        <li class=\"body\"><strong>Deplacer vers<\/strong> : aussi cette entr\u00e9e donne acc\u00e8s \u00e0 une s\u00e9rie de sous-menus qui permettent de modifier la position et la taille des \u00e9l\u00e9ments. <\/li>\r\n        <li class=\"body\"><strong>Position de la barre des outils<\/strong> : permet d'acc\u00e9der au menu pour le positionnement de la barre d'outils et au menu pour d\u00e9finir la taille de la barre. <\/li>\r\n      <\/ul>\r\n      <p class=\"note\"><strong>Note<\/strong>:<br>\r\n        pour <strong>en savoir plus <\/strong>sur les fonctions de dimensionnement automatique et positionnement des \u00e9l\u00e9ments cf. la section <a href=\"http:\/\/www.labeljoy.com\/fr\/aide\/placer-automatiquement-les-elements\/\">organiser automatiquement les \u00e9l\u00e9ments<\/a>. <br\/>\r\n        Pour en savoir plus sur les fonctions <em>Mettre au premier plan <\/em>et <em>Mettre en arri\u00e8re <\/em>plan, cf. la section <a href=\"http:\/\/www.labeljoy.com\/fr\/aide\/definir-l-ordre-d-affichage\/\">d\u00e9finir l'ordre d'affichage<\/a>.<\/p>\r\n      <p class=\"body\"> * Cette commande est disponible uniquement dans la version Full.<\/p><\/td>\r\n  <\/tr>\r\n<\/table>\n<\/div>\n","protected":false},"excerpt":{"rendered":"<p>Cette page fait r\u00e9f\u00e9rence \u00e0 Labeljoy 5, qui n&rsquo;est pas notre derni\u00e8re version. Effectuez une mise \u00e0 niveau vers Labeljoy 6 pour obtenir la derni\u00e8re version du logiciel avec toutes ses fonctionnalit\u00e9s \u00e9tonnantes ou, si vous l\u2019utilisez d\u00e9j\u00e0, visitez le guide de l\u2019utilisateur de Labeljoy 6.<\/p>\n","protected":false},"author":8,"featured_media":0,"parent":22289,"menu_order":0,"comment_status":"open","ping_status":"closed","template":"page-template-left-sidebar.php","meta":{"inline_featured_image":false,"_monsterinsights_skip_tracking":false,"_monsterinsights_sitenote_active":false,"_monsterinsights_sitenote_note":"","_monsterinsights_sitenote_category":0,"footnotes":""},"class_list":{"0":"post-22444","1":"page","2":"type-page","3":"status-publish","5":"infinite-scroll-item"},"aioseo_notices":[],"_links":{"self":[{"href":"https:\/\/www.labeljoy.com\/fr\/wp-json\/wp\/v2\/pages\/22444","targetHints":{"allow":["GET"]}}],"collection":[{"href":"https:\/\/www.labeljoy.com\/fr\/wp-json\/wp\/v2\/pages"}],"about":[{"href":"https:\/\/www.labeljoy.com\/fr\/wp-json\/wp\/v2\/types\/page"}],"author":[{"embeddable":true,"href":"https:\/\/www.labeljoy.com\/fr\/wp-json\/wp\/v2\/users\/8"}],"replies":[{"embeddable":true,"href":"https:\/\/www.labeljoy.com\/fr\/wp-json\/wp\/v2\/comments?post=22444"}],"version-history":[{"count":3,"href":"https:\/\/www.labeljoy.com\/fr\/wp-json\/wp\/v2\/pages\/22444\/revisions"}],"predecessor-version":[{"id":22581,"href":"https:\/\/www.labeljoy.com\/fr\/wp-json\/wp\/v2\/pages\/22444\/revisions\/22581"}],"up":[{"embeddable":true,"href":"https:\/\/www.labeljoy.com\/fr\/wp-json\/wp\/v2\/pages\/22289"}],"wp:attachment":[{"href":"https:\/\/www.labeljoy.com\/fr\/wp-json\/wp\/v2\/media?parent=22444"}],"curies":[{"name":"wp","href":"https:\/\/api.w.org\/{rel}","templated":true}]}}