{"id":22445,"date":"2014-11-19T15:02:04","date_gmt":"2014-11-19T15:02:04","guid":{"rendered":"http:\/\/www.labeljoy.com\/aide\/the-status-bar\/"},"modified":"2018-09-27T20:29:07","modified_gmt":"2018-09-27T20:29:07","slug":"la-barre-d-etat","status":"publish","type":"page","link":"https:\/\/www.labeljoy.com\/fr\/aide\/la-barre-d-etat\/","title":{"rendered":"La barre d&rsquo;\u00e9tat"},"content":{"rendered":"<div data-partent=\"19635\" class=\"callout callout-warning\">\n<h4>Cette page fait r\u00e9f\u00e9rence \u00e0 Labeljoy 5, qui n&rsquo;est pas notre derni\u00e8re version.<\/h4>\n<p>Effectuez une <a href=\"\/fr\/achat\/\">mise \u00e0 niveau vers Labeljoy 6<\/a> pour obtenir la derni\u00e8re version du logiciel avec toutes ses fonctionnalit\u00e9s \u00e9tonnantes ou, si vous l\u2019utilisez d\u00e9j\u00e0, visitez le <a href=\"\/help-lj6\/\">guide de l\u2019utilisateur de Labeljoy 6<\/a>.<\/p>\n<\/div>\n<link rel=\"stylesheet\" href=\"http:\/\/www.labeljoy.com\/user-guide-files\/en\/styles.css\" type=\"text\/css\" media=\"all\" \/>\n<div id=\"help-guide\">\n\r\n<p class=\"title\">la barre d'\u00e9tat<\/p>\r\n<p class=\"body\">La <em>barre d'\u00e9tat<\/em> est <strong>l'\u00e9l\u00e9ment horizontal <\/strong>au <strong>bas de la fen\u00eatre principale de Labeljoy <\/strong>qui contient un certain\r\n  nombre d'<strong>informations utiles <\/strong>pour effectuer le travail.<\/p>\r\n<p class=\"body\"><img src=\"http:\/\/www.labeljoy.com\/user-guide-files\/fr\/1740_001.png\" style=\"margin: 0px 24px 4px 0px\"><\/p>\r\n<p class=\"body\"> La barre d'\u00e9tat est compos\u00e9e par <strong>13 \u00e9l\u00e9ments<\/strong> qui, de gauche \u00e0 droite, comprennent les informations suivants:<\/p>\r\n<ol>\r\n  <li class=\"body\"> Nom du programme et version. En cliquant sur cette option on affiche la fen\u00eatre d'information du programme.<\/li>\r\n  <li class=\"body\"> Num\u00e9ro de page courante et nombre total de pages. Cet \u00e9l\u00e9ment affiche un effet flash quand on change de page.<\/li>\r\n  <li class=\"body\"> Premi\u00e8re et derni\u00e8re \u00e9tiquette affich\u00e9e sur la page actuelle et le nombre total d'\u00e9tiquettes.<\/li>\r\n  <li class=\"body\"> Nombre des groupes d'\u00e9tiquettes.<\/li>\r\n  <li class=\"body\"> Taille du papier ainsi que d\u00e9fini dans la fen\u00eatre de <a href=\"http:\/\/www.labeljoy.com\/fr\/aide\/definir-la-mise-en-page\/\">mise en page<\/a>.<\/li>\r\n  <li class=\"body\"> Dimensions de l'\u00e9tiquette r\u00e9sultantes des param\u00e8tres de la mise en page.<\/li>\r\n  <li class=\"body\">Nom de de la mise en page tel que d\u00e9fini dans l'onglet <em>Avanc\u00e9 <\/em>de la fen\u00eatre de mise en page. En cliquant sur cette option la fen\u00eatre des\r\n    propri\u00e9t\u00e9s de la mise en page est affich\u00e9e.<\/li>\r\n  <li class=\"body\"> Facteur de zoom actuel. En cliquant sur cette option le menu dur\u00e9glage du zoom est affich\u00e9.<\/li>\r\n  <li class=\"body\">Espace d\u00e9di\u00e9 \u00e0 l'affichage de l'ic\u00f4ne <a href=\"http:\/\/www.labeljoy.com\/fr\/aide\/verrouiller-les-elements\/\">Verrouiller les \u00e9l\u00e9ments<\/a>, quand il est activ\u00e9. Cet \u00e9l\u00e9ment permet \u00e9galement (s'il est visible) de\r\n    d\u00e9verrouiller des articles avec un clic de souris.<\/li>\r\n  <li class=\"body\">Espace d\u00e9di\u00e9 \u00e0 l'affichage de l'ic\u00f4ne <a href=\"http:\/\/www.labeljoy.com\/fr\/aide\/affichage-d-element\/\">Affichage d'\u00e9l\u00e9ment<\/a>, en pr\u00e9sence d'\u00e9l\u00e9ments cach\u00e9s. En cliquant sur cette option le menu d'affichage\r\n    des \u00e9l\u00e9ments est affich\u00e9.<\/li>\r\n  <li class=\"body\"> Majuscules. Lorsque la touche de verrouillage des majuscules est activ\u00e9, cet \u00e9l\u00e9ment devient sombre.<\/li>\r\n  <li class=\"body\"> Pav\u00e9 num\u00e9rique. Lorsque la cl\u00e9 d'activation du pav\u00e9 num\u00e9rique est activ\u00e9, cet \u00e9l\u00e9ment devient sombre.<\/li>\r\n  <li class=\"body\"> Date et heure courantes.<\/li>\r\n<\/ol>\n<\/div>\n","protected":false},"excerpt":{"rendered":"<p>Cette page fait r\u00e9f\u00e9rence \u00e0 Labeljoy 5, qui n&rsquo;est pas notre derni\u00e8re version. Effectuez une mise \u00e0 niveau vers Labeljoy 6 pour obtenir la derni\u00e8re version du logiciel avec toutes ses fonctionnalit\u00e9s \u00e9tonnantes ou, si vous l\u2019utilisez d\u00e9j\u00e0, visitez le guide de l\u2019utilisateur de Labeljoy 6.<\/p>\n","protected":false},"author":8,"featured_media":0,"parent":22289,"menu_order":0,"comment_status":"open","ping_status":"closed","template":"page-template-left-sidebar.php","meta":{"inline_featured_image":false,"_monsterinsights_skip_tracking":false,"_monsterinsights_sitenote_active":false,"_monsterinsights_sitenote_note":"","_monsterinsights_sitenote_category":0,"footnotes":""},"class_list":{"0":"post-22445","1":"page","2":"type-page","3":"status-publish","5":"infinite-scroll-item"},"aioseo_notices":[],"_links":{"self":[{"href":"https:\/\/www.labeljoy.com\/fr\/wp-json\/wp\/v2\/pages\/22445","targetHints":{"allow":["GET"]}}],"collection":[{"href":"https:\/\/www.labeljoy.com\/fr\/wp-json\/wp\/v2\/pages"}],"about":[{"href":"https:\/\/www.labeljoy.com\/fr\/wp-json\/wp\/v2\/types\/page"}],"author":[{"embeddable":true,"href":"https:\/\/www.labeljoy.com\/fr\/wp-json\/wp\/v2\/users\/8"}],"replies":[{"embeddable":true,"href":"https:\/\/www.labeljoy.com\/fr\/wp-json\/wp\/v2\/comments?post=22445"}],"version-history":[{"count":2,"href":"https:\/\/www.labeljoy.com\/fr\/wp-json\/wp\/v2\/pages\/22445\/revisions"}],"predecessor-version":[{"id":22471,"href":"https:\/\/www.labeljoy.com\/fr\/wp-json\/wp\/v2\/pages\/22445\/revisions\/22471"}],"up":[{"embeddable":true,"href":"https:\/\/www.labeljoy.com\/fr\/wp-json\/wp\/v2\/pages\/22289"}],"wp:attachment":[{"href":"https:\/\/www.labeljoy.com\/fr\/wp-json\/wp\/v2\/media?parent=22445"}],"curies":[{"name":"wp","href":"https:\/\/api.w.org\/{rel}","templated":true}]}}