{"id":22447,"date":"2014-11-19T15:46:18","date_gmt":"2014-11-19T15:46:18","guid":{"rendered":"http:\/\/www.labeljoy.com\/aide\/managing-groups\/"},"modified":"2015-02-03T15:09:55","modified_gmt":"2015-02-03T15:09:55","slug":"gerer-les-groupes","status":"publish","type":"page","link":"https:\/\/www.labeljoy.com\/fr\/aide\/gerer-les-groupes\/","title":{"rendered":"G\u00e9rer les groupes"},"content":{"rendered":"<div data-partent=\"19635\" class=\"callout callout-warning\">\n<h4>Cette page fait r\u00e9f\u00e9rence \u00e0 Labeljoy 5, qui n&rsquo;est pas notre derni\u00e8re version.<\/h4>\n<p>Effectuez une <a href=\"\/fr\/achat\/\">mise \u00e0 niveau vers Labeljoy 6<\/a> pour obtenir la derni\u00e8re version du logiciel avec toutes ses fonctionnalit\u00e9s \u00e9tonnantes ou, si vous l\u2019utilisez d\u00e9j\u00e0, visitez le <a href=\"\/help-lj6\/\">guide de l\u2019utilisateur de Labeljoy 6<\/a>.<\/p>\n<\/div>\n<div id=\"help-guide\">\n\r\n<p class=\"title\">g\u00e9rer les groupes<\/p>\n<p class=\"body\">Un <em>Groupe <\/em>est <strong>l'entit\u00e9 qui peut contenir des \u00e9l\u00e9ments graphiques <\/strong>et qui peut \u00eatre<strong>r\u00e9pliqu\u00e9e une ou plusieurs fois<\/strong>. Il sera g\u00e9n\u00e9ralement plus facile utiliser un seul groupe de travail, mais Labeljoy <strong>permet de g\u00e9rer plusieurs groupes <\/strong>dans le m\u00eame travail.<\/p>\n<p class=\"body\">La gestion de la propri\u00e9t\u00e9 du groupe se fait via la <strong>bo\u00eete de dialogue des r\u00e9glages<\/strong>, accessible en s\u00e9lectionnant le groupe avec la souris\n  et en cliquant sur l'ic\u00f4ne Param\u00e8tres de groupe, ou en double-cliquant avec la souris dans une zone vide du groupe. <\/p>\n<p class=\"note\"><strong>Note<\/strong>: <br\/>\n  Les onglets <em>Source des donn\u00e9es <\/em>et <em>Filtrer et trier <\/em>sont disponibles seulement <strong>dans la version <\/strong><strong>Full<\/strong>. <\/p>\n<table width=\"100%\">\n  <tr valign=\"top\">\n    <td><p class=\"body\"><img src=\"http:\/\/www.labeljoy.com\/user-guide-files\/fr\/1800_001.png\" align=\"left\" style=\"margin: 0px 24px 4px 0px\"> La bo\u00eete de dialogue Propri\u00e9t\u00e9s du groupe vous permet de:<\/p>\n      <ul>\n        <li class=\"body\"><strong>D\u00e9finir le nombre de r\u00e9p\u00e9titions<\/strong> . Le nombre d'\u00e9tiquettes dans le groupe, tels que d\u00e9finies par le contr\u00f4le de quantit\u00e9 d'\u00e9tiquettes pr\u00e9sentes sur la <a href=\"http:\/\/www.labeljoy.com\/fr\/aide\/la-barre-des-outils\/\">barre des outils<\/a>.<\/li>\n        <li class=\"body\"><strong>D\u00e9finir le nom du groupe.<\/strong> Le nom du groupe qui sera affich\u00e9 lorsque vous passez la souris.<\/li>\n        <li class=\"body\"><strong>D\u00e9finir une couleur de fond<\/strong>. Cliquez sur l'onglet <em>Fond<\/em> pour <a href=\"http:\/\/www.labeljoy.com\/fr\/aide\/regler-les-couleurs\/\">d\u00e9finir la couleur du fond <\/a>de l'\u00e9tiquette. <\/li>\n        <li class=\"body\"><strong>D\u00e9finir une source de donn\u00e9es<\/strong>. Voir la section <a href=\"http:\/\/www.labeljoy.com\/fr\/aide\/lier-un-groupe-a-une-source-de-donnees\/\">lier un groupe \u00e0 une source des donn\u00e9es<\/a>.<\/li>\n      <\/ul>\n      <p class=\"note\"><strong>Note<\/strong>: <br\/>\n        dans le cas o\u00f9 le groupe de l'\u00e9tiquette soit reli\u00e9e \u00e0 une <strong>source de donn\u00e9es<\/strong>,<strong> <\/strong>la valeur sp\u00e9cifi\u00e9e dans la bo\u00eete <em>R\u00e9petitons <\/em>va d\u00e9finir le <strong>nombre de r\u00e9p\u00e9titions <\/strong>de chaque \u00e9l\u00e9ment de la source de donn\u00e9es d'origine. <br\/>\n        Par exemple, en connectant un ensemble d'\u00e9tiquettes \u00e0 un <strong>fichier Excel<\/strong> qui contient 100 entr\u00e9es, et en d\u00e9finant un nombre de r\u00e9p\u00e9titions\n        de 2, vous obtiendrez un <strong>total de 200 \u00e9tiquettes<\/strong>. Dans ces cas, la bo\u00eete <em>R\u00e9p\u00e9titions cons\u00e9cutives <\/em>devient active et vous permet\n        de sp\u00e9cifier si vous voulez que les r\u00e9p\u00e9titions sient <strong>adjacentes<\/strong> l'une \u00e0 l'autre (\u00e9l\u00e9ment 1, \u00e9l\u00e9ment 1, \u00e9l\u00e9ment 2, \u00e9l\u00e9ment 2, etc), ou si\n        vous d\u00e9sirez r\u00e9peter la s\u00e9rie enti\u00e8re (\u00e9l\u00e9ment 1 ..., \u00e9l\u00e9ment 100, \u00e9l\u00e9ment 1, ..., \u00e9l\u00e9ment 100). <br\/>\n        <br\/>\n        Le nombre de r\u00e9p\u00e9titions ici d\u00e9fini doit \u00eatre consid\u00e9r\u00e9 une s\u00e9rie de <strong>copies virtuelles <\/strong>(r\u00e9p\u00e9titions cr\u00e9\u00e9es par une r\u00e9plique), tandis que\n        la d\u00e9finition du champ <strong>Quantit\u00e9 <\/strong>(dans l'onglet source de donn\u00e9es) g\u00e9n\u00e8re des <strong>copies physiques <\/strong>(copies r\u00e9ellement charg\u00e9s\n        dans la m\u00e9moire).<\/p><\/td>\n  <\/tr>\n<\/table>\n<\/div>\n","protected":false},"excerpt":{"rendered":"<p>Cette page fait r\u00e9f\u00e9rence \u00e0 Labeljoy 5, qui n&rsquo;est pas notre derni\u00e8re version. Effectuez une mise \u00e0 niveau vers Labeljoy 6 pour obtenir la derni\u00e8re version du logiciel avec toutes ses fonctionnalit\u00e9s \u00e9tonnantes ou, si vous l\u2019utilisez d\u00e9j\u00e0, visitez le guide de l\u2019utilisateur de Labeljoy 6.<\/p>\n","protected":false},"author":8,"featured_media":0,"parent":22289,"menu_order":0,"comment_status":"open","ping_status":"closed","template":"page-template-left-sidebar.php","meta":{"inline_featured_image":false,"_monsterinsights_skip_tracking":false,"_monsterinsights_sitenote_active":false,"_monsterinsights_sitenote_note":"","_monsterinsights_sitenote_category":0,"footnotes":""},"class_list":{"0":"post-22447","1":"page","2":"type-page","3":"status-publish","5":"infinite-scroll-item"},"aioseo_notices":[],"_links":{"self":[{"href":"https:\/\/www.labeljoy.com\/fr\/wp-json\/wp\/v2\/pages\/22447","targetHints":{"allow":["GET"]}}],"collection":[{"href":"https:\/\/www.labeljoy.com\/fr\/wp-json\/wp\/v2\/pages"}],"about":[{"href":"https:\/\/www.labeljoy.com\/fr\/wp-json\/wp\/v2\/types\/page"}],"author":[{"embeddable":true,"href":"https:\/\/www.labeljoy.com\/fr\/wp-json\/wp\/v2\/users\/8"}],"replies":[{"embeddable":true,"href":"https:\/\/www.labeljoy.com\/fr\/wp-json\/wp\/v2\/comments?post=22447"}],"version-history":[{"count":3,"href":"https:\/\/www.labeljoy.com\/fr\/wp-json\/wp\/v2\/pages\/22447\/revisions"}],"predecessor-version":[{"id":22589,"href":"https:\/\/www.labeljoy.com\/fr\/wp-json\/wp\/v2\/pages\/22447\/revisions\/22589"}],"up":[{"embeddable":true,"href":"https:\/\/www.labeljoy.com\/fr\/wp-json\/wp\/v2\/pages\/22289"}],"wp:attachment":[{"href":"https:\/\/www.labeljoy.com\/fr\/wp-json\/wp\/v2\/media?parent=22447"}],"curies":[{"name":"wp","href":"https:\/\/api.w.org\/{rel}","templated":true}]}}