{"id":22448,"date":"2014-11-19T16:30:49","date_gmt":"2014-11-19T16:30:49","guid":{"rendered":"http:\/\/www.labeljoy.com\/aide\/linking-a-group-to-a-data-source\/"},"modified":"2015-02-03T15:12:26","modified_gmt":"2015-02-03T15:12:26","slug":"lier-un-groupe-a-une-source-de-donnees","status":"publish","type":"page","link":"https:\/\/www.labeljoy.com\/fr\/aide\/lier-un-groupe-a-une-source-de-donnees\/","title":{"rendered":"Lier un groupe \u00e0 une source de donn\u00e9es"},"content":{"rendered":"<div data-partent=\"19635\" class=\"callout callout-warning\">\n<h4>Cette page fait r\u00e9f\u00e9rence \u00e0 Labeljoy 5, qui n&rsquo;est pas notre derni\u00e8re version.<\/h4>\n<p>Effectuez une <a href=\"\/fr\/achat\/\">mise \u00e0 niveau vers Labeljoy 6<\/a> pour obtenir la derni\u00e8re version du logiciel avec toutes ses fonctionnalit\u00e9s \u00e9tonnantes ou, si vous l\u2019utilisez d\u00e9j\u00e0, visitez le <a href=\"\/help-lj6\/\">guide de l\u2019utilisateur de Labeljoy 6<\/a>.<\/p>\n<\/div>\n<div id=\"help-guide\">\n\r\n<p class=\"title\">lier un groupe \u00e0 une source de donn\u00e9es<\/p>\n<p class=\"online\"><strong>Ressources en ligne:<\/strong><br>\n  Vid\u00e9o: <a href=\"http:\/\/www.labeljoy.com\/fr\/video-assistance\/connecter-sources-externes\/\" title=\"Comment Connecter des Sources de Donn\u00e9es Externes\" target=\"_blank\">Connectez sources de donn\u00e9es externes<\/a><br>\n  Vid\u00e9o: <a href=\"http:\/\/www.labeljoy.com\/fr\/video-assistance\/charger-des-excel\/\" title=\"Load data from Excel\" target=\"_blank\">Comment charger des donn\u00e9es d\u0092Excel<\/a><\/p>\n<p class=\"body\">Labeljoy vous permet d'utiliser des <strong>sources de donn\u00e9es externes <\/strong>pour cr\u00e9er des groupes d'\u00e9tiquettes. Sp\u00e9cifier une source de donn\u00e9es pour\n  un groupe d'\u00e9tiquettes signifie que vous pourrez <strong>connecter <\/strong>les \u00e9l\u00e9ments qu'il contient aux <strong>champs de la base de <\/strong>donn\u00e9es\n  s\u00e9lectionn\u00e9e. Par exemple, vous pourrez ajouter un \u00e9l\u00e9ment de texte qui, lorsqu'il est connect\u00e9 \u00e0 un champ de base de donn\u00e9es, pr\u00e9sentera <strong>des informations variables pour chaque \u00e9tiquette du groupe<\/strong>. <\/p>\n<p class=\"note\"><strong>Note<\/strong>: <br\/>\n  Labeljoy se connecte \u00e0 une source de donn\u00e9es, charge les donn\u00e9es requises, les stocke dans la m\u00e9moire et se d\u00e9connecte de la source de donn\u00e9es. Ce mode de\n  fonctionnement est connu comme un <em>mode d\u00e9connect\u00e9<\/em>. <br\/>\n  Toutes les modifications apport\u00e9es aux donn\u00e9es sources ne seront pas visibles dans Labeljoy jusqu'\u00e0 ce qu'il soit effectu\u00e9 la commande <em>Actualiser les donn\u00e9es<\/em>. <br\/>\n  La connexion aux sources de donn\u00e9es provoquera un grand usage indiscrimin\u00e9 de la m\u00e9moire syst\u00e8me et va g\u00e9n\u00e9rer des fichiers volumineux. <\/p>\n<p class=\"body\"> Labeljoy <strong>permet de se connecter aux sources de donn\u00e9es suivantes:<\/strong><\/p>\n<ul>\n  <li class=\"body\"><strong>Access 97, 2000, XP, 2003, 2007, 2010<\/strong><\/li>\n  <li class=\"body\"><strong>Excel 3.0, 4.0, 5.0, 7.0, 97, 2000, XP, 2003, 2007, 2010<\/strong><\/li>\n  <li class=\"body\"><strong>dBase III, IV, 5.0<\/strong><\/li>\n  <li class=\"body\"><strong>Lotus 1-2-3 WK1, WK3, WK4<\/strong><\/li>\n  <li class=\"body\"><strong>Fichiers de text d\u00e9limit\u00e9  (txt, csv)<\/strong><\/li>\n  <li class=\"body\"><strong>Microsoft Outlook Address book<\/strong><\/li>\n  <li class=\"body\"><strong>Outlook Express ou Windows Address Book (WAB)<\/strong><\/li>\n  <li class=\"body\"><strong>SendBlaster database<\/strong><\/li>\n  <li class=\"body\"><strong>MySql database<\/strong><\/li>\n  <li class=\"body\"><strong>Oracle database<\/strong><\/li>\n  <li class=\"body\"><strong>SQL Server database<\/strong><\/li>\n  <li class=\"body\"><strong>Donn\u00e9es textuels dans le presse-papiers de Windows<\/strong><\/li>\n<\/ul>\n<p class=\"body\">Pour connecter un groupe d'\u00e9tiquettes \u00e0 une source de donn\u00e9es, vous devez d'abord s\u00e9lectionner le groupe et ouvrir la <strong>fen\u00eatre des propri\u00e9t\u00e9s <\/strong>et agir sur les contr\u00f4les de l'onglet <em>Source de donn\u00e9es<\/em>.<\/p>\n<p class=\"note\"><strong>Note<\/strong>: <br\/>\n  Les onglets <em>Source des donn\u00e9es <\/em>et <em>Filtrer et trier <\/em>sont disponibles seulement <strong>dans la version <\/strong><strong>Full <\/strong> <strong>ou de d\u00e9monstration<\/strong>. <\/p>\n<table width=\"100%\">\n  <tr valign=\"top\">\n    <td><p class=\"body\"><img src=\"http:\/\/www.labeljoy.com\/user-guide-files\/fr\/1840_001.png\" align=\"left\" style=\"margin: 0px 24px 4px 0px\">S\u00e9lectionnez le type de source de donn\u00e9es que vous voulez utiliser dans la liste d\u00e9roulante. Selon votre choix, vous verrez des contr\u00f4les qui vous\n        permettent de configurer la connexion aux donn\u00e9es.<\/p>\n      <p class=\"note\"><strong>Note<\/strong>: <br\/>\n        comme une alternative \u00e0 la configuration manuelle de la source de donn\u00e9es, vous pouvez utiliser la <a href=\"http:\/\/www.labeljoy.com\/fr\/aide\/procedure-guidee-pour-la-connexion-a-une-source-de-donnees\/\">procedure guid\u00e9e <\/a>qui facilite les operations et\n        fournit des informations d\u00e9taill\u00e9es sur la connexion de donn\u00e9es. <br\/>\n        Cliquez sur le bouton <em>Lien de la source de donn\u00e9es<\/em> pour fermer la fen\u00eatre de configuration du groupe et lancer la procedure guid\u00e9e.<\/p>\n      <p class=\"body\">Apr\u00e8s avoir sp\u00e9cifi\u00e9 la source de donn\u00e9es, activez <em>Actualiser les donn\u00e9es lors de l'ouverture du fichier et d'impression<\/em> si vous voulez que, quand\n        vous avez ouvert le fichier qui contient ce groupe d'\u00e9tiquettes (ou avant de l'imprimer ou exporter), Labeljoy <a href=\"http:\/\/www.labeljoy.com\/fr\/aide\/mettre-a-jour-la-source-de-donnees\/\">mette \u00e0 jour<\/a> <strong> automatiquement les donn\u00e9es<\/strong>.<\/p>\n      <p class=\"body\">Quand tous les param\u00e8tres de connexion aux donn\u00e9es ont \u00e9t\u00e9 sp\u00e9cifi\u00e9s, cliquez sur <em>OK<\/em> ou sur <em>Appliquer <\/em>pour commencer le <strong>processus de chargement des donn\u00e9es<\/strong>. Dans cette phase, une <strong>barre de d\u00e9filement <\/strong>appara\u00eetra pour indiquer l'\u00e9tat\n        d'ex\u00e9cution de l'op\u00e9ration. Selon la <strong>taille de la table s\u00e9lectionn\u00e9e <\/strong>et la <strong>capacit\u00e9 de l'ordinateur<\/strong>, cette phase peut\n        durer <strong>de quelques secondes \u00e0 quelques minutes<\/strong>.<\/p>\n      <p class=\"note\"><strong>Note<\/strong>: <br\/>\n        La bo\u00eete <strong>Quantit\u00e9 <\/strong>vous permet de s\u00e9lectionner l'un des champs disponibles dans la source de donn\u00e9es, \u00e0 utiliser pour<strong>d\u00e9finir le nombre d'\u00e9tiquettes \u00e0 g\u00e9n\u00e9rer<\/strong> pour chaque \u00e9l\u00e9ment pr\u00e9sent. Laissez le param\u00e8tre de d\u00e9faut <strong>1 \u00e9tiquette par \u00e9l\u00e9ment <\/strong>pour g\u00e9n\u00e9rer une \u00e9tiquette pour chaque \u00e9l\u00e9ment de la source de donn\u00e9es, ou s\u00e9lectionnez un champ dans la liste\n        pour s'assurer que Labeljoy cr\u00e9e autant d'\u00e9tiquettes pour chaque article en fonction de la valeur lue dans le champ s\u00e9lectionn\u00e9. <\/p>\n      <p class=\"body\">Une fois connect\u00e9 le groupe \u00e0 une source de donn\u00e9es, le nombre d'\u00e9tiquettes sera <strong>ajust\u00e9 au nombre d'entr\u00e9es <\/strong>dans la source de donn\u00e9es, et\n        vous pourrez lier les \u00e9l\u00e9ments aux <strong>champs de la table li\u00e9e<\/strong>.<\/p><\/td>\n  <\/tr>\n<\/table>\n<\/div>\n","protected":false},"excerpt":{"rendered":"<p>Cette page fait r\u00e9f\u00e9rence \u00e0 Labeljoy 5, qui n&rsquo;est pas notre derni\u00e8re version. Effectuez une mise \u00e0 niveau vers Labeljoy 6 pour obtenir la derni\u00e8re version du logiciel avec toutes ses fonctionnalit\u00e9s \u00e9tonnantes ou, si vous l\u2019utilisez d\u00e9j\u00e0, visitez le guide de l\u2019utilisateur de Labeljoy 6.<\/p>\n","protected":false},"author":8,"featured_media":0,"parent":22289,"menu_order":0,"comment_status":"open","ping_status":"closed","template":"page-template-left-sidebar.php","meta":{"inline_featured_image":false,"_monsterinsights_skip_tracking":false,"_monsterinsights_sitenote_active":false,"_monsterinsights_sitenote_note":"","_monsterinsights_sitenote_category":0,"footnotes":""},"class_list":{"0":"post-22448","1":"page","2":"type-page","3":"status-publish","5":"infinite-scroll-item"},"aioseo_notices":[],"_links":{"self":[{"href":"https:\/\/www.labeljoy.com\/fr\/wp-json\/wp\/v2\/pages\/22448","targetHints":{"allow":["GET"]}}],"collection":[{"href":"https:\/\/www.labeljoy.com\/fr\/wp-json\/wp\/v2\/pages"}],"about":[{"href":"https:\/\/www.labeljoy.com\/fr\/wp-json\/wp\/v2\/types\/page"}],"author":[{"embeddable":true,"href":"https:\/\/www.labeljoy.com\/fr\/wp-json\/wp\/v2\/users\/8"}],"replies":[{"embeddable":true,"href":"https:\/\/www.labeljoy.com\/fr\/wp-json\/wp\/v2\/comments?post=22448"}],"version-history":[{"count":3,"href":"https:\/\/www.labeljoy.com\/fr\/wp-json\/wp\/v2\/pages\/22448\/revisions"}],"predecessor-version":[{"id":22606,"href":"https:\/\/www.labeljoy.com\/fr\/wp-json\/wp\/v2\/pages\/22448\/revisions\/22606"}],"up":[{"embeddable":true,"href":"https:\/\/www.labeljoy.com\/fr\/wp-json\/wp\/v2\/pages\/22289"}],"wp:attachment":[{"href":"https:\/\/www.labeljoy.com\/fr\/wp-json\/wp\/v2\/media?parent=22448"}],"curies":[{"name":"wp","href":"https:\/\/api.w.org\/{rel}","templated":true}]}}