{"id":22449,"date":"2014-11-20T08:55:51","date_gmt":"2014-11-20T08:55:51","guid":{"rendered":"http:\/\/www.labeljoy.com\/aide\/loading-data-from-a-file\/"},"modified":"2015-02-03T15:01:30","modified_gmt":"2015-02-03T15:01:30","slug":"importer-les-donnees-depuis-un-fichier","status":"publish","type":"page","link":"https:\/\/www.labeljoy.com\/fr\/aide\/importer-les-donnees-depuis-un-fichier\/","title":{"rendered":"Importer les donn\u00e9es depuis un fichier"},"content":{"rendered":"<div data-partent=\"19635\" class=\"callout callout-warning\">\n<h4>Cette page fait r\u00e9f\u00e9rence \u00e0 Labeljoy 5, qui n&rsquo;est pas notre derni\u00e8re version.<\/h4>\n<p>Effectuez une <a href=\"\/fr\/achat\/\">mise \u00e0 niveau vers Labeljoy 6<\/a> pour obtenir la derni\u00e8re version du logiciel avec toutes ses fonctionnalit\u00e9s \u00e9tonnantes ou, si vous l\u2019utilisez d\u00e9j\u00e0, visitez le <a href=\"\/help-lj6\/\">guide de l\u2019utilisateur de Labeljoy 6<\/a>.<\/p>\n<\/div>\n<div id=\"help-guide\">\n\r\n<p class=\"title\">importer les donn\u00e9es depuis un fichier<\/p>\r\n<p class=\"body\">Dans la bo\u00eete de s\u00e9lection de la source de donn\u00e9es, qui est dans la fen\u00eatre de r\u00e9glage de groupe (onglet source de donn\u00e9es), le premier groupe d'entr\u00e9es se\r\n  r\u00e9f\u00e8re \u00e0 la connexion aux sources de donn\u00e9es sous forme de fichiers existants sur votre ordinateur (ou un r\u00e9seau d'ordinateurs). <\/p>\r\n<p class=\"body\">En cliquant sur le bouton <em>S\u00e9lectionner les fichiers<\/em> s'affiche une <strong>bo\u00eete de dialogue <\/strong>pour s\u00e9lection d'un fichier. <strong>S\u00e9lectionnez le fichier contenant les donn\u00e9es <\/strong>auxquelles vous souhaitez connecter le groupe. <br\/>\r\n  Une fois s\u00e9lectionn\u00e9 le fichier, d\u00e9finissez les informations suppl\u00e9mentaires qui varient en fonction du type de fichier s\u00e9lectionn\u00e9. Par exemple, dans le\r\n  cas d'un fichier au format Microsoft Access, vous pouvez taper n'importe quel mot de passe. Ou dans le cas de Microsoft Excel, vous pouvez d\u00e9finir si la\r\n  premi\u00e8re ligne de la plage s\u00e9lectionn\u00e9e contient les noms des champs.<\/p>\r\n<p class=\"body\">Si le format du fichier supporte <strong>plusieurs tables ou feuilles<\/strong>, elles seront <strong>list\u00e9es <\/strong>dans le menu d\u00e9roulant situ\u00e9 en bas\r\n  apr\u00e8s avoir cliqu\u00e9 sur le bouton. A ce stade, vous pouvez choisir entre <strong>deux m\u00e9thodes <\/strong>pour charger les donn\u00e9es: <\/p>\r\n<ul>\r\n  <li class=\"body\"><strong>S\u00e9l\u00e9ctionnez la table \u00e0 utiliser<\/strong> comme source des donn\u00e9es de la liste.<\/li>\r\n  <li class=\"body\"><strong>S\u00e9l\u00e9ctionnez le dernier \u00e9l\u00e9ment \"SQL...\", <\/strong>et entrez une requ\u00eate SQL \u00e0 ex\u00e9cuter sur la base de donn\u00e9es s\u00e9lectionn\u00e9e (m\u00e9thode avanc\u00e9e).<\/li>\r\n<\/ul>\r\n<p class=\"note\"><strong>Note<\/strong>: <br\/>\r\n  Le r\u00e9sultat de la requ\u00eate d\u00e9pend du <strong>type <\/strong>du fichier s\u00e9lectionn\u00e9. La requ\u00eate doit \u00eatre un <em>SELECT <\/em>et <strong>doit respecter les r\u00e8gles utilis\u00e9es dans le langage SQL<\/strong>. <br\/>\r\n  Si la requ\u00eate n'est pas r\u00e9ussie, un <strong>message d'avertissement <\/strong>sera affich\u00e9. <br\/>\r\n  Sur <strong>internet<\/strong>, il y a des <strong>nombreuses ressources <\/strong>qui vous permettent d'apprendre le fonctionnement de base du langage SQL.\r\n  Par exemple: <br\/>\r\n  <br\/>\r\n  <a href=\"http:\/\/fr.wikipedia.org\/wiki\/Structured_Query_Language\">http:\/\/fr.wikipedia.org\/wiki\/Structured_Query_Language<\/a> <\/p>\r\n<p class=\"note\"><strong>Note<\/strong>: <br\/>\r\n  la quantit\u00e9 de donn\u00e9es charg\u00e9es peut <strong>r\u00e9duire les performances <\/strong>du programme pendant l'utilisation de <strong>sources de donn\u00e9es volumineuses<\/strong>. Pour que Labeljoy fasse des <strong>bonnes performances<\/strong>, il est conseill\u00e9 d'\u00e9viter de charger\r\n  des tables qui contiennent de <strong>grandes quantit\u00e9s de donn\u00e9es binaires <\/strong>ou un <strong>nombre trop \u00e9lev\u00e9 d'entr\u00e9es<\/strong>. Selon les\r\n  capacit\u00e9s de votre ordinateur, il est recommand\u00e9, si possible, d'\u00e9viter des tables avec plus de 10.000 entr\u00e9es. <\/p>\n<\/div>\n","protected":false},"excerpt":{"rendered":"<p>Cette page fait r\u00e9f\u00e9rence \u00e0 Labeljoy 5, qui n&rsquo;est pas notre derni\u00e8re version. Effectuez une mise \u00e0 niveau vers Labeljoy 6 pour obtenir la derni\u00e8re version du logiciel avec toutes ses fonctionnalit\u00e9s \u00e9tonnantes ou, si vous l\u2019utilisez d\u00e9j\u00e0, visitez le guide de l\u2019utilisateur de Labeljoy 6.<\/p>\n","protected":false},"author":8,"featured_media":0,"parent":22289,"menu_order":0,"comment_status":"open","ping_status":"closed","template":"page-template-left-sidebar.php","meta":{"inline_featured_image":false,"_monsterinsights_skip_tracking":false,"_monsterinsights_sitenote_active":false,"_monsterinsights_sitenote_note":"","_monsterinsights_sitenote_category":0,"footnotes":""},"class_list":{"0":"post-22449","1":"page","2":"type-page","3":"status-publish","5":"infinite-scroll-item"},"aioseo_notices":[],"_links":{"self":[{"href":"https:\/\/www.labeljoy.com\/fr\/wp-json\/wp\/v2\/pages\/22449","targetHints":{"allow":["GET"]}}],"collection":[{"href":"https:\/\/www.labeljoy.com\/fr\/wp-json\/wp\/v2\/pages"}],"about":[{"href":"https:\/\/www.labeljoy.com\/fr\/wp-json\/wp\/v2\/types\/page"}],"author":[{"embeddable":true,"href":"https:\/\/www.labeljoy.com\/fr\/wp-json\/wp\/v2\/users\/8"}],"replies":[{"embeddable":true,"href":"https:\/\/www.labeljoy.com\/fr\/wp-json\/wp\/v2\/comments?post=22449"}],"version-history":[{"count":3,"href":"https:\/\/www.labeljoy.com\/fr\/wp-json\/wp\/v2\/pages\/22449\/revisions"}],"predecessor-version":[{"id":22584,"href":"https:\/\/www.labeljoy.com\/fr\/wp-json\/wp\/v2\/pages\/22449\/revisions\/22584"}],"up":[{"embeddable":true,"href":"https:\/\/www.labeljoy.com\/fr\/wp-json\/wp\/v2\/pages\/22289"}],"wp:attachment":[{"href":"https:\/\/www.labeljoy.com\/fr\/wp-json\/wp\/v2\/media?parent=22449"}],"curies":[{"name":"wp","href":"https:\/\/api.w.org\/{rel}","templated":true}]}}