{"id":22450,"date":"2014-11-19T15:47:40","date_gmt":"2014-11-19T15:47:40","guid":{"rendered":"http:\/\/www.labeljoy.com\/aide\/adding-a-new-group\/"},"modified":"2015-02-03T10:36:21","modified_gmt":"2015-02-03T10:36:21","slug":"ajouter-un-groupe","status":"publish","type":"page","link":"https:\/\/www.labeljoy.com\/fr\/aide\/ajouter-un-groupe\/","title":{"rendered":"Ajouter un groupe"},"content":{"rendered":"<div data-partent=\"19635\" class=\"callout callout-warning\">\n<h4>Cette page fait r\u00e9f\u00e9rence \u00e0 Labeljoy 5, qui n&rsquo;est pas notre derni\u00e8re version.<\/h4>\n<p>Effectuez une <a href=\"\/fr\/achat\/\">mise \u00e0 niveau vers Labeljoy 6<\/a> pour obtenir la derni\u00e8re version du logiciel avec toutes ses fonctionnalit\u00e9s \u00e9tonnantes ou, si vous l\u2019utilisez d\u00e9j\u00e0, visitez le <a href=\"\/help-lj6\/\">guide de l\u2019utilisateur de Labeljoy 6<\/a>.<\/p>\n<\/div>\n<link rel=\"stylesheet\" href=\"http:\/\/www.labeljoy.com\/user-guide-files\/en\/styles.css\" type=\"text\/css\" media=\"all\" \/>\n<div id=\"help-guide\">\n\r\n<p class=\"title\">ajouter un nouveau groupe<\/p>\n<p class=\"online\"><strong>Ressources pour approfondir<\/strong>:<br>\n  Vid\u00e9o: <a href=\"http:\/\/www.labeljoy.com\/fr\/video-assistance\/etiquettes-differentes-meme-feuille\/\" target=\"_blank\"> Imprimer diff\u00e9rentes \u00e9tiquettes sur la m\u00eame page en utilisant les groupes <\/a><\/p>\n<p class=\"body\"> Vous pouvez ajouter un nouveau groupe au projet actuel de <strong>trois fa\u00e7ons<\/strong>:<\/p>\n<ul>\n  <li class=\"body\"><strong>Au travers du menu Gestion<\/strong>:\n    choisissez le menu <em>Gestion<\/em> et s\u00e9lectionnez le sous-menu <em>Ajouter un groupe<\/em>. <\/li>\n  <li class=\"body\"><strong>Au travers du bouton de param\u00e8tre du groupe<\/strong>: faites afficher la popup du menu de <em>Param\u00e8tre du groupe<\/em> et cliquez sur l\u0092ic\u00f4ne du <em>Groupe<\/em>, ou faites clic droit dans une zone\n    vide du groupe, puis s\u00e9lectionnez le sous-menu <em>Ajouter un groupe<\/em> <\/li>\n  <li class=\"body\"><strong>En collant le dernier groupe copi\u00e9 dans le presse-papier<\/strong>: le menu de param\u00e8tres du groupe vous permet aussi d\u0092acc\u00e9der \u00e0 la commande de copie\/coller. <\/li>\n<\/ul>\n<table width=\"100%\">\n  <tr valign=\"top\">\n    <td><p class=\"body\"><img src=\"http:\/\/www.labeljoy.com\/user-guide-files\/fr\/1820_001.png\" align=\"left\" style=\"margin: 0px 24px 4px 0px\">Qu\u0092importe la m\u00e9thode que vous choisissez, le nouveau groupe commencera \u00e0 la <strong>premi\u00e8re place disponible dans les \u00e9tiquettes<\/strong> et sera initialement constitu\u00e9 pour <strong>autant d\u0092\u00e9tiquettes que pr\u00e9sente sur une feuille<\/strong> tel que d\u00e9finit dans la formation\n        actuelle. De ce fait, si par exemple la formation actuelle est compos\u00e9e de 3 colonnes et de 8 rang\u00e9es, le nouveau groupe aura un nombre de <em>Copies<\/em> initiales au nombre de 24. <\/p>\n      <p class=\"note\"><strong>Attention<\/strong>:<br>\n        Si n\u00e9cessaire, la <strong>position de la page<\/strong> sera d\u00e9plac\u00e9e vers la <strong>derni\u00e8re page<\/strong> pour vous assurer que le groupe\n        nouvellement ajout\u00e9 <strong>soit visible<\/strong>.<\/p><\/td>\n  <\/tr>\n<\/table>\n\n<\/div>\n","protected":false},"excerpt":{"rendered":"<p>Cette page fait r\u00e9f\u00e9rence \u00e0 Labeljoy 5, qui n&rsquo;est pas notre derni\u00e8re version. Effectuez une mise \u00e0 niveau vers Labeljoy 6 pour obtenir la derni\u00e8re version du logiciel avec toutes ses fonctionnalit\u00e9s \u00e9tonnantes ou, si vous l\u2019utilisez d\u00e9j\u00e0, visitez le guide de l\u2019utilisateur de Labeljoy 6.<\/p>\n","protected":false},"author":8,"featured_media":0,"parent":22289,"menu_order":0,"comment_status":"open","ping_status":"closed","template":"page-template-left-sidebar.php","meta":{"inline_featured_image":false,"_monsterinsights_skip_tracking":false,"_monsterinsights_sitenote_active":false,"_monsterinsights_sitenote_note":"","_monsterinsights_sitenote_category":0,"footnotes":""},"class_list":{"0":"post-22450","1":"page","2":"type-page","3":"status-publish","5":"infinite-scroll-item"},"aioseo_notices":[],"_links":{"self":[{"href":"https:\/\/www.labeljoy.com\/fr\/wp-json\/wp\/v2\/pages\/22450","targetHints":{"allow":["GET"]}}],"collection":[{"href":"https:\/\/www.labeljoy.com\/fr\/wp-json\/wp\/v2\/pages"}],"about":[{"href":"https:\/\/www.labeljoy.com\/fr\/wp-json\/wp\/v2\/types\/page"}],"author":[{"embeddable":true,"href":"https:\/\/www.labeljoy.com\/fr\/wp-json\/wp\/v2\/users\/8"}],"replies":[{"embeddable":true,"href":"https:\/\/www.labeljoy.com\/fr\/wp-json\/wp\/v2\/comments?post=22450"}],"version-history":[{"count":2,"href":"https:\/\/www.labeljoy.com\/fr\/wp-json\/wp\/v2\/pages\/22450\/revisions"}],"predecessor-version":[{"id":22473,"href":"https:\/\/www.labeljoy.com\/fr\/wp-json\/wp\/v2\/pages\/22450\/revisions\/22473"}],"up":[{"embeddable":true,"href":"https:\/\/www.labeljoy.com\/fr\/wp-json\/wp\/v2\/pages\/22289"}],"wp:attachment":[{"href":"https:\/\/www.labeljoy.com\/fr\/wp-json\/wp\/v2\/media?parent=22450"}],"curies":[{"name":"wp","href":"https:\/\/api.w.org\/{rel}","templated":true}]}}