{"id":22452,"date":"2014-11-20T08:58:38","date_gmt":"2014-11-20T08:58:38","guid":{"rendered":"http:\/\/www.labeljoy.com\/aide\/loading-data-from-outlook\/"},"modified":"2015-02-03T13:27:01","modified_gmt":"2015-02-03T13:27:01","slug":"importer-les-donnees-depuis-outlook","status":"publish","type":"page","link":"https:\/\/www.labeljoy.com\/fr\/aide\/importer-les-donnees-depuis-outlook\/","title":{"rendered":"Importer les donn\u00e9es depuis outlook"},"content":{"rendered":"<div data-partent=\"19635\" class=\"callout callout-warning\">\n<h4>Cette page fait r\u00e9f\u00e9rence \u00e0 Labeljoy 5, qui n&rsquo;est pas notre derni\u00e8re version.<\/h4>\n<p>Effectuez une <a href=\"\/fr\/achat\/\">mise \u00e0 niveau vers Labeljoy 6<\/a> pour obtenir la derni\u00e8re version du logiciel avec toutes ses fonctionnalit\u00e9s \u00e9tonnantes ou, si vous l\u2019utilisez d\u00e9j\u00e0, visitez le <a href=\"\/help-lj6\/\">guide de l\u2019utilisateur de Labeljoy 6<\/a>.<\/p>\n<\/div>\n<div id=\"help-guide\">\n\r\n<p class=\"title\">importer les donn\u00e9es depuis outlook<\/p>\r\n<p class=\"body\">Dans la bo\u00eete de s\u00e9lection de la source de donn\u00e9es, dans la fen\u00eatre de groupe de param\u00e8tres (onglet <em>Source de donn\u00e9es<\/em>), le dernier groupe\r\n  d'entr\u00e9es se r\u00e9f\u00e8re \u00e0 la connexion aux sources de donn\u00e9es relatives aux r\u00e9pertoires sur votre syst\u00e8me. <br\/>\r\n  L'importation de donn\u00e9es du carnet d'adresses Microsoft Outlook se d\u00e9roule de mani\u00e8re<strong> enti\u00e8rement automatique<\/strong>. <\/p>\r\n<p class=\"body\">L'importation ne sera possible que si Microsoft Outlook est install\u00e9 sur le syst\u00e8me. Dans ce cas, le choix de cette source de donn\u00e9es peut afficher une\r\n  bo\u00eete de dialogue pour <strong>l'autorisation \u00e0 lire les donn\u00e9es <\/strong>d'Outlook, en fonction des param\u00e8tres d\u00e9finis dans le logiciel Microsoft. <\/p>\n<\/div>\n","protected":false},"excerpt":{"rendered":"<p>Cette page fait r\u00e9f\u00e9rence \u00e0 Labeljoy 5, qui n&rsquo;est pas notre derni\u00e8re version. Effectuez une mise \u00e0 niveau vers Labeljoy 6 pour obtenir la derni\u00e8re version du logiciel avec toutes ses fonctionnalit\u00e9s \u00e9tonnantes ou, si vous l\u2019utilisez d\u00e9j\u00e0, visitez le guide de l\u2019utilisateur de Labeljoy 6.<\/p>\n","protected":false},"author":8,"featured_media":0,"parent":22289,"menu_order":0,"comment_status":"open","ping_status":"closed","template":"page-template-left-sidebar.php","meta":{"inline_featured_image":false,"_monsterinsights_skip_tracking":false,"_monsterinsights_sitenote_active":false,"_monsterinsights_sitenote_note":"","_monsterinsights_sitenote_category":0,"footnotes":""},"class_list":{"0":"post-22452","1":"page","2":"type-page","3":"status-publish","5":"infinite-scroll-item"},"aioseo_notices":[],"_links":{"self":[{"href":"https:\/\/www.labeljoy.com\/fr\/wp-json\/wp\/v2\/pages\/22452","targetHints":{"allow":["GET"]}}],"collection":[{"href":"https:\/\/www.labeljoy.com\/fr\/wp-json\/wp\/v2\/pages"}],"about":[{"href":"https:\/\/www.labeljoy.com\/fr\/wp-json\/wp\/v2\/types\/page"}],"author":[{"embeddable":true,"href":"https:\/\/www.labeljoy.com\/fr\/wp-json\/wp\/v2\/users\/8"}],"replies":[{"embeddable":true,"href":"https:\/\/www.labeljoy.com\/fr\/wp-json\/wp\/v2\/comments?post=22452"}],"version-history":[{"count":3,"href":"https:\/\/www.labeljoy.com\/fr\/wp-json\/wp\/v2\/pages\/22452\/revisions"}],"predecessor-version":[{"id":22579,"href":"https:\/\/www.labeljoy.com\/fr\/wp-json\/wp\/v2\/pages\/22452\/revisions\/22579"}],"up":[{"embeddable":true,"href":"https:\/\/www.labeljoy.com\/fr\/wp-json\/wp\/v2\/pages\/22289"}],"wp:attachment":[{"href":"https:\/\/www.labeljoy.com\/fr\/wp-json\/wp\/v2\/media?parent=22452"}],"curies":[{"name":"wp","href":"https:\/\/api.w.org\/{rel}","templated":true}]}}