{"id":22454,"date":"2014-11-20T09:03:24","date_gmt":"2014-11-20T09:03:24","guid":{"rendered":"http:\/\/www.labeljoy.com\/aide\/loading-data-from-a-professional-database\/"},"modified":"2015-02-03T14:52:14","modified_gmt":"2015-02-03T14:52:14","slug":"importer-les-donnees-depuis-une-base-de-donnees-professionnelle","status":"publish","type":"page","link":"https:\/\/www.labeljoy.com\/fr\/aide\/importer-les-donnees-depuis-une-base-de-donnees-professionnelle\/","title":{"rendered":"Importer les donn\u00e9es depuis une base de donn\u00e9es professionnelle"},"content":{"rendered":"<div data-partent=\"19635\" class=\"callout callout-warning\">\n<h4>Cette page fait r\u00e9f\u00e9rence \u00e0 Labeljoy 5, qui n&rsquo;est pas notre derni\u00e8re version.<\/h4>\n<p>Effectuez une <a href=\"\/fr\/achat\/\">mise \u00e0 niveau vers Labeljoy 6<\/a> pour obtenir la derni\u00e8re version du logiciel avec toutes ses fonctionnalit\u00e9s \u00e9tonnantes ou, si vous l\u2019utilisez d\u00e9j\u00e0, visitez le <a href=\"\/help-lj6\/\">guide de l\u2019utilisateur de Labeljoy 6<\/a>.<\/p>\n<\/div>\n<div id=\"help-guide\">\n\r\n<p class=\"title\">importer les donn\u00e9es depuis une base de donn\u00e9es professionnelle<\/p>\r\n<p class=\"body\">Labeljoy permet de <strong>se connecter \u00e0 une base de donn\u00e9es professionnelle<\/strong> et charger les donn\u00e9es \u00e0 \u00eatre utilis\u00e9s sur les \u00e9tiquettes. <br\/>\r\n  Les bases de donn\u00e9es support\u00e9es sont les suivantes:<\/p>\r\n<ul>\r\n  <li class=\"body\"><strong>MySql<\/strong><\/li>\r\n  <li class=\"body\"><strong>Oracle<\/strong><\/li>\r\n  <li class=\"body\"><strong>SQL Server<\/strong><\/li>\r\n<\/ul>\r\n<p class=\"body\">Dans les propri\u00e9t\u00e9s du groupe (onglet <em>Donn\u00e9es Source<\/em>), selon le type de base de donn\u00e9es s\u00e9lectionn\u00e9e, vous verrez les <strong>champs n\u00e9cessaires \u00e0 se connecter<\/strong>. <br\/>\r\n  Remplissez les champs, en ins\u00e9rant les <strong>param\u00e8tres de connexion<\/strong>, puis cliquez sur le bouton <em>Charger sch\u00e9ma <\/em>(ou <em>Charger feuilles<\/em>) pour charger la liste des tables dans la base de donn\u00e9es que vous avez s\u00e9lectionn\u00e9. <\/p>\r\n<p class=\"note\"><strong>Note<\/strong>:<br>\r\n  Nous conseillons d'utiliser la <a href=\"http:\/\/www.labeljoy.com\/fr\/aide\/procedure-guidee-pour-la-connexion-a-une-source-de-donnees\/\">procedure guid\u00e9e <\/a>pour se connecter \u00e0 une source de donn\u00e9es de ce type. <\/p>\r\n<p class=\"body\">Une fois charg\u00e9 la liste des tables, vous pouvez s\u00e9lectionner celle qui contient les donn\u00e9es que vous souhaitez voir appara\u00eetre sur les \u00e9tiquettes. <br\/>\r\n  Vous pouvez \u00e9galement s\u00e9lectionner le dernier \u00e9l\u00e9ment <em>Requ\u00eate SQL <\/em>pour taper une instruction SQL sp\u00e9cifie \u00e0 fin de charger les donn\u00e9es. <\/p>\r\n<p class=\"note\"><strong>Note<\/strong>:<br>\r\n  Sur <strong>internet<\/strong>, il y a des <strong>nombreuses ressources <\/strong>qui vous permettent d'apprendre le fonctionnement de base du langage SQL.\r\n  Par exemple:<br>\r\n  <br>\r\n  <a href=\"http:\/\/fr.wikipedia.org\/wiki\/Structured_Query_Language\">http:\/\/fr.wikipedia.org\/wiki\/Structured_Query_Language<\/a><br>\r\n<\/p>\n<\/div>\n","protected":false},"excerpt":{"rendered":"<p>Cette page fait r\u00e9f\u00e9rence \u00e0 Labeljoy 5, qui n&rsquo;est pas notre derni\u00e8re version. Effectuez une mise \u00e0 niveau vers Labeljoy 6 pour obtenir la derni\u00e8re version du logiciel avec toutes ses fonctionnalit\u00e9s \u00e9tonnantes ou, si vous l\u2019utilisez d\u00e9j\u00e0, visitez le guide de l\u2019utilisateur de Labeljoy 6.<\/p>\n","protected":false},"author":8,"featured_media":0,"parent":22289,"menu_order":0,"comment_status":"open","ping_status":"closed","template":"page-template-left-sidebar.php","meta":{"inline_featured_image":false,"_monsterinsights_skip_tracking":false,"_monsterinsights_sitenote_active":false,"_monsterinsights_sitenote_note":"","_monsterinsights_sitenote_category":0,"footnotes":""},"class_list":{"0":"post-22454","1":"page","2":"type-page","3":"status-publish","5":"infinite-scroll-item"},"aioseo_notices":[],"_links":{"self":[{"href":"https:\/\/www.labeljoy.com\/fr\/wp-json\/wp\/v2\/pages\/22454","targetHints":{"allow":["GET"]}}],"collection":[{"href":"https:\/\/www.labeljoy.com\/fr\/wp-json\/wp\/v2\/pages"}],"about":[{"href":"https:\/\/www.labeljoy.com\/fr\/wp-json\/wp\/v2\/types\/page"}],"author":[{"embeddable":true,"href":"https:\/\/www.labeljoy.com\/fr\/wp-json\/wp\/v2\/users\/8"}],"replies":[{"embeddable":true,"href":"https:\/\/www.labeljoy.com\/fr\/wp-json\/wp\/v2\/comments?post=22454"}],"version-history":[{"count":3,"href":"https:\/\/www.labeljoy.com\/fr\/wp-json\/wp\/v2\/pages\/22454\/revisions"}],"predecessor-version":[{"id":22583,"href":"https:\/\/www.labeljoy.com\/fr\/wp-json\/wp\/v2\/pages\/22454\/revisions\/22583"}],"up":[{"embeddable":true,"href":"https:\/\/www.labeljoy.com\/fr\/wp-json\/wp\/v2\/pages\/22289"}],"wp:attachment":[{"href":"https:\/\/www.labeljoy.com\/fr\/wp-json\/wp\/v2\/media?parent=22454"}],"curies":[{"name":"wp","href":"https:\/\/api.w.org\/{rel}","templated":true}]}}