{"id":22482,"date":"2014-11-19T13:47:19","date_gmt":"2014-11-19T13:47:19","guid":{"rendered":"http:\/\/www.labeljoy.com\/aide\/usage\/"},"modified":"2015-02-03T17:15:00","modified_gmt":"2015-02-03T17:15:00","slug":"utilisation","status":"publish","type":"page","link":"https:\/\/www.labeljoy.com\/fr\/aide\/utilisation\/","title":{"rendered":"Utilisation"},"content":{"rendered":"<div data-partent=\"19635\" class=\"callout callout-warning\">\n<h4>Cette page fait r\u00e9f\u00e9rence \u00e0 Labeljoy 5, qui n&rsquo;est pas notre derni\u00e8re version.<\/h4>\n<p>Effectuez une <a href=\"\/fr\/achat\/\">mise \u00e0 niveau vers Labeljoy 6<\/a> pour obtenir la derni\u00e8re version du logiciel avec toutes ses fonctionnalit\u00e9s \u00e9tonnantes ou, si vous l\u2019utilisez d\u00e9j\u00e0, visitez le <a href=\"\/help-lj6\/\">guide de l\u2019utilisateur de Labeljoy 6<\/a>.<\/p>\n<\/div>\n<div id=\"help-guide\">\n\r\n<p class=\"title\">utilisation<\/p>\r\n<p class=\"body\">Labeljoy organise les \u00e9tiquettes en <em>Groupes<\/em>, c'est \u00e0 dire des <strong>ensembles d'une ou plusieurs \u00e9tiquettes <\/strong>qui sont reproduites sur\r\n  les feuilles. <strong>Vous pouvez cr\u00e9er plusieurs groupes d'\u00e9tiquettes <\/strong>dans un travail afin de cr\u00e9er des impressions complexes. <\/p>\r\n<p class=\"body\">Chaque groupe peut contenir des \u00e9l\u00e9ments de type <a href=\"http:\/\/www.labeljoy.com\/fr\/aide\/configurer-un-code-barres\/\">Code<\/a> barres, <a href=\"http:\/\/www.labeljoy.com\/fr\/aide\/definir-un-texte\/\">Texte<\/a> o <a href=\"http:\/\/www.labeljoy.com\/fr\/aide\/definir-un-element-graphique\/\">Graphique<\/a> \u00e0 travers lequels vous cr\u00e9ez la<strong>structure graphique de l'\u00e9tiquette<\/strong>. Les \u00e9l\u00e9ments plac\u00e9s dans un groupe d'\u00e9tiquettes sont ensuite <strong>r\u00e9pliqu\u00e9s sur toutes les \u00e9tiquettes appartenant \u00e0 ce groupe<\/strong>.<\/p>\r\n<p class=\"body\">Dans la page <a href=\"http:\/\/www.labeljoy.com\/fr\/aide\/gerer-les-groupes\/\">Propri\u00e9t\u00e9 du groupe<\/a> vous pouvez d\u00e9finir le <strong>nombre de r\u00e9p\u00e9titions <\/strong>de ce groupe, ou <strong>connecter le groupe \u00e0 une base de donn\u00e9es <\/strong>externe de telle sorte que les \u00e9l\u00e9ments contenus puissent \u00eatre li\u00e9s \u00e0 des champs dans la base de\r\n  donn\u00e9es (uniquement dans la version Full).<\/p>\r\n<p class=\"body\">La <a href=\"http:\/\/www.labeljoy.com\/fr\/aide\/definir-la-mise-en-page\/\">mise en page<\/a> <strong>des \u00e9tiquettes<\/strong> d\u00e9termine l'arrangement des \u00e9tiquettes sur la feuille. Vous pouvez utiliser Labeljoy pour imprimer des <strong>feuilles d'\u00e9tiquettes<\/strong> lorsque vous avez besoin pour r\u00e9pliquer les informations plusieurs fois sur une feuille de papier, ou pour imprimer des enveloppes dans le cas o\u00f9 l'information doit \u00eatre reproduite une seule fois par feuille.<\/p>\r\n<p class=\"body\">Le <strong>r\u00e9glage des \u00e9l\u00e9ments<\/strong> s'effectue \u00e0 travers une s\u00e9rie de<strong> fen\u00eatres de propri\u00e9t\u00e9<\/strong>, diff\u00e9rentes l'une de l'autre en fonction du contexte. Ainsi, par exemple, la d\u00e9finition des propri\u00e9t\u00e9s d'un \u00e9l\u00e9ment code barres se passera avec une fen\u00eatre de propri\u00e9t\u00e9 qui contient une s\u00e9rie <em>d'onglets<\/em> qui <strong>definissent tous les param\u00e8tres relatifs<\/strong> \u00e0 un code barres.<\/p>\r\n<p class=\"body\"> Chaque fen\u00eatre de r\u00e9glage a 3 boutons qui vous permettent d'<em>appliquer <\/em>ou pas les <strong>param\u00e8tres sp\u00e9cifi\u00e9s<\/strong>. Ces boutons sont:<\/p>\r\n<ul>\r\n  <li class=\"body\"><strong>OK<\/strong>: En cliquant sur ce bouton, les param\u00e8tres specifi\u00e9s <strong>seront activ\u00e9s <\/strong>et la fen\u00eatre des param\u00e8tres sera ferm\u00e9e. <\/li>\r\n  <li class=\"body\"><strong>Appliquer<\/strong>: Ce bouton <em>applique<\/em> les param\u00e8tres specifi\u00e9s <strong>sans fermer la fen\u00eatre <\/strong> <strong>de sorte que vous pouvez continuer \u00e0 modifier le travail<\/strong>. <\/li>\r\n  <li class=\"body\"><strong>Annuler<\/strong>: Ce bouton ferme la fen\u00eatre des param\u00e8tres et renvoie l'\u00e9tat de l'\u00e9l\u00e9ment \u00e0 la <strong>fa\u00e7on dont elle \u00e9tait au moment o\u00f9 la fen\u00eatre \u00e9tait ouverte<\/strong>, m\u00eame si dans le m\u00eame temps le bouton Appliquer a \u00e9t\u00e9 press\u00e9. <\/li>\r\n<\/ul>\r\n<p class=\"body\">Il est aussi toujours pr\u00e9sente une ic\u00f4ne en bas \u00e0 gauche caract\u00e9ris\u00e9e par un <strong>point d'interrogation <\/strong>qui vous permet d'afficher l' <strong>aide en ligne <\/strong>pour la section sur le <strong>contexte dans lequel vous vous trouvez<\/strong>.<\/p>\n<\/div>\n","protected":false},"excerpt":{"rendered":"<p>Cette page fait r\u00e9f\u00e9rence \u00e0 Labeljoy 5, qui n&rsquo;est pas notre derni\u00e8re version. Effectuez une mise \u00e0 niveau vers Labeljoy 6 pour obtenir la derni\u00e8re version du logiciel avec toutes ses fonctionnalit\u00e9s \u00e9tonnantes ou, si vous l\u2019utilisez d\u00e9j\u00e0, visitez le guide de l\u2019utilisateur de Labeljoy 6.<\/p>\n","protected":false},"author":8,"featured_media":0,"parent":22289,"menu_order":0,"comment_status":"open","ping_status":"closed","template":"page-template-left-sidebar.php","meta":{"inline_featured_image":false,"_monsterinsights_skip_tracking":false,"_monsterinsights_sitenote_active":false,"_monsterinsights_sitenote_note":"","_monsterinsights_sitenote_category":0,"footnotes":""},"class_list":{"0":"post-22482","1":"page","2":"type-page","3":"status-publish","5":"infinite-scroll-item"},"aioseo_notices":[],"_links":{"self":[{"href":"https:\/\/www.labeljoy.com\/fr\/wp-json\/wp\/v2\/pages\/22482","targetHints":{"allow":["GET"]}}],"collection":[{"href":"https:\/\/www.labeljoy.com\/fr\/wp-json\/wp\/v2\/pages"}],"about":[{"href":"https:\/\/www.labeljoy.com\/fr\/wp-json\/wp\/v2\/types\/page"}],"author":[{"embeddable":true,"href":"https:\/\/www.labeljoy.com\/fr\/wp-json\/wp\/v2\/users\/8"}],"replies":[{"embeddable":true,"href":"https:\/\/www.labeljoy.com\/fr\/wp-json\/wp\/v2\/comments?post=22482"}],"version-history":[{"count":3,"href":"https:\/\/www.labeljoy.com\/fr\/wp-json\/wp\/v2\/pages\/22482\/revisions"}],"predecessor-version":[{"id":22577,"href":"https:\/\/www.labeljoy.com\/fr\/wp-json\/wp\/v2\/pages\/22482\/revisions\/22577"}],"up":[{"embeddable":true,"href":"https:\/\/www.labeljoy.com\/fr\/wp-json\/wp\/v2\/pages\/22289"}],"wp:attachment":[{"href":"https:\/\/www.labeljoy.com\/fr\/wp-json\/wp\/v2\/media?parent=22482"}],"curies":[{"name":"wp","href":"https:\/\/api.w.org\/{rel}","templated":true}]}}