{"id":22485,"date":"2014-11-20T09:05:24","date_gmt":"2014-11-20T09:05:24","guid":{"rendered":"http:\/\/www.labeljoy.com\/aide\/filtering-and-sorting\/"},"modified":"2015-02-03T10:53:39","modified_gmt":"2015-02-03T10:53:39","slug":"definir-un-filtre-et-un-tri","status":"publish","type":"page","link":"https:\/\/www.labeljoy.com\/fr\/aide\/definir-un-filtre-et-un-tri\/","title":{"rendered":"Definir un filtre et un tri"},"content":{"rendered":"<div data-partent=\"19635\" class=\"callout callout-warning\">\n<h4>Cette page fait r\u00e9f\u00e9rence \u00e0 Labeljoy 5, qui n&rsquo;est pas notre derni\u00e8re version.<\/h4>\n<p>Effectuez une <a href=\"\/fr\/achat\/\">mise \u00e0 niveau vers Labeljoy 6<\/a> pour obtenir la derni\u00e8re version du logiciel avec toutes ses fonctionnalit\u00e9s \u00e9tonnantes ou, si vous l\u2019utilisez d\u00e9j\u00e0, visitez le <a href=\"\/help-lj6\/\">guide de l\u2019utilisateur de Labeljoy 6<\/a>.<\/p>\n<\/div>\n<link rel=\"stylesheet\" href=\"http:\/\/www.labeljoy.com\/user-guide-files\/en\/styles.css\" type=\"text\/css\" media=\"all\" \/>\n<div id=\"help-guide\">\n\r\n<p class=\"title\">definir un filtre et un tri<\/p>\r\n<p class=\"body\">Une fois configur\u00e9e la <a href=\"http:\/\/www.labeljoy.com\/fr\/aide\/lier-un-groupe-a-une-source-de-donnees\/\">source de donn\u00e9es<\/a>, il est possible d'agir sur les donn\u00e9es charg\u00e9es afin de <strong>personnaliser certains param\u00e8tres <\/strong>selon lequels les donn\u00e9es sont affich\u00e9es. Cela se fait sur l'onglet <em>Fitlrer et trier<\/em>, de \u00e0 la\r\n  fen\u00eatre des propri\u00e9t\u00e9s du groupe.<\/p>\r\n<p class=\"body\"><img src=\"http:\/\/www.labeljoy.com\/user-guide-files\/fr\/1920_001.png\" align=\"left\" style=\"margin: 0px 24px 4px 0px\">L'onglet est divis\u00e9 en 3 zones. La premi\u00e8re zone en haut vous permet de <strong>d\u00e9finir un filtre <\/strong>selon lequel, les \u00e9l\u00e9ments qui\r\n  r\u00e9pondent \u00e0 certains crit\u00e8res seront affich\u00e9s ou pas affich\u00e9s. <br\/>\r\n  Le filtre peut \u00eatre simple ou double en fonction de l'\u00e9l\u00e9ment s\u00e9lectionn\u00e9 dans la premi\u00e8re liste d\u00e9roulante. Dans le cas d'un double\r\n  filtre, utilisez les cases <em>Et<\/em> et <em>Ou <\/em>pour concat\u00e9ner le premier filtre au deuxi\u00e8me. <br\/>\r\n  En selectionnant <em>Filtre unique<\/em> ou <em>Double filtre <\/em><em>les contr\u00f4les<\/em> s'activent. Ils sont, de gauche \u00e0 droite:\r\n  :<\/p>\r\n<ul>\r\n  <li class=\"body\"><strong>Premi\u00e8re bo\u00eete: champ<\/strong>. S\u00e9lection du champ de r\u00e9f\u00e9rence \u00e0 partir de la liste des champs de la source de donn\u00e9es charg\u00e9e. <\/li>\r\n  <li class=\"body\"><strong>Deuxi\u00e8me bo\u00eete: op\u00e9rateur<\/strong>. S\u00e9lection du type d'op\u00e9rateur de comparaison \u00e0 utiliser. <\/li>\r\n  <li class=\"body\"><strong>Troisi\u00e8me bo\u00eete: condition<\/strong>. Specifie le type de condition \u00e0 utiliser. <\/li>\r\n<\/ul>\r\n<p class=\"body\">Par exemple, si vous avez connect\u00e9 le groupe \u00e0 un registre contenant le champ <em>Nom <\/em>et vous avez besoin d'utiliser uniquement les\r\n  noms qui contiennent la syllabe \"LE\", s\u00e9lectionnez le <em>Filtre simple<\/em>, s\u00e9lectionnez le champ <em>Nom<\/em>, sp\u00e9cifiez <em>Contient <\/em>comme op\u00e9rateur et entrez la syllabe \"LE\". La liste sera filtr\u00e9 en fonction de ces param\u00e8tres et affichera uniquement les\r\n  entr\u00e9es correspondant aux crit\u00e8res d\u00e9finis, comme toutes les entr\u00e9es dont le nom de domaine est \"<strong>Le<\/strong>grande\", \"C <strong>le<\/strong>ment\", \"Al<strong>le<\/strong>mand\", et ainsi de suite. <br\/>\r\n  La d\u00e9finition d'un filtre <strong>change le nombre d'\u00e9tiquettes <\/strong>qui seront imprim\u00e9es et affich\u00e9es. <\/p>\r\n<p class=\"body\">Dans la <strong>bo\u00eete <\/strong><em>Trier<\/em> vous pouvez <strong>d\u00e9finir l'ordre des \u00e9l\u00e9ments <\/strong>en fonction de l'un des champs\r\n  pr\u00e9sents. Activez la case <em>Trier<\/em>, s\u00e9lectionnez un champ dans la liste d\u00e9roulante et configurez si le tri doit \u00eatre<em>Ascendant<\/em> (AZ) ou <em>D\u00e9croissant <\/em>(ZA). Les param\u00e8tres d\u00e9finis ici vont <strong>modifier l'ordre dans lequel les \u00e9tiquettes sont imprim\u00e9es <\/strong>et peut \u00eatre visible quand au moins un \u00e9l\u00e9ment pr\u00e9sent est\r\n  connect\u00e9 \u00e0 une source de donn\u00e9es.<\/p>\r\n<p class=\"body\">Dans la zone inf\u00e9rieure, vous pouvez voir la liste contenant <strong>les entr\u00e9es de la source de donn\u00e9es s\u00e9lectionn\u00e9e<\/strong>. Cette liste\r\n  a une <strong>double fonction<\/strong>: fournir un exemple de la fa\u00e7on dont les param\u00e8tres <em>Filtrer <\/em>et <em>Trier <\/em>affectent les\r\n  donn\u00e9es et permettre de <em>masquer <\/em>des \u00e9l\u00e9ments que vous ne souhaitez pas imprimer. En fait, pour chaque entr\u00e9e de la liste est\r\n  pr\u00e9sent sur le c\u00f4t\u00e9 gauche une <strong>bo\u00eete de s\u00e9lection <\/strong>qui vous permet de masquer les \u00e9l\u00e9ments qui ne doivent pas \u00eatre\r\n  imprim\u00e9s. En d\u00e9sactivant la case \u00e0 gauche, <strong>l'\u00e9l\u00e9ment est cach\u00e9e<\/strong>. Cette fonction est particuli\u00e8rement utile dans les cas o\u00f9\r\n  le r\u00e9glage d'un filtre ne r\u00e9pond pas aux besoins d'affichage des entr\u00e9es. <br\/>\r\n  Vous pouvez activer ou d\u00e9sactiver <strong>plusieurs \u00e9l\u00e9ments \u00e0 la fois <\/strong>en cliquant avec le<strong>bouton droit de la souris <\/strong>sur l'une des cases. Cela permet d'afficher un menu contextuel qui vous permet d' <strong>activer<\/strong> ou de <strong>d\u00e9sactiver<\/strong> toutes les entr\u00e9es, ou d'en <strong>inverser<\/strong> l'\u00e9tat. <\/p>\r\n<p class=\"note\"><strong>Note<\/strong>:<br>\r\n  les param\u00e8tres de visibilit\u00e9\/invisibilit\u00e9 des \u00e9l\u00e9ments individuels seront perdus quand vous <a href=\"http:\/\/www.labeljoy.com\/fr\/aide\/mettre-a-jour-la-source-de-donnees\/\">synchronisez les donn\u00e9es<\/a>.\r\n  <\/div>\r\n<\/p>\n<\/div>\n","protected":false},"excerpt":{"rendered":"<p>Cette page fait r\u00e9f\u00e9rence \u00e0 Labeljoy 5, qui n&rsquo;est pas notre derni\u00e8re version. Effectuez une mise \u00e0 niveau vers Labeljoy 6 pour obtenir la derni\u00e8re version du logiciel avec toutes ses fonctionnalit\u00e9s \u00e9tonnantes ou, si vous l\u2019utilisez d\u00e9j\u00e0, visitez le guide de l\u2019utilisateur de Labeljoy 6.<\/p>\n","protected":false},"author":8,"featured_media":0,"parent":22289,"menu_order":0,"comment_status":"open","ping_status":"closed","template":"page-template-left-sidebar.php","meta":{"inline_featured_image":false,"_monsterinsights_skip_tracking":false,"_monsterinsights_sitenote_active":false,"_monsterinsights_sitenote_note":"","_monsterinsights_sitenote_category":0,"footnotes":""},"class_list":{"0":"post-22485","1":"page","2":"type-page","3":"status-publish","5":"infinite-scroll-item"},"aioseo_notices":[],"_links":{"self":[{"href":"https:\/\/www.labeljoy.com\/fr\/wp-json\/wp\/v2\/pages\/22485","targetHints":{"allow":["GET"]}}],"collection":[{"href":"https:\/\/www.labeljoy.com\/fr\/wp-json\/wp\/v2\/pages"}],"about":[{"href":"https:\/\/www.labeljoy.com\/fr\/wp-json\/wp\/v2\/types\/page"}],"author":[{"embeddable":true,"href":"https:\/\/www.labeljoy.com\/fr\/wp-json\/wp\/v2\/users\/8"}],"replies":[{"embeddable":true,"href":"https:\/\/www.labeljoy.com\/fr\/wp-json\/wp\/v2\/comments?post=22485"}],"version-history":[{"count":2,"href":"https:\/\/www.labeljoy.com\/fr\/wp-json\/wp\/v2\/pages\/22485\/revisions"}],"predecessor-version":[{"id":22511,"href":"https:\/\/www.labeljoy.com\/fr\/wp-json\/wp\/v2\/pages\/22485\/revisions\/22511"}],"up":[{"embeddable":true,"href":"https:\/\/www.labeljoy.com\/fr\/wp-json\/wp\/v2\/pages\/22289"}],"wp:attachment":[{"href":"https:\/\/www.labeljoy.com\/fr\/wp-json\/wp\/v2\/media?parent=22485"}],"curies":[{"name":"wp","href":"https:\/\/api.w.org\/{rel}","templated":true}]}}