{"id":22487,"date":"2014-11-20T09:06:30","date_gmt":"2014-11-20T09:06:30","guid":{"rendered":"http:\/\/www.labeljoy.com\/aide\/updating-the-data-source\/"},"modified":"2015-02-03T15:25:10","modified_gmt":"2015-02-03T15:25:10","slug":"mettre-a-jour-la-source-de-donnees","status":"publish","type":"page","link":"https:\/\/www.labeljoy.com\/fr\/aide\/mettre-a-jour-la-source-de-donnees\/","title":{"rendered":"Mettre \u00e0 jour la source de donn\u00e9es"},"content":{"rendered":"<div data-partent=\"19635\" class=\"callout callout-warning\">\n<h4>Cette page fait r\u00e9f\u00e9rence \u00e0 Labeljoy 5, qui n&rsquo;est pas notre derni\u00e8re version.<\/h4>\n<p>Effectuez une <a href=\"\/fr\/achat\/\">mise \u00e0 niveau vers Labeljoy 6<\/a> pour obtenir la derni\u00e8re version du logiciel avec toutes ses fonctionnalit\u00e9s \u00e9tonnantes ou, si vous l\u2019utilisez d\u00e9j\u00e0, visitez le <a href=\"\/help-lj6\/\">guide de l\u2019utilisateur de Labeljoy 6<\/a>.<\/p>\n<\/div>\n<div id=\"help-guide\">\n\r\n<p class=\"title\">mettre \u00e0 jour la source de donn\u00e9es<\/p>\r\n<p class=\"online\"><strong>Recursos en l\u00ednea:<\/strong><br>\r\n  Vid\u00e9o: <a href=\"http:\/\/www.labeljoy.com\/fr\/video-assistance\/mise-a-jour-dynamique\/\" title=\"Comment mettre \u00e0 jour les \u00e9tiquettes de donn\u00e9es li\u00e9e\" target=\"_blank\">Comment mettre \u00e0 jour les \u00e9tiquettes de donn\u00e9es li\u00e9e<\/a><\/p>\r\n<p class=\"body\">Une fois qu'un groupe a charg\u00e9 les donn\u00e9es d'une source externe, <strong>ils sont stock\u00e9es dans l'espace du travail <\/strong>(ficihier <em>.lpa<\/em>) de\r\n  Labeljoy. Dans le cas o\u00f9 il est n\u00e9cessaire de <strong>mettre \u00e0 jour les donn\u00e9es charg\u00e9es<\/strong>, parce que pendant ce temps <strong>la source de donn\u00e9es a \u00e9t\u00e9 modifi\u00e9e<\/strong>, il est possible d'agir sur la fonction <em>Mettre \u00e0 jour les donn\u00e9es<\/em>. <\/p>\r\n<table width=\"100%\">\r\n  <tr valign=\"top\">\r\n    <td><p class=\"body\"><img src=\"http:\/\/www.labeljoy.com\/user-guide-files\/fr\/1930_001.png\" align=\"left\" style=\"margin: 0px 24px 4px 0px\">Pour que la mise \u00e0 jour soit r\u00e9ussie, il est n\u00e9cessaire que <strong>tous les param\u00e8tres fournis lors de la premi\u00e8re connexion soient toujours valables<\/strong>. Par exemple, si vous avez charg\u00e9 les\r\n        donn\u00e9es d'un fichier Excel, il est n\u00e9cessaire que le fichier existe toujours et est plac\u00e9 dans la m\u00eame position. Ou, dans le cas d'une\r\n        connexion \u00e0 une base de donn\u00e9es, <strong>les identifiants de connexion fournis \u00e0 l'origine doivent \u00eatre encore valides <\/strong>et la table\r\n        source doit toujours \u00eatre pr\u00e9sente.<\/p><\/td>\r\n  <\/tr>\r\n<\/table>\r\n<p class=\"body\">Si, au moment de la d\u00e9finition de la source de donn\u00e9es vous avez activez l'option <em>Mettre \u00e0 jour les donn\u00e9es lors de l'ouverture du fichier et d'impression <\/em>dans l'onglet <a href=\"http:\/\/www.labeljoy.com\/fr\/aide\/lier-un-groupe-a-une-source-de-donnees\/\">Source des donn\u00e8es <\/a>du groupe de la fen\u00eatre de\r\n  configuration, <strong>la mise \u00e0 jour se fera automatiquement <\/strong>apr\u00e8s le chargement des fichiers et avant toute impression ou exportation. Vous\r\n  verrez une bo\u00eete de dialogue de progression et serez aussi en mesure de les annuler.<\/p>\r\n<p class=\"body\"><img src=\"http:\/\/www.labeljoy.com\/user-guide-files\/fr\/1930_002.png\" style=\"margin: 0px 24px 4px 0px\"><\/p>\n<\/div>\n","protected":false},"excerpt":{"rendered":"<p>Cette page fait r\u00e9f\u00e9rence \u00e0 Labeljoy 5, qui n&rsquo;est pas notre derni\u00e8re version. Effectuez une mise \u00e0 niveau vers Labeljoy 6 pour obtenir la derni\u00e8re version du logiciel avec toutes ses fonctionnalit\u00e9s \u00e9tonnantes ou, si vous l\u2019utilisez d\u00e9j\u00e0, visitez le guide de l\u2019utilisateur de Labeljoy 6.<\/p>\n","protected":false},"author":8,"featured_media":0,"parent":22289,"menu_order":0,"comment_status":"open","ping_status":"closed","template":"page-template-left-sidebar.php","meta":{"inline_featured_image":false,"_monsterinsights_skip_tracking":false,"_monsterinsights_sitenote_active":false,"_monsterinsights_sitenote_note":"","_monsterinsights_sitenote_category":0,"footnotes":""},"class_list":{"0":"post-22487","1":"page","2":"type-page","3":"status-publish","5":"infinite-scroll-item"},"aioseo_notices":[],"_links":{"self":[{"href":"https:\/\/www.labeljoy.com\/fr\/wp-json\/wp\/v2\/pages\/22487","targetHints":{"allow":["GET"]}}],"collection":[{"href":"https:\/\/www.labeljoy.com\/fr\/wp-json\/wp\/v2\/pages"}],"about":[{"href":"https:\/\/www.labeljoy.com\/fr\/wp-json\/wp\/v2\/types\/page"}],"author":[{"embeddable":true,"href":"https:\/\/www.labeljoy.com\/fr\/wp-json\/wp\/v2\/users\/8"}],"replies":[{"embeddable":true,"href":"https:\/\/www.labeljoy.com\/fr\/wp-json\/wp\/v2\/comments?post=22487"}],"version-history":[{"count":3,"href":"https:\/\/www.labeljoy.com\/fr\/wp-json\/wp\/v2\/pages\/22487\/revisions"}],"predecessor-version":[{"id":22611,"href":"https:\/\/www.labeljoy.com\/fr\/wp-json\/wp\/v2\/pages\/22487\/revisions\/22611"}],"up":[{"embeddable":true,"href":"https:\/\/www.labeljoy.com\/fr\/wp-json\/wp\/v2\/pages\/22289"}],"wp:attachment":[{"href":"https:\/\/www.labeljoy.com\/fr\/wp-json\/wp\/v2\/media?parent=22487"}],"curies":[{"name":"wp","href":"https:\/\/api.w.org\/{rel}","templated":true}]}}