{"id":22488,"date":"2014-11-20T09:07:40","date_gmt":"2014-11-20T09:07:40","guid":{"rendered":"http:\/\/www.labeljoy.com\/aide\/removing-the-data-source\/"},"modified":"2015-02-03T15:11:13","modified_gmt":"2015-02-03T15:11:13","slug":"supprimer-la-source-de-donnees","status":"publish","type":"page","link":"https:\/\/www.labeljoy.com\/fr\/aide\/supprimer-la-source-de-donnees\/","title":{"rendered":"Supprimer la source de donn\u00e9es"},"content":{"rendered":"<div data-partent=\"19635\" class=\"callout callout-warning\">\n<h4>Cette page fait r\u00e9f\u00e9rence \u00e0 Labeljoy 5, qui n&rsquo;est pas notre derni\u00e8re version.<\/h4>\n<p>Effectuez une <a href=\"\/fr\/achat\/\">mise \u00e0 niveau vers Labeljoy 6<\/a> pour obtenir la derni\u00e8re version du logiciel avec toutes ses fonctionnalit\u00e9s \u00e9tonnantes ou, si vous l\u2019utilisez d\u00e9j\u00e0, visitez le <a href=\"\/help-lj6\/\">guide de l\u2019utilisateur de Labeljoy 6<\/a>.<\/p>\n<\/div>\n<div id=\"help-guide\">\n\r\n<p class=\"title\">supprimer la source de donn\u00e9es<\/p>\r\n<p class=\"body\">Dans le cas o\u00f9 vous souhaitez <strong>supprimer une r\u00e9f\u00e9rence \u00e0 une source de donn\u00e9es<\/strong> pr\u00e9sentes dans un groupe, voil\u00e0 comment faire: <\/p>\r\n<p class=\"body\">1. Ouvrez la <a href=\"http:\/\/www.labeljoy.com\/fr\/aide\/gerer-les-groupes\/\">fen\u00eatre des propri\u00e9t\u00e9s<\/a> du groupe.<\/p>\r\n<p class=\"body\">2.             Dans l'onglet <em>Source de donn\u00e9es<\/em>, s\u00e9lectionnez l'entr\u00e9e (<em>Pas de donn\u00e9es de base<\/em>) \u00e0 partir de la bo\u00eete de s\u00e9lection en haut.<\/p>\r\n<p class=\"body\"> En cliquant OK, tout r\u00e9f\u00e9rence \u00e0 la source de donn\u00e9es sera supprim\u00e9e.<\/p>>\n<\/div>\n","protected":false},"excerpt":{"rendered":"<p>Cette page fait r\u00e9f\u00e9rence \u00e0 Labeljoy 5, qui n&rsquo;est pas notre derni\u00e8re version. Effectuez une mise \u00e0 niveau vers Labeljoy 6 pour obtenir la derni\u00e8re version du logiciel avec toutes ses fonctionnalit\u00e9s \u00e9tonnantes ou, si vous l\u2019utilisez d\u00e9j\u00e0, visitez le guide de l\u2019utilisateur de Labeljoy 6.<\/p>\n","protected":false},"author":8,"featured_media":0,"parent":22289,"menu_order":0,"comment_status":"open","ping_status":"closed","template":"page-template-left-sidebar.php","meta":{"inline_featured_image":false,"_monsterinsights_skip_tracking":false,"_monsterinsights_sitenote_active":false,"_monsterinsights_sitenote_note":"","_monsterinsights_sitenote_category":0,"footnotes":""},"class_list":{"0":"post-22488","1":"page","2":"type-page","3":"status-publish","5":"infinite-scroll-item"},"aioseo_notices":[],"_links":{"self":[{"href":"https:\/\/www.labeljoy.com\/fr\/wp-json\/wp\/v2\/pages\/22488","targetHints":{"allow":["GET"]}}],"collection":[{"href":"https:\/\/www.labeljoy.com\/fr\/wp-json\/wp\/v2\/pages"}],"about":[{"href":"https:\/\/www.labeljoy.com\/fr\/wp-json\/wp\/v2\/types\/page"}],"author":[{"embeddable":true,"href":"https:\/\/www.labeljoy.com\/fr\/wp-json\/wp\/v2\/users\/8"}],"replies":[{"embeddable":true,"href":"https:\/\/www.labeljoy.com\/fr\/wp-json\/wp\/v2\/comments?post=22488"}],"version-history":[{"count":3,"href":"https:\/\/www.labeljoy.com\/fr\/wp-json\/wp\/v2\/pages\/22488\/revisions"}],"predecessor-version":[{"id":22599,"href":"https:\/\/www.labeljoy.com\/fr\/wp-json\/wp\/v2\/pages\/22488\/revisions\/22599"}],"up":[{"embeddable":true,"href":"https:\/\/www.labeljoy.com\/fr\/wp-json\/wp\/v2\/pages\/22289"}],"wp:attachment":[{"href":"https:\/\/www.labeljoy.com\/fr\/wp-json\/wp\/v2\/media?parent=22488"}],"curies":[{"name":"wp","href":"https:\/\/api.w.org\/{rel}","templated":true}]}}