{"id":22490,"date":"2014-11-20T09:08:53","date_gmt":"2014-11-20T09:08:53","guid":{"rendered":"http:\/\/www.labeljoy.com\/aide\/link-data-source-wizard\/"},"modified":"2015-02-03T15:10:59","modified_gmt":"2015-02-03T15:10:59","slug":"procedure-guidee-pour-la-connexion-a-une-source-de-donnees","status":"publish","type":"page","link":"https:\/\/www.labeljoy.com\/fr\/aide\/procedure-guidee-pour-la-connexion-a-une-source-de-donnees\/","title":{"rendered":"Procedure guid\u00e9e pour la connexion \u00e0 une source de donn\u00e9es"},"content":{"rendered":"<div data-partent=\"19635\" class=\"callout callout-warning\">\n<h4>Cette page fait r\u00e9f\u00e9rence \u00e0 Labeljoy 5, qui n&rsquo;est pas notre derni\u00e8re version.<\/h4>\n<p>Effectuez une <a href=\"\/fr\/achat\/\">mise \u00e0 niveau vers Labeljoy 6<\/a> pour obtenir la derni\u00e8re version du logiciel avec toutes ses fonctionnalit\u00e9s \u00e9tonnantes ou, si vous l\u2019utilisez d\u00e9j\u00e0, visitez le <a href=\"\/help-lj6\/\">guide de l\u2019utilisateur de Labeljoy 6<\/a>.<\/p>\n<\/div>\n<div id=\"help-guide\">\n\r\n<p class=\"title\">procedure guid\u00e9e pour la connexion \u00e0 une source de donn\u00e9es<\/p>\r\n<p class=\"body\">La procedure guid\u00e9e de connexion \u00e0 une source de donn\u00e9es <strong>vous guidera \u00e0 travers un chemin <\/strong>pour <strong>simplifier le chargement des donn\u00e9es externes <\/strong>\u00e0 utiliser sur les \u00e9tiquettes.<\/p>\r\n<table width=\"100%\">\r\n  <tr valign=\"top\">\r\n    <td><p class=\"body\"><img src=\"http:\/\/www.labeljoy.com\/user-guide-files\/fr\/2500_001.png\" align=\"left\" style=\"margin: 0px 24px 4px 0px\">Pour d\u00e9marrer la procedure guid\u00e9e, cliquez sur l'ic\u00f4ne relative dans la <a href=\"http:\/\/www.labeljoy.com\/fr\/aide\/la-barre-des-outils\/\">barre des outils<\/a>.<\/p><\/td>\r\n  <\/tr>\r\n  <tr valign=\"top\">\r\n    <td><p class=\"body\"><img src=\"http:\/\/www.labeljoy.com\/user-guide-files\/fr\/2500_002.png\" align=\"left\" style=\"margin: 0px 24px 4px 0px\">Ou cliquez sur l'\u00e9l\u00e9ment relatif dans l'ic\u00f4ne <a href=\"http:\/\/www.labeljoy.com\/fr\/aide\/groupe\/\">Groupe<\/a>.<\/p>\r\n      <p class=\"note\"><strong>Note<\/strong>:<br>\r\n        Cette fonctionnalit\u00e9 n'est pr\u00e9sente que dans la version full de Labeljoy.<\/p>\r\n      <p class=\"body\">La procedure guid\u00e9e consiste en une <strong>s\u00e9rie d'\u00e9tapes <\/strong>dans lesquelles vous serez invit\u00e9 \u00e0 saisir des informations. <br\/>\r\n        Une fois que vous les avez entr\u00e9es, vous devrez cliquer sur le bouton <em>Suivant <\/em>pour <strong>passer \u00e0 l'\u00e9tape suivante<\/strong>. <\/p>\r\n      <p class=\"note\"><strong>Note<\/strong>:<br>\r\n        Si la procedure guid\u00e9e est d\u00e9marr\u00e9e avec un groupe qui a <strong>d\u00e9j\u00e0 une connexion \u00e0 des donn\u00e9es<\/strong>, les \u00e9tapes seront <strong>pr\u00e9-remplis <\/strong>avec les informations de la connexion en cours. <\/p>\r\n      <p class=\"body\">\u00c0 tout moment (sauf pour le dernier \u00e9cran), vous pouvez annuler l'op\u00e9ration en cliquant sur le bouton <em>Annuler<\/em>. Il sera \u00e9galement\r\n        possible de revenir aux \u00e9tapes pr\u00e9c\u00e9dentes en cliquant sur le bouton <em>Retour<\/em>. <\/p><\/td>\r\n  <\/tr>\r\n<\/table><\/table>\n<\/div>\n","protected":false},"excerpt":{"rendered":"<p>Cette page fait r\u00e9f\u00e9rence \u00e0 Labeljoy 5, qui n&rsquo;est pas notre derni\u00e8re version. Effectuez une mise \u00e0 niveau vers Labeljoy 6 pour obtenir la derni\u00e8re version du logiciel avec toutes ses fonctionnalit\u00e9s \u00e9tonnantes ou, si vous l\u2019utilisez d\u00e9j\u00e0, visitez le guide de l\u2019utilisateur de Labeljoy 6.<\/p>\n","protected":false},"author":8,"featured_media":0,"parent":22289,"menu_order":0,"comment_status":"open","ping_status":"closed","template":"page-template-left-sidebar.php","meta":{"inline_featured_image":false,"_monsterinsights_skip_tracking":false,"_monsterinsights_sitenote_active":false,"_monsterinsights_sitenote_note":"","_monsterinsights_sitenote_category":0,"footnotes":""},"class_list":{"0":"post-22490","1":"page","2":"type-page","3":"status-publish","5":"infinite-scroll-item"},"aioseo_notices":[],"_links":{"self":[{"href":"https:\/\/www.labeljoy.com\/fr\/wp-json\/wp\/v2\/pages\/22490","targetHints":{"allow":["GET"]}}],"collection":[{"href":"https:\/\/www.labeljoy.com\/fr\/wp-json\/wp\/v2\/pages"}],"about":[{"href":"https:\/\/www.labeljoy.com\/fr\/wp-json\/wp\/v2\/types\/page"}],"author":[{"embeddable":true,"href":"https:\/\/www.labeljoy.com\/fr\/wp-json\/wp\/v2\/users\/8"}],"replies":[{"embeddable":true,"href":"https:\/\/www.labeljoy.com\/fr\/wp-json\/wp\/v2\/comments?post=22490"}],"version-history":[{"count":3,"href":"https:\/\/www.labeljoy.com\/fr\/wp-json\/wp\/v2\/pages\/22490\/revisions"}],"predecessor-version":[{"id":22596,"href":"https:\/\/www.labeljoy.com\/fr\/wp-json\/wp\/v2\/pages\/22490\/revisions\/22596"}],"up":[{"embeddable":true,"href":"https:\/\/www.labeljoy.com\/fr\/wp-json\/wp\/v2\/pages\/22289"}],"wp:attachment":[{"href":"https:\/\/www.labeljoy.com\/fr\/wp-json\/wp\/v2\/media?parent=22490"}],"curies":[{"name":"wp","href":"https:\/\/api.w.org\/{rel}","templated":true}]}}