{"id":22532,"date":"2014-11-20T09:55:32","date_gmt":"2014-11-20T09:55:32","guid":{"rendered":"http:\/\/www.labeljoy.com\/aide\/sorting-the-data\/"},"modified":"2015-02-03T15:11:27","modified_gmt":"2015-02-03T15:11:27","slug":"tri-des-donnees","status":"publish","type":"page","link":"https:\/\/www.labeljoy.com\/fr\/aide\/tri-des-donnees\/","title":{"rendered":"Tri des donn\u00e9es"},"content":{"rendered":"<div data-partent=\"19635\" class=\"callout callout-warning\">\n<h4>Cette page fait r\u00e9f\u00e9rence \u00e0 Labeljoy 5, qui n&rsquo;est pas notre derni\u00e8re version.<\/h4>\n<p>Effectuez une <a href=\"\/fr\/achat\/\">mise \u00e0 niveau vers Labeljoy 6<\/a> pour obtenir la derni\u00e8re version du logiciel avec toutes ses fonctionnalit\u00e9s \u00e9tonnantes ou, si vous l\u2019utilisez d\u00e9j\u00e0, visitez le <a href=\"\/help-lj6\/\">guide de l\u2019utilisateur de Labeljoy 6<\/a>.<\/p>\n<\/div>\n<div id=\"help-guide\">\n\r\n<p class=\"title\">tri des donn\u00e9es<\/p>\r\n<p class=\"body\">Dans cet \u00e9cran, vous pouvez d\u00e9finir un <strong>tri \u00e0 appliquer aux donn\u00e9es charg\u00e9es<\/strong>.<\/p>\r\n<p class=\"body\">Cliquez sur la case <em>Activer le tri<\/em> pour <strong>activer les contr\u00f4les<\/strong> avec qui d\u00e9finir l'ordre des donn\u00e9es.<br>\r\n  Labeljoy permet de <strong>d\u00e9finir un champ<\/strong> (s\u00e9lectionnable dans la liste) et la direction du tri (A ~ Z ou Z ~ A).<\/p>\r\n<p class=\"body\"><img src=\"http:\/\/www.labeljoy.com\/user-guide-files\/fr\/2586_001.png\" align=\"left\" style=\"margin: 0px 24px 4px 0px\"><\/p>\n<\/div>\n","protected":false},"excerpt":{"rendered":"<p>Cette page fait r\u00e9f\u00e9rence \u00e0 Labeljoy 5, qui n&rsquo;est pas notre derni\u00e8re version. Effectuez une mise \u00e0 niveau vers Labeljoy 6 pour obtenir la derni\u00e8re version du logiciel avec toutes ses fonctionnalit\u00e9s \u00e9tonnantes ou, si vous l\u2019utilisez d\u00e9j\u00e0, visitez le guide de l\u2019utilisateur de Labeljoy 6.<\/p>\n","protected":false},"author":8,"featured_media":0,"parent":22289,"menu_order":0,"comment_status":"open","ping_status":"closed","template":"page-template-left-sidebar.php","meta":{"inline_featured_image":false,"_monsterinsights_skip_tracking":false,"_monsterinsights_sitenote_active":false,"_monsterinsights_sitenote_note":"","_monsterinsights_sitenote_category":0,"footnotes":""},"class_list":{"0":"post-22532","1":"page","2":"type-page","3":"status-publish","5":"infinite-scroll-item"},"aioseo_notices":[],"_links":{"self":[{"href":"https:\/\/www.labeljoy.com\/fr\/wp-json\/wp\/v2\/pages\/22532","targetHints":{"allow":["GET"]}}],"collection":[{"href":"https:\/\/www.labeljoy.com\/fr\/wp-json\/wp\/v2\/pages"}],"about":[{"href":"https:\/\/www.labeljoy.com\/fr\/wp-json\/wp\/v2\/types\/page"}],"author":[{"embeddable":true,"href":"https:\/\/www.labeljoy.com\/fr\/wp-json\/wp\/v2\/users\/8"}],"replies":[{"embeddable":true,"href":"https:\/\/www.labeljoy.com\/fr\/wp-json\/wp\/v2\/comments?post=22532"}],"version-history":[{"count":3,"href":"https:\/\/www.labeljoy.com\/fr\/wp-json\/wp\/v2\/pages\/22532\/revisions"}],"predecessor-version":[{"id":22600,"href":"https:\/\/www.labeljoy.com\/fr\/wp-json\/wp\/v2\/pages\/22532\/revisions\/22600"}],"up":[{"embeddable":true,"href":"https:\/\/www.labeljoy.com\/fr\/wp-json\/wp\/v2\/pages\/22289"}],"wp:attachment":[{"href":"https:\/\/www.labeljoy.com\/fr\/wp-json\/wp\/v2\/media?parent=22532"}],"curies":[{"name":"wp","href":"https:\/\/api.w.org\/{rel}","templated":true}]}}