{"id":22616,"date":"2014-11-20T09:57:23","date_gmt":"2014-11-20T09:57:23","guid":{"rendered":"http:\/\/www.labeljoy.com\/aide\/verifying-the-data\/"},"modified":"2015-02-03T15:46:41","modified_gmt":"2015-02-03T15:46:41","slug":"verifier-les-donnees","status":"publish","type":"page","link":"https:\/\/www.labeljoy.com\/fr\/aide\/verifier-les-donnees\/","title":{"rendered":"V\u00e9rifier les donn\u00e9es"},"content":{"rendered":"<div data-partent=\"19635\" class=\"callout callout-warning\">\n<h4>Cette page fait r\u00e9f\u00e9rence \u00e0 Labeljoy 5, qui n&rsquo;est pas notre derni\u00e8re version.<\/h4>\n<p>Effectuez une <a href=\"\/fr\/achat\/\">mise \u00e0 niveau vers Labeljoy 6<\/a> pour obtenir la derni\u00e8re version du logiciel avec toutes ses fonctionnalit\u00e9s \u00e9tonnantes ou, si vous l\u2019utilisez d\u00e9j\u00e0, visitez le <a href=\"\/help-lj6\/\">guide de l\u2019utilisateur de Labeljoy 6<\/a>.<\/p>\n<\/div>\n<link rel=\"stylesheet\" href=\"http:\/\/www.labeljoy.com\/user-guide-files\/en\/styles.css\" type=\"text\/css\" media=\"all\" \/>\n<div id=\"help-guide\">\n\r\n<p class=\"title\">v\u00e9rifier les donn\u00e9es<\/p>\r\n<p class=\"body\"> Cet \u00e9cran <strong>affichera les donn\u00e9es <\/strong>que vous pouvez ensuite ajouter sur les \u00e9tiquettes.<\/p>\r\n<table width=\"100%\">\r\n  <tr valign=\"top\">\r\n    <td><p class=\"body\"><img src=\"http:\/\/www.labeljoy.com\/user-guide-files\/fr\/2590_001.png\" align=\"left\" style=\"margin: 0px 24px 4px 0px\">Faites d\u00e9filer la liste pour <strong>v\u00e9rifier le r\u00e9glage correct des donn\u00e9es charg\u00e9es<\/strong>. <br\/>\r\n        Il est aussi possible de <strong>d\u00e9finir l'affichage des \u00e9l\u00e9ments individuels<\/strong>, en cochant ou d\u00e9cochant la case \u00e0 cocher dans la\r\n        premi\u00e8re colonne de chaque entr\u00e9e.<\/p>\r\n      <p class=\"note\"><strong>Note<\/strong>: <br\/>\r\n        En cliquant avec le <strong>bouton droit de la souris <\/strong>sur la premi\u00e8re colonne, \u00e0 c\u00f4t\u00e9 de la case \u00e0 cocher, vous verrez un <strong>menu contextuel <\/strong>qui vous permet d'activer, de d\u00e9sactiver ou d'inverser la s\u00e9lection de toutes les entr\u00e9es. <\/p>\r\n      <p class=\"body\"><strong>A ce point<\/strong>, cliquez sur le bouton <em>Suivant<\/em> et <strong>les donn\u00e9es charg\u00e9es seront effectivement associ\u00e9es au groupe<\/strong> d'\u00e9tiquettes s\u00e9lectionn\u00e9.<\/p><\/td>\r\n  <\/tr>\r\n<\/table>\n<\/div>\n","protected":false},"excerpt":{"rendered":"<p>Cette page fait r\u00e9f\u00e9rence \u00e0 Labeljoy 5, qui n&rsquo;est pas notre derni\u00e8re version. Effectuez une mise \u00e0 niveau vers Labeljoy 6 pour obtenir la derni\u00e8re version du logiciel avec toutes ses fonctionnalit\u00e9s \u00e9tonnantes ou, si vous l\u2019utilisez d\u00e9j\u00e0, visitez le guide de l\u2019utilisateur de Labeljoy 6.<\/p>\n","protected":false},"author":8,"featured_media":0,"parent":22289,"menu_order":0,"comment_status":"open","ping_status":"closed","template":"page-template-left-sidebar.php","meta":{"inline_featured_image":false,"_monsterinsights_skip_tracking":false,"_monsterinsights_sitenote_active":false,"_monsterinsights_sitenote_note":"","_monsterinsights_sitenote_category":0,"footnotes":""},"class_list":{"0":"post-22616","1":"page","2":"type-page","3":"status-publish","5":"infinite-scroll-item"},"aioseo_notices":[],"_links":{"self":[{"href":"https:\/\/www.labeljoy.com\/fr\/wp-json\/wp\/v2\/pages\/22616","targetHints":{"allow":["GET"]}}],"collection":[{"href":"https:\/\/www.labeljoy.com\/fr\/wp-json\/wp\/v2\/pages"}],"about":[{"href":"https:\/\/www.labeljoy.com\/fr\/wp-json\/wp\/v2\/types\/page"}],"author":[{"embeddable":true,"href":"https:\/\/www.labeljoy.com\/fr\/wp-json\/wp\/v2\/users\/8"}],"replies":[{"embeddable":true,"href":"https:\/\/www.labeljoy.com\/fr\/wp-json\/wp\/v2\/comments?post=22616"}],"version-history":[{"count":2,"href":"https:\/\/www.labeljoy.com\/fr\/wp-json\/wp\/v2\/pages\/22616\/revisions"}],"predecessor-version":[{"id":22631,"href":"https:\/\/www.labeljoy.com\/fr\/wp-json\/wp\/v2\/pages\/22616\/revisions\/22631"}],"up":[{"embeddable":true,"href":"https:\/\/www.labeljoy.com\/fr\/wp-json\/wp\/v2\/pages\/22289"}],"wp:attachment":[{"href":"https:\/\/www.labeljoy.com\/fr\/wp-json\/wp\/v2\/media?parent=22616"}],"curies":[{"name":"wp","href":"https:\/\/api.w.org\/{rel}","templated":true}]}}