{"id":22618,"date":"2014-11-20T10:01:04","date_gmt":"2014-11-20T10:01:04","guid":{"rendered":"http:\/\/www.labeljoy.com\/aide\/managing-barcodes\/"},"modified":"2015-02-03T17:28:27","modified_gmt":"2015-02-03T17:28:27","slug":"definir-les-codes-barres","status":"publish","type":"page","link":"https:\/\/www.labeljoy.com\/fr\/aide\/definir-les-codes-barres\/","title":{"rendered":"D\u00e9finir les codes barres"},"content":{"rendered":"<div data-partent=\"19635\" class=\"callout callout-warning\">\n<h4>Cette page fait r\u00e9f\u00e9rence \u00e0 Labeljoy 5, qui n&rsquo;est pas notre derni\u00e8re version.<\/h4>\n<p>Effectuez une <a href=\"\/fr\/achat\/\">mise \u00e0 niveau vers Labeljoy 6<\/a> pour obtenir la derni\u00e8re version du logiciel avec toutes ses fonctionnalit\u00e9s \u00e9tonnantes ou, si vous l\u2019utilisez d\u00e9j\u00e0, visitez le <a href=\"\/help-lj6\/\">guide de l\u2019utilisateur de Labeljoy 6<\/a>.<\/p>\n<\/div>\n<div id=\"help-guide\">\n\r\n<p class=\"title\"> gestion des code-barres<\/p>\n<p class=\"body\"> Labeljoy vous permet d\u0092ajouter des \u00e9l\u00e9ments de <em>code<\/em>-<em>barres<\/em> sur les \u00e9tiquettes. La possibilit\u00e9 de g\u00e9n\u00e9rer et d\u0092imprimer des codes-barres\n  fait de Labeljoy le choix parfait pour un large panel d\u0092activit\u00e9 de gestion des entreprises telle que l\u0092\u00e9tiquetage, l\u0092\u00e9tiquetage des produits, etc... <\/p>\n<p class=\"body\"> Labeljoy g\u00e9n\u00e8re les types de <strong>code-barres lin\u00e9aires <\/strong>suivant:<\/p>\n<ul>\n  <li class=\"body\"><strong><a href=\"http:\/\/www.labeljoy.com\/fr\/aide\/ean13-fr\/\">EAN-13<\/a><\/strong><\/li>\n  <li class=\"body\"><strong><a href=\"http:\/\/www.labeljoy.com\/fr\/aide\/ean8-fr\/\">EAN-8<\/a><\/strong><\/li>\n  <li class=\"body\"><strong><a href=\"http:\/\/www.labeljoy.com\/fr\/aide\/code-128-fr\/\">Code 128<\/a><\/strong><\/li>\n  <li class=\"body\"><strong><a href=\"http:\/\/www.labeljoy.com\/fr\/aide\/ean128-fr\/\">EAN-128<\/a><\/strong><\/li>\n  <li class=\"body\"><strong><a href=\"http:\/\/www.labeljoy.com\/fr\/aide\/gs1128-fr\/\">GS1-128<\/a><\/strong><\/li>\n  <li class=\"body\"><strong><a href=\"http:\/\/www.labeljoy.com\/fr\/aide\/itf14-fr\/\">ITF-14<\/a><\/strong><\/li>\n  <li class=\"body\"><strong><a href=\"http:\/\/www.labeljoy.com\/fr\/aide\/upca-upce-fr\/\">UPC-A<\/a><\/strong><\/li>\n  <li class=\"body\"><a href=\"http:\/\/www.labeljoy.com\/fr\/aide\/upca-upce-fr\/\"><strong>UPC-E<\/strong><\/a><\/li>\n  <li class=\"body\"><strong><a href=\"http:\/\/www.labeljoy.com\/fr\/aide\/code-11-fr\/\">Code 11<\/a><\/strong><\/li>\n  <li class=\"body\"><strong><a href=\"http:\/\/www.labeljoy.com\/fr\/aide\/code-39-fr\/\">Code 39<\/a><\/strong><\/li>\n  <li class=\"body\"><a href=\"http:\/\/www.labeljoy.com\/fr\/aide\/code-39-fr\/\"><strong>Code 39 Extended<\/strong><\/a><\/li>\n  <li class=\"body\"><strong><a href=\"http:\/\/www.labeljoy.com\/fr\/aide\/code-39-fr\/\">Code 93<\/a><\/strong><\/li>\n  <li class=\"body\"><a href=\"http:\/\/www.labeljoy.com\/fr\/aide\/code-93\/\"><strong>Code 93 Extended<\/strong><\/a><\/li>\n  <li class=\"body\"><strong><a href=\"http:\/\/www.labeljoy.com\/fr\/aide\/interleaved-2-of-5-fr\/\">Interleaved 2 of 5<\/a><\/strong><\/li>\n  <li class=\"body\"><strong><a href=\"http:\/\/www.labeljoy.com\/fr\/aide\/industrial-2-of-5-fr\/\">Industrial 2 of 5<\/a><\/strong><\/li>\n  <li class=\"body\"><strong><a href=\"http:\/\/www.labeljoy.com\/fr\/aide\/codabar-fr\/\">Codabar<\/a><\/strong><\/li>\n<\/ul>\n<p class=\"body\"> Les <strong>symboles postaux 2D <\/strong>suivant:<\/p>\n<ul>\n  <li class=\"body\"><strong><a href=\"http:\/\/www.labeljoy.com\/fr\/aide\/postnet-fr\/\">Postnet<\/a><\/strong><\/li>\n  <li class=\"body\"><strong><a href=\"http:\/\/www.labeljoy.com\/fr\/aide\/planet-fr\/\">Planet<\/a><\/strong><\/li>\n<\/ul>\n<p class=\"body\"> Il g\u00e9n\u00e8re aussi les types de <strong>code-barres 2D<\/strong> suivant:<\/p>\n<ul>\n  <li class=\"body\"><strong><a href=\"http:\/\/www.labeljoy.com\/fr\/aide\/data-matrix-fr\/\">Data Matrix<\/a><\/strong><\/li>\n  <li class=\"body\"><strong><a href=\"http:\/\/www.labeljoy.com\/fr\/aide\/qr-code-fr\/\">QR Code<\/a><\/strong><\/li>\n  <li class=\"body\"><strong><a href=\"http:\/\/www.labeljoy.com\/fr\/aide\/pdf417-fr\/\">PDF417<\/a><\/strong><\/li>\n<\/ul>\n<p class=\"note\"><strong>Attention<\/strong>: <br\/>\n  Dans la version <em>Basic<\/em>, les code-barres 2D ne sont pas disponibles. <br\/>\n  Dans la version <em>Light<\/em>, seul le code-barres Code 128 est disponible.<\/p>\n<p class=\"body\">Selon le type de code-barres choisi, vous devrez rentrer les param\u00e8tres n\u00e9cessaire pour chaque type de code-barres, comme expliqu\u00e9 dans la <u><a href=\"http:\/\/www.labeljoy.com\/fr\/aide\/configurer-un-code-barres\/\">configuration des code-barres<\/a><\/u>.<\/p>\n\n<\/div>\n","protected":false},"excerpt":{"rendered":"<p>Cette page fait r\u00e9f\u00e9rence \u00e0 Labeljoy 5, qui n&rsquo;est pas notre derni\u00e8re version. Effectuez une mise \u00e0 niveau vers Labeljoy 6 pour obtenir la derni\u00e8re version du logiciel avec toutes ses fonctionnalit\u00e9s \u00e9tonnantes ou, si vous l\u2019utilisez d\u00e9j\u00e0, visitez le guide de l\u2019utilisateur de Labeljoy 6.<\/p>\n","protected":false},"author":8,"featured_media":0,"parent":22289,"menu_order":0,"comment_status":"open","ping_status":"closed","template":"page-template-left-sidebar.php","meta":{"inline_featured_image":false,"_monsterinsights_skip_tracking":false,"_monsterinsights_sitenote_active":false,"_monsterinsights_sitenote_note":"","_monsterinsights_sitenote_category":0,"footnotes":""},"class_list":{"0":"post-22618","1":"page","2":"type-page","3":"status-publish","5":"infinite-scroll-item"},"aioseo_notices":[],"_links":{"self":[{"href":"https:\/\/www.labeljoy.com\/fr\/wp-json\/wp\/v2\/pages\/22618","targetHints":{"allow":["GET"]}}],"collection":[{"href":"https:\/\/www.labeljoy.com\/fr\/wp-json\/wp\/v2\/pages"}],"about":[{"href":"https:\/\/www.labeljoy.com\/fr\/wp-json\/wp\/v2\/types\/page"}],"author":[{"embeddable":true,"href":"https:\/\/www.labeljoy.com\/fr\/wp-json\/wp\/v2\/users\/8"}],"replies":[{"embeddable":true,"href":"https:\/\/www.labeljoy.com\/fr\/wp-json\/wp\/v2\/comments?post=22618"}],"version-history":[{"count":3,"href":"https:\/\/www.labeljoy.com\/fr\/wp-json\/wp\/v2\/pages\/22618\/revisions"}],"predecessor-version":[{"id":22738,"href":"https:\/\/www.labeljoy.com\/fr\/wp-json\/wp\/v2\/pages\/22618\/revisions\/22738"}],"up":[{"embeddable":true,"href":"https:\/\/www.labeljoy.com\/fr\/wp-json\/wp\/v2\/pages\/22289"}],"wp:attachment":[{"href":"https:\/\/www.labeljoy.com\/fr\/wp-json\/wp\/v2\/media?parent=22618"}],"curies":[{"name":"wp","href":"https:\/\/api.w.org\/{rel}","templated":true}]}}