{"id":22619,"date":"2014-11-20T10:02:54","date_gmt":"2014-11-20T10:02:54","guid":{"rendered":"http:\/\/www.labeljoy.com\/aide\/adding-a-barcode\/"},"modified":"2015-02-03T17:26:27","modified_gmt":"2015-02-03T17:26:27","slug":"ajouter-un-code-barres","status":"publish","type":"page","link":"https:\/\/www.labeljoy.com\/fr\/aide\/ajouter-un-code-barres\/","title":{"rendered":"Ajouter un code barres"},"content":{"rendered":"<div data-partent=\"19635\" class=\"callout callout-warning\">\n<h4>Cette page fait r\u00e9f\u00e9rence \u00e0 Labeljoy 5, qui n&rsquo;est pas notre derni\u00e8re version.<\/h4>\n<p>Effectuez une <a href=\"\/fr\/achat\/\">mise \u00e0 niveau vers Labeljoy 6<\/a> pour obtenir la derni\u00e8re version du logiciel avec toutes ses fonctionnalit\u00e9s \u00e9tonnantes ou, si vous l\u2019utilisez d\u00e9j\u00e0, visitez le <a href=\"\/help-lj6\/\">guide de l\u2019utilisateur de Labeljoy 6<\/a>.<\/p>\n<\/div>\n<div id=\"help-guide\">\n\r\n<p class=\"title\">ajouter un code barres<\/p>\r\n<p class=\"online\"><strong>Ressources en ligne:<\/strong><br>\r\n  <span id=\"result_box\" lang=\"fr\">Vid&eacute;o<\/span>: <a href=\"http:\/\/www.labeljoy.com\/fr\/video-assistance\/generer-codes-barres-qrcodes\/\" title=\"Comment g\u00e9n\u00e9rer des codes-barres et des codes QR\" target=\"_blank\">Comment g\u00e9n\u00e9rer des codes-barres et des codes QR<\/a><br>\r\n  Info: <a href=\"http:\/\/www.labeljoy.com\/fr\/assistance\/guide-codes-barres\/\" title=\"Types de codes \u00e0 barres\" target=\"_blank\">Types de codes \u00e0 barres<\/a><\/p>\r\n<p class=\"body\"> Vous pouvez ajouter un <em>Code barres <\/em>(ou barcode) en r\u00e9glant le <strong>mode d'insertion code barres <\/strong>de la <a href=\"http:\/\/www.labeljoy.com\/fr\/aide\/la-barre-des-outils\/\">barre des outils <\/a>ou en\r\n  utilisant le menu <em>Ajouter un code barres <\/em>de l'ic\u00f4ne groupe.<\/p>\r\n<table width=\"100%\">\r\n  <tr valign=\"top\">\r\n    <td><p class=\"body\"><img src=\"http:\/\/www.labeljoy.com\/user-guide-files\/fr\/1980_001.png\" align=\"left\" style=\"margin: 0px 24px 4px 0px\">Cliquez sur le bouton <em>Ins\u00e9rer un code barres<\/em>  de la barre des outils pour activer le mode d'insertion des code barres. Apr\u00e8s cela, cliquez avec le bouton gauche de la souris sur le\r\n        groupe de l'\u00e9tiquette dans laquelle vous souhaitez ins\u00e9rer l'\u00e9l\u00e9ment. Faites glisser la souris tout en maintenant enfonc\u00e9 le bouton\r\n        gauche pour dessiner la zone rectangulaire dans laquelle vous souhaitez ins\u00e9rer l'objet. Lorsque vous rel\u00e2chez le bouton de la souris,\r\n        le nouvel \u00e9l\u00e9ment sera ins\u00e9r\u00e9.<\/p><\/td>\r\n  <\/tr>\r\n  <tr valign=\"top\">\r\n    <td><p class=\"body\"><img src=\"http:\/\/www.labeljoy.com\/user-guide-files\/fr\/1980_002.png\" align=\"left\" style=\"margin: 0px 24px 4px 0px\">Alternativement, vous pouvez s\u00e9lectionner l'\u00e9l\u00e9ment <em>Ajouter un code barres <\/em>du menu de configuration du groupe. Dans ce cas, le\r\n        code barres de l'article sera ins\u00e9r\u00e9 automatiquement dans le groupe s\u00e9lectionn\u00e9. <br\/>\r\n        <br\/>\r\n        D\u00e8s qu'il est ajout\u00e9, un \u00e9l\u00e9ment code barres sera du type <strong>Code 128 <\/strong>et codera le texte <em>Labeljoy.<\/em> <br\/>\r\n        <br\/>\r\n        Vous pouvez ensuite <strong>modifier ses propri\u00e9t\u00e9s <\/strong>\u00e0 travers la <a>fen\u00eatre <\/a>relative pour l'adapter \u00e0 vos besoins. <br\/>\r\n    <\/td>\r\n  <\/tr>\r\n<\/table>\n<\/div>\n","protected":false},"excerpt":{"rendered":"<p>Cette page fait r\u00e9f\u00e9rence \u00e0 Labeljoy 5, qui n&rsquo;est pas notre derni\u00e8re version. Effectuez une mise \u00e0 niveau vers Labeljoy 6 pour obtenir la derni\u00e8re version du logiciel avec toutes ses fonctionnalit\u00e9s \u00e9tonnantes ou, si vous l\u2019utilisez d\u00e9j\u00e0, visitez le guide de l\u2019utilisateur de Labeljoy 6.<\/p>\n","protected":false},"author":8,"featured_media":0,"parent":22289,"menu_order":0,"comment_status":"open","ping_status":"closed","template":"page-template-left-sidebar.php","meta":{"inline_featured_image":false,"_monsterinsights_skip_tracking":false,"_monsterinsights_sitenote_active":false,"_monsterinsights_sitenote_note":"","_monsterinsights_sitenote_category":0,"footnotes":""},"class_list":{"0":"post-22619","1":"page","2":"type-page","3":"status-publish","5":"infinite-scroll-item"},"aioseo_notices":[],"_links":{"self":[{"href":"https:\/\/www.labeljoy.com\/fr\/wp-json\/wp\/v2\/pages\/22619","targetHints":{"allow":["GET"]}}],"collection":[{"href":"https:\/\/www.labeljoy.com\/fr\/wp-json\/wp\/v2\/pages"}],"about":[{"href":"https:\/\/www.labeljoy.com\/fr\/wp-json\/wp\/v2\/types\/page"}],"author":[{"embeddable":true,"href":"https:\/\/www.labeljoy.com\/fr\/wp-json\/wp\/v2\/users\/8"}],"replies":[{"embeddable":true,"href":"https:\/\/www.labeljoy.com\/fr\/wp-json\/wp\/v2\/comments?post=22619"}],"version-history":[{"count":3,"href":"https:\/\/www.labeljoy.com\/fr\/wp-json\/wp\/v2\/pages\/22619\/revisions"}],"predecessor-version":[{"id":22734,"href":"https:\/\/www.labeljoy.com\/fr\/wp-json\/wp\/v2\/pages\/22619\/revisions\/22734"}],"up":[{"embeddable":true,"href":"https:\/\/www.labeljoy.com\/fr\/wp-json\/wp\/v2\/pages\/22289"}],"wp:attachment":[{"href":"https:\/\/www.labeljoy.com\/fr\/wp-json\/wp\/v2\/media?parent=22619"}],"curies":[{"name":"wp","href":"https:\/\/api.w.org\/{rel}","templated":true}]}}