{"id":22620,"date":"2014-11-20T10:04:23","date_gmt":"2014-11-20T10:04:23","guid":{"rendered":"http:\/\/www.labeljoy.com\/aide\/barcode-settings\/"},"modified":"2015-02-03T15:46:47","modified_gmt":"2015-02-03T15:46:47","slug":"configurer-un-code-barres","status":"publish","type":"page","link":"https:\/\/www.labeljoy.com\/fr\/aide\/configurer-un-code-barres\/","title":{"rendered":"Configurer un code barres"},"content":{"rendered":"<div data-partent=\"19635\" class=\"callout callout-warning\">\n<h4>Cette page fait r\u00e9f\u00e9rence \u00e0 Labeljoy 5, qui n&rsquo;est pas notre derni\u00e8re version.<\/h4>\n<p>Effectuez une <a href=\"\/fr\/achat\/\">mise \u00e0 niveau vers Labeljoy 6<\/a> pour obtenir la derni\u00e8re version du logiciel avec toutes ses fonctionnalit\u00e9s \u00e9tonnantes ou, si vous l\u2019utilisez d\u00e9j\u00e0, visitez le <a href=\"\/help-lj6\/\">guide de l\u2019utilisateur de Labeljoy 6<\/a>.<\/p>\n<\/div>\n<link rel=\"stylesheet\" href=\"http:\/\/www.labeljoy.com\/user-guide-files\/en\/styles.css\" type=\"text\/css\" media=\"all\" \/>\n<div id=\"help-guide\">\n\r\n<p class=\"title\">configurer un code barres<\/p>\r\n<p class=\"body\">Avec un double-clique sur un \u00e9l\u00e9ment code barres, vous afficherez sa <strong>fen\u00eatre de propri\u00e9t\u00e9s<\/strong>,<strong> <\/strong>qui vous permet de <strong>changer son apparence<\/strong><strong>.<\/strong><\/p>\r\n<p class=\"online\"><strong>Ressources en ligne:<\/strong><br>\r\n  Tutoriel: <a href=\"http:\/\/www.labeljoy.com\/fr\/assistance\/comment-faire\/impression-codes-barres\/\" title=\"Pratiques d\u0092impression des codes barres\" target=\"_blank\">Pratiques d\u0092impression des codes barres<\/a><\/p>\r\n<p class=\"note\"> Pour plus d'informations sur les diff\u00e9rents types de codes \u00e0 barres voir <a href=\"http:\/\/www.labeljoy.com\/fr\/aide\/symbologies-de-codes-barres\/\">Symbologie<\/a>.<\/p>\r\n<p class=\"body\"> La fen\u00eatre des propri\u00e9t\u00e9s d'un \u00e9l\u00e9ment code barres se compose de 5 onglets:<\/p>\r\n<table>\r\n  <tr valign=\"top\">\r\n    <td><p class=\"body\"><img src=\"http:\/\/www.labeljoy.com\/user-guide-files\/fr\/2000_001.png\" align=\"left\" style=\"margin: 0px 24px 4px 0px\"><strong>Symbologie<\/strong>: dans cet onglet, vous d\u00e9finissez le type de code et code qui sera repr\u00e9sent\u00e9.<\/p>\r\n      <p class=\"body\">Le volet \u00e0 droite <em>Informations rapides <\/em>affiche des informations utiles pour la compilation du texte \u00e0 coder. <br\/>\r\n        Cliquez sur <em>Plus d'informations <\/em>pour afficher la guide en ligne \u00e0 la page relative \u00e0 la <strong>typologie de code barre s\u00e9lectionn\u00e9e<\/strong>. <\/p>\r\n      <p class=\"body\">Au fond, il y a une case de texte qui permet la compilation du texte \u00e0 coder et les boutons pour l'insertion des \u00e9l\u00e9ments pour l'eventuelle\r\n        concatenation avec les <a href=\"http:\/\/www.labeljoy.com\/fr\/aide\/gerer-les-champs\/\">champs de la source de donn\u00e9es<\/a>, les <a href=\"http:\/\/www.labeljoy.com\/fr\/aide\/gerer-les-compteurs\/\">compteurs<\/a>, et la <a href=\"http:\/\/www.labeljoy.com\/fr\/aide\/afficher-l-apercu-d-un-texte\/\">pr\u00e9visualisation<\/a> du texte qui sera encod\u00e9. <br\/>\r\n        Voir la section <a href=\"http:\/\/www.labeljoy.com\/fr\/aide\/concatener-les-textes\/\">Concat\u00e9ner les textes <\/a>pour plus d'informations.<\/p>\r\n      <p class=\"note\"><strong>Note<\/strong>: <br\/>\r\n        Chaque \u00e9l\u00e9ment du code barres est soumis \u00e0 une validation des donn\u00e9es saisies, de sorte que le texte respecte les r\u00e8gles de codage du code\r\n        barres diss\u00e9qu\u00e9s, comme sp\u00e9cifi\u00e9 dans le volet d'informations. <br\/>\r\n        S'il y a des entr\u00e9es non valides, <strong>le code barres ne sera pas affich\u00e9<\/strong>. <br\/>\r\n        <br\/>\r\n        En ce qui concerne les codes num\u00e9riques de longueur fixe <strong>EAN-13, EAN-8, ITF-14, UPC-A et UPC-E<\/strong>, si le nombre de chiffres\r\n        contenu dans la source de donn\u00e9es est sup\u00e9rieur \u00e0 quant autoris\u00e9, <strong>seulement le nombre appropri\u00e9 de chiffres sera pris en compte<\/strong>. Si au contraire le nombre de chiffres est inf\u00e9rieur, le\r\n        code sera g\u00e9n\u00e9r\u00e9. <br\/>\r\n        <br\/>\r\n        Par exemple, en connectant un code barres EAN-13 \u00e0 une source de donn\u00e9es qui contient 13 chiffres (dans laquelle la somme de contr\u00f4le est\r\n        d\u00e9j\u00e0 pr\u00e9sent), Labeljoy consid\u00e8re seulement les 12 premi\u00e8res chiffres et ajoute le total de contr\u00f4le \u00e0 l'interieur. Dans le cas de\r\n        rencontre d'un enregistrement avec moins de 12 chiffres, pour cette position le code barres n'est pas g\u00e9n\u00e9r\u00e9. <\/p>\r\n  <tr valign=\"top\">\r\n    <td><p class=\"body\"><img src=\"http:\/\/www.labeljoy.com\/user-guide-files\/fr\/2000_005.png\" align=\"left\" style=\"margin: 0px 24px 4px 0px\"> Selon le type de code \u00e0 barres s\u00e9lectionn\u00e9, Labeljoy n\u00e9cessite qu'une ou plusieurs informations pour que le code barres soit\r\n        correctement affich\u00e9. <a href=\"http:\/\/www.labeljoy.com\/fr\/aide\/symbologies-de-codes-barres\/\"> Voir Symbologie<\/a>.<\/p><\/td>\r\n    <\/td>\r\n  <\/tr>\r\n  <tr valign=\"top\">\r\n    <td><p class=\"body\"><img src=\"http:\/\/www.labeljoy.com\/user-guide-files\/fr\/2000_006.png\" align=\"left\" style=\"margin: 0px 24px 4px 0px\"><strong>Couleur du code barres: <\/strong> onglet pour la d\u00e9finition de la couleur unie utilis\u00e9e pour le rendering des barres et du texte qui appara\u00eet en bas ou en haut. <\/p>\r\n      <p class=\"note\"><strong>Note<\/strong>: <br\/>\r\n        Pour que le codes barres soient facilement lisibles par les scanners sp\u00e9ciaux, il est n\u00e9cessaire de maintenir un fort contraste entre la\r\n        couleur de fond et le symbole. En fait, dans la plupart des cas on utilise le blanc pour le fond et le noir pour le symbole. <\/p><\/td>\r\n  <\/tr>\r\n  <tr valign=\"top\">\r\n    <td><p class=\"body\"><img src=\"http:\/\/www.labeljoy.com\/user-guide-files\/fr\/2000_002.png\" align=\"left\" style=\"margin: 0px 24px 4px 0px\"><strong>Fond<\/strong>: onglet pour d\u00e9finir la couleur de fond du code barres.<\/p>\r\n      <p class=\"body\">Voir la section <a href=\"http:\/\/www.labeljoy.com\/fr\/aide\/regler-les-couleurs\/\">d\u00e9finir les couleurs <\/a>pour plus d'informations sur la cr\u00e9ation de couleurs et nuances complexes.<\/p><\/td>\r\n  <\/tr>\r\n  <tr valign=\"top\">\r\n    <td><p class=\"body\"><img src=\"http:\/\/www.labeljoy.com\/user-guide-files\/fr\/2000_003.png\" align=\"left\" style=\"margin: 0px 24px 4px 0px\"><strong>Police<\/strong>:     onglet pour la s\u00e9l\u00e9ction de la police qui est utilis\u00e9e pour repr\u00e9senter les chiffres en clair. Dans ce cas, il n'est pas possible de\r\n        d\u00e9finir des attributs sp\u00e9cifiques pour la police s\u00e9lectionn\u00e9e (gras, italique, taille, etc.). Labeljoy utilise uniquement le nom de la\r\n        police s\u00e9lectionn\u00e9e et d\u00e9finit les dimensions pour que les r\u00e8gles g\u00e9om\u00e9triques qui r\u00e9gissent les codes \u00e0 barres soient respect\u00e9es. <br\/>\r\n        La liste des caract\u00e8res est tri\u00e9e par ordre alphab\u00e9tique.<br>\r\n      <\/p><\/td>\r\n  <\/tr>\r\n  <tr valign=\"top\">\r\n    <td><\/td>\r\n  <\/tr>\r\n  <tr valign=\"top\">\r\n    <td><p class=\"body\"><img src=\"http:\/\/www.labeljoy.com\/user-guide-files\/fr\/2005_001.png\" align=\"left\" style=\"margin: 0px 24px 4px 0px\"><strong>Avanc\u00e9<\/strong>: Voir <a href=\"http:\/\/www.labeljoy.com\/fr\/aide\/parametres-avances-d-un-code-barres\/\">Param\u00e8tres avanc\u00e9s d'un code barres<\/a>.<\/p><\/td>\r\n  <\/tr>\r\n<\/table>\n<\/div>\n","protected":false},"excerpt":{"rendered":"<p>Cette page fait r\u00e9f\u00e9rence \u00e0 Labeljoy 5, qui n&rsquo;est pas notre derni\u00e8re version. Effectuez une mise \u00e0 niveau vers Labeljoy 6 pour obtenir la derni\u00e8re version du logiciel avec toutes ses fonctionnalit\u00e9s \u00e9tonnantes ou, si vous l\u2019utilisez d\u00e9j\u00e0, visitez le guide de l\u2019utilisateur de Labeljoy 6.<\/p>\n","protected":false},"author":8,"featured_media":0,"parent":22289,"menu_order":0,"comment_status":"open","ping_status":"closed","template":"page-template-left-sidebar.php","meta":{"inline_featured_image":false,"_monsterinsights_skip_tracking":false,"_monsterinsights_sitenote_active":false,"_monsterinsights_sitenote_note":"","_monsterinsights_sitenote_category":0,"footnotes":""},"class_list":{"0":"post-22620","1":"page","2":"type-page","3":"status-publish","5":"infinite-scroll-item"},"aioseo_notices":[],"_links":{"self":[{"href":"https:\/\/www.labeljoy.com\/fr\/wp-json\/wp\/v2\/pages\/22620","targetHints":{"allow":["GET"]}}],"collection":[{"href":"https:\/\/www.labeljoy.com\/fr\/wp-json\/wp\/v2\/pages"}],"about":[{"href":"https:\/\/www.labeljoy.com\/fr\/wp-json\/wp\/v2\/types\/page"}],"author":[{"embeddable":true,"href":"https:\/\/www.labeljoy.com\/fr\/wp-json\/wp\/v2\/users\/8"}],"replies":[{"embeddable":true,"href":"https:\/\/www.labeljoy.com\/fr\/wp-json\/wp\/v2\/comments?post=22620"}],"version-history":[{"count":2,"href":"https:\/\/www.labeljoy.com\/fr\/wp-json\/wp\/v2\/pages\/22620\/revisions"}],"predecessor-version":[{"id":22634,"href":"https:\/\/www.labeljoy.com\/fr\/wp-json\/wp\/v2\/pages\/22620\/revisions\/22634"}],"up":[{"embeddable":true,"href":"https:\/\/www.labeljoy.com\/fr\/wp-json\/wp\/v2\/pages\/22289"}],"wp:attachment":[{"href":"https:\/\/www.labeljoy.com\/fr\/wp-json\/wp\/v2\/media?parent=22620"}],"curies":[{"name":"wp","href":"https:\/\/api.w.org\/{rel}","templated":true}]}}