{"id":22621,"date":"2014-11-20T10:05:40","date_gmt":"2014-11-20T10:05:40","guid":{"rendered":"http:\/\/www.labeljoy.com\/aide\/advanced-barcode-settings\/"},"modified":"2018-09-25T16:31:46","modified_gmt":"2018-09-25T16:31:46","slug":"parametres-avances-d-un-code-barres","status":"publish","type":"page","link":"https:\/\/www.labeljoy.com\/fr\/aide\/parametres-avances-d-un-code-barres\/","title":{"rendered":"Param\u00e8tres avanc\u00e9s d&rsquo;un code barres"},"content":{"rendered":"<div data-partent=\"19635\" class=\"callout callout-warning\">\n<h4>Cette page fait r\u00e9f\u00e9rence \u00e0 Labeljoy 5, qui n&rsquo;est pas notre derni\u00e8re version.<\/h4>\n<p>Effectuez une <a href=\"\/fr\/achat\/\">mise \u00e0 niveau vers Labeljoy 6<\/a> pour obtenir la derni\u00e8re version du logiciel avec toutes ses fonctionnalit\u00e9s \u00e9tonnantes ou, si vous l\u2019utilisez d\u00e9j\u00e0, visitez le <a href=\"\/help-lj6\/\">guide de l\u2019utilisateur de Labeljoy 6<\/a>.<\/p>\n<\/div>\n<div id=\"help-guide\">\n\r\n<p class=\"title\">param\u00e8tres avanc\u00e9s d'un code barres<\/p>\r\n<p class=\"body\">L'onglet <em>Avanc\u00e9 <\/em>d'un \u00e9l\u00e9ment code barres contient les contr\u00f4les qui vous permettent de d\u00e9finir les <strong>coordonn\u00e9es<\/strong>, la <strong>taille<\/strong>, la <strong>rotation <\/strong>et le <strong>nom<\/strong>. Voir la section <a href=\"http:\/\/www.labeljoy.com\/fr\/aide\/positionner-les-elements\/\">positionner les \u00e9l\u00e9ments <\/a>pour plus d'informations.\r\n  Ce param\u00e8tre se diff\u00e8re des autres \u00e9l\u00e9ments graphiques, car il contient la bo\u00eete de <em>Mode de taille <\/em>qui vous permet de d\u00e9finir le <strong>dimensionnement automatique utile pour les codes barres reli\u00e9s \u00e0 la source de donn\u00e9es<\/strong>. <\/p>\r\n<table width=\"100%\">\r\n  <tr valign=\"top\">\r\n    <td><p class=\"body\"><img src=\"http:\/\/www.labeljoy.com\/user-guide-files\/fr\/2005_001.png\" align=\"left\" style=\"margin: 0px 24px 4px 0px\">Quand la <em>Mode de taille <\/em>est configur\u00e9e comme <em>Manuelle<\/em> l'\u00e9l\u00e9ment code barres peut \u00eatre <strong>librement redimensionn\u00e9<\/strong>, gr\u00e2ce \u00e0 l'utilisation de la <strong>souris <\/strong>ou en modifiant manuellement les valeurs dans\r\n        les champs <em>Largeur <\/em>et <em>Hauteur<\/em>.<\/p>\r\n      <p class=\"note\"><strong>Note<\/strong>:<br>\r\n        La taille peut \u00eatre affich\u00e9e en centim\u00e8tres ou en pouces selon l'unit\u00e9 de mesure courante, d\u00e9finie dans l'onglet <em>Interface utilisateur <\/em>de la fen\u00eatre <a href=\"http:\/\/www.labeljoy.com\/fr\/aide\/principal\/\">Options<\/a>. <br\/>\r\n        Les fractions de pouce peuvent \u00eatre ins\u00e9r\u00e9s \u00e0 l'aide d'un menu contextuel, comme indiqu\u00e9 dans le paragraphe <a href=\"http:\/\/www.labeljoy.com\/fr\/aide\/gerer-les-fractions-de-pouce\/\">g\u00e9rer les fractions de pouce<\/a>.<\/p>\r\n  <tr valign=\"top\">\r\n    <td><p class=\"body\"><img src=\"http:\/\/www.labeljoy.com\/user-guide-files\/fr\/2005_002.png\" align=\"left\" style=\"margin: 0px 24px 4px 0px\">Quand le <em>Mode de taille <\/em>est r\u00e9gl\u00e9 sur l'un des trois r\u00e9glages possibles <em>Auto <\/em>(<em>Point d'ancrage \u00e0 gauche<\/em>,<em>Point d'ancrage \u00e0 centre, Point d'ancrage \u00e0 droite<\/em>) <strong>la taille du code barres sera calcul\u00e9e automatiquement en utilisant les sp\u00e9cifications de la symbologie s\u00e9lectionn\u00e9e<\/strong>. De\r\n        cette fa\u00e7on, vous pouvez avoir la certitude que le symbole g\u00e9n\u00e9r\u00e9 soit correctement lisible. <\/p>\r\n      <p class=\"body\">Dans ce cas, <strong>le redimensionnement manuel est d\u00e9sactiv\u00e9<\/strong>: les champs <em>Largeur <\/em>et <em>Hauteur <\/em>seront d\u00e9sactiv\u00e9s\r\n        et <strong>vous pourrez utiliser la souris pour repositionner l'\u00e9l\u00e9ment<\/strong>, <strong>mais pas pour le redimensionner<\/strong>. <\/p>\r\n      <p class=\"body\"> Cette fonction est utile pour <strong>deux raisons<\/strong>:<\/p>\r\n      <ol>\r\n        <li class=\"body\">Le symbole codifique des <strong>donn\u00e9es statiques <\/strong>et vous voulez \u00eatre s\u00fbr que ses dimensions soient correctement d\u00e9finies\r\n          pour en assurer la lisibilit\u00e9.<\/li>\r\n        <li class=\"body\">Le symbole est <strong>reli\u00e9 \u00e0 une source de donn\u00e9es <\/strong>qui contient des <strong>informations de longueur variable<\/strong>,\r\n          et si vous souhaitez que les dimensions soient adapt\u00e9es aux donn\u00e9es cod\u00e9es de telle sorte que <strong>la lisibilit\u00e9 soit assur\u00e9e<\/strong>. <\/li>\r\n      <\/ol>\r\n      <p class=\"body\">Dans ce dernier sc\u00e9nario, la taille du code \u00e0 barres est diff\u00e9rente \u00e0 chaque position (ou \u00e9tiquette) et la s\u00e9lection du type de point fixe\r\n        d\u00e9terminera quel c\u00f4t\u00e9 de l'\u00e9l\u00e9ment sera conserv\u00e9 fixe et quel au contraire: <\/p>\r\n      <ul>\r\n        <li class=\"body\"><strong>Fix\u00e9 \u00e0 gauche<\/strong>: le c\u00f4t\u00e9 gauche de l'\u00e9l\u00e9ment est fixe, tandis que la partie droite est modifi\u00e9e en fonction du contenu. <\/li>\r\n        <li class=\"body\"><strong>Fix\u00e9 au centre<\/strong>: les c\u00f4t\u00e9s gauche et droit sont modifi\u00e9s proportionnellement \u00e0 maintenir l'axe horizontal de l'\u00e9l\u00e9ment. <\/li>\r\n        <li class=\"body\"><strong>Fix\u00e9 \u00e0 droite<\/strong>: le c\u00f4t\u00e9 droit de l'\u00e9l\u00e9ment est fixe tandis que le c\u00f4t\u00e9 gauche est modifi\u00e9e en fonction du contenu. <\/li>\r\n      <\/ul><\/td>\r\n  <\/tr>\r\n  <tr>\r\n    <td class=\"body\"><p class=\"body\">Dans l'exemple qui suit, un exemple d'un \u00e9l\u00e9ment code barres (code 128) avec le calibrage automatique et fix\u00e9 \u00e0 gauche, reli\u00e9 \u00e0 une source\r\n        de donn\u00e9es qui contient des informations d'adresse: m\u00eame si l'\u00e9l\u00e9ment est le m\u00eame, ses dimensions varient en fonction des informations \u00e0\r\n        coder.<\/p>\r\n      <p><img src=\"http:\/\/www.labeljoy.com\/user-guide-files\/fr\/2005_003.png\" align=\"left\" style=\"margin: 0px 24px 4px 0px\"><\/p><\/td>\r\n  <\/tr>\r\n<\/table>\n<\/div>\n","protected":false},"excerpt":{"rendered":"<p>Cette page fait r\u00e9f\u00e9rence \u00e0 Labeljoy 5, qui n&rsquo;est pas notre derni\u00e8re version. Effectuez une mise \u00e0 niveau vers Labeljoy 6 pour obtenir la derni\u00e8re version du logiciel avec toutes ses fonctionnalit\u00e9s \u00e9tonnantes ou, si vous l\u2019utilisez d\u00e9j\u00e0, visitez le guide de l\u2019utilisateur de Labeljoy 6.<\/p>\n","protected":false},"author":8,"featured_media":0,"parent":22289,"menu_order":0,"comment_status":"open","ping_status":"closed","template":"page-template-left-sidebar.php","meta":{"inline_featured_image":false,"_monsterinsights_skip_tracking":false,"_monsterinsights_sitenote_active":false,"_monsterinsights_sitenote_note":"","_monsterinsights_sitenote_category":0,"footnotes":""},"class_list":{"0":"post-22621","1":"page","2":"type-page","3":"status-publish","5":"infinite-scroll-item"},"aioseo_notices":[],"_links":{"self":[{"href":"https:\/\/www.labeljoy.com\/fr\/wp-json\/wp\/v2\/pages\/22621","targetHints":{"allow":["GET"]}}],"collection":[{"href":"https:\/\/www.labeljoy.com\/fr\/wp-json\/wp\/v2\/pages"}],"about":[{"href":"https:\/\/www.labeljoy.com\/fr\/wp-json\/wp\/v2\/types\/page"}],"author":[{"embeddable":true,"href":"https:\/\/www.labeljoy.com\/fr\/wp-json\/wp\/v2\/users\/8"}],"replies":[{"embeddable":true,"href":"https:\/\/www.labeljoy.com\/fr\/wp-json\/wp\/v2\/comments?post=22621"}],"version-history":[{"count":3,"href":"https:\/\/www.labeljoy.com\/fr\/wp-json\/wp\/v2\/pages\/22621\/revisions"}],"predecessor-version":[{"id":22737,"href":"https:\/\/www.labeljoy.com\/fr\/wp-json\/wp\/v2\/pages\/22621\/revisions\/22737"}],"up":[{"embeddable":true,"href":"https:\/\/www.labeljoy.com\/fr\/wp-json\/wp\/v2\/pages\/22289"}],"wp:attachment":[{"href":"https:\/\/www.labeljoy.com\/fr\/wp-json\/wp\/v2\/media?parent=22621"}],"curies":[{"name":"wp","href":"https:\/\/api.w.org\/{rel}","templated":true}]}}