{"id":22622,"date":"2014-11-20T10:06:57","date_gmt":"2014-11-20T10:06:57","guid":{"rendered":"http:\/\/www.labeljoy.com\/aide\/barcode-symbologies\/"},"modified":"2015-02-03T17:27:46","modified_gmt":"2015-02-03T17:27:46","slug":"symbologies-de-codes-barres","status":"publish","type":"page","link":"https:\/\/www.labeljoy.com\/fr\/aide\/symbologies-de-codes-barres\/","title":{"rendered":"Symbologies de codes barres"},"content":{"rendered":"<div data-partent=\"19635\" class=\"callout callout-warning\">\n<h4>Cette page fait r\u00e9f\u00e9rence \u00e0 Labeljoy 5, qui n&rsquo;est pas notre derni\u00e8re version.<\/h4>\n<p>Effectuez une <a href=\"\/fr\/achat\/\">mise \u00e0 niveau vers Labeljoy 6<\/a> pour obtenir la derni\u00e8re version du logiciel avec toutes ses fonctionnalit\u00e9s \u00e9tonnantes ou, si vous l\u2019utilisez d\u00e9j\u00e0, visitez le <a href=\"\/help-lj6\/\">guide de l\u2019utilisateur de Labeljoy 6<\/a>.<\/p>\n<\/div>\n<div id=\"help-guide\">\n\r\n<p class=\"title\">code-barres support\u00e9s<\/p>\n<p class=\"body\"> Voici une liste compl\u00e8te des code-barres g\u00e9n\u00e9r\u00e9s par Labeljoy.<\/p>\n<p class=\"body\"> Cliquez sur chacun des noms pour aller directement sur l\u0092explication d\u00e9taill\u00e9e des sp\u00e9cifications du code-barres.<\/p>\n<p class=\"body\"> Labeljoy g\u00e9n\u00e8re les types de <strong>code-barres lin\u00e9aires <\/strong>suivant:<\/p>\n<ul>\n  <li class=\"body\"><strong><a href=\"http:\/\/www.labeljoy.com\/fr\/aide\/ean13-fr\/\">EAN-13<\/a><\/strong><\/li>\n  <li class=\"body\"><strong><a href=\"http:\/\/www.labeljoy.com\/fr\/aide\/ean8-fr\/\">EAN-8<\/a><\/strong><\/li>\n  <li class=\"body\"><strong><a href=\"http:\/\/www.labeljoy.com\/fr\/aide\/ean128-fr\/\">EAN-128<\/a><\/strong><\/li>\n  <li class=\"body\"><strong><a href=\"http:\/\/www.labeljoy.com\/fr\/aide\/gs1128-fr\/\">GS1-128<\/a><\/strong><\/li>\n  <li class=\"body\"><strong><a href=\"http:\/\/www.labeljoy.com\/fr\/aide\/itf14-fr\/\">ITF-14<\/a><\/strong><\/li>\n  <li class=\"body\"><strong><a href=\"http:\/\/www.labeljoy.com\/fr\/aide\/upca-upce-fr\/\">UPC-A, UPC-E<\/a><\/strong><\/li>\n  <li class=\"body\"><strong><a href=\"http:\/\/www.labeljoy.com\/fr\/aide\/code-11-fr\/\">Code 11<\/a><\/strong><\/li>\n  <li class=\"body\"><strong><a href=\"http:\/\/www.labeljoy.com\/fr\/aide\/code-128-fr\/\">Code 128<\/a><\/strong><\/li>\n  <li class=\"body\"><strong><a href=\"http:\/\/www.labeljoy.com\/fr\/aide\/code-39-fr\/\">Code 39, Code 39 extended<\/a><\/strong><\/li>\n  <li class=\"body\"><strong><a href=\"http:\/\/www.labeljoy.com\/fr\/aide\/code-93-fr\/\">Code 93, Code 93 extended<\/a><\/strong><\/li>\n  <li class=\"body\"><strong><a href=\"http:\/\/www.labeljoy.com\/fr\/aide\/interleaved-2-of-5-fr\/\">Interleaved 2 of 5<\/a><\/strong><\/li>\n  <li class=\"body\"><strong><a href=\"http:\/\/www.labeljoy.com\/fr\/aide\/industrial-2-of-5-fr\/\">Industrial 2 of 5<\/a><\/strong><\/li>\n  <li class=\"body\"><strong><a href=\"http:\/\/www.labeljoy.com\/fr\/aide\/codabar-fr\/\">Codabar<\/a><\/strong><\/li>\n<\/ul>\n<p class=\"body\"> Les <strong>symboles postaux 2D suivant<\/strong>:<\/p>\n<ul class=\"body\">\n  <li class=\"body\"><strong><a href=\"http:\/\/www.labeljoy.com\/fr\/aide\/postnet-fr\/\">Postnet<\/a><\/strong><\/li>\n  <li class=\"body\"><strong><a href=\"http:\/\/www.labeljoy.com\/fr\/aide\/planet-fr\/\">Planet<\/a><\/strong><\/li>\n<\/ul>\n<p class=\"body\">Et les types de <strong>code-barres 2D<\/strong> suivant<strong>s<\/strong>:<\/p>\n<ul>\n  <li class=\"body\"><strong><a href=\"http:\/\/www.labeljoy.com\/fr\/aide\/data-matrix-fr\/\">Data Matrix<\/a><\/strong><\/li>\n  <li class=\"body\"><strong><a href=\"http:\/\/www.labeljoy.com\/fr\/aide\/qr-code-fr\/\">QR Code<\/a><\/strong><\/li>\n  <li class=\"body\"><strong><a href=\"http:\/\/www.labeljoy.com\/fr\/aide\/pdf417-fr\/\">PDF417<\/a><\/strong><\/li>\n<\/ul>\n\n<\/div>\n","protected":false},"excerpt":{"rendered":"<p>Cette page fait r\u00e9f\u00e9rence \u00e0 Labeljoy 5, qui n&rsquo;est pas notre derni\u00e8re version. Effectuez une mise \u00e0 niveau vers Labeljoy 6 pour obtenir la derni\u00e8re version du logiciel avec toutes ses fonctionnalit\u00e9s \u00e9tonnantes ou, si vous l\u2019utilisez d\u00e9j\u00e0, visitez le guide de l\u2019utilisateur de Labeljoy 6.<\/p>\n","protected":false},"author":8,"featured_media":0,"parent":22289,"menu_order":0,"comment_status":"open","ping_status":"closed","template":"page-template-left-sidebar.php","meta":{"inline_featured_image":false,"_monsterinsights_skip_tracking":false,"_monsterinsights_sitenote_active":false,"_monsterinsights_sitenote_note":"","_monsterinsights_sitenote_category":0,"footnotes":""},"class_list":{"0":"post-22622","1":"page","2":"type-page","3":"status-publish","5":"infinite-scroll-item"},"aioseo_notices":[],"_links":{"self":[{"href":"https:\/\/www.labeljoy.com\/fr\/wp-json\/wp\/v2\/pages\/22622","targetHints":{"allow":["GET"]}}],"collection":[{"href":"https:\/\/www.labeljoy.com\/fr\/wp-json\/wp\/v2\/pages"}],"about":[{"href":"https:\/\/www.labeljoy.com\/fr\/wp-json\/wp\/v2\/types\/page"}],"author":[{"embeddable":true,"href":"https:\/\/www.labeljoy.com\/fr\/wp-json\/wp\/v2\/users\/8"}],"replies":[{"embeddable":true,"href":"https:\/\/www.labeljoy.com\/fr\/wp-json\/wp\/v2\/comments?post=22622"}],"version-history":[{"count":3,"href":"https:\/\/www.labeljoy.com\/fr\/wp-json\/wp\/v2\/pages\/22622\/revisions"}],"predecessor-version":[{"id":22736,"href":"https:\/\/www.labeljoy.com\/fr\/wp-json\/wp\/v2\/pages\/22622\/revisions\/22736"}],"up":[{"embeddable":true,"href":"https:\/\/www.labeljoy.com\/fr\/wp-json\/wp\/v2\/pages\/22289"}],"wp:attachment":[{"href":"https:\/\/www.labeljoy.com\/fr\/wp-json\/wp\/v2\/media?parent=22622"}],"curies":[{"name":"wp","href":"https:\/\/api.w.org\/{rel}","templated":true}]}}