{"id":22638,"date":"2014-11-20T10:08:54","date_gmt":"2014-11-20T10:08:54","guid":{"rendered":"http:\/\/www.labeljoy.com\/aide\/ean13\/"},"modified":"2015-02-03T16:19:37","modified_gmt":"2015-02-03T16:19:37","slug":"ean13-fr","status":"publish","type":"page","link":"https:\/\/www.labeljoy.com\/fr\/aide\/ean13-fr\/","title":{"rendered":"Ean-13"},"content":{"rendered":"<div data-partent=\"19635\" class=\"callout callout-warning\">\n<h4>Cette page fait r\u00e9f\u00e9rence \u00e0 Labeljoy 5, qui n&rsquo;est pas notre derni\u00e8re version.<\/h4>\n<p>Effectuez une <a href=\"\/fr\/achat\/\">mise \u00e0 niveau vers Labeljoy 6<\/a> pour obtenir la derni\u00e8re version du logiciel avec toutes ses fonctionnalit\u00e9s \u00e9tonnantes ou, si vous l\u2019utilisez d\u00e9j\u00e0, visitez le <a href=\"\/help-lj6\/\">guide de l\u2019utilisateur de Labeljoy 6<\/a>.<\/p>\n<\/div>\n<div id=\"help-guide\">\n\r\n<p class=\"title\">ean-13<\/p>\r\n<p class=\"body\">Un code \u00e0 barres EAN-13 (en origine <strong>European Article Number<\/strong>, mais rebaptis\u00e9 <strong>International Article Number<\/strong>) est un code\r\n  barres standard \u00e0 13 chiffres (12 chiffres + un de contr\u00f4le). * <br\/>\r\n  Les codes \u00e0 barres EAN-13 sont utilis\u00e9s partout dans le monde pour le codage des produits habituellement utilis\u00e9s dans les points de vente. Les num\u00e9ros\r\n  cod\u00e9s en code \u00e0 barres EAN-13 sont des num\u00e9ros d'identification de produit, aussi appel\u00e9 Japanese Article Number (<strong>JAN<\/strong>) au Japon. Tous les\r\n  num\u00e9ros cod\u00e9s sont connus comme Global Trade Item Numbers (<strong>GTIN<\/strong>).*\r\n<p class=\"body\">Le codes barres EAN-13 peuventt \u00e9galement \u00eatre utilis\u00e9s pour encoder les num\u00e9ros RCN-13 (Restricted Circulation Numbers \u00e0 13 chiffres) utilis\u00e9s pour\r\n  identifier les produits vendus \u00e0 l'int\u00e9rieur d'un seul point de vente. Ce sont les nombre de 20xxxxxxxxxxx \u00e0 29xxxxxxxxxxx. \r\n<span>\r\n<table width=\"100%\" border=\"0\" cellspacing=\"2\" cellpadding=\"2\">\r\n  <tr>\r\n    <td width=\"16%\" class=\"images\"><img src=\"http:\/\/www.labeljoy.com\/user-guide-files\/fr\/bcd_ean13_1.png\"><\/td>\r\n    <td width=\"84%\"><p class=\"body\">Labeljoy exige que vous tapez <strong>12 chiffres <\/strong>pour g\u00e9n\u00e9rer le code barres. <br\/>\r\n        Tapez les 12 chiffres dans la <strong>bo\u00eete de texte en bas<\/strong>. <br\/>\r\n        Le 13\u00e8me chiffre de contr\u00f4le sera <strong>calcul\u00e9 automatiquement<\/strong>.<\/p><\/td>\r\n  <\/tr>\r\n  <tr class=\"images\">\r\n    <td align=\"left\" valign=\"middle\" class=\"images\">Symbole  EAN-13<\/td>\r\n  <\/tr>\r\n<\/table>\r\n<\/span>\r\n<p>Les codes barres EAN-13 peuvent \u00e9ventuellement coder <strong>2 ou 5 chiffres suppl\u00e9mentaires <\/strong>(add-on). Pour ajouter un <em>add-on <\/em>optionnel,\r\n  tapez le caract\u00e8re - (moins) apr\u00e8s les 12 chiffres et puis les 2 ou 5 chiffres suppl\u00e9mentaires.<\/p>\r\n<table width=\"100%\" border=\"0\" cellspacing=\"2\" cellpadding=\"2\">\r\n  <tr>\r\n    <td width=\"33%\" align=\"center\" valign=\"middle\"><img src=\"http:\/\/www.labeljoy.com\/user-guide-files\/fr\/bcd_ean13_4.png\"><\/td>\r\n    <td width=\"33%\" align=\"center\" valign=\"middle\"><img src=\"http:\/\/www.labeljoy.com\/user-guide-files\/fr\/bcd_ean13_5.png\"><\/td>\r\n  <\/tr>\r\n  <tr>\r\n    <td align=\"center\" valign=\"middle\" class=\"images\">EAN-13 avec add-on \u00e0 2 chiffres<\/td>\r\n    <td align=\"center\" valign=\"middle\" class=\"images\">EAN-13 avec add-on \u00e0 5 chiffres<\/td>\r\n  <\/tr>\r\n<\/table>\r\n<p class=\"note\"><strong>Concat\u00e9nation du texte:<\/strong> <br\/>\r\n  Quand un code barres EAN-13 est g\u00e9n\u00e9r\u00e9 par concat\u00e9nation des champs ou des compteurs, les r\u00e8gles suivantes s'appliquent: <br\/>\r\n  - Pour le code principal, seuls les 12 premier\u00e8s chiffres sont prises en compte. <br\/>\r\n  - Pour 2 ou 5 chiffres suppl\u00e9mentaires il faut ajouter un signe moins (-) s\u00e9parateur suivi de 2 ou 5 chiffres. <br\/>\r\n  Quand le logiciel trouve une valeur qui ne se conforme pas \u00e0 ces r\u00e8gles, le code barres ne s'affiche pas. <\/p>\r\n<p class=\"body\">Le <em>texte en clair <\/em>peut aussi \u00eatre affich\u00e9 <strong>au-dessus du symbole <\/strong>ou <strong>cach\u00e9<\/strong>, selon la configuration dans la liste\r\n  d\u00e9roulante <strong>Texte<\/strong>.<\/p>\r\n<table width=\"100%\" border=\"0\" cellspacing=\"2\" cellpadding=\"2\">\r\n  <tr>\r\n    <td width=\"33%\" align=\"center\" valign=\"middle\"><span class=\"images\"><img src=\"http:\/\/www.labeljoy.com\/user-guide-files\/fr\/bcd_ean13_2.png\"><\/span><\/span><\/td>\r\n    <td width=\"34%\" align=\"center\" valign=\"middle\"><span class=\"images\"><img src=\"http:\/\/www.labeljoy.com\/user-guide-files\/fr\/bcd_ean13_3.png\"><\/span><\/td>\r\n  <\/tr>\r\n  <tr>\r\n    <td align=\"center\" valign=\"middle\" class=\"images\">EAN-13 avec le texte au dessus du symbole<\/td>\r\n    <td align=\"center\" valign=\"middle\" class=\"images\">EAN-13 avec le texte au dessous du symbole<\/td>\r\n  <\/tr>\r\n<\/table>\r\n<p class=\"body\">* Source <a href=\"http:\/\/en.wikipedia.org\/wiki\/International_Article_Number_(EAN)\" title=\"wikipedia\" target=\"_blank\">wikipedia<\/a>.<\/p>\n<\/div>\n","protected":false},"excerpt":{"rendered":"<p>Cette page fait r\u00e9f\u00e9rence \u00e0 Labeljoy 5, qui n&rsquo;est pas notre derni\u00e8re version. Effectuez une mise \u00e0 niveau vers Labeljoy 6 pour obtenir la derni\u00e8re version du logiciel avec toutes ses fonctionnalit\u00e9s \u00e9tonnantes ou, si vous l\u2019utilisez d\u00e9j\u00e0, visitez le guide de l\u2019utilisateur de Labeljoy 6.<\/p>\n","protected":false},"author":8,"featured_media":0,"parent":22289,"menu_order":0,"comment_status":"open","ping_status":"closed","template":"page-template-left-sidebar.php","meta":{"inline_featured_image":false,"_monsterinsights_skip_tracking":false,"_monsterinsights_sitenote_active":false,"_monsterinsights_sitenote_note":"","_monsterinsights_sitenote_category":0,"footnotes":""},"class_list":{"0":"post-22638","1":"page","2":"type-page","3":"status-publish","5":"infinite-scroll-item"},"aioseo_notices":[],"_links":{"self":[{"href":"https:\/\/www.labeljoy.com\/fr\/wp-json\/wp\/v2\/pages\/22638","targetHints":{"allow":["GET"]}}],"collection":[{"href":"https:\/\/www.labeljoy.com\/fr\/wp-json\/wp\/v2\/pages"}],"about":[{"href":"https:\/\/www.labeljoy.com\/fr\/wp-json\/wp\/v2\/types\/page"}],"author":[{"embeddable":true,"href":"https:\/\/www.labeljoy.com\/fr\/wp-json\/wp\/v2\/users\/8"}],"replies":[{"embeddable":true,"href":"https:\/\/www.labeljoy.com\/fr\/wp-json\/wp\/v2\/comments?post=22638"}],"version-history":[{"count":2,"href":"https:\/\/www.labeljoy.com\/fr\/wp-json\/wp\/v2\/pages\/22638\/revisions"}],"predecessor-version":[{"id":22674,"href":"https:\/\/www.labeljoy.com\/fr\/wp-json\/wp\/v2\/pages\/22638\/revisions\/22674"}],"up":[{"embeddable":true,"href":"https:\/\/www.labeljoy.com\/fr\/wp-json\/wp\/v2\/pages\/22289"}],"wp:attachment":[{"href":"https:\/\/www.labeljoy.com\/fr\/wp-json\/wp\/v2\/media?parent=22638"}],"curies":[{"name":"wp","href":"https:\/\/api.w.org\/{rel}","templated":true}]}}