{"id":22639,"date":"2014-11-20T10:17:38","date_gmt":"2014-11-20T10:17:38","guid":{"rendered":"http:\/\/www.labeljoy.com\/aide\/ean8\/"},"modified":"2015-02-03T17:47:12","modified_gmt":"2015-02-03T17:47:12","slug":"ean8-fr","status":"publish","type":"page","link":"https:\/\/www.labeljoy.com\/fr\/aide\/ean8-fr\/","title":{"rendered":"Ean-8"},"content":{"rendered":"<div data-partent=\"19635\" class=\"callout callout-warning\">\n<h4>Cette page fait r\u00e9f\u00e9rence \u00e0 Labeljoy 5, qui n&rsquo;est pas notre derni\u00e8re version.<\/h4>\n<p>Effectuez une <a href=\"\/fr\/achat\/\">mise \u00e0 niveau vers Labeljoy 6<\/a> pour obtenir la derni\u00e8re version du logiciel avec toutes ses fonctionnalit\u00e9s \u00e9tonnantes ou, si vous l\u2019utilisez d\u00e9j\u00e0, visitez le <a href=\"\/help-lj6\/\">guide de l\u2019utilisateur de Labeljoy 6<\/a>.<\/p>\n<\/div>\n<div id=\"help-guide\">\n\r\n<p class=\"title\">ean-8<\/p>\r\n<p class=\"body\">Un code barres <strong>EAN-8<\/strong> est un d\u00e9riv\u00e9 du plus long <strong>European Article Number <\/strong>(<a href=\"http:\/\/www.labeljoy.com\/fr\/aide\/ean13-fr\/\">EAN-13<\/a>). Il a \u00e9t\u00e9 introduit pour \u00eatre\r\n  utilis\u00e9 sur petits paquets pour lesquels un code EAN-13 serait trop grand: par exemple les paquets de cigarettes, de crayons et de gommes \u00e0 m\u00e2cher. Les\r\n  codes EAN-8 peuvent \u00eatre utilis\u00e9s pour coder les codes GTIN-8, un autre ensemble d'identificateurs de produits du syst\u00e8me GS1. Il commence avec un pr\u00e9fixe\r\n  de 2 ou 3 chiffres (attribu\u00e9 par les autorit\u00e9s GS1 pr\u00e9sentes dans chaque pays), 4 ou 5 num\u00e9ros relatifs \u00e0 l'article (en fonction de la longueur du pr\u00e9fixe)\r\n  et un caract\u00e8re de contr\u00f4le. <br\/>\r\n  Les codes EAN-8 sont communs partout dans le monde, et les entreprises peuvent les utiliser ui pour encoder les nombres RCN-8 (Restricted Circulation\r\n  Numbers \u00e0 8 chiffres) utilis\u00e9s pour identifier les produits vendus dans un point de vente unique. Ce sont les chiffres qui vont de 0xxx \u00e0 2xxx xxxx xxxx.*<\/p>\r\n<span>\r\n<table width=\"100%\" border=\"0\" cellspacing=\"2\" cellpadding=\"2\">\r\n  <tr>\r\n    <td width=\"13%\" class=\"images\"><img src=\"http:\/\/www.labeljoy.com\/user-guide-files\/fr\/bcd_ean8_1.png\"><\/td>\r\n    <td width=\"87%\"><p class=\"body\">Labeljoy exige que vous <strong>tapez 7 chiffres <\/strong>pour g\u00e9n\u00e9rer le code barres. <br\/>\r\n        Tapez les 7 chiffres dans la <strong>bo\u00eete de texte en bas<\/strong>. <br\/>\r\n        Le huiti\u00e8me chiffre de contr\u00f4le sera <strong>calcul\u00e9 automatiquement<\/strong>. <\/p><\/td>\r\n  <\/tr>\r\n  <tr class=\"images\">\r\n    <td align=\"left\" valign=\"middle\" class=\"images\">Symbole EAN-8<\/td>\r\n  <\/tr>\r\n<\/table>\r\n<\/span>\r\n<p>Les codes barres EAN-8 peuvent \u00e9ventuellement coder <strong>2 ou 5 chiffres suppl\u00e9mentaires <\/strong>(add-on). Pour ajouter un <em>add-on <\/em>optionnel,\r\n  tapez le caract\u00e8re - (moins) apr\u00e8s les 8 chiffres et puis les 2 ou 5 chiffres suppl\u00e9mentaires. <\/p>\r\n<table width=\"100%\" border=\"0\" cellspacing=\"2\" cellpadding=\"2\">\r\n  <tr>\r\n    <td width=\"33%\" align=\"center\" valign=\"middle\"><img src=\"http:\/\/www.labeljoy.com\/user-guide-files\/fr\/bcd_ean8_4.png\"><\/td>\r\n    <td width=\"33%\" align=\"center\" valign=\"middle\"><img src=\"http:\/\/www.labeljoy.com\/user-guide-files\/fr\/bcd_ean8_5.png\"><\/td>\r\n  <\/tr>\r\n  <tr>\r\n    <td align=\"center\" valign=\"middle\" class=\"images\">EAN-8 avec add-on \u00e0 2 chiffres<\/td>\r\n    <td align=\"center\" valign=\"middle\" class=\"images\"> EAN-8 avec add-on \u00e0 5 chiffres<\/td>\r\n  <\/tr>\r\n<\/table>\r\n<p class=\"note\"><strong>Concat\u00e9nation du texte:<\/strong> <br\/>\r\n  Quand un code barres EAN-8 est g\u00e9n\u00e9r\u00e9 par concat\u00e9nation des champs ou des compteurs, les r\u00e8gles suivantes s'appliquent: <br\/>\r\n  - Pour le code principal, seuls les 7 premier\u00e8s chiffres sont prises en compte. <br\/>\r\n  - Pour 2 ou 5 chiffres suppl\u00e9mentaires il faut ajouter un signe moins (-) s\u00e9parateur suivi de 2 ou 5 chiffres. <br\/>\r\n  Quand le logiciel trouve une valeur qui ne se conforme pas \u00e0 ces r\u00e8gles, le code barres ne s'affiche pas. <\/p>\r\n<p class=\"body\">Le <em>texte en clair <\/em>peut aussi \u00eatre affich\u00e9 <strong>au-dessus du symbole <\/strong>ou <strong>cach\u00e9<\/strong>, selon la configuration dans la liste\r\n  d\u00e9roulante <strong>Texte<\/strong>.<\/p>\r\n<table width=\"100%\" border=\"0\" cellspacing=\"2\" cellpadding=\"2\">\r\n  <tr>\r\n    <td width=\"33%\" align=\"center\" valign=\"middle\"><span class=\"images\"><img src=\"http:\/\/www.labeljoy.com\/user-guide-files\/fr\/bcd_ean8_2.png\"><\/span><\/span><\/td>\r\n    <td width=\"34%\" align=\"center\" valign=\"middle\"><span class=\"images\"><img src=\"http:\/\/www.labeljoy.com\/user-guide-files\/fr\/bcd_ean8_3.png\"><\/span><\/td>\r\n  <\/tr>\r\n  <tr>\r\n    <td align=\"center\" valign=\"middle\"><span class=\"images\"> EAN-8 avec le texte au dessus du symbole<\/span><\/td>\r\n    <td align=\"center\" valign=\"middle\" class=\"images\"><span class=\"images\">EAN-8 avec le texte cach\u00e9<\/span><\/td>\r\n  <\/tr>\r\n<\/table>\r\n<p class=\"body\">* From <a href=\"http:\/\/en.wikipedia.org\/wiki\/EAN-8\" title=\"wikipedia\" target=\"_blank\">wikipedia<\/a>.<\/p>\n<\/div>\n","protected":false},"excerpt":{"rendered":"<p>Cette page fait r\u00e9f\u00e9rence \u00e0 Labeljoy 5, qui n&rsquo;est pas notre derni\u00e8re version. Effectuez une mise \u00e0 niveau vers Labeljoy 6 pour obtenir la derni\u00e8re version du logiciel avec toutes ses fonctionnalit\u00e9s \u00e9tonnantes ou, si vous l\u2019utilisez d\u00e9j\u00e0, visitez le guide de l\u2019utilisateur de Labeljoy 6.<\/p>\n","protected":false},"author":8,"featured_media":0,"parent":22289,"menu_order":0,"comment_status":"open","ping_status":"closed","template":"page-template-left-sidebar.php","meta":{"inline_featured_image":false,"_monsterinsights_skip_tracking":false,"_monsterinsights_sitenote_active":false,"_monsterinsights_sitenote_note":"","_monsterinsights_sitenote_category":0,"footnotes":""},"class_list":{"0":"post-22639","1":"page","2":"type-page","3":"status-publish","5":"infinite-scroll-item"},"aioseo_notices":[],"_links":{"self":[{"href":"https:\/\/www.labeljoy.com\/fr\/wp-json\/wp\/v2\/pages\/22639","targetHints":{"allow":["GET"]}}],"collection":[{"href":"https:\/\/www.labeljoy.com\/fr\/wp-json\/wp\/v2\/pages"}],"about":[{"href":"https:\/\/www.labeljoy.com\/fr\/wp-json\/wp\/v2\/types\/page"}],"author":[{"embeddable":true,"href":"https:\/\/www.labeljoy.com\/fr\/wp-json\/wp\/v2\/users\/8"}],"replies":[{"embeddable":true,"href":"https:\/\/www.labeljoy.com\/fr\/wp-json\/wp\/v2\/comments?post=22639"}],"version-history":[{"count":3,"href":"https:\/\/www.labeljoy.com\/fr\/wp-json\/wp\/v2\/pages\/22639\/revisions"}],"predecessor-version":[{"id":22747,"href":"https:\/\/www.labeljoy.com\/fr\/wp-json\/wp\/v2\/pages\/22639\/revisions\/22747"}],"up":[{"embeddable":true,"href":"https:\/\/www.labeljoy.com\/fr\/wp-json\/wp\/v2\/pages\/22289"}],"wp:attachment":[{"href":"https:\/\/www.labeljoy.com\/fr\/wp-json\/wp\/v2\/media?parent=22639"}],"curies":[{"name":"wp","href":"https:\/\/api.w.org\/{rel}","templated":true}]}}