{"id":22640,"date":"2014-11-20T10:45:23","date_gmt":"2014-11-20T10:45:23","guid":{"rendered":"http:\/\/www.labeljoy.com\/aide\/ean128\/"},"modified":"2015-02-03T17:46:31","modified_gmt":"2015-02-03T17:46:31","slug":"ean128-fr","status":"publish","type":"page","link":"https:\/\/www.labeljoy.com\/fr\/aide\/ean128-fr\/","title":{"rendered":"Ean-128"},"content":{"rendered":"<div data-partent=\"19635\" class=\"callout callout-warning\">\n<h4>Cette page fait r\u00e9f\u00e9rence \u00e0 Labeljoy 5, qui n&rsquo;est pas notre derni\u00e8re version.<\/h4>\n<p>Effectuez une <a href=\"\/fr\/achat\/\">mise \u00e0 niveau vers Labeljoy 6<\/a> pour obtenir la derni\u00e8re version du logiciel avec toutes ses fonctionnalit\u00e9s \u00e9tonnantes ou, si vous l\u2019utilisez d\u00e9j\u00e0, visitez le <a href=\"\/help-lj6\/\">guide de l\u2019utilisateur de Labeljoy 6<\/a>.<\/p>\n<\/div>\n<div id=\"help-guide\">\n\r\n<p class=\"title\">ean-128<\/p>\r\n<p class=\"body\"><strong>EAN-128<\/strong> est une symbologie d\u00e9riv\u00e9e de la plus ancienne Code-128, une <strong>symbologie \u00e0 tr\u00e8s haute densit\u00e9<\/strong>. Elle est utilis\u00e9 pour les codes barres <strong>alphanum\u00e9riques<\/strong> ou <strong>seulement num\u00e9riques<\/strong>. Elle peut encoder tous les 128 caract\u00e8res ASCII. *<\/p>\r\n<p class=\"body\">La symbologie EAN-128 diff\u00e8re de la symbologie <a href=\"http:\/\/www.labeljoy.com\/fr\/aide\/code-128-fr\/\">Code 128<\/a> par la <strong>mise en \u009cuvre du caract\u00e8re FNC1<\/strong>, utilis\u00e9 comme un <strong>caract\u00e8re de d\u00e9but <\/strong>et de <strong>s\u00e9paration<\/strong>. <br\/>\r\n  Le caract\u00e8re FNC1 est <strong>implicitement ajout\u00e9 au d\u00e9but du symbole<\/strong>, tel que requis par les param\u00e8tres EAN-128 et, \u00e0 partir de la version 4.5,\r\n  les symboles EAN-128 g\u00e9n\u00e9r\u00e9s par Labejoy <strong>supportent le s\u00e9parateur FNC1<\/strong>. <br\/>\r\n  Utilisez le <strong>caract\u00e8re | (pipe)<\/strong> pour d\u00e9finir les points o\u00f9 vous voulez avoir represent\u00e9 le s\u00e9parateur FNC1. <br\/>\r\n  Par exemple, le texte 123456|ABCDE sera interpr\u00e9t\u00e9 par Labeljoy comme 123456[FNC1]ABCDE et le symbole sera g\u00e9n\u00e9r\u00e9 en cons\u00e9quence.<\/p>\r\n<p class=\"body\">En Labeljoy vous pouvez utiliser l'EAN-128 symbologie pour g\u00e9n\u00e9rer des codes barres <strong>similaires \u00e0 ceux cr\u00e9\u00e9s avec la symbologie <\/strong> <a href=\"http:\/\/www.labeljoy.com\/fr\/aide\/gs1128-fr\/\">GS1-128<\/a>, mais enti\u00e8rement personnalisable et <strong>sans les restrictions <\/strong>impos\u00e9es par le sp\u00e9cifique GS1-128.<\/p>\r\n<p class=\"body\">Labeljoy vous demande de taper un texte <strong>alphanum\u00e9rique d'une longueur maximale de 48 caract\u00e8res<\/strong>. Tapez le texte dans la bo\u00eete relative. <br\/>\r\n  Le texte en clair peut aussi \u00eatre affich\u00e9 <strong>au-dessus du symbole <\/strong>ou <strong>cach\u00e9<\/strong>, selon la configuration dans la liste d\u00e9roulante <strong>Texte<\/strong>. <\/p>\r\n<p class=\"note\"><strong>Concat\u00e9nation du texte:<\/strong> <br\/>\r\n  Quand un code barres EAN-8 est g\u00e9n\u00e9r\u00e9 par concat\u00e9nation des champs ou des compteurs, les r\u00e8gles suivantes s'appliquent: <br\/>\r\n  - Le texte ne doit pas d\u00e9passer 48 caract\u00e8res. <br\/>\r\n  Quand le logiciel trouve une valeur qui ne se conforme pas \u00e0 ces r\u00e8gles, le code barres ne s'affiche pas. <br\/>\r\n  En outre, tous les caract\u00e8res dont les valeurs ASCII sup\u00e9rieures \u00e0 127 seront supprim\u00e9es, \u00e0 l'exception du caract\u00e8re | (pipe) qui sera interpr\u00e9t\u00e9 comme une\r\n  marque substitutive du caract\u00e8re FNC1. <\/p>\r\n<table border=\"0\" cellpadding=\"2\" cellspacing=\"2\" class=\"images\">\r\n  <tr>\r\n    <td valign=\"bottom\" class=\"imagesLeft\"><img src=\"http:\/\/www.labeljoy.com\/user-guide-files\/fr\/bcd_ean128_1.png\"><\/td>\r\n  <\/tr>\r\n  <tr>\r\n    <td valign=\"top\" class=\"imagesLeft\">EAN-128 qui codifie le texte <strong>20abcd40ABCD60<\/strong> (sans s\u00e9parateurs FNC1)<\/td>\r\n  <\/tr>\r\n  <tr>\r\n    <td  valign=\"bottom\" class=\"imagesLeft\"><img src=\"http:\/\/www.labeljoy.com\/user-guide-files\/fr\/bcd_ean128_2.png\"><\/td>\r\n  <\/tr>\r\n  <tr>\r\n    <td valign=\"top\" class=\"imagesLeft\">EAN-128 qui codifie le texte <strong>20abcd40|ABCD60<\/strong> qui est represent\u00e9 comme <strong>20abcd40[FNC1]ABCD60<\/strong> (un s\u00e9parateur\r\n      FNC1)<\/td>\r\n  <\/tr>\r\n  <tr>\r\n    <td valign=\"bottom\" class=\"imagesLeft\"><img src=\"http:\/\/www.labeljoy.com\/user-guide-files\/fr\/bcd_ean128_3.png\"><\/td>\r\n  <\/tr>\r\n  <tr>\r\n    <td valign=\"top\" class=\"imagesLeft\">EAN-128 qui codifie le texte <strong>20|abcd|40|ABCD|60 <\/strong><strong>qui est represent\u00e9 comme <\/strong> <strong>20[FNC1]abcd[FNC1]40[FNC1]ABCD[FNC1]60<\/strong> (quatre s\u00e9parateurs FNC1)<\/td>\r\n  <\/tr>\r\n<\/table>\r\n<p class=\"body\">* Source <a href=\"http:\/\/en.wikipedia.org\/wiki\/Code_128\" title=\"wikipedia\" target=\"_blank\">wikipedia<\/a>.<\/p>\n<\/div>\n","protected":false},"excerpt":{"rendered":"<p>Cette page fait r\u00e9f\u00e9rence \u00e0 Labeljoy 5, qui n&rsquo;est pas notre derni\u00e8re version. Effectuez une mise \u00e0 niveau vers Labeljoy 6 pour obtenir la derni\u00e8re version du logiciel avec toutes ses fonctionnalit\u00e9s \u00e9tonnantes ou, si vous l\u2019utilisez d\u00e9j\u00e0, visitez le guide de l\u2019utilisateur de Labeljoy 6.<\/p>\n","protected":false},"author":8,"featured_media":0,"parent":22289,"menu_order":0,"comment_status":"open","ping_status":"closed","template":"page-template-left-sidebar.php","meta":{"inline_featured_image":false,"_monsterinsights_skip_tracking":false,"_monsterinsights_sitenote_active":false,"_monsterinsights_sitenote_note":"","_monsterinsights_sitenote_category":0,"footnotes":""},"class_list":{"0":"post-22640","1":"page","2":"type-page","3":"status-publish","5":"infinite-scroll-item"},"aioseo_notices":[],"_links":{"self":[{"href":"https:\/\/www.labeljoy.com\/fr\/wp-json\/wp\/v2\/pages\/22640","targetHints":{"allow":["GET"]}}],"collection":[{"href":"https:\/\/www.labeljoy.com\/fr\/wp-json\/wp\/v2\/pages"}],"about":[{"href":"https:\/\/www.labeljoy.com\/fr\/wp-json\/wp\/v2\/types\/page"}],"author":[{"embeddable":true,"href":"https:\/\/www.labeljoy.com\/fr\/wp-json\/wp\/v2\/users\/8"}],"replies":[{"embeddable":true,"href":"https:\/\/www.labeljoy.com\/fr\/wp-json\/wp\/v2\/comments?post=22640"}],"version-history":[{"count":3,"href":"https:\/\/www.labeljoy.com\/fr\/wp-json\/wp\/v2\/pages\/22640\/revisions"}],"predecessor-version":[{"id":22740,"href":"https:\/\/www.labeljoy.com\/fr\/wp-json\/wp\/v2\/pages\/22640\/revisions\/22740"}],"up":[{"embeddable":true,"href":"https:\/\/www.labeljoy.com\/fr\/wp-json\/wp\/v2\/pages\/22289"}],"wp:attachment":[{"href":"https:\/\/www.labeljoy.com\/fr\/wp-json\/wp\/v2\/media?parent=22640"}],"curies":[{"name":"wp","href":"https:\/\/api.w.org\/{rel}","templated":true}]}}