{"id":22641,"date":"2014-11-20T10:47:36","date_gmt":"2014-11-20T10:47:36","guid":{"rendered":"http:\/\/www.labeljoy.com\/aide\/gs1128\/"},"modified":"2015-02-03T17:47:49","modified_gmt":"2015-02-03T17:47:49","slug":"gs1128-fr","status":"publish","type":"page","link":"https:\/\/www.labeljoy.com\/fr\/aide\/gs1128-fr\/","title":{"rendered":"Gs1-128"},"content":{"rendered":"<div data-partent=\"19635\" class=\"callout callout-warning\">\n<h4>Cette page fait r\u00e9f\u00e9rence \u00e0 Labeljoy 5, qui n&rsquo;est pas notre derni\u00e8re version.<\/h4>\n<p>Effectuez une <a href=\"\/fr\/achat\/\">mise \u00e0 niveau vers Labeljoy 6<\/a> pour obtenir la derni\u00e8re version du logiciel avec toutes ses fonctionnalit\u00e9s \u00e9tonnantes ou, si vous l\u2019utilisez d\u00e9j\u00e0, visitez le <a href=\"\/help-lj6\/\">guide de l\u2019utilisateur de Labeljoy 6<\/a>.<\/p>\n<\/div>\n<div id=\"help-guide\">\n\r\n<p class=\"title\">gs1-128<\/p>\r\n<p class=\"online\"><strong>Ressources en ligne:<\/strong><br>\r\n  Tutoriel: <a href=\"http:\/\/www.labeljoy.com\/fr\/assistance\/comment-faire\/generer-codes-barres-gs1-128\/\" title=\"G\u00e9n\u00e9ration de codes barres GS1-128\" target=\"_blank\">G\u00e9n\u00e9ration des codes \u00e0 barres GS1-128<\/a><\/p>\r\n<p class=\"body\"> <strong>GS1-128<\/strong> est un standard applicatif de l'<strong>impl\u00e9mentation GS1<\/strong> qui utilise les sp\u00e9cifiques de la symbologie <a href=\"http:\/\/www.labeljoy.com\/fr\/aide\/code-128-fr\/\">Code 128<\/a>. GS1-128 utilise une s\u00e9rie de <strong>Application Identifiers<\/strong> pour inclure des donn\u00e9es suppl\u00e9mentaires telles que les <em>dates de p\u00e9remption<\/em>, <em>les num\u00e9ros de loterie, les quantit\u00e9s, les poids<\/em> et de nombreux autres attributs n\u00e9cessaires par l'utilisateur.*<\/p>\r\n<p class=\"note\"><strong>Note<\/strong>: <br\/>\r\n  Les d\u00e9tails de l'sp\u00e9cifique GS1-128 ne peuvent pas \u00eatre d\u00e9crites dans ce guide en ligne. <br\/>\r\n  Plus d'informations peuvent \u00eatre trouv\u00e9es sur le site officiel de la GS1: <a href=\"http:\/\/www.gs1.org\/\" target=\"_blank\">www.gs1.org<\/a>. <\/p>\r\n<p class=\"body\">Pour g\u00e9n\u00e9rer <strong>un symbole qui soit conforme aux sp\u00e9cifications du GS1-128 <\/strong>en Labeljoy vous devez taper cha\u00eene dans son format <em>textuel<\/em>. Labeljoy validera le texte par son <strong>moteur interne de validation de r\u00e8gles GS1-128 <\/strong>et g\u00e9n\u00e9rera le symbole correspondant,\r\n  ou affichera un message d'erreur qui indique la cause du probl\u00e8me. <br\/>\r\n  Par exemple, en tapant le texte <strong>(00)123456789012345678<\/strong> Labeljoy va cr\u00e9er un symbole GS1-128 qui permettra d'identifier l' <strong>Application Identifier (00) Serial Shipping Container Code (SSCC-18)<\/strong>. <\/p>\r\n<p class=\"note\"><strong>Caract\u00e8res de contr\u00f4le module 10<\/strong>: <br\/>\r\n  Certains AI (application identifier) n\u00e9cessitent d'un <strong>caract\u00e8re de contr\u00f4le module 10<\/strong>. En cas de besoin, Labeljoy <strong>calculera automatiquement le chiffre de contr\u00f4le, ind\u00e9pendamment de l'entr\u00e9e re\u00e7ue<\/strong>. <br\/>\r\n  Par exemple, le code SSCC-18 d\u00e9crit ci-dessus n\u00e9cessite d'un caract\u00e8re de contr\u00f4le dans la derni\u00e8re position qui est en fait 5 et non pas 8. Dans ces cas,\r\n  il n'y aura pas de message d'erreur: <strong>Labeljoy remplacera tout simplement le caract\u00e8re de contr\u00f4le avec celui correct<\/strong>. <br\/>\r\n  Donc, si vous n'\u00eates pas en mesure de calculer un caract\u00e8re de contr\u00f4le, <strong>entrez un chiffre quelconque \u00e0 sa place<\/strong>. <\/p>\r\n<p class=\"note\"><strong>S\u00e9parateurs FNC1<\/strong>: <br\/>\r\n  Quand 2 ou plusieurs AI (application identifier) doiventt \u00eatre cod\u00e9s dans le m\u00eame symbole, les sp\u00e9cifiques GS1-128<strong>pourraient exiger la pr\u00e9sence d'un ou plusieurs caract\u00e8res de s\u00e9paration FNC1<\/strong>. <strong>Labeljoy identifiera automatiquement les points o\u00f9 les s\u00e9parateurs sont n\u00e9cessaires <\/strong>et les ajoutera en cons\u00e9quence <br\/>\r\n  Labeljoy n'exige aucune entr\u00e9e particuli\u00e8re pour g\u00e9rer correctement FNC1 s\u00e9parateur. <br\/>\r\n  <br\/>\r\n  <strong>IMPORTANT<\/strong> : les s\u00e9parateurs FNC1 <strong>n'ont pas un caract\u00e8re correspondant au format texte lisible<\/strong>, ils sont seulement encod\u00e9es dans le code barres.\r\n  L'interpr\u00e9tation des caract\u00e8res FNC1 varie en fonction du lecteur de codes barres utilis\u00e9, mais est normalement <strong>d\u00e9cod\u00e9 comme le caract\u00e8re ASCII 29<\/strong>. <br\/>\r\n  <br\/>\r\n  Si vous avez besoin de cr\u00e9er des symboles personnalis\u00e9s qui utilisent le caract\u00e8re de s\u00e9paration FNC1, utilisez la symbologie <a href=\"http:\/\/www.labeljoy.com\/fr\/aide\/ean128-fr\/\">EAN-128<\/a>. <\/p>\r\n<p class=\"body\">Labeljoy vous demande de taper un texte alphanum\u00e9rique <strong>d'une longueur maximale de 255 caract\u00e8res<\/strong>. Tapez le texte dans la bo\u00eete relative. <br\/>\r\n  Le texte en clair peut aussi \u00eatre affich\u00e9 <strong>au-dessus du symbole <\/strong>ou <strong>cach\u00e9<\/strong>, selon la configuration dans la liste d\u00e9roulante <strong>Texte<\/strong>. <\/p>\r\n<p class=\"body\">La case de contr\u00f4le <em>V\u00e9rifier s\u00e9quence AI <\/em>impose une r\u00e8gle GS1-128 suppl\u00e9mentaire qui r\u00e9gule la concat\u00e9nation de certains AI. <br\/>\r\n  Par exemple, quand vous utilisez l'AI 02 (Number of containers) le symbole doit \u00e9galement contenir l'AI 00 (Serial Shipping Container Code) et l'AI 37\r\n  (Number of Units Contained). <br\/>\r\n  En outre, l'AI 02 ne devrait jamais \u00eatre cod\u00e9 dans le symbole dans lequel appara\u00eet l'AI 01 (Code Shipping Container) et l'AI 8006 (Component of an\r\n  Article), car ils repr\u00e9sentent des donn\u00e9es qui, combin\u00e9es, seraient d\u00e9nu\u00e9es de sens. <br\/>\r\n  Gardez cette case active pour cr\u00e9er des symboles GS1-128 qui <strong>respectent pleinement les r\u00e8gles GS1-128<\/strong>. <\/p>\r\n<p class=\"note\"><strong>Concat\u00e9nation du texte:<\/strong> <br\/>\r\n  Quand un code barres GS1-128 est g\u00e9n\u00e9r\u00e9 par concat\u00e9nation des champs ou des compteurs, les r\u00e8gles suivantes s'appliquent: <br\/>\r\n  - Le texte ne doit pas d\u00e9passer 255 caract\u00e8res. <br\/>\r\n  - Le text doit respecter les r\u00e8gles GS1-128. <br\/>\r\n  Quand le logiciel trouve une valeur qui ne se conforme pas \u00e0 ces r\u00e8gles, le code barres ne s'affiche pas. <\/p>\r\n<table border=\"0\" cellpadding=\"2\" cellspacing=\"2\" class=\"images\">\r\n  <tr>\r\n    <td valign=\"bottom\" class=\"imagesLeft\"><img src=\"http:\/\/www.labeljoy.com\/user-guide-files\/fr\/bcd_gs1128_1.png\"><\/td>\r\n  <\/tr>\r\n  <tr>\r\n    <td valign=\"top\" class=\"imagesLeft\">Symbole GS1-128 qui code le texte <strong>(00)123456789012345678<\/strong>, qui correspond \u00e0 l'AI 00 (SSCC-18). Notez que dans le symbole le\r\n      dernier chiffre a \u00e9t\u00e9 replac\u00e9 par Labeljoy avec 5 parce-qu'il est le caract\u00e8re de contr\u00f4le correct. <\/td>\r\n  <\/tr>\r\n  <tr>\r\n    <td  valign=\"bottom\" class=\"imagesLeft\"><img src=\"http:\/\/www.labeljoy.com\/user-guide-files\/fr\/bcd_gs1128_2.png\"><\/span><\/span><\/td>\r\n  <\/tr>\r\n  <tr>\r\n    <td valign=\"top\" class=\"imagesLeft\">Symbole GS1-128 qui code une <strong>concatenation de deux Application Identifiers<\/strong>: AI 30 (Quantity Each) et AI 21 (Serial\r\n      Number). Notez que dans ce cas un s\u00e9parateur FNC1 est ajout\u00e9 juste avant du d\u00e9but de l'AI 21 (pas visible dans le text lisible). <\/td>\r\n  <\/tr>\r\n  <tr>\r\n    <td valign=\"bottom\" class=\"imagesLeft\"><img src=\"http:\/\/www.labeljoy.com\/user-guide-files\/fr\/bcd_gs1128_3.png\"><\/td>\r\n  <\/tr>\r\n  <tr>\r\n    <td valign=\"top\" class=\"imagesLeft\">Symbole GS1-128 qui code une <strong>concatenation de trois Application Identifiers<\/strong>: AI 01 (Shipping Container Code) et deux\r\n      autres comme l'image pr\u00e9c\u00e9dente. Notez que dans ce cas il n'y a pas besoin d'un s\u00e9parateur FNC1 avant le d\u00e9but de l'AI 30. <\/td>\r\n  <\/tr>\r\n<\/table>\r\n<p class=\"body\">* Source <a href=\"http:\/\/en.wikipedia.org\/wiki\/GS1-128\" title=\"wikipedia\" target=\"_blank\">wikipedia<\/a>.<\/p>\n<\/div>\n","protected":false},"excerpt":{"rendered":"<p>Cette page fait r\u00e9f\u00e9rence \u00e0 Labeljoy 5, qui n&rsquo;est pas notre derni\u00e8re version. Effectuez une mise \u00e0 niveau vers Labeljoy 6 pour obtenir la derni\u00e8re version du logiciel avec toutes ses fonctionnalit\u00e9s \u00e9tonnantes ou, si vous l\u2019utilisez d\u00e9j\u00e0, visitez le guide de l\u2019utilisateur de Labeljoy 6.<\/p>\n","protected":false},"author":8,"featured_media":0,"parent":22289,"menu_order":0,"comment_status":"open","ping_status":"closed","template":"page-template-left-sidebar.php","meta":{"inline_featured_image":false,"_monsterinsights_skip_tracking":false,"_monsterinsights_sitenote_active":false,"_monsterinsights_sitenote_note":"","_monsterinsights_sitenote_category":0,"footnotes":""},"class_list":{"0":"post-22641","1":"page","2":"type-page","3":"status-publish","5":"infinite-scroll-item"},"aioseo_notices":[],"_links":{"self":[{"href":"https:\/\/www.labeljoy.com\/fr\/wp-json\/wp\/v2\/pages\/22641","targetHints":{"allow":["GET"]}}],"collection":[{"href":"https:\/\/www.labeljoy.com\/fr\/wp-json\/wp\/v2\/pages"}],"about":[{"href":"https:\/\/www.labeljoy.com\/fr\/wp-json\/wp\/v2\/types\/page"}],"author":[{"embeddable":true,"href":"https:\/\/www.labeljoy.com\/fr\/wp-json\/wp\/v2\/users\/8"}],"replies":[{"embeddable":true,"href":"https:\/\/www.labeljoy.com\/fr\/wp-json\/wp\/v2\/comments?post=22641"}],"version-history":[{"count":3,"href":"https:\/\/www.labeljoy.com\/fr\/wp-json\/wp\/v2\/pages\/22641\/revisions"}],"predecessor-version":[{"id":22753,"href":"https:\/\/www.labeljoy.com\/fr\/wp-json\/wp\/v2\/pages\/22641\/revisions\/22753"}],"up":[{"embeddable":true,"href":"https:\/\/www.labeljoy.com\/fr\/wp-json\/wp\/v2\/pages\/22289"}],"wp:attachment":[{"href":"https:\/\/www.labeljoy.com\/fr\/wp-json\/wp\/v2\/media?parent=22641"}],"curies":[{"name":"wp","href":"https:\/\/api.w.org\/{rel}","templated":true}]}}