{"id":22642,"date":"2014-11-20T10:49:07","date_gmt":"2014-11-20T10:49:07","guid":{"rendered":"http:\/\/www.labeljoy.com\/aide\/itf14\/"},"modified":"2015-02-03T17:46:41","modified_gmt":"2015-02-03T17:46:41","slug":"itf14-fr","status":"publish","type":"page","link":"https:\/\/www.labeljoy.com\/fr\/aide\/itf14-fr\/","title":{"rendered":"Itf-14"},"content":{"rendered":"<div data-partent=\"19635\" class=\"callout callout-warning\">\n<h4>Cette page fait r\u00e9f\u00e9rence \u00e0 Labeljoy 5, qui n&rsquo;est pas notre derni\u00e8re version.<\/h4>\n<p>Effectuez une <a href=\"\/fr\/achat\/\">mise \u00e0 niveau vers Labeljoy 6<\/a> pour obtenir la derni\u00e8re version du logiciel avec toutes ses fonctionnalit\u00e9s \u00e9tonnantes ou, si vous l\u2019utilisez d\u00e9j\u00e0, visitez le <a href=\"\/help-lj6\/\">guide de l\u2019utilisateur de Labeljoy 6<\/a>.<\/p>\n<\/div>\n<div id=\"help-guide\">\n\r\n<p class=\"title\">itf-14<\/p>\r\n<p class=\"body\"> <strong>ITF-14 <\/strong> est l'impl\u00e9mentation GS1 d'un code barres <a href=\"http:\/\/www.labeljoy.com\/fr\/aide\/interleaved-2-of-5-fr\/\">Interleaved 2 of 5<\/a> qui code un Global Trade Item Number. Les symboles ITF-14 sont g\u00e9n\u00e9ralement utilis\u00e9s au <strong>niveau de l'emballage<\/strong> des produits. Les symboles ITF-14 <strong>codent toujours 14 chiffres<\/strong>.<br\/>\r\n  Le cadre noir \u00e9pais autour du symbole est appel\u00e9 <strong>Bearer bar<\/strong>. Le but du cadre est d'\u00e9galiser la pression exerc\u00e9e par la plaque d'impression\r\n  sur toute la surface du symbole, pour am\u00e9liorer la lecture en contribuant \u00e0 r\u00e9duire la probabilit\u00e9 d'erreur ou le mauvais balayage qui peut avoir lieu\r\n  quand un faisceau de lecture inclin\u00e9 entre ou quitte le symbole en haut ou en bas.* \r\n<span>\r\n<table width=\"100%\" border=\"0\" cellspacing=\"2\" cellpadding=\"2\">\r\n  <tr>\r\n    <td width=\"25%\" class=\"images\"><img src=\"http:\/\/www.labeljoy.com\/user-guide-files\/fr\/bcd_itf14_2.png\"><\/td>\r\n    <td width=\"75%\"><p class=\"body\">Labeljoy vous demande de <strong>taper 13 ou 14 chiffres <\/strong>pour g\u00e9n\u00e9rer le code barres, en fonction du r\u00e9glage de la bo\u00eete de <em>Checksum<\/em>. <br\/>\r\n        Tapez 13 chiffres dans la <strong>bo\u00eete de texte <\/strong>si l'option <em>Checksum <\/em>est sur <em>Oui<\/em> (le 14\u00e8me chiffre sera calcul\u00e9\r\n        automatiquement), autrement tapez les 14 chiffres. <br\/>\r\n        La n\u00e9cessit\u00e9 de recourir \u00e0 le 14\u00e8me chiffre comme un caract\u00e8re de contr\u00f4le peut varier par rapport aux applications que vous utilisez et\r\n        aux r\u00e9glages sur le lecteur de code \u00e0 barres en usage.<\/p><\/td>\r\n  <\/tr>\r\n  <tr class=\"images\">\r\n    <td align=\"left\" valign=\"middle\" class=\"images\"> Symbole ITF-14<\/td>\r\n  <\/tr>\r\n<\/table>\r\n<\/span>\r\n<p class=\"body\"> La bo\u00eete de contr\u00f4le <em>Cadre<\/em> permet de sp\u00e9cifier la typologie de <em>Bearer bars<\/em> \u00e0 imprimer.<\/p>\r\n<table width=\"100%\" border=\"0\" cellspacing=\"2\" cellpadding=\"2\">\r\n  <tr>\r\n    <td width=\"33%\" align=\"center\" valign=\"middle\"><span class=\"images\"><img src=\"http:\/\/www.labeljoy.com\/user-guide-files\/fr\/bcd_itf14_3.png\" alt=\"\"><\/span><\/span><\/td>\r\n    <td width=\"34%\" align=\"center\" valign=\"middle\"><span class=\"images\"><img src=\"http:\/\/www.labeljoy.com\/user-guide-files\/fr\/bcd_itf14_1.png\" alt=\"\"><\/span><\/td>\r\n  <\/tr>\r\n  <tr>\r\n    <td align=\"center\" valign=\"middle\" class=\"images\"> ITF-14 avec bearer bars horizontales<\/td>\r\n    <td align=\"center\" valign=\"middle\" class=\"images\"> ITF-14 avec bearer bars cach\u00e9es<\/td>\r\n  <\/tr>\r\n<\/table>\r\n<p class=\"note\"><strong>Concat\u00e9nation du texte:<\/strong> <br\/>\r\n  Quand un code barres ITF-14 est g\u00e9n\u00e9r\u00e9 par concat\u00e9nation des champs ou des compteurs, les r\u00e8gles suivantes s'appliquent: <br\/>\r\n  - Si l'options <em>Checksum <\/em><em>est sur <\/em><em>Oui<\/em> seulement les premiers 13 chiffres seront consid\u00e9r\u00e9s, sinon les premiers 14 chiffres seront\r\n  consid\u00e9r\u00e9s.. <br\/>\r\n  Quand le logiciel trouve une valeur qui ne se conforme pas \u00e0 ces r\u00e8gles, le code barres ne s'affiche pas. <\/p>\r\n<p class=\"body\"> Le <em>texte en clair <\/em>peut aussi \u00eatre affich\u00e9 <strong>au-dessus du symbole <\/strong>ou <strong>cach\u00e9<\/strong>, selon la configuration dans la liste\r\n  d\u00e9roulante <strong>Texte<\/strong>.<\/p>\r\n<table width=\"100%\" border=\"0\" cellspacing=\"2\" cellpadding=\"2\">\r\n  <tr>\r\n    <td width=\"33%\" align=\"center\" valign=\"middle\"><span class=\"images\"><img src=\"http:\/\/www.labeljoy.com\/user-guide-files\/fr\/bcd_itf14_4.png\"><\/span><\/span><\/td>\r\n    <td width=\"34%\" align=\"center\" valign=\"middle\"><span class=\"images\"><img src=\"http:\/\/www.labeljoy.com\/user-guide-files\/fr\/bcd_itf14_5.png\"><\/span><\/td>\r\n  <\/tr>\r\n  <tr>\r\n    <td align=\"center\" valign=\"middle\"><span class=\"images\">ITF-14 avec le texte au dessus du symbole<\/span><\/td>\r\n    <td align=\"center\" valign=\"middle\" class=\"images\"><span class=\"images\">ITF-14 avec le texte cach\u00e9<\/span><\/td>\r\n  <\/tr>\r\n<\/table>\r\n<p class=\"body\">* Source <a href=\"http:\/\/en.wikipedia.org\/wiki\/ITF-14\" title=\"wikipedia\" target=\"_blank\">wikipedia<\/a>.<\/p>\n<\/div>\n","protected":false},"excerpt":{"rendered":"<p>Cette page fait r\u00e9f\u00e9rence \u00e0 Labeljoy 5, qui n&rsquo;est pas notre derni\u00e8re version. Effectuez une mise \u00e0 niveau vers Labeljoy 6 pour obtenir la derni\u00e8re version du logiciel avec toutes ses fonctionnalit\u00e9s \u00e9tonnantes ou, si vous l\u2019utilisez d\u00e9j\u00e0, visitez le guide de l\u2019utilisateur de Labeljoy 6.<\/p>\n","protected":false},"author":8,"featured_media":0,"parent":22289,"menu_order":0,"comment_status":"open","ping_status":"closed","template":"page-template-left-sidebar.php","meta":{"inline_featured_image":false,"_monsterinsights_skip_tracking":false,"_monsterinsights_sitenote_active":false,"_monsterinsights_sitenote_note":"","_monsterinsights_sitenote_category":0,"footnotes":""},"class_list":{"0":"post-22642","1":"page","2":"type-page","3":"status-publish","5":"infinite-scroll-item"},"aioseo_notices":[],"_links":{"self":[{"href":"https:\/\/www.labeljoy.com\/fr\/wp-json\/wp\/v2\/pages\/22642","targetHints":{"allow":["GET"]}}],"collection":[{"href":"https:\/\/www.labeljoy.com\/fr\/wp-json\/wp\/v2\/pages"}],"about":[{"href":"https:\/\/www.labeljoy.com\/fr\/wp-json\/wp\/v2\/types\/page"}],"author":[{"embeddable":true,"href":"https:\/\/www.labeljoy.com\/fr\/wp-json\/wp\/v2\/users\/8"}],"replies":[{"embeddable":true,"href":"https:\/\/www.labeljoy.com\/fr\/wp-json\/wp\/v2\/comments?post=22642"}],"version-history":[{"count":3,"href":"https:\/\/www.labeljoy.com\/fr\/wp-json\/wp\/v2\/pages\/22642\/revisions"}],"predecessor-version":[{"id":22742,"href":"https:\/\/www.labeljoy.com\/fr\/wp-json\/wp\/v2\/pages\/22642\/revisions\/22742"}],"up":[{"embeddable":true,"href":"https:\/\/www.labeljoy.com\/fr\/wp-json\/wp\/v2\/pages\/22289"}],"wp:attachment":[{"href":"https:\/\/www.labeljoy.com\/fr\/wp-json\/wp\/v2\/media?parent=22642"}],"curies":[{"name":"wp","href":"https:\/\/api.w.org\/{rel}","templated":true}]}}