{"id":22643,"date":"2014-11-20T10:58:09","date_gmt":"2014-11-20T10:58:09","guid":{"rendered":"http:\/\/www.labeljoy.com\/aide\/interleaved-2-of-5\/"},"modified":"2015-02-03T17:47:18","modified_gmt":"2015-02-03T17:47:18","slug":"interleaved-2-of-5-fr","status":"publish","type":"page","link":"https:\/\/www.labeljoy.com\/fr\/aide\/interleaved-2-of-5-fr\/","title":{"rendered":"Interleaved 2 of 5"},"content":{"rendered":"<div data-partent=\"19635\" class=\"callout callout-warning\">\n<h4>Cette page fait r\u00e9f\u00e9rence \u00e0 Labeljoy 5, qui n&rsquo;est pas notre derni\u00e8re version.<\/h4>\n<p>Effectuez une <a href=\"\/fr\/achat\/\">mise \u00e0 niveau vers Labeljoy 6<\/a> pour obtenir la derni\u00e8re version du logiciel avec toutes ses fonctionnalit\u00e9s \u00e9tonnantes ou, si vous l\u2019utilisez d\u00e9j\u00e0, visitez le <a href=\"\/help-lj6\/\">guide de l\u2019utilisateur de Labeljoy 6<\/a>.<\/p>\n<\/div>\n<div id=\"help-guide\">\n\r\n<p class=\"title\"><strong>interleaved 2 of 5<\/strong><\/p>\n<p class=\"body\"><strong>Interleaved 2 of 5<\/strong> est une symbologie en 2 longueurs qui code seulement <strong>des chiffres<\/strong>. Elle est utilis\u00e9e dans le commerce de films 135 et sur les cartons de\n  certains produits.*\n<span>\n<table width=\"100%\" border=\"0\" cellspacing=\"2\" cellpadding=\"2\">\n  <tr>\n    <td width=\"25%\" class=\"images\"><img src=\"http:\/\/www.labeljoy.com\/user-guide-files\/fr\/bcd_int25_1.png\"><\/td>\n    <td width=\"75%\"><p class=\"body\"> Labeljoy vous demande te taper un texte dans la <strong>bo\u00eete<\/strong> relative de <strong>longeur maximale de 255 caract\u00e8res<\/strong>.<\/p><\/td>\n  <\/tr>\n  <tr class=\"images\">\n    <td align=\"left\" valign=\"middle\" class=\"images\"> Symbole Interleaved 2 of 5<\/td>\n  <\/tr>\n<\/table>\n<\/span>\n<p class=\"body\"> La bo\u00eete <em>Cadre <\/em>permet de sp\u00e9cifier le type de <em>Bearer bars<\/em> \u00e0 imprimer.<\/p>\n<table width=\"100%\" border=\"0\" cellspacing=\"2\" cellpadding=\"2\">\n  <tr>\n    <td width=\"33%\" align=\"center\" valign=\"middle\"><span class=\"images\"><img src=\"http:\/\/www.labeljoy.com\/user-guide-files\/fr\/bcd_int25_4.png\" alt=\"\"><\/span><\/span><\/td>\n    <td width=\"34%\" align=\"center\" valign=\"middle\"><span class=\"images\"><img src=\"http:\/\/www.labeljoy.com\/user-guide-files\/fr\/bcd_int25_5.png\" alt=\"\"><\/span><\/td>\n  <\/tr>\n  <tr>\n    <td align=\"center\" valign=\"middle\">Interleaved 2 of 5 avec bearer bars horizontales<\/td>\n    <td align=\"center\" valign=\"middle\" class=\"images\"> Interleaved 2 of 5 avec bearer bars integrales<\/td>\n  <\/tr>\n<\/table>\n<p>Les codes barres Interleaved 2 of 5 peuvent contenir un <strong>caract\u00e8re de contr\u00f4le optionnel<\/strong>. Le caract\u00e8re de contr\u00f4le peut \u00eatre cod\u00e9 dans le\n  symbole et <strong>\u00e9ventuellement affich\u00e9 <\/strong>en le <em>texte en clair<\/em>. <br\/>\n  D\u00e9finissez les param\u00e8tres pour le caract\u00e8re de contr\u00f4le \u00e0 travers la liste d\u00e9roulante <strong>Checksum<\/strong>. <\/p>\n<table width=\"100%\" border=\"0\" cellspacing=\"2\" cellpadding=\"2\">\n  <tr>\n    <td width=\"33%\" height=\"144\" align=\"center\" valign=\"middle\"><img src=\"http:\/\/www.labeljoy.com\/user-guide-files\/fr\/bcd_int25_2.png\"><\/td>\n    <td width=\"33%\" align=\"center\" valign=\"middle\"><img src=\"http:\/\/www.labeljoy.com\/user-guide-files\/fr\/bcd_int25_3.png\"><\/td>\n  <\/tr>\n  <tr>\n    <td align=\"center\" valign=\"middle\" class=\"images\"> Interleaved 2 of 5 avec un caract\u00e8re de contr\u00f4le affich\u00e9 dans le texte<\/td>\n    <td align=\"center\" valign=\"middle\" class=\"images\"> Interleaved 2 of 5 avec un caract\u00e8re de contr\u00f4le qui n'est pas affich\u00e9 dans le texte<\/td>\n  <\/tr>\n<\/table>\n<p class=\"note\"><strong>Concat\u00e9nation du texte:<\/strong> <br\/>\n  Quand un code barres Interleaved 2 of 5 est g\u00e9n\u00e9r\u00e9 par concat\u00e9nation des champs ou des compteurs, les r\u00e8gles suivantes s'appliquent: <br\/>\n  - Seulement les textes qui contiennent des chiffres seront consid\u00e9r\u00e9s. <br\/>\n  Quand le logiciel trouve une valeur qui ne se conforme pas \u00e0 ces r\u00e8gles, le code barres ne s'affiche pas. <\/p>\n<p class=\"body\">Le <em>texte en clair <\/em>peut aussi \u00eatre affich\u00e9 <strong>au-dessus du symbole <\/strong>ou <strong>cach\u00e9<\/strong>, selon la configuration dans la liste\n  d\u00e9roulante <strong>Texte<\/strong>.<\/p>\n<table width=\"100%\" border=\"0\" cellspacing=\"2\" cellpadding=\"2\">\n  <tr>\n    <td width=\"33%\" align=\"center\" valign=\"middle\"><span class=\"images\"><img src=\"http:\/\/www.labeljoy.com\/user-guide-files\/fr\/bcd_int25_6.png\"><\/span><\/span><\/td>\n    <td width=\"34%\" align=\"center\" valign=\"middle\"><span class=\"images\"><img src=\"http:\/\/www.labeljoy.com\/user-guide-files\/fr\/bcd_int25_7.png\"><\/span><\/td>\n  <\/tr>\n  <tr>\n    <td align=\"center\" valign=\"middle\"> Interleaved 2 of 5 avec le texte au dessus du symbole<\/td>\n    <td align=\"center\" valign=\"middle\" class=\"images\"> Interleaved 2 of 5 avec le texte cach\u00e9<\/td>\n  <\/tr>\n<\/table>\n<p class=\"body\">* Source <a href=\"http:\/\/en.wikipedia.org\/wiki\/Interleaved_2_of_5\" title=\"wikipedia\" target=\"_blank\">wikipedia<\/a>.<\/p>\n<\/div>\n","protected":false},"excerpt":{"rendered":"<p>Cette page fait r\u00e9f\u00e9rence \u00e0 Labeljoy 5, qui n&rsquo;est pas notre derni\u00e8re version. Effectuez une mise \u00e0 niveau vers Labeljoy 6 pour obtenir la derni\u00e8re version du logiciel avec toutes ses fonctionnalit\u00e9s \u00e9tonnantes ou, si vous l\u2019utilisez d\u00e9j\u00e0, visitez le guide de l\u2019utilisateur de Labeljoy 6.<\/p>\n","protected":false},"author":8,"featured_media":0,"parent":22289,"menu_order":0,"comment_status":"open","ping_status":"closed","template":"page-template-left-sidebar.php","meta":{"inline_featured_image":false,"_monsterinsights_skip_tracking":false,"_monsterinsights_sitenote_active":false,"_monsterinsights_sitenote_note":"","_monsterinsights_sitenote_category":0,"footnotes":""},"class_list":{"0":"post-22643","1":"page","2":"type-page","3":"status-publish","5":"infinite-scroll-item"},"aioseo_notices":[],"_links":{"self":[{"href":"https:\/\/www.labeljoy.com\/fr\/wp-json\/wp\/v2\/pages\/22643","targetHints":{"allow":["GET"]}}],"collection":[{"href":"https:\/\/www.labeljoy.com\/fr\/wp-json\/wp\/v2\/pages"}],"about":[{"href":"https:\/\/www.labeljoy.com\/fr\/wp-json\/wp\/v2\/types\/page"}],"author":[{"embeddable":true,"href":"https:\/\/www.labeljoy.com\/fr\/wp-json\/wp\/v2\/users\/8"}],"replies":[{"embeddable":true,"href":"https:\/\/www.labeljoy.com\/fr\/wp-json\/wp\/v2\/comments?post=22643"}],"version-history":[{"count":3,"href":"https:\/\/www.labeljoy.com\/fr\/wp-json\/wp\/v2\/pages\/22643\/revisions"}],"predecessor-version":[{"id":22748,"href":"https:\/\/www.labeljoy.com\/fr\/wp-json\/wp\/v2\/pages\/22643\/revisions\/22748"}],"up":[{"embeddable":true,"href":"https:\/\/www.labeljoy.com\/fr\/wp-json\/wp\/v2\/pages\/22289"}],"wp:attachment":[{"href":"https:\/\/www.labeljoy.com\/fr\/wp-json\/wp\/v2\/media?parent=22643"}],"curies":[{"name":"wp","href":"https:\/\/api.w.org\/{rel}","templated":true}]}}