{"id":22644,"date":"2014-11-20T10:52:34","date_gmt":"2014-11-20T10:52:34","guid":{"rendered":"http:\/\/www.labeljoy.com\/aide\/upca-upce\/"},"modified":"2015-02-03T16:19:56","modified_gmt":"2015-02-03T16:19:56","slug":"upca-upce-fr","status":"publish","type":"page","link":"https:\/\/www.labeljoy.com\/fr\/aide\/upca-upce-fr\/","title":{"rendered":"Upc-a, upc-e"},"content":{"rendered":"<div data-partent=\"19635\" class=\"callout callout-warning\">\n<h4>Cette page fait r\u00e9f\u00e9rence \u00e0 Labeljoy 5, qui n&rsquo;est pas notre derni\u00e8re version.<\/h4>\n<p>Effectuez une <a href=\"\/fr\/achat\/\">mise \u00e0 niveau vers Labeljoy 6<\/a> pour obtenir la derni\u00e8re version du logiciel avec toutes ses fonctionnalit\u00e9s \u00e9tonnantes ou, si vous l\u2019utilisez d\u00e9j\u00e0, visitez le <a href=\"\/help-lj6\/\">guide de l\u2019utilisateur de Labeljoy 6<\/a>.<\/p>\n<\/div>\n<link rel=\"stylesheet\" href=\"http:\/\/www.labeljoy.com\/user-guide-files\/en\/styles.css\" type=\"text\/css\" media=\"all\" \/>\n<div id=\"help-guide\">\n\r\n<p class=\"title\">upc-a, upc-e<\/p>\n<p class=\"body\">Le code barres Universal Product Code (<strong>UPC<\/strong>) est une symbologie largement utilis\u00e9 en Am\u00e9rique du Nord et d'autres pays, comme le\n  Royaume-Uni, l'Australie et la Nouvelle-Z\u00e9lande, pour identifier les produits dans les magasins.* \n<span>\n<table width=\"100%\" border=\"0\" cellspacing=\"2\" cellpadding=\"2\">\n  <tr>\n    <td width=\"16%\" class=\"images\"><img src=\"http:\/\/www.labeljoy.com\/user-guide-files\/fr\/bcd_upc_1.png\"><\/td>\n    <td width=\"84%\"><p class=\"body\"> Labeljoy vous demande de <strong>taper 11 chiffres <\/strong>pour g\u00e9n\u00e9rer le code barres. <br\/>\n        Tapez les 11 chiffres dans la <strong>bo\u00eete de texte en bas<\/strong>. <br\/>\n        Le 12\u00e8me chiffre (ou caract\u00e8re de contr\u00f4le) sera <strong>calcul\u00e9 automatiquement<\/strong>. <\/p><\/td>\n  <\/tr>\n  <tr class=\"images\">\n    <td align=\"left\" valign=\"middle\" class=\"images\"> Symbole UPC-A<\/td>\n  <\/tr>\n<\/table>\n<\/span>\n<table width=\"100%\" border=\"0\" cellspacing=\"2\" cellpadding=\"2\">\n  <tr>\n    <td width=\"10%\" class=\"images\"><span><img src=\"http:\/\/www.labeljoy.com\/user-guide-files\/fr\/bcd_upc_4.png\"> <\/span><\/td>\n    <td width=\"90%\"><p class=\"body\"><span>Pour permettre l'utilisation de la symbologie UPC sur l'emballage de petites dimensions sur lesquelles un code \u00e0 12 chiffres ne trouverait\n        pas sa place, une version \"z\u00e9ro comprim\u00e9\" a \u00e9t\u00e9 d\u00e9velopp\u00e9 et a appel\u00e9 <strong>UPC-E<\/strong>.* <\/span><\/p>\n      <p class=\"body\">Activez la case \u00e0 cocher \"Utiliser UPC-E si possible\" pour dire \u00e0 Labelhoy de <strong>tenter d'appliquer l'algorithme de compression<\/strong>. <br\/>\n        Le symbole sera automatiquement transform\u00e9 en version de UPC-E <strong>si la combinaison de chiffres le permet<\/strong>. <\/p><\/td>\n  <\/tr>\n  <tr class=\"images\">\n    <td align=\"left\" valign=\"middle\" class=\"images\">Symbole UPC-E<\/td>\n  <\/tr>\n<\/table>\n<p class=\"note\"><strong>Concat\u00e9nation du texte:<\/strong> <br\/>\n  Quand un code barres UPC est g\u00e9n\u00e9r\u00e9 par concat\u00e9nation des champs ou des compteurs, les r\u00e8gles suivantes s'appliquent: <br\/>\n  - Pour le code principal, seuls les 11 premiers chiffres sont pris en compte. <br\/>\n  - Pour 2 ou 5 chiffres suppl\u00e9mentaires il est n\u00e9cessaire un signe moins (-) comme s\u00e9parateur suivi de 2 ou 5 chiffres. <br\/>\n  Quand le logiciel trouve une valeur qui ne se conforme pas \u00e0 ces r\u00e8gles, le code barres ne s'affiche pas. <\/p>\n<p><span class=\"body\">Les symboles UPC-A peuvent avoir besoin d'afficher les chiffres du clair regroup\u00e9s d'une mani\u00e8re sp\u00e9cifique. Utilisez la bo\u00eete combo <strong>Style du texte <\/strong>pour sp\u00e9cifier d'autres moyens d'affichage du texte.<\/span><\/p>\n<table width=\"100%\" border=\"0\" cellspacing=\"2\" cellpadding=\"2\">\n  <tr>\n    <td width=\"33%\" align=\"center\" valign=\"middle\"><img src=\"http:\/\/www.labeljoy.com\/user-guide-files\/fr\/bcd_upc_5.png\"><\/td>\n    <td width=\"33%\" align=\"center\" valign=\"middle\"><img src=\"http:\/\/www.labeljoy.com\/user-guide-files\/fr\/bcd_upc_6.png\"><\/td>\n  <\/tr>\n  <tr>\n    <td align=\"center\" valign=\"middle\" class=\"images\">UPC-A avec le texte en style 5-5-2<\/td>\n    <td align=\"center\" valign=\"middle\" class=\"images\"> UPC-A avec le texte en style 5-4-3<\/td>\n  <\/tr>\n<\/table>\n<p>Le code \u00e0 barres UPC-A et UPC-E peuvent \u00e9ventuellement coder <strong>2 ou 5 chiffres suppl\u00e9mentaires <\/strong>(add-on). Pour ajouter un add-on optionnel,\n  tapez apr\u00e8s le chiffre 11 le caract\u00e8re - (moins) et les 2 ou 5 chiffres suppl\u00e9mentaires.<\/p>\n<table width=\"100%\" border=\"0\" cellspacing=\"2\" cellpadding=\"2\">\n  <tr>\n    <td width=\"33%\" align=\"center\" valign=\"middle\"><img src=\"http:\/\/www.labeljoy.com\/user-guide-files\/fr\/bcd_upc_2.png\"><\/td>\n    <td width=\"33%\" align=\"center\" valign=\"middle\"><img src=\"http:\/\/www.labeljoy.com\/user-guide-files\/fr\/bcd_upc_3.png\"><\/td>\n  <\/tr>\n  <tr>\n    <td align=\"center\" valign=\"middle\" class=\"images\"> UPC-A avec add-on \u00e0 2 chiffres<\/td>\n    <td align=\"center\" valign=\"middle\" class=\"images\"> UPC-E avec add-on \u00e0 5 chiffres<\/td>\n  <\/tr>\n<\/table>\n<p class=\"body\">Le <em>texte en clair <\/em>peut aussi \u00eatre affich\u00e9 <strong>au-dessus du symbole <\/strong>ou <strong>cach\u00e9<\/strong>, selon la configuration dans la liste\n  d\u00e9roulante <strong>Texte<\/strong>.<\/p>\n<table width=\"100%\" border=\"0\" cellspacing=\"2\" cellpadding=\"2\">\n  <tr>\n    <td width=\"33%\" align=\"center\" valign=\"middle\"><span class=\"images\"><img src=\"http:\/\/www.labeljoy.com\/user-guide-files\/fr\/bcd_upc_7.png\"><\/span><\/span><\/td>\n    <td width=\"34%\" align=\"center\" valign=\"middle\"><span class=\"images\"><img src=\"http:\/\/www.labeljoy.com\/user-guide-files\/fr\/bcd_upc_8.png\"><\/span><\/td>\n  <\/tr>\n  <tr>\n    <td align=\"center\" valign=\"middle\"><span class=\"images\">UPC-A avec le texte au dessus du symbole<\/span><\/td>\n    <td align=\"center\" valign=\"middle\" class=\"images\"><span class=\"images\"> UPC-A avec le texte cach\u00e9<\/span><\/td>\n  <\/tr>\n<\/table>\n<p class=\"body\">* Source <a href=\"http:\/\/en.wikipedia.org\/wiki\/Universal_Product_Code\" title=\"wikipedia\" target=\"_blank\">wikipedia<\/a>.<\/p>\n<\/div>\n","protected":false},"excerpt":{"rendered":"<p>Cette page fait r\u00e9f\u00e9rence \u00e0 Labeljoy 5, qui n&rsquo;est pas notre derni\u00e8re version. Effectuez une mise \u00e0 niveau vers Labeljoy 6 pour obtenir la derni\u00e8re version du logiciel avec toutes ses fonctionnalit\u00e9s \u00e9tonnantes ou, si vous l\u2019utilisez d\u00e9j\u00e0, visitez le guide de l\u2019utilisateur de Labeljoy 6.<\/p>\n","protected":false},"author":8,"featured_media":0,"parent":22289,"menu_order":0,"comment_status":"open","ping_status":"closed","template":"page-template-left-sidebar.php","meta":{"inline_featured_image":false,"_monsterinsights_skip_tracking":false,"_monsterinsights_sitenote_active":false,"_monsterinsights_sitenote_note":"","_monsterinsights_sitenote_category":0,"footnotes":""},"class_list":{"0":"post-22644","1":"page","2":"type-page","3":"status-publish","5":"infinite-scroll-item"},"aioseo_notices":[],"_links":{"self":[{"href":"https:\/\/www.labeljoy.com\/fr\/wp-json\/wp\/v2\/pages\/22644","targetHints":{"allow":["GET"]}}],"collection":[{"href":"https:\/\/www.labeljoy.com\/fr\/wp-json\/wp\/v2\/pages"}],"about":[{"href":"https:\/\/www.labeljoy.com\/fr\/wp-json\/wp\/v2\/types\/page"}],"author":[{"embeddable":true,"href":"https:\/\/www.labeljoy.com\/fr\/wp-json\/wp\/v2\/users\/8"}],"replies":[{"embeddable":true,"href":"https:\/\/www.labeljoy.com\/fr\/wp-json\/wp\/v2\/comments?post=22644"}],"version-history":[{"count":2,"href":"https:\/\/www.labeljoy.com\/fr\/wp-json\/wp\/v2\/pages\/22644\/revisions"}],"predecessor-version":[{"id":22677,"href":"https:\/\/www.labeljoy.com\/fr\/wp-json\/wp\/v2\/pages\/22644\/revisions\/22677"}],"up":[{"embeddable":true,"href":"https:\/\/www.labeljoy.com\/fr\/wp-json\/wp\/v2\/pages\/22289"}],"wp:attachment":[{"href":"https:\/\/www.labeljoy.com\/fr\/wp-json\/wp\/v2\/media?parent=22644"}],"curies":[{"name":"wp","href":"https:\/\/api.w.org\/{rel}","templated":true}]}}