{"id":22645,"date":"2014-11-20T10:54:03","date_gmt":"2014-11-20T10:54:03","guid":{"rendered":"http:\/\/www.labeljoy.com\/aide\/code-11\/"},"modified":"2015-02-03T17:47:35","modified_gmt":"2015-02-03T17:47:35","slug":"code-11-fr","status":"publish","type":"page","link":"https:\/\/www.labeljoy.com\/fr\/aide\/code-11-fr\/","title":{"rendered":"Code 11"},"content":{"rendered":"<div data-partent=\"19635\" class=\"callout callout-warning\">\n<h4>Cette page fait r\u00e9f\u00e9rence \u00e0 Labeljoy 5, qui n&rsquo;est pas notre derni\u00e8re version.<\/h4>\n<p>Effectuez une <a href=\"\/fr\/achat\/\">mise \u00e0 niveau vers Labeljoy 6<\/a> pour obtenir la derni\u00e8re version du logiciel avec toutes ses fonctionnalit\u00e9s \u00e9tonnantes ou, si vous l\u2019utilisez d\u00e9j\u00e0, visitez le <a href=\"\/help-lj6\/\">guide de l\u2019utilisateur de Labeljoy 6<\/a>.<\/p>\n<\/div>\n<div id=\"help-guide\">\n\r\n<p class=\"title\">code 11<\/p>\r\n<p class=\"body\"><strong>Code 11<\/strong> est une symbologie d\u00e9velopp\u00e9e par Intermec en 1977. Il est principalement utilis\u00e9 dans le domaine des <strong>t\u00e9l\u00e9communications<\/strong>. Le symbole peut\r\n  encoder un texte de longueur quelconque (m\u00eame si Labeljoy le limite \u00e0 255 caract\u00e8res) comprenant les num\u00e9ros 0 \u00e0 9 et le trait d'union (-). Un ou deux\r\n  caract\u00e8res de contr\u00f4le peuvent \u00eatre inclus.*\r\n<span>\r\n<table width=\"100%\" border=\"0\" cellspacing=\"2\" cellpadding=\"2\">\r\n  <tr>\r\n    <td width=\"16%\" class=\"images\"><img src=\"http:\/\/www.labeljoy.com\/user-guide-files\/fr\/bcd_code11_1.png\"><\/td>\r\n    <td width=\"84%\"><p class=\"body\"> Labeljoy vous demande te taper un texte dans la <strong>bo\u00eete<\/strong> relative de <strong>longeur maximale de 255 caract\u00e8res<\/strong>.<\/p><\/td>\r\n  <\/tr>\r\n  <tr class=\"images\">\r\n    <td align=\"left\" valign=\"middle\" class=\"images\"> Symbole Code 11<\/td>\r\n  <\/tr>\r\n<\/table>\r\n<\/span>\r\n<p>La symbologie Code 11 exige que 1 ou 2 caract\u00e8res de contr\u00f4le soient inclus. Le liste d\u00e9roulante <em>Checksum <\/em>permet de d\u00e9finir le nombre de\r\n  caract\u00e8res de contr\u00f4le \u00e0 \u00eatre annex\u00e9s au texte cod\u00e9. La s\u00e9lection <strong>(Auto)<\/strong> donnera 1 caract\u00e8re de contr\u00f4le aux textes jusqu'\u00e0 10 caract\u00e8res,\r\n  et 2 caract\u00e8res de contr\u00f4le aux textes plus long, tandis que les choix <strong>1 <\/strong>et <strong>2 <\/strong>vont forcer respectivement 1 et 2\r\n  caract\u00e8res de contr\u00f4le, quelle que soit la longueur du texte.<\/p>\r\n<p class=\"note\"> <strong>Note<\/strong>: <br\/>\r\n  Les caract\u00e8res de contr\u00f4le sont seulement ajout\u00e9s au symbole, et pas au <em>texte en clair<\/em>. <\/p>\r\n<table width=\"100%\" border=\"0\" cellspacing=\"2\" cellpadding=\"2\">\r\n  <tr>\r\n    <td width=\"33%\" align=\"center\" valign=\"middle\"><img src=\"http:\/\/www.labeljoy.com\/user-guide-files\/fr\/bcd_code11_2.png\"><\/td>\r\n    <td width=\"33%\" align=\"center\" valign=\"middle\"><img src=\"http:\/\/www.labeljoy.com\/user-guide-files\/fr\/bcd_code11_3.png\"><\/td>\r\n  <\/tr>\r\n  <tr>\r\n    <td align=\"center\" valign=\"middle\" class=\"images\"> Symbole Code 11 \u00e0 9 caract\u00e8res avec 2 caract\u00e8res de contr\u00f4le forc\u00e9s<\/td>\r\n    <td align=\"center\" valign=\"middle\" class=\"images\"> Symbole Code 11 \u00e0 19 caract\u00e8res avec 1 caract\u00e8re de contr\u00f4le forc\u00e9<\/td>\r\n  <\/tr>\r\n<\/table>\r\n<p class=\"note\"> <strong>Concat\u00e9nation du texte:<\/strong> <br\/>\r\n  Quand un code barres UPC est g\u00e9n\u00e9r\u00e9 par concat\u00e9nation des champs ou des compteurs, les r\u00e8gles suivantes s'appliquent: <br\/>\r\n  - Le text doit contenir seulement num\u00e9ros et le trait d'union (-). <br\/>\r\n  - Le texte ne doit pas d\u00e9passer 255 caract\u00e8res, trait d'union inclus. <br\/>\r\n  Quand le logiciel trouve une valeur qui ne se conforme pas \u00e0 ces r\u00e8gles, le code barres ne s'affiche pas. <\/p>\r\n<p class=\"body\">Le <em>texte en clair <\/em>peut aussi \u00eatre affich\u00e9 <strong>au-dessus du symbole <\/strong>ou <strong>cach\u00e9<\/strong>, selon la configuration dans la liste\r\n  d\u00e9roulante <strong>Texte<\/strong>.<\/p>\r\n<table width=\"100%\" border=\"0\" cellspacing=\"2\" cellpadding=\"2\">\r\n  <tr>\r\n    <td width=\"33%\" align=\"center\" valign=\"middle\"><span class=\"images\"><img src=\"http:\/\/www.labeljoy.com\/user-guide-files\/fr\/bcd_code11_4.png\"><\/span><\/span><\/td>\r\n    <td width=\"34%\" align=\"center\" valign=\"middle\"><span class=\"images\"><img src=\"http:\/\/www.labeljoy.com\/user-guide-files\/fr\/bcd_code11_5.png\"><\/span><\/td>\r\n  <\/tr>\r\n  <tr>\r\n    <td align=\"center\" valign=\"middle\" class=\"images\">Code 11 avec le texte au dessus du symbole<\/td>\r\n    <td align=\"center\" valign=\"middle\" class=\"images\"> Code 11 avec le texte cach\u00e9<\/td>\r\n  <\/tr>\r\n<\/table>\r\n<p class=\"body\">* Source <a href=\"http:\/\/en.wikipedia.org\/wiki\/Code_11\" title=\"wikipedia\" target=\"_blank\">wikipedia<\/a>.<\/p>\n<\/div>\n","protected":false},"excerpt":{"rendered":"<p>Cette page fait r\u00e9f\u00e9rence \u00e0 Labeljoy 5, qui n&rsquo;est pas notre derni\u00e8re version. Effectuez une mise \u00e0 niveau vers Labeljoy 6 pour obtenir la derni\u00e8re version du logiciel avec toutes ses fonctionnalit\u00e9s \u00e9tonnantes ou, si vous l\u2019utilisez d\u00e9j\u00e0, visitez le guide de l\u2019utilisateur de Labeljoy 6.<\/p>\n","protected":false},"author":8,"featured_media":0,"parent":22289,"menu_order":0,"comment_status":"open","ping_status":"closed","template":"page-template-left-sidebar.php","meta":{"inline_featured_image":false,"_monsterinsights_skip_tracking":false,"_monsterinsights_sitenote_active":false,"_monsterinsights_sitenote_note":"","_monsterinsights_sitenote_category":0,"footnotes":""},"class_list":{"0":"post-22645","1":"page","2":"type-page","3":"status-publish","5":"infinite-scroll-item"},"aioseo_notices":[],"_links":{"self":[{"href":"https:\/\/www.labeljoy.com\/fr\/wp-json\/wp\/v2\/pages\/22645","targetHints":{"allow":["GET"]}}],"collection":[{"href":"https:\/\/www.labeljoy.com\/fr\/wp-json\/wp\/v2\/pages"}],"about":[{"href":"https:\/\/www.labeljoy.com\/fr\/wp-json\/wp\/v2\/types\/page"}],"author":[{"embeddable":true,"href":"https:\/\/www.labeljoy.com\/fr\/wp-json\/wp\/v2\/users\/8"}],"replies":[{"embeddable":true,"href":"https:\/\/www.labeljoy.com\/fr\/wp-json\/wp\/v2\/comments?post=22645"}],"version-history":[{"count":3,"href":"https:\/\/www.labeljoy.com\/fr\/wp-json\/wp\/v2\/pages\/22645\/revisions"}],"predecessor-version":[{"id":22750,"href":"https:\/\/www.labeljoy.com\/fr\/wp-json\/wp\/v2\/pages\/22645\/revisions\/22750"}],"up":[{"embeddable":true,"href":"https:\/\/www.labeljoy.com\/fr\/wp-json\/wp\/v2\/pages\/22289"}],"wp:attachment":[{"href":"https:\/\/www.labeljoy.com\/fr\/wp-json\/wp\/v2\/media?parent=22645"}],"curies":[{"name":"wp","href":"https:\/\/api.w.org\/{rel}","templated":true}]}}