{"id":22646,"date":"2014-11-20T10:56:04","date_gmt":"2014-11-20T10:56:04","guid":{"rendered":"http:\/\/www.labeljoy.com\/aide\/code-39\/"},"modified":"2015-02-03T17:47:40","modified_gmt":"2015-02-03T17:47:40","slug":"code-39-fr","status":"publish","type":"page","link":"https:\/\/www.labeljoy.com\/fr\/aide\/code-39-fr\/","title":{"rendered":"Code 39"},"content":{"rendered":"<div data-partent=\"19635\" class=\"callout callout-warning\">\n<h4>Cette page fait r\u00e9f\u00e9rence \u00e0 Labeljoy 5, qui n&rsquo;est pas notre derni\u00e8re version.<\/h4>\n<p>Effectuez une <a href=\"\/fr\/achat\/\">mise \u00e0 niveau vers Labeljoy 6<\/a> pour obtenir la derni\u00e8re version du logiciel avec toutes ses fonctionnalit\u00e9s \u00e9tonnantes ou, si vous l\u2019utilisez d\u00e9j\u00e0, visitez le <a href=\"\/help-lj6\/\">guide de l\u2019utilisateur de Labeljoy 6<\/a>.<\/p>\n<\/div>\n<div id=\"help-guide\">\n\r\n<p class=\"title\">code 39<\/p>\r\n<p class=\"body\"><strong>Code 39<\/strong> (aussi connu comme \"USS Code 39\", \"Code 3\/9\", \"Code 3 of 9\", \"USD-3\", \"Alpha39\", \"Type 39\") est une symbologie discr\u00e8te de longueur variable. Le\r\n  sp\u00e9cifications du Code 39 d\u00e9finissent 43 caract\u00e8res possibles, qui se composent de lettres majuscules (A \u00e0 Z), de chiffres (0 \u00e0 9), et de certains\r\n  caract\u00e8res sp\u00e9ciaux (-, ., $, \/, +, %, et l'espace).*\r\n<span>\r\n<table width=\"100%\" border=\"0\" cellspacing=\"2\" cellpadding=\"2\">\r\n  <tr>\r\n    <td width=\"21%\" height=\"142\" class=\"images\"><img src=\"http:\/\/www.labeljoy.com\/user-guide-files\/fr\/bcd_code39_1.png\"><\/td>\r\n    <td width=\"79%\"><p class=\"body\"> Labeljoy vous demande te taper un texte dans la <strong>bo\u00eete<\/strong> relative de <strong>longeur maximale de 255 caract\u00e8res<\/strong>.<\/p><\/td>\r\n  <\/tr>\r\n  <tr class=\"images\">\r\n    <td align=\"left\" valign=\"middle\" class=\"images\"> Symbole Code 39<\/td>\r\n  <\/tr>\r\n<\/table>\r\n<\/span>\r\n<p>Les codes barres 39 peuvent contenir <strong>un caract\u00e8re de contr\u00f4le optional<\/strong>. Le caract\u00e8re de contr\u00f4le peut \u00eatre cod\u00e9 dans le symbole et\r\n  \u00e9ventuellement affich\u00e9 en <em>texte clair<\/em>. <br\/>\r\n  D\u00e9finissez les param\u00e8tres relatifs au caract\u00e8re du contr\u00f4le dans la liste d\u00e9roulante <strong>Checksum<\/strong>. <\/p>\r\n<table width=\"100%\" border=\"0\" cellspacing=\"2\" cellpadding=\"2\">\r\n  <tr>\r\n    <td width=\"33%\" height=\"144\" align=\"center\" valign=\"middle\"><img src=\"http:\/\/www.labeljoy.com\/user-guide-files\/fr\/bcd_code39_2.png\"><\/td>\r\n    <td width=\"33%\" align=\"center\" valign=\"middle\"><img src=\"http:\/\/www.labeljoy.com\/user-guide-files\/fr\/bcd_code39_3.png\"><\/td>\r\n  <\/tr>\r\n  <tr>\r\n    <td align=\"center\" valign=\"middle\" class=\"images\">Code 39 avec un code de contr\u00f4le affich\u00e9 dans le texte<\/td>\r\n    <td align=\"center\" valign=\"middle\" class=\"images\">Code 39 avec un code de contr\u00f4le pas affich\u00e9 dans le texte<\/td>\r\n  <\/tr>\r\n<\/table>\r\n<p><span class=\"body\">Les symboles Code 39 peuvent \u00eatre \u00e9tendus \u00e0 encoder <strong>tous les caract\u00e8res jusqu'au caract\u00e8re ASCII 127<\/strong>, y compris les lettres minuscules.\r\n  Activez la case \u00e0 cocher <strong>Codage int\u00e9grale <\/strong>pour activer le mode de codage prolong\u00e9. <br\/>\r\n  Le mode prolong\u00e9 n\u00e9cessite plus d'espace horizontal pour afficher le symbole.<\/span><\/p>\r\n<table width=\"100%\" border=\"0\" cellspacing=\"2\" cellpadding=\"2\">\r\n  <tr>\r\n    <td width=\"33%\" height=\"142\" align=\"center\" valign=\"middle\"><img src=\"http:\/\/www.labeljoy.com\/user-guide-files\/fr\/bcd_code39_4.png\"><\/td>\r\n  <\/tr>\r\n  <tr>\r\n    <td align=\"center\" valign=\"middle\" class=\"images\">Code 39 dans le mode du codage integrale<\/td>\r\n  <\/tr>\r\n<\/table>\r\n<p class=\"note\"><strong>Concat\u00e9nation du texte:<\/strong> <br\/>\r\n  Quand un code barres 39 est g\u00e9n\u00e9r\u00e9 par concat\u00e9nation des champs ou des compteurs, les r\u00e8gles suivantes s'appliquent: <br\/>\r\n  - En mode standard, le texte ne peut contenir que des lettres majuscules (A - Z), des chiffres (0-9) et un ou plusieurs caract\u00e8res sp\u00e9ciaux (-, ., $, \/,\r\n  +,%, et l'espace). <br\/>\r\n  - Quand en mode Codage integrale, le texte \u00e0 encoder peut contenir n'importe quel caract\u00e8re ASCII, jusqu'au caract\u00e8re ASCII 127. <br\/>\r\n  - Quand le logiciel trouve une valeur qui ne se conforme pas \u00e0 ces r\u00e8gles, le code barres ne s'affiche pas.<\/p>\r\n<p class=\"body\">Le <em>texte en clair <\/em>peut aussi \u00eatre affich\u00e9 <strong>au-dessus du symbole <\/strong>ou <strong>cach\u00e9<\/strong>, selon la configuration dans la liste\r\n  d\u00e9roulante <strong>Texte<\/strong>.<\/p>\r\n<table width=\"100%\" border=\"0\" cellspacing=\"2\" cellpadding=\"2\">\r\n  <tr>\r\n    <td width=\"33%\" height=\"139\" align=\"center\" valign=\"middle\"><span class=\"images\"><img src=\"http:\/\/www.labeljoy.com\/user-guide-files\/fr\/bcd_code39_5.png\"><\/span><\/span><\/td>\r\n    <td width=\"34%\" align=\"center\" valign=\"middle\"><span class=\"images\"><img src=\"http:\/\/www.labeljoy.com\/user-guide-files\/fr\/bcd_code39_6.png\"><\/span><\/td>\r\n  <\/tr>\r\n  <tr>\r\n    <td align=\"center\" valign=\"middle\" class=\"images\">Code 39 avec le texte au dessus du symbole<\/td>\r\n    <td align=\"center\" valign=\"middle\" class=\"images\">Code 39 avec le texte cach\u00e9<\/td>\r\n  <\/tr>\r\n<\/table>\r\n<p class=\"body\">* Source <a href=\"http:\/\/en.wikipedia.org\/wiki\/Code39\" title=\"wikipedia\" target=\"_blank\">wikipedia<\/a>.<\/p>\n<\/div>\n","protected":false},"excerpt":{"rendered":"<p>Cette page fait r\u00e9f\u00e9rence \u00e0 Labeljoy 5, qui n&rsquo;est pas notre derni\u00e8re version. Effectuez une mise \u00e0 niveau vers Labeljoy 6 pour obtenir la derni\u00e8re version du logiciel avec toutes ses fonctionnalit\u00e9s \u00e9tonnantes ou, si vous l\u2019utilisez d\u00e9j\u00e0, visitez le guide de l\u2019utilisateur de Labeljoy 6.<\/p>\n","protected":false},"author":8,"featured_media":0,"parent":22289,"menu_order":0,"comment_status":"open","ping_status":"closed","template":"page-template-left-sidebar.php","meta":{"inline_featured_image":false,"_monsterinsights_skip_tracking":false,"_monsterinsights_sitenote_active":false,"_monsterinsights_sitenote_note":"","_monsterinsights_sitenote_category":0,"footnotes":""},"class_list":{"0":"post-22646","1":"page","2":"type-page","3":"status-publish","5":"infinite-scroll-item"},"aioseo_notices":[],"_links":{"self":[{"href":"https:\/\/www.labeljoy.com\/fr\/wp-json\/wp\/v2\/pages\/22646","targetHints":{"allow":["GET"]}}],"collection":[{"href":"https:\/\/www.labeljoy.com\/fr\/wp-json\/wp\/v2\/pages"}],"about":[{"href":"https:\/\/www.labeljoy.com\/fr\/wp-json\/wp\/v2\/types\/page"}],"author":[{"embeddable":true,"href":"https:\/\/www.labeljoy.com\/fr\/wp-json\/wp\/v2\/users\/8"}],"replies":[{"embeddable":true,"href":"https:\/\/www.labeljoy.com\/fr\/wp-json\/wp\/v2\/comments?post=22646"}],"version-history":[{"count":3,"href":"https:\/\/www.labeljoy.com\/fr\/wp-json\/wp\/v2\/pages\/22646\/revisions"}],"predecessor-version":[{"id":22751,"href":"https:\/\/www.labeljoy.com\/fr\/wp-json\/wp\/v2\/pages\/22646\/revisions\/22751"}],"up":[{"embeddable":true,"href":"https:\/\/www.labeljoy.com\/fr\/wp-json\/wp\/v2\/pages\/22289"}],"wp:attachment":[{"href":"https:\/\/www.labeljoy.com\/fr\/wp-json\/wp\/v2\/media?parent=22646"}],"curies":[{"name":"wp","href":"https:\/\/api.w.org\/{rel}","templated":true}]}}