{"id":22647,"date":"2014-11-20T10:55:06","date_gmt":"2014-11-20T10:55:06","guid":{"rendered":"http:\/\/www.labeljoy.com\/aide\/code-128\/"},"modified":"2015-02-03T17:46:50","modified_gmt":"2015-02-03T17:46:50","slug":"code-128-fr","status":"publish","type":"page","link":"https:\/\/www.labeljoy.com\/fr\/aide\/code-128-fr\/","title":{"rendered":"Code 128"},"content":{"rendered":"<div data-partent=\"19635\" class=\"callout callout-warning\">\n<h4>Cette page fait r\u00e9f\u00e9rence \u00e0 Labeljoy 5, qui n&rsquo;est pas notre derni\u00e8re version.<\/h4>\n<p>Effectuez une <a href=\"\/fr\/achat\/\">mise \u00e0 niveau vers Labeljoy 6<\/a> pour obtenir la derni\u00e8re version du logiciel avec toutes ses fonctionnalit\u00e9s \u00e9tonnantes ou, si vous l\u2019utilisez d\u00e9j\u00e0, visitez le <a href=\"\/help-lj6\/\">guide de l\u2019utilisateur de Labeljoy 6<\/a>.<\/p>\n<\/div>\n<div id=\"help-guide\">\n\r\n<p class=\"title\">code 128<\/p>\n<p class=\"body\"><strong>Code 128<\/strong> est une symbologie \u00e0 haute densit\u00e9. Elle est utilis\u00e9e pour les codes barres alphanum\u00e9riques ou uniquement num\u00e9riques. Elle peut encoder les 128 caract\u00e8res\n  ASCII. *<\/p>\n<p class=\"body\"> Code 128 est utilis\u00e9e comme <strong>symbologie de base <\/strong>pour g\u00e9n\u00e9rer les symboles des genres <a href=\"http:\/\/www.labeljoy.com\/fr\/aide\/ean128-fr\/\">EAN-128<\/a> et <a href=\"http:\/\/www.labeljoy.com\/fr\/aide\/gs1128-fr\/\">GS1-128<\/a>.<\/p>\n<p class=\"body\">Labeljoy vous demande te taper un texte dans la <strong>bo\u00eete<\/strong> relative de <strong>longeur maximale de 48 caract\u00e8res<\/strong>. <br\/>\n  Le <em>texte en clair <\/em>peut aussi \u00eatre affich\u00e9 <strong>au-dessus du symbole <\/strong>ou <strong>cach\u00e9<\/strong>, selon la configuration dans la liste\n  d\u00e9roulante <strong>Texte<\/strong>.<\/p>\n<p class=\"body\">Vous pouvez &eacute;ventuellement s&eacute;lectionner le mode de codage dans la bo&icirc;te <em>Codage<\/em>.<br \/>\n  Si vous s&eacute;lectionnez un mode de codage autre que <em>Auto<\/em>, le texte saisi sera encod&eacute; en fonction de la valeur ASCII de chaque caract&egrave;re plut&ocirc;t que de sa valeur litt&eacute;rale.<br \/>\nAinsi, par exemple, le codage de la lettre <em>A<\/em> avec le mode de codage <em>128C<\/em> g&eacute;n&eacute;rera un symbole qui code <em>33<\/em>, car c'est la valeur correspondante dans la table de mode codage 128C du caract&egrave;re ASCII 65 (lettre A).<\/p>\n<p class=\"note\"><strong>Concat\u00e9nation du texte:<\/strong> <br\/>\n  Quand un code barres UPC est g\u00e9n\u00e9r\u00e9 par concat\u00e9nation des champs ou des compteurs, les r\u00e8gles suivantes s'appliquent: <br\/>\n  - Le texte ne doit pas d\u00e9passer 48 caract\u00e8res. <br\/>\n  Quand le logiciel trouve une valeur qui ne se conforme pas \u00e0 ces r\u00e8gles, le code barres ne s'affiche pas. <br\/>\n  <br\/>\n  En outre, tous les caract\u00e8res dont les valeurs ASCII sont sup\u00e9rieures \u00e0 127 seront supprim\u00e9s. <\/p>\n<table width=\"100%\" border=\"0\" cellpadding=\"2\" cellspacing=\"2\" class=\"images\">\n  <tr>\n    <td valign=\"bottom\" class=\"imagesLeft\"><img src=\"http:\/\/www.labeljoy.com\/user-guide-files\/fr\/bcd_code128_1.png\"><\/span><\/span><\/td>\n  <\/tr>\n  <tr>\n    <td  valign=\"top\" class=\"imagesLeft\">Code 128 avec le texte au dessous du symbole<\/span><\/td>\n  <\/tr>\n  <tr>\n    <td  valign=\"bottom\" class=\"imagesLeft\"><img src=\"http:\/\/www.labeljoy.com\/user-guide-files\/fr\/bcd_code128_2.png\"><\/span><\/span><\/td>\n  <\/tr>\n  <tr>\n    <td  valign=\"top\" class=\"imagesLeft\">Code 128 avec le texte au dessus du symbole<\/td>\n  <\/tr>\n  <tr>\n    <td valign=\"bottom\" class=\"imagesLeft\"><img src=\"http:\/\/www.labeljoy.com\/user-guide-files\/fr\/bcd_code128_3.png\"><\/td>\n  <\/tr>\n  <tr>\n    <td valign=\"top\" class=\"imagesLeft\">Code 128 avec le texte cach\u00e9<\/td>\n  <\/tr>\n<\/table>\n<p class=\"body\">* Source <a href=\"http:\/\/en.wikipedia.org\/wiki\/Code_128\" title=\"wikipedia\" target=\"_blank\">wikipedia<\/a>.<\/p>\n<\/div>\n","protected":false},"excerpt":{"rendered":"<p>Cette page fait r\u00e9f\u00e9rence \u00e0 Labeljoy 5, qui n&rsquo;est pas notre derni\u00e8re version. Effectuez une mise \u00e0 niveau vers Labeljoy 6 pour obtenir la derni\u00e8re version du logiciel avec toutes ses fonctionnalit\u00e9s \u00e9tonnantes ou, si vous l\u2019utilisez d\u00e9j\u00e0, visitez le guide de l\u2019utilisateur de Labeljoy 6.<\/p>\n","protected":false},"author":8,"featured_media":0,"parent":22289,"menu_order":0,"comment_status":"open","ping_status":"closed","template":"page-template-left-sidebar.php","meta":{"inline_featured_image":false,"_monsterinsights_skip_tracking":false,"_monsterinsights_sitenote_active":false,"_monsterinsights_sitenote_note":"","_monsterinsights_sitenote_category":0,"footnotes":""},"class_list":{"0":"post-22647","1":"page","2":"type-page","3":"status-publish","5":"infinite-scroll-item"},"aioseo_notices":[],"_links":{"self":[{"href":"https:\/\/www.labeljoy.com\/fr\/wp-json\/wp\/v2\/pages\/22647","targetHints":{"allow":["GET"]}}],"collection":[{"href":"https:\/\/www.labeljoy.com\/fr\/wp-json\/wp\/v2\/pages"}],"about":[{"href":"https:\/\/www.labeljoy.com\/fr\/wp-json\/wp\/v2\/types\/page"}],"author":[{"embeddable":true,"href":"https:\/\/www.labeljoy.com\/fr\/wp-json\/wp\/v2\/users\/8"}],"replies":[{"embeddable":true,"href":"https:\/\/www.labeljoy.com\/fr\/wp-json\/wp\/v2\/comments?post=22647"}],"version-history":[{"count":3,"href":"https:\/\/www.labeljoy.com\/fr\/wp-json\/wp\/v2\/pages\/22647\/revisions"}],"predecessor-version":[{"id":22744,"href":"https:\/\/www.labeljoy.com\/fr\/wp-json\/wp\/v2\/pages\/22647\/revisions\/22744"}],"up":[{"embeddable":true,"href":"https:\/\/www.labeljoy.com\/fr\/wp-json\/wp\/v2\/pages\/22289"}],"wp:attachment":[{"href":"https:\/\/www.labeljoy.com\/fr\/wp-json\/wp\/v2\/media?parent=22647"}],"curies":[{"name":"wp","href":"https:\/\/api.w.org\/{rel}","templated":true}]}}