{"id":22648,"date":"2014-11-20T10:56:56","date_gmt":"2014-11-20T10:56:56","guid":{"rendered":"http:\/\/www.labeljoy.com\/aide\/code-93\/"},"modified":"2015-02-03T17:47:06","modified_gmt":"2015-02-03T17:47:06","slug":"code-93-fr","status":"publish","type":"page","link":"https:\/\/www.labeljoy.com\/fr\/aide\/code-93-fr\/","title":{"rendered":"Code 93"},"content":{"rendered":"<div data-partent=\"19635\" class=\"callout callout-warning\">\n<h4>Cette page fait r\u00e9f\u00e9rence \u00e0 Labeljoy 5, qui n&rsquo;est pas notre derni\u00e8re version.<\/h4>\n<p>Effectuez une <a href=\"\/fr\/achat\/\">mise \u00e0 niveau vers Labeljoy 6<\/a> pour obtenir la derni\u00e8re version du logiciel avec toutes ses fonctionnalit\u00e9s \u00e9tonnantes ou, si vous l\u2019utilisez d\u00e9j\u00e0, visitez le <a href=\"\/help-lj6\/\">guide de l\u2019utilisateur de Labeljoy 6<\/a>.<\/p>\n<\/div>\n<div id=\"help-guide\">\n\r\n<p class=\"title\">code 93<\/p>\r\n<p class=\"body\"><strong>Code 93<\/strong> est une symbologie d\u00e9v\u00e9lopp\u00e9e en 1982 par Intermec pour fournir une plus grande densit\u00e9 et la gestion des donn\u00e9es am\u00e9lior\u00e9e par rapport au <a>Code 39<\/a>.\r\n  Il s'agit d'une symbologie alphanum\u00e9rique de longueur variable. Code 93 est principalement utilis\u00e9e par les postes canadiens pour coder les informations de\r\n  livraison suppl\u00e9mentaire. Chaque symbole contient 2 caract\u00e8res de contr\u00f4le.*<\/p>\r\n<p class=\"note\"><strong>Note<\/strong>: <br\/>\r\n  Les caract\u00e8res de contr\u00f4le sont ajout\u00e9s uniquement pour le symbole. Ne sont pas ajout\u00e9es au <em>texte en clair<\/em>. <\/p>\r\n<span>\r\n<table width=\"100%\" border=\"0\" cellspacing=\"2\" cellpadding=\"2\">\r\n  <tr>\r\n    <td width=\"16%\" height=\"142\" class=\"images\"><img src=\"http:\/\/www.labeljoy.com\/user-guide-files\/fr\/bcd_code93_1.png\"><\/td>\r\n    <td width=\"84%\"><p class=\"body\"> Labeljoy vous demande te taper un texte dans la <strong>bo\u00eete<\/strong> relative de <strong>longeur maximale de 255 caract\u00e8res<\/strong>.<\/p><\/td>\r\n  <\/tr>\r\n  <tr class=\"images\">\r\n    <td align=\"left\" valign=\"middle\" class=\"images\"> Symbole Code 93<\/td>\r\n  <\/tr>\r\n<\/table>\r\n<\/span>\r\n<p>Les symboles code 39 peuvent \u00eatre \u00e9tendues \u00e0 encoder <strong>tous les caract\u00e8res ASCII jusqu'au caract\u00e8re 127<\/strong>, y compris les lettres minuscules.\r\n  Activez la case \u00e0 cocher <em>Codage integrale <\/em>pour activer le mode de complet.<\/p>\r\n<table width=\"100%\" border=\"0\" cellspacing=\"2\" cellpadding=\"2\">\r\n  <tr>\r\n    <td width=\"33%\" height=\"142\" align=\"center\" valign=\"middle\"><img src=\"http:\/\/www.labeljoy.com\/user-guide-files\/fr\/bcd_code93_2.png\"><\/td>\r\n  <\/tr>\r\n  <tr>\r\n    <td align=\"center\" valign=\"middle\" class=\"images\">Code 93 en mode du codage integrale<\/td>\r\n  <\/tr>\r\n<\/table>\r\n<p class=\"note\"><strong>Concat\u00e9nation du texte:<\/strong> <br\/>\r\n  Quand un code barres 93 est g\u00e9n\u00e9r\u00e9 par concat\u00e9nation des champs ou des compteurs, les r\u00e8gles suivantes s'appliquent: <br\/>\r\n  - En mode standard, le texte ne peut contenir que des lettres majuscules (A - Z), des chiffres (0-9) et un ou plusieurs caract\u00e8res sp\u00e9ciaux (-, ., $, \/,\r\n  +,%, et l'espace). <br\/>\r\n  - Quand en mode Codage integrale, le texte \u00e0 encoder peut contenir n'importe quel caract\u00e8re ASCII, jusqu'au caract\u00e8re ASCII 127.<br\/>\r\n  - Quand le logiciel trouve une valeur qui ne se conforme pas \u00e0 ces r\u00e8gles, le code barres ne s'affiche pas. <\/p>\r\n<p class=\"body\">Le <em>texte en clair <\/em>peut aussi \u00eatre affich\u00e9 <strong>au-dessus du symbole <\/strong>ou <strong>cach\u00e9<\/strong>, selon la configuration dans la liste\r\n  d\u00e9roulante <strong>Texte<\/strong>.<\/p>\r\n<table width=\"100%\" border=\"0\" cellspacing=\"2\" cellpadding=\"2\">\r\n  <tr>\r\n    <td width=\"33%\" height=\"139\" align=\"center\" valign=\"middle\"><span class=\"images\"><img src=\"http:\/\/www.labeljoy.com\/user-guide-files\/fr\/bcd_code93_3.png\"><\/span><\/span><\/td>\r\n    <td width=\"34%\" align=\"center\" valign=\"middle\"><span class=\"images\"><img src=\"http:\/\/www.labeljoy.com\/user-guide-files\/fr\/bcd_code93_4.png\"><\/span><\/td>\r\n  <\/tr>\r\n  <tr>\r\n    <td align=\"center\" valign=\"middle\">Code 93 avec le texte au dessus du symbole<\/td>\r\n    <td align=\"center\" valign=\"middle\" class=\"images\">Code 93 avec le texte cach\u00e9<\/td>\r\n  <\/tr>\r\n<\/table>\r\n<p class=\"body\">* Source <a href=\"http:\/\/en.wikipedia.org\/wiki\/Code_93\" title=\"wikipedia\" target=\"_blank\">wikipedia<\/a>.<\/p>\n<\/div>\n","protected":false},"excerpt":{"rendered":"<p>Cette page fait r\u00e9f\u00e9rence \u00e0 Labeljoy 5, qui n&rsquo;est pas notre derni\u00e8re version. Effectuez une mise \u00e0 niveau vers Labeljoy 6 pour obtenir la derni\u00e8re version du logiciel avec toutes ses fonctionnalit\u00e9s \u00e9tonnantes ou, si vous l\u2019utilisez d\u00e9j\u00e0, visitez le guide de l\u2019utilisateur de Labeljoy 6.<\/p>\n","protected":false},"author":8,"featured_media":0,"parent":22289,"menu_order":0,"comment_status":"open","ping_status":"closed","template":"page-template-left-sidebar.php","meta":{"inline_featured_image":false,"_monsterinsights_skip_tracking":false,"_monsterinsights_sitenote_active":false,"_monsterinsights_sitenote_note":"","_monsterinsights_sitenote_category":0,"footnotes":""},"class_list":{"0":"post-22648","1":"page","2":"type-page","3":"status-publish","5":"infinite-scroll-item"},"aioseo_notices":[],"_links":{"self":[{"href":"https:\/\/www.labeljoy.com\/fr\/wp-json\/wp\/v2\/pages\/22648","targetHints":{"allow":["GET"]}}],"collection":[{"href":"https:\/\/www.labeljoy.com\/fr\/wp-json\/wp\/v2\/pages"}],"about":[{"href":"https:\/\/www.labeljoy.com\/fr\/wp-json\/wp\/v2\/types\/page"}],"author":[{"embeddable":true,"href":"https:\/\/www.labeljoy.com\/fr\/wp-json\/wp\/v2\/users\/8"}],"replies":[{"embeddable":true,"href":"https:\/\/www.labeljoy.com\/fr\/wp-json\/wp\/v2\/comments?post=22648"}],"version-history":[{"count":3,"href":"https:\/\/www.labeljoy.com\/fr\/wp-json\/wp\/v2\/pages\/22648\/revisions"}],"predecessor-version":[{"id":22746,"href":"https:\/\/www.labeljoy.com\/fr\/wp-json\/wp\/v2\/pages\/22648\/revisions\/22746"}],"up":[{"embeddable":true,"href":"https:\/\/www.labeljoy.com\/fr\/wp-json\/wp\/v2\/pages\/22289"}],"wp:attachment":[{"href":"https:\/\/www.labeljoy.com\/fr\/wp-json\/wp\/v2\/media?parent=22648"}],"curies":[{"name":"wp","href":"https:\/\/api.w.org\/{rel}","templated":true}]}}