{"id":22650,"date":"2014-11-20T11:00:02","date_gmt":"2014-11-20T11:00:02","guid":{"rendered":"http:\/\/www.labeljoy.com\/aide\/codabar\/"},"modified":"2015-02-03T16:19:57","modified_gmt":"2015-02-03T16:19:57","slug":"codabar-fr","status":"publish","type":"page","link":"https:\/\/www.labeljoy.com\/fr\/aide\/codabar-fr\/","title":{"rendered":"Codabar"},"content":{"rendered":"<div data-partent=\"19635\" class=\"callout callout-warning\">\n<h4>Cette page fait r\u00e9f\u00e9rence \u00e0 Labeljoy 5, qui n&rsquo;est pas notre derni\u00e8re version.<\/h4>\n<p>Effectuez une <a href=\"\/fr\/achat\/\">mise \u00e0 niveau vers Labeljoy 6<\/a> pour obtenir la derni\u00e8re version du logiciel avec toutes ses fonctionnalit\u00e9s \u00e9tonnantes ou, si vous l\u2019utilisez d\u00e9j\u00e0, visitez le <a href=\"\/help-lj6\/\">guide de l\u2019utilisateur de Labeljoy 6<\/a>.<\/p>\n<\/div>\n<link rel=\"stylesheet\" href=\"http:\/\/www.labeljoy.com\/user-guide-files\/en\/styles.css\" type=\"text\/css\" media=\"all\" \/>\n<div id=\"help-guide\">\n\r\n<p class=\"title\"><strong>codabar<\/strong><\/p>\r\n<p class=\"body\">Le code barres <strong>Codabar<\/strong> est une symbologie lin\u00e9aire d\u00e9v\u00e9lopp\u00e9e en 1972 chez Pitney Bowes Corp. Elle est aussi connue comme Codeabar, Ames\r\n  Code, NW-7, Monarch, Code 2 of 7, Rationalized Codabar, ANSI\/AIM BC3-1995 ou USD-4. Library Book Barcode.* <br\/>\r\n  Elle a \u00e9t\u00e9 con\u00e7ue pour \u00eatre <strong>lue attentivement<\/strong>, m\u00eame si elle est imprim\u00e9e avec des imprimantes matricielles pour les modules en plusieurs\r\n  sections telles que ceux de FedEx et des banques de sang, dont il existe des variantes encore en usage en 2007. Bien que les symbologies plus modernes\r\n  peuvent contenir plus d'informations, la symbologie Codabar a une grande base d'installation dans les biblioth\u00e8ques.*\r\n<p class=\"body\">Les symboles Codabar peuvent coder les <strong>chiffres de 0 \u00e0 9<\/strong> et les suivants <strong>caract\u00e8res sp\u00e9ciaux<\/strong>: <strong> - . $ : \/ +<\/strong><strong>.<\/strong> <strong> <br\/>\r\n  <\/strong> Le texte cod\u00e9 doit \u00eatre d\u00e9limit\u00e9 <strong>par un caract\u00e8re de d\u00e9but et un de fin<\/strong>, qui doivent \u00eatre choisis entre les lettres majuscules <strong>A<\/strong>, <strong>B<\/strong>, <strong>C <\/strong>ou <strong>D<\/strong>.\r\n<p class=\"note\"><strong>Note<\/strong>: <br\/>\r\n  Les caract\u00e8res de debut et de fin <strong>ne sont pas affich\u00e9s <\/strong>dans le <em>texte en clair<\/em>.\r\n<table width=\"100%\" border=\"0\" cellspacing=\"2\" cellpadding=\"2\">\r\n  <tr>\r\n    <td width=\"25%\" class=\"images\"><img src=\"http:\/\/www.labeljoy.com\/user-guide-files\/fr\/bcd_codabar_1.png\"><\/td>\r\n    <td width=\"75%\"><p class=\"body\"> Labeljoy vous demande te taper un texte dans la <strong>bo\u00eete<\/strong> relative de <strong>longeur maximale de 255 caract\u00e8res<\/strong>.<\/p><\/td>\r\n  <\/tr>\r\n  <tr class=\"images\">\r\n    <td align=\"left\" valign=\"middle\" class=\"images\"> Symbole Codabar<\/td>\r\n  <\/tr>\r\n<\/table>\r\n<\/span>\r\n<table width=\"100%\" border=\"0\" cellspacing=\"2\" cellpadding=\"2\">\r\n  <tr>\r\n    <td width=\"33%\" height=\"144\" align=\"center\" valign=\"middle\"><img src=\"http:\/\/www.labeljoy.com\/user-guide-files\/fr\/bcd_codabar_2.png\"><\/td>\r\n  <\/tr>\r\n  <tr>\r\n    <td align=\"center\" valign=\"middle\" class=\"images\"> Symbole Codabar qui code chiffres et caract\u00e8res sp\u00e9ciaux<\/td>\r\n  <\/tr>\r\n<\/table>\r\n<p class=\"note\"><strong>Concat\u00e9nation du texte:<\/strong> <br\/>\r\n  Quando un code barres Codabar est g\u00e9n\u00e9r\u00e9 par concat\u00e9nation des champs ou des compteurs, les r\u00e8gles suivantes s'appliquent: <br\/>\r\n  - Seulement les textes qui contient chiffres et caract\u00e8res sp\u00e9ciaux seront consid\u00e9r\u00e9s. <br\/>\r\n  - Les textes doivent \u00eatre d\u00e9limit\u00e9s par un de 4 caract\u00e8res majuscules. Par exemple, pour encoder le texte 1234+5678, le champ doit contenir le texte\r\n  suivant: <strong>A<\/strong>1234+5678<strong>B<\/strong>, o\u00f9 A et B sont respectivement le caract\u00e8re initial et final qui n'appara\u00eetront pas en clair. <br\/>\r\n  Quand le logiciel trouve une valeur qui ne se conforme pas \u00e0 ces r\u00e8gles, le code barres ne s'affiche pas. <\/p>\r\n<p class=\"body\"> Le <em>texte en clair <\/em>peut aussi \u00eatre affich\u00e9 <strong>au-dessus du symbole <\/strong>ou <strong>cach\u00e9<\/strong>, selon la configuration dans la liste\r\n  d\u00e9roulante <strong>Texte<\/strong>.<\/p>\r\n<table width=\"100%\" border=\"0\" cellspacing=\"2\" cellpadding=\"2\">\r\n  <tr>\r\n    <td width=\"33%\" align=\"center\" valign=\"middle\"><span class=\"images\"><img src=\"http:\/\/www.labeljoy.com\/user-guide-files\/fr\/bcd_codabar_3.png\"><\/span><\/span><\/td>\r\n    <td width=\"34%\" align=\"center\" valign=\"middle\"><span class=\"images\"><img src=\"http:\/\/www.labeljoy.com\/user-guide-files\/fr\/bcd_codabar_4.png\"><\/span><\/td>\r\n  <\/tr>\r\n  <tr>\r\n    <td align=\"center\" valign=\"middle\">Codabar avec le texte au dessus du symbole<\/td>\r\n    <td align=\"center\" valign=\"middle\" class=\"images\"> Codabar avec le texte cach\u00e9<\/td>\r\n  <\/tr>\r\n<\/table>\r\n<p class=\"body\">* Source <a href=\"http:\/\/en.wikipedia.org\/wiki\/Codabar\">wikipedia<\/a>.<\/p>\n<\/div>\n","protected":false},"excerpt":{"rendered":"<p>Cette page fait r\u00e9f\u00e9rence \u00e0 Labeljoy 5, qui n&rsquo;est pas notre derni\u00e8re version. Effectuez une mise \u00e0 niveau vers Labeljoy 6 pour obtenir la derni\u00e8re version du logiciel avec toutes ses fonctionnalit\u00e9s \u00e9tonnantes ou, si vous l\u2019utilisez d\u00e9j\u00e0, visitez le guide de l\u2019utilisateur de Labeljoy 6.<\/p>\n","protected":false},"author":8,"featured_media":0,"parent":22289,"menu_order":0,"comment_status":"open","ping_status":"closed","template":"page-template-left-sidebar.php","meta":{"inline_featured_image":false,"_monsterinsights_skip_tracking":false,"_monsterinsights_sitenote_active":false,"_monsterinsights_sitenote_note":"","_monsterinsights_sitenote_category":0,"footnotes":""},"class_list":{"0":"post-22650","1":"page","2":"type-page","3":"status-publish","5":"infinite-scroll-item"},"aioseo_notices":[],"_links":{"self":[{"href":"https:\/\/www.labeljoy.com\/fr\/wp-json\/wp\/v2\/pages\/22650","targetHints":{"allow":["GET"]}}],"collection":[{"href":"https:\/\/www.labeljoy.com\/fr\/wp-json\/wp\/v2\/pages"}],"about":[{"href":"https:\/\/www.labeljoy.com\/fr\/wp-json\/wp\/v2\/types\/page"}],"author":[{"embeddable":true,"href":"https:\/\/www.labeljoy.com\/fr\/wp-json\/wp\/v2\/users\/8"}],"replies":[{"embeddable":true,"href":"https:\/\/www.labeljoy.com\/fr\/wp-json\/wp\/v2\/comments?post=22650"}],"version-history":[{"count":2,"href":"https:\/\/www.labeljoy.com\/fr\/wp-json\/wp\/v2\/pages\/22650\/revisions"}],"predecessor-version":[{"id":22686,"href":"https:\/\/www.labeljoy.com\/fr\/wp-json\/wp\/v2\/pages\/22650\/revisions\/22686"}],"up":[{"embeddable":true,"href":"https:\/\/www.labeljoy.com\/fr\/wp-json\/wp\/v2\/pages\/22289"}],"wp:attachment":[{"href":"https:\/\/www.labeljoy.com\/fr\/wp-json\/wp\/v2\/media?parent=22650"}],"curies":[{"name":"wp","href":"https:\/\/api.w.org\/{rel}","templated":true}]}}