{"id":22651,"date":"2014-11-20T11:00:56","date_gmt":"2014-11-20T11:00:56","guid":{"rendered":"http:\/\/www.labeljoy.com\/aide\/postnet\/"},"modified":"2015-02-03T17:46:26","modified_gmt":"2015-02-03T17:46:26","slug":"postnet-fr","status":"publish","type":"page","link":"https:\/\/www.labeljoy.com\/fr\/aide\/postnet-fr\/","title":{"rendered":"Postnet"},"content":{"rendered":"<div data-partent=\"19635\" class=\"callout callout-warning\">\n<h4>Cette page fait r\u00e9f\u00e9rence \u00e0 Labeljoy 5, qui n&rsquo;est pas notre derni\u00e8re version.<\/h4>\n<p>Effectuez une <a href=\"\/fr\/achat\/\">mise \u00e0 niveau vers Labeljoy 6<\/a> pour obtenir la derni\u00e8re version du logiciel avec toutes ses fonctionnalit\u00e9s \u00e9tonnantes ou, si vous l\u2019utilisez d\u00e9j\u00e0, visitez le <a href=\"\/help-lj6\/\">guide de l\u2019utilisateur de Labeljoy 6<\/a>.<\/p>\n<\/div>\n<div id=\"help-guide\">\n\r\n<p class=\"title\"><strong>postnet<\/strong><\/p>\r\n<p class=\"body\"><strong>Postnet<\/strong> (<strong>Pos<\/strong>tal <strong>N<\/strong>umeric <strong>E<\/strong>ncoding <strong>T<\/strong>echnique) est une symbologie utilis\u00e9e par le service postale\r\n  des \u00c9tats Unis qui aide \u00e0 adresser la poste. Le code postal ou le code postal + 4 chiffres est cod\u00e9 dans les bars de longueur \u00e0 moiti\u00e9 ou pleines. Tr\u00e8s\r\n  souvent, le point de livraison est ajout\u00e9, g\u00e9n\u00e9ralement comme les 2 derniers chiffres de l'adresse ou de la bo\u00eete postale. *\r\n<p class=\"body\"> Les symboles Postnet codent <strong>exclusivement<\/strong><strong> 5<\/strong>, <strong>9<\/strong> ou <strong>11 chiffres<\/strong>.\r\n<p class=\"note\"><strong>Note<\/strong>: <br\/>\r\n  Le <em>texte en clair <\/em>n'est pas visible avec cette symbologie.<\/p>\r\n<table width=\"100%\" border=\"0\" cellspacing=\"2\" cellpadding=\"2\">\r\n  <tr>\r\n    <td width=\"33%\" align=\"center\" valign=\"middle\"><img src=\"http:\/\/www.labeljoy.com\/user-guide-files\/fr\/bcd_postnet_1.png\"><\/td>\r\n  <\/tr>\r\n  <tr>\r\n    <td align=\"center\" valign=\"middle\" class=\"images\"> Postnet qui code 5 chiffres<\/td>\r\n  <\/tr>\r\n  <tr>\r\n    <td width=\"33%\"  align=\"center\" valign=\"middle\"><img src=\"http:\/\/www.labeljoy.com\/user-guide-files\/fr\/bcd_postnet_2.png\"><\/td>\r\n  <\/tr>\r\n  <tr>\r\n    <td align=\"center\" valign=\"middle\" class=\"images\"> Postnet qui code 9 chiffres<\/td>\r\n  <\/tr>\r\n  <td width=\"33%\"  align=\"center\" valign=\"middle\"><img src=\"http:\/\/www.labeljoy.com\/user-guide-files\/fr\/bcd_postnet_3.png\"><\/td>\r\n  <\/tr>\r\n  <tr>\r\n    <td align=\"center\" valign=\"middle\" class=\"images\"> Postnet qui code 11 chiffres<\/td>\r\n  <\/tr>\r\n<\/table>\r\n<p class=\"note\"> <strong>Concat\u00e9nation du texte:<\/strong> <br\/>\r\n  Quando un code barres Codabar est g\u00e9n\u00e9r\u00e9 par concat\u00e9nation des champs ou des compteurs, les r\u00e8gles suivantes s'appliquent: <br\/>\r\n  - Seulement les chiffres sont permises. <br\/>\r\n  - Seulement les textes avec 5, 9 ou 11 chiffres seront consid\u00e9r\u00e9s. <br\/>\r\n  Quand le logiciel trouve une valeur qui ne se conforme pas \u00e0 ces r\u00e8gles, le code barres ne s'affiche pas. <\/p>\r\n<p class=\"body\">* Source <a href=\"http:\/\/en.wikipedia.org\/wiki\/Postnet\">wikipedia<\/a>.<\/p>\n<\/div>\n","protected":false},"excerpt":{"rendered":"<p>Cette page fait r\u00e9f\u00e9rence \u00e0 Labeljoy 5, qui n&rsquo;est pas notre derni\u00e8re version. Effectuez une mise \u00e0 niveau vers Labeljoy 6 pour obtenir la derni\u00e8re version du logiciel avec toutes ses fonctionnalit\u00e9s \u00e9tonnantes ou, si vous l\u2019utilisez d\u00e9j\u00e0, visitez le guide de l\u2019utilisateur de Labeljoy 6.<\/p>\n","protected":false},"author":8,"featured_media":0,"parent":22289,"menu_order":0,"comment_status":"open","ping_status":"closed","template":"page-template-left-sidebar.php","meta":{"inline_featured_image":false,"_monsterinsights_skip_tracking":false,"_monsterinsights_sitenote_active":false,"_monsterinsights_sitenote_note":"","_monsterinsights_sitenote_category":0,"footnotes":""},"class_list":{"0":"post-22651","1":"page","2":"type-page","3":"status-publish","5":"infinite-scroll-item"},"aioseo_notices":[],"_links":{"self":[{"href":"https:\/\/www.labeljoy.com\/fr\/wp-json\/wp\/v2\/pages\/22651","targetHints":{"allow":["GET"]}}],"collection":[{"href":"https:\/\/www.labeljoy.com\/fr\/wp-json\/wp\/v2\/pages"}],"about":[{"href":"https:\/\/www.labeljoy.com\/fr\/wp-json\/wp\/v2\/types\/page"}],"author":[{"embeddable":true,"href":"https:\/\/www.labeljoy.com\/fr\/wp-json\/wp\/v2\/users\/8"}],"replies":[{"embeddable":true,"href":"https:\/\/www.labeljoy.com\/fr\/wp-json\/wp\/v2\/comments?post=22651"}],"version-history":[{"count":3,"href":"https:\/\/www.labeljoy.com\/fr\/wp-json\/wp\/v2\/pages\/22651\/revisions"}],"predecessor-version":[{"id":22739,"href":"https:\/\/www.labeljoy.com\/fr\/wp-json\/wp\/v2\/pages\/22651\/revisions\/22739"}],"up":[{"embeddable":true,"href":"https:\/\/www.labeljoy.com\/fr\/wp-json\/wp\/v2\/pages\/22289"}],"wp:attachment":[{"href":"https:\/\/www.labeljoy.com\/fr\/wp-json\/wp\/v2\/media?parent=22651"}],"curies":[{"name":"wp","href":"https:\/\/api.w.org\/{rel}","templated":true}]}}