{"id":22653,"date":"2014-11-20T11:02:37","date_gmt":"2014-11-20T11:02:37","guid":{"rendered":"http:\/\/www.labeljoy.com\/aide\/data-matrix\/"},"modified":"2015-02-03T17:47:01","modified_gmt":"2015-02-03T17:47:01","slug":"data-matrix-fr","status":"publish","type":"page","link":"https:\/\/www.labeljoy.com\/fr\/aide\/data-matrix-fr\/","title":{"rendered":"Data matrix"},"content":{"rendered":"<div data-partent=\"19635\" class=\"callout callout-warning\">\n<h4>Cette page fait r\u00e9f\u00e9rence \u00e0 Labeljoy 5, qui n&rsquo;est pas notre derni\u00e8re version.<\/h4>\n<p>Effectuez une <a href=\"\/fr\/achat\/\">mise \u00e0 niveau vers Labeljoy 6<\/a> pour obtenir la derni\u00e8re version du logiciel avec toutes ses fonctionnalit\u00e9s \u00e9tonnantes ou, si vous l\u2019utilisez d\u00e9j\u00e0, visitez le <a href=\"\/help-lj6\/\">guide de l\u2019utilisateur de Labeljoy 6<\/a>.<\/p>\n<\/div>\n<div id=\"help-guide\">\n\r\n<p class=\"title\"><strong>data matrix<\/strong><\/p>\r\n<p class=\"body\">Un symbole <strong>Data Matrix <\/strong><strong>est un code barres<\/strong><strong> bidimensionnel<\/strong> constitu\u00e9 de \"cellules\" ou modules noirs et\r\n  blancs dispos\u00e9s en matrices carr\u00e9es ou rectangulaires. L'information cod\u00e9e peut \u00eatre du texte ou des donn\u00e9es brutes.* <br\/>\r\n  La longueur des donn\u00e9es cod\u00e9es d\u00e9pend de la taille du symbole utilis\u00e9e. Des <strong>codes de correction d'erreur <\/strong>sont ajout\u00e9s pour renforcer le\r\n  symbole: m\u00eame si ils sont partiellement endommag\u00e9s, ils peuvent toujours \u00eatre lus. Un symbole Data Matrix peut encoder <strong>jusqu'\u00e0 2.335 caract\u00e8res alphanum\u00e9riques<\/strong>.\r\n<p class=\"note\"><strong>Note<\/strong>: <br\/>\r\n  Le <em>texte en clair <\/em>n'est pas visible avec cette symbologie.\r\n<p class=\"body\">Les symboles Data Matrix peuvent encoder des donn\u00e9es de diff\u00e9rentes mani\u00e8res. Utilisez la liste d\u00e9roulante <em>Codage <\/em>pour d\u00e9finir l'algorithme de\r\n  codage de donn\u00e9es pour obtenir la meilleure compression possible, afin de r\u00e9duire l'espace occup\u00e9 par le symbole. Les options sont les suivantes:\r\n<UL>\r\n  <LI><span class=\"body\"><strong>(Mixed)<\/strong>: d\u00e9faut: permet l'encodage du texte \u00e0 l'aide d'une combinaison de diff\u00e9rents algorithmes de compression en fonction du type de contenu.\r\n    Normalement, ce r\u00e9glage donne les meilleurs r\u00e9sultats.<\/span>\r\n  <LI><span class=\"body\"><strong>Ascii<\/strong>: permet l'encodage de tous les 256 caract\u00e8res du code ASCII. Il obtient les meilleurs r\u00e9sultats sur les caract\u00e8res num\u00e9riques et les valeurs ASCII\r\n    de 0 \u00e0 127.<\/span>\r\n  <LI><span class=\"body\"> <strong>C40<\/strong>: permet l'encodage des chiffres et des lettres et certains caract\u00e8res sp\u00e9ciaux. Convient pour les contenus alphanum\u00e9riques principalement\r\n    majuscules.<\/span>\r\n  <LI><span class=\"body\"><strong>Text<\/strong>: permet l'encodage des chiffres et des lettres et certains caract\u00e8res sp\u00e9ciaux. Convient pour les contenus alphanum\u00e9riques principalement\r\n    minuscules.<\/span>\r\n  <LI><span class=\"body\"><strong>X12<\/strong>: permet l'encodage des caract\u00e8res inclus dans le set ANSI X12.<\/span>\r\n  <LI><span class=\"body\"><strong>Edifact<\/strong>: permet l'encodage des caract\u00e8res Ascii du 32 au 94. Inclus pour compatibilit\u00e9, on ne conseille pas l'utilisation car il est obsol\u00e8te. <\/span>\r\n  <LI class=\"body\"><strong>Base 256<\/strong>: encodage sp\u00e9cifique pour valeurs <em>byte<\/em> de 0 \u00e0 255. Avec cet algorithme, il est possible de coder n'importe quelle valeur comprise entre\r\n    0x00 et 0xFF (d\u00e9cimal 0 ~ 255). Pour utiliser ce code, vous devez sp\u00e9cifier le texte comme une cha\u00eene de valeurs hexad\u00e9cimaux s\u00e9par\u00e9s par un\r\n    espace: Par exemple: 32 56 FA E8 12 ... etc. <\/LI>\r\n<\/UL>\r\n<table width=\"100%\" border=\"0\" cellspacing=\"2\" cellpadding=\"2\">\r\n  <tr>\r\n    <td  colspan=\"2\" align=\"center\" valign=\"middle\" class=\"images\"> Symbole Data Matrix qui encode:<strong> http:\/\/www.labeljoy.com\/en\/download-software-create-labels.html<\/strong><\/td>\r\n  <\/tr>\r\n  <tr>\r\n    <td  align=\"center\" valign=\"middle\"><img src=\"http:\/\/www.labeljoy.com\/user-guide-files\/fr\/bcd_datamatrix_3.png\"><\/td>\r\n    <td   align=\"center\" valign=\"middle\"><img src=\"http:\/\/www.labeljoy.com\/user-guide-files\/fr\/bcd_datamatrix_4.png\"><\/td>\r\n  <\/tr>\r\n  <tr>\r\n    <td align=\"center\" valign=\"middle\" class=\"images\"> Avec encodage ASCII<\/td>\r\n    <td align=\"center\" valign=\"middle\" class=\"images\"> Avec encodage Text<\/td>\r\n  <\/tr>\r\n<\/table>\r\n<p class=\"body\">La case <em>Taille du symbole<\/em> permet de d\u00e9finir la taille minimale du symbole. L'architecture du code Data Matrix pr\u00e9voit l'organisation des donn\u00e9es \u00e0\r\n  afficher dans les <em>matrici<\/em> carr\u00e9es ou rectangulaires combin\u00e9s les uns avec les autres de mani\u00e8re \u00e0 contenir les informations cod\u00e9es. Le nombre de\r\n  matrices d\u00e9pend de la quantit\u00e9 de donn\u00e9es cod\u00e9es. <br\/>\r\n  Normalement, le symbole est g\u00e9n\u00e9r\u00e9e avec le nombre minimal de matrices n\u00e9cessaires pour repr\u00e9senter le contenu des donn\u00e9es. Dans certains cas, il peut \u00eatre\r\n  n\u00e9cessaire d'augmenter le seuil minimum pour obtenir des symboles identiques, peu importe la quantit\u00e9 de donn\u00e9es cod\u00e9es. Par exemple, si vous connectez un\r\n  code \u00e0 barres Data Matrix \u00e0 une liste d'adresses \u00e0 imprimer, il peut \u00eatre exig\u00e9 que la taille du symbole soit le m\u00eame quelle que soit la longueur de\r\n  l'adresse unique. Dans ce cas, vous pouvez d\u00e9finir manuellement le format minimum \u00e0 utiliser. <\/p>\r\n<table width=\"100%\" border=\"0\" cellspacing=\"2\" cellpadding=\"2\">\r\n  <tr>\r\n    <td  colspan=\"2\" align=\"center\" valign=\"middle\">Symbole Data Matrix qui encode:<strong>12345<\/strong><\/td>\r\n  <\/tr>\r\n  <tr>\r\n    <td   align=\"center\" valign=\"middle\"><img src=\"http:\/\/www.labeljoy.com\/user-guide-files\/fr\/bcd_datamatrix_1.png\"><\/td>\r\n    <td  align=\"center\" valign=\"middle\"><img src=\"http:\/\/www.labeljoy.com\/user-guide-files\/fr\/bcd_datamatrix_2.png\"><\/td>\r\n  <\/tr>\r\n  <tr>\r\n    <td align=\"center\" valign=\"middle\" class=\"images\">Avec la taille (Auto)<\/td>\r\n    <td align=\"center\" valign=\"middle\" class=\"images\">Avec la taille 16x48<\/td>\r\n  <\/tr>\r\n<\/table>\r\n<p class=\"note\">Concatenation du texte: <br\/>\r\n  Quand un code barres Data Matrix est g\u00e9n\u00e9r\u00e9 par concatenation des champs ou des compteurs, les r\u00e8gles suivantes s'appliquent: <br\/>\r\n  - Le texte doit respecter l'algorithme d'encodage s\u00e9l\u00e9ctionn\u00e9. <br\/>\r\n  - Le texte ne doit pas d\u00e9passer la longuer maximale. <br\/>\r\n  Quand le logiciel trouve une valeur qui ne se conforme pas \u00e0 ces r\u00e8gles, le code barres ne s'affiche pas. <\/p>\r\n<p class=\"note\"><strong>Limitations:<\/strong> <br\/>\r\n  Les symboles Data Matrix g\u00e9n\u00e9r\u00e9s avec Labeljoy ne supportent pas, actuellement: Extended Channel Interpretation (ECI), le mode FNC1 et le mode Structure\r\n  Append.<\/p>\r\n<p class=\"body\">* Source <a href=\"http:\/\/en.wikipedia.org\/wiki\/Data_matrix_(computer)\">wikipedia<\/a>.<\/p>\n<\/div>\n","protected":false},"excerpt":{"rendered":"<p>Cette page fait r\u00e9f\u00e9rence \u00e0 Labeljoy 5, qui n&rsquo;est pas notre derni\u00e8re version. Effectuez une mise \u00e0 niveau vers Labeljoy 6 pour obtenir la derni\u00e8re version du logiciel avec toutes ses fonctionnalit\u00e9s \u00e9tonnantes ou, si vous l\u2019utilisez d\u00e9j\u00e0, visitez le guide de l\u2019utilisateur de Labeljoy 6.<\/p>\n","protected":false},"author":8,"featured_media":0,"parent":22289,"menu_order":0,"comment_status":"open","ping_status":"closed","template":"page-template-left-sidebar.php","meta":{"inline_featured_image":false,"_monsterinsights_skip_tracking":false,"_monsterinsights_sitenote_active":false,"_monsterinsights_sitenote_note":"","_monsterinsights_sitenote_category":0,"footnotes":""},"class_list":{"0":"post-22653","1":"page","2":"type-page","3":"status-publish","5":"infinite-scroll-item"},"aioseo_notices":[],"_links":{"self":[{"href":"https:\/\/www.labeljoy.com\/fr\/wp-json\/wp\/v2\/pages\/22653","targetHints":{"allow":["GET"]}}],"collection":[{"href":"https:\/\/www.labeljoy.com\/fr\/wp-json\/wp\/v2\/pages"}],"about":[{"href":"https:\/\/www.labeljoy.com\/fr\/wp-json\/wp\/v2\/types\/page"}],"author":[{"embeddable":true,"href":"https:\/\/www.labeljoy.com\/fr\/wp-json\/wp\/v2\/users\/8"}],"replies":[{"embeddable":true,"href":"https:\/\/www.labeljoy.com\/fr\/wp-json\/wp\/v2\/comments?post=22653"}],"version-history":[{"count":3,"href":"https:\/\/www.labeljoy.com\/fr\/wp-json\/wp\/v2\/pages\/22653\/revisions"}],"predecessor-version":[{"id":22745,"href":"https:\/\/www.labeljoy.com\/fr\/wp-json\/wp\/v2\/pages\/22653\/revisions\/22745"}],"up":[{"embeddable":true,"href":"https:\/\/www.labeljoy.com\/fr\/wp-json\/wp\/v2\/pages\/22289"}],"wp:attachment":[{"href":"https:\/\/www.labeljoy.com\/fr\/wp-json\/wp\/v2\/media?parent=22653"}],"curies":[{"name":"wp","href":"https:\/\/api.w.org\/{rel}","templated":true}]}}