{"id":22654,"date":"2014-11-20T11:03:24","date_gmt":"2014-11-20T11:03:24","guid":{"rendered":"http:\/\/www.labeljoy.com\/aide\/qr-code\/"},"modified":"2015-02-03T17:46:45","modified_gmt":"2015-02-03T17:46:45","slug":"qr-code-fr","status":"publish","type":"page","link":"https:\/\/www.labeljoy.com\/fr\/aide\/qr-code-fr\/","title":{"rendered":"Qr code"},"content":{"rendered":"<div data-partent=\"19635\" class=\"callout callout-warning\">\n<h4>Cette page fait r\u00e9f\u00e9rence \u00e0 Labeljoy 5, qui n&rsquo;est pas notre derni\u00e8re version.<\/h4>\n<p>Effectuez une <a href=\"\/fr\/achat\/\">mise \u00e0 niveau vers Labeljoy 6<\/a> pour obtenir la derni\u00e8re version du logiciel avec toutes ses fonctionnalit\u00e9s \u00e9tonnantes ou, si vous l\u2019utilisez d\u00e9j\u00e0, visitez le <a href=\"\/help-lj6\/\">guide de l\u2019utilisateur de Labeljoy 6<\/a>.<\/p>\n<\/div>\n<div id=\"help-guide\">\n\r\n<p class=\"title\"><strong>qr code<\/strong><\/p>\n<p class=\"online\"><strong>Les ressources en ligne:<\/strong><br>\n  Vid\u00e9o: <a href=\"http:\/\/www.labeljoy.com\/fr\/video-assistance\/generer-codes-barres-qrcodes\/\" title=\"Comment g\u00e9n\u00e9rer des codes-barres et des codes QR\" target=\"_blank\">Comment g\u00e9n\u00e9rer des codes-barres et des codes QR<\/a><br>\n  Info: <a href=\"http:\/\/www.labeljoy.com\/fr\/assistance\/guide-codes-qr\/\" title=\"Guide du Codes QR\" target=\"_blank\">Guide du Codes QR<\/a>\n<p class=\"body\">Un code <strong>QR code<\/strong> (<strong>Q<\/strong>uick <strong>R<\/strong>esponse) est un <strong>code barres \u00e0 matrice<\/strong> (ou code bidimensionnel),\n  lisible par des scanners d\u00e9di\u00e9s ou des <strong>t\u00e9l\u00e9phones avec une camera<\/strong>. Le code est constitu\u00e9 de modules noirs dispos\u00e9s dans des matrices sur\n  fond blanc. L'information cod\u00e9e peut \u00eatre texte, URL, ou d'autres donn\u00e9es. Tr\u00e8s courante au Japon, o\u00f9 il a \u00e9t\u00e9 cr\u00e9\u00e9 par Denso-Wave, une filiale de Toyota\n  en 1994, le QR Code est l'un des codes \u00e0 barres bidimensionnels les plus populaires. QR est l'abr\u00e9viation de Quick Response (r\u00e9ponse rapide), parce-que son\n  cr\u00e9ateur a con\u00e7u le code barres \u00e0 d\u00e9coder \u00e0 vitesse \u00e9lev\u00e9e. *\n<p class=\"note\"><strong>Note<\/strong>: <br\/>\n  Le <em>texte en clair <\/em>n'est pas visible avec cette symbologie.\n<p class=\"body\">Les symboles QR Code peuvente \u00eatre de deux types: <strong>Micro QR Code<\/strong> ou<strong> Standard QR Code<\/strong>. <br\/>\n  Le symbole Micro QR Code est une <strong>version r\u00e9duite de la symbologie <\/strong>et, en fonction du contenu et du <em>niveau de correction d'erreur<\/em>,\n  il peut repr\u00e9senter jusqu'\u00e0 35 chiffres ou 21 caract\u00e8res alphanum\u00e9riques. Il y a <strong>4 versions de Micro QR Code<\/strong>: de Micro QR Code 1 \u00e0 Micro\n  QR Code 4. <br\/>\n  Les codes Standard QR Code peuvent repr\u00e9senter jusqu'\u00e0 7,089 chiffres ou 4,296 caract\u00e8res alphanum\u00e9riques. Il y a <strong>40 versions de Standard QR Code<\/strong>: de Standard QR Code 1 \u00e0 Standard QR Code 40. <\/p>\n<table width=\"100%\" border=\"0\" cellspacing=\"2\" cellpadding=\"2\">\n  <tr>\n    <td  colspan=\"2\" align=\"center\" valign=\"middle\" class=\"images\">QR Code qui encode:<strong>12345<\/strong><\/td>\n  <\/tr>\n  <tr>\n    <td  align=\"center\" valign=\"middle\"><img src=\"http:\/\/www.labeljoy.com\/user-guide-files\/fr\/bcd_qrcode_1.png\"><\/td>\n    <td   align=\"center\" valign=\"middle\"><img src=\"http:\/\/www.labeljoy.com\/user-guide-files\/fr\/bcd_qrcode_2.png\"><\/td>\n  <\/tr>\n  <tr>\n    <td align=\"center\" valign=\"middle\" class=\"images\">Symbole Micro QR Code<\/td>\n    <td align=\"center\" valign=\"middle\" class=\"images\">Symbole Standard QR Code<\/td>\n  <\/tr>\n<\/table>\n<p class=\"body\">La bo\u00eete <em>Codage<\/em> permet de d\u00e9finir l'algorithme de codage des donn\u00e9es afin d'obtenir la meilleure compression possible, pour r\u00e9duire l'espace\n  occup\u00e9 par le symbole. Les options sont les suivantes:<\/p>\n<UL>\n  <LI class=\"body\"><strong>(Mixed)<\/strong>: d\u00e9faut: permet l'encodage du texte \u00e0 l'aide d'une combinaison de diff\u00e9rents algorithmes de compression en fonction du type de contenu.\n    Normalement, ce r\u00e9glage donne les meilleurs r\u00e9sultats.\n  <LI class=\"body\"><strong>Numeric<\/strong>: permet l'encodage des chiffres de 0 \u00e0 9.\n  <LI class=\"body\"><strong>Alphanumeric<\/strong>: permet l'encodage de nombres, lettres majuscules et certains caract\u00e8res sp\u00e9ciaux. Convient pour des contenus alphanum\u00e9riques majuscules.\n  <LI class=\"body\"><strong>Hex (String)<\/strong>: permet l'encodage d'un symbole dans l'ensemble des codes ASCII. Convient pour du contenu alphanum\u00e9rique avec le texte minuscule.\n  <LI class=\"body\"><strong>Hex (Byte)<\/strong>: encodage sp\u00e9cifique pour valeurs <em>byte<\/em> de 0 \u00e0 255. Avec cet algorithme, il est possible de coder n'importe quelle valeur comprise entre\n    0x00 et 0xFF (d\u00e9cimal 0 ~ 255). Pour utiliser ce code, vous devez sp\u00e9cifier le texte comme une cha\u00eene de valeurs hexad\u00e9cimaux s\u00e9par\u00e9s par un\n    espace: Par exemple: 32 FA 56 E8 12 ... etc.\n  <LI class=\"body\"><strong>Kanji<\/strong>: permet l'encodage des caract\u00e8res du syst\u00e8me Shift JIS utilis\u00e9 pour visualizer les caract\u00e8res japonais. <\/LI>\n<\/UL>\n<table width=\"100%\" border=\"0\" cellspacing=\"2\" cellpadding=\"2\">\n  <tr>\n    <td  colspan=\"2\" align=\"center\" valign=\"middle\" class=\"images\"> QR Code qui encode:<strong>012345678901234567890123456789012345678901234567890123456789012345678901234567890123456789<\/strong><\/td>\n  <\/tr>\n  <tr>\n    <td   align=\"center\" valign=\"middle\"><img src=\"http:\/\/www.labeljoy.com\/user-guide-files\/fr\/bcd_qrcode_3.png\"><\/td>\n    <td   align=\"center\" valign=\"middle\"><img src=\"http:\/\/www.labeljoy.com\/user-guide-files\/fr\/bcd_qrcode_4.png\"><\/td>\n  <\/tr>\n  <tr>\n    <td align=\"center\" valign=\"middle\" class=\"images\">Encodage num\u00e9rique<\/td>\n    <td align=\"center\" valign=\"middle\" class=\"images\">Encodage Byte (String)<\/td>\n  <\/tr>\n<\/table>\n<p class=\"body\">La case <em>Taille du symbole<\/em> permet de d\u00e9finir la taille minimale du symbole. L'architecture du code QR Code pr\u00e9voit l'organisation des donn\u00e9es \u00e0\n  \u00eatre organis\u00e9es en matrices carr\u00e9es qui puissent contenir les informations cod\u00e9es. La taille de la matrice d\u00e9pend de la quantit\u00e9 de donn\u00e9es cod\u00e9es. <br\/>\n  Normalement, le symbole est g\u00e9n\u00e9r\u00e9 avec la taille minimale requise pour repr\u00e9senter les donn\u00e9es. Dans certains cas, il peut \u00eatre n\u00e9cessaire d'augmenter le\n  seuil minimum \u00e0 atteindre des symboles de la m\u00eame taille, quelle que soit la quantit\u00e9 de donn\u00e9es cod\u00e9es. Par exemple, si vous connectez un code barres QR\n  code \u00e0 une liste d'adresses \u00e0 imprimer, il peut \u00eatre exig\u00e9 que la taille du symbole soit le m\u00eame quelle que soit la longueur de l'adresse unique. Dans ce\n  cas, vous pouvez d\u00e9finir manuellement le format minimum \u00e0 utiliser.<\/p>\n<table width=\"100%\" border=\"0\" cellspacing=\"2\" cellpadding=\"2\">\n  <tr>\n    <td  colspan=\"2\" align=\"center\" valign=\"middle\" class=\"images\"> QR Code qui encode:<strong> http:\/\/www.labeljoy.com\/en\/download-software-create-labels.html<\/strong><\/td>\n  <\/tr>\n  <tr>\n    <td   align=\"center\" valign=\"middle\"><img src=\"http:\/\/www.labeljoy.com\/user-guide-files\/fr\/bcd_qrcode_5.png\"><\/td>\n    <td  align=\"center\" valign=\"middle\"><img src=\"http:\/\/www.labeljoy.com\/user-guide-files\/fr\/bcd_qrcode_6.png\"><\/td>\n  <\/tr>\n  <tr>\n    <td align=\"center\" valign=\"middle\" class=\"images\"> Avec la taille (Auto)<\/td>\n    <td align=\"center\" valign=\"middle\" class=\"images\"> Avec la taille Version 10<\/td>\n  <\/tr>\n<\/table>\n<p class=\"body\"> La case <em>Niveau correction erreurs <\/em>permet de s\u00e9lectionner 4 differents niveaux de correction des quantit\u00e9s d'erreurs suivantes:<\/p>\n<UL>\n  <LI class=\"body\"><strong>L<\/strong>: 7% de capacit\u00e9 de correction.\n  <LI class=\"body\"> <strong>M<\/strong>: 15% de capacit\u00e9 de correction.\n  <LI class=\"body\"> <strong>Q<\/strong>: 25% de capacit\u00e9 de correction.\n  <LI class=\"body\"><strong>H<\/strong>: (d\u00e9faut) 30% de capacit\u00e9 de correction.<\/LI>\n<\/UL>\n<p class=\"body\">Les codes barres QR Code ont les fonctionnalit\u00e9s de correction d'erreurs pour assurer la lisibilit\u00e9 des symboles partiellement endommag\u00e9es. Plus le niveau\n  de correction d'erreur est \u00e9lev\u00e9, plus grande est la taille du symbole requis pour coder la m\u00eame quantit\u00e9 de donn\u00e9es. <\/p>\n<table width=\"100%\" border=\"0\" cellspacing=\"2\" cellpadding=\"2\">\n  <tr>\n    <td  colspan=\"2\" align=\"center\" valign=\"middle\" class=\"images\"> QR Code qui encode:<strong> http:\/\/www.labeljoy.com\/en\/download-software-create-labels.html<\/strong><\/td>\n  <\/tr>\n  <tr>\n    <td   align=\"center\" valign=\"middle\"><img src=\"http:\/\/www.labeljoy.com\/user-guide-files\/fr\/bcd_qrcode_7.png\"><\/td>\n    <td  align=\"center\" valign=\"middle\"><img src=\"http:\/\/www.labeljoy.com\/user-guide-files\/fr\/bcd_qrcode_8.png\"><\/td>\n  <\/tr>\n  <tr>\n    <td align=\"center\" valign=\"middle\" class=\"images\"> Avec un niveau de correction d'erreurs L<\/td>\n    <td align=\"center\" valign=\"middle\" class=\"images\"> Avec un niveau de correction d'erreurs Q<\/td>\n  <\/tr>\n<\/table>\n<p class=\"body\"><strong>Optimisation des smartphones<\/strong><br \/>\n  Gr&acirc;ce &agrave; la bo&icirc;te <em>Optimiser pour<\/em>, vous pouvez d&eacute;finir le mode de codage pour les textes contenant des caract&egrave;res au-dessus de ASCII 127, typiquement des caract&egrave;res de l'Est et du Moyen-Orient.<br \/>\nS&eacute;lectionnez <em>Scanner<\/em> pour coder en utilisant Unicode ou s&eacute;lectionnez <em>Smartphone<\/em> pour coder en utilisant UTF-8.<\/p>\n<p class=\"note\"><strong>Concatenation du texte<\/strong>: <br\/>\n  Quand un code barres QR Code est g\u00e9n\u00e9r\u00e9 par concatenation des champs ou des compteurs, les r\u00e8gles suivantes s'appliquent: <br\/>\n  - Le texte doit respecter l'algorithme d'encodage s\u00e9l\u00e9ctionn\u00e9. <br\/>\n  - Le texte ne doit pas d\u00e9passer la longuer maximale. <br\/>\n  Quand le logiciel trouve une valeur qui ne se conforme pas \u00e0 ces r\u00e8gles, le code barres ne s'affiche pas. <\/p>\n<p class=\"note\"><strong> Limitations: <br\/>\n  <\/strong> Les symboles QR Code g\u00e9n\u00e9r\u00e9s avec Labeljoy ne supportent pas, actuellement: Extended Channel Interpretation (ECI), le mode FNC1 et le mode Structure\n  Append. <\/p>\n<p class=\"body\">* Source <a href=\"http:\/\/en.wikipedia.org\/wiki\/QR_code\">wikipedia<\/a>.<\/p>\n<\/div>\n","protected":false},"excerpt":{"rendered":"<p>Cette page fait r\u00e9f\u00e9rence \u00e0 Labeljoy 5, qui n&rsquo;est pas notre derni\u00e8re version. Effectuez une mise \u00e0 niveau vers Labeljoy 6 pour obtenir la derni\u00e8re version du logiciel avec toutes ses fonctionnalit\u00e9s \u00e9tonnantes ou, si vous l\u2019utilisez d\u00e9j\u00e0, visitez le guide de l\u2019utilisateur de Labeljoy 6.<\/p>\n","protected":false},"author":8,"featured_media":0,"parent":22289,"menu_order":0,"comment_status":"open","ping_status":"closed","template":"page-template-left-sidebar.php","meta":{"inline_featured_image":false,"_monsterinsights_skip_tracking":false,"_monsterinsights_sitenote_active":false,"_monsterinsights_sitenote_note":"","_monsterinsights_sitenote_category":0,"footnotes":""},"class_list":{"0":"post-22654","1":"page","2":"type-page","3":"status-publish","5":"infinite-scroll-item"},"aioseo_notices":[],"_links":{"self":[{"href":"https:\/\/www.labeljoy.com\/fr\/wp-json\/wp\/v2\/pages\/22654","targetHints":{"allow":["GET"]}}],"collection":[{"href":"https:\/\/www.labeljoy.com\/fr\/wp-json\/wp\/v2\/pages"}],"about":[{"href":"https:\/\/www.labeljoy.com\/fr\/wp-json\/wp\/v2\/types\/page"}],"author":[{"embeddable":true,"href":"https:\/\/www.labeljoy.com\/fr\/wp-json\/wp\/v2\/users\/8"}],"replies":[{"embeddable":true,"href":"https:\/\/www.labeljoy.com\/fr\/wp-json\/wp\/v2\/comments?post=22654"}],"version-history":[{"count":3,"href":"https:\/\/www.labeljoy.com\/fr\/wp-json\/wp\/v2\/pages\/22654\/revisions"}],"predecessor-version":[{"id":22743,"href":"https:\/\/www.labeljoy.com\/fr\/wp-json\/wp\/v2\/pages\/22654\/revisions\/22743"}],"up":[{"embeddable":true,"href":"https:\/\/www.labeljoy.com\/fr\/wp-json\/wp\/v2\/pages\/22289"}],"wp:attachment":[{"href":"https:\/\/www.labeljoy.com\/fr\/wp-json\/wp\/v2\/media?parent=22654"}],"curies":[{"name":"wp","href":"https:\/\/api.w.org\/{rel}","templated":true}]}}