{"id":22655,"date":"2014-11-26T14:23:52","date_gmt":"2014-11-26T14:23:52","guid":{"rendered":"http:\/\/www.labeljoy.com\/aide\/pdf417\/"},"modified":"2015-02-03T17:47:28","modified_gmt":"2015-02-03T17:47:28","slug":"pdf417-fr","status":"publish","type":"page","link":"https:\/\/www.labeljoy.com\/fr\/aide\/pdf417-fr\/","title":{"rendered":"pdf417"},"content":{"rendered":"<div data-partent=\"19635\" class=\"callout callout-warning\">\n<h4>Cette page fait r\u00e9f\u00e9rence \u00e0 Labeljoy 5, qui n&rsquo;est pas notre derni\u00e8re version.<\/h4>\n<p>Effectuez une <a href=\"\/fr\/achat\/\">mise \u00e0 niveau vers Labeljoy 6<\/a> pour obtenir la derni\u00e8re version du logiciel avec toutes ses fonctionnalit\u00e9s \u00e9tonnantes ou, si vous l\u2019utilisez d\u00e9j\u00e0, visitez le <a href=\"\/help-lj6\/\">guide de l\u2019utilisateur de Labeljoy 6<\/a>.<\/p>\n<\/div>\n<div id=\"help-guide\">\n\r\n<p class=\"title\"><strong>pdf417<\/strong><\/p>\n<p class=\"body\"><strong>PDF417 est un type de code-barre lin\u00e9aire composite<\/strong> dont le format peut varier selon ses utilisations, qui sont principalement<strong> le transport, les cartes d\u0092identifications \n  et\n  les inventaires<\/strong> . PDF signifie Portable Data File. Le PDF417 est repr\u00e9sent\u00e9 sous l\u0092ISO standard par le code 15438.*\n<p class=\"note\"><strong>Attention<\/strong>: <br\/>\n  Il n\u0092y a pas de texte <em>visible humainement<\/em> avec ce type de code-barres.\n<p class=\"body\">Les codes-barres PDF417 g\u00e9n\u00e9r\u00e9s par Labeljoy peuvent \u00eatre encod\u00e9s de <strong>3 diff\u00e9rentes fa\u00e7ons<\/strong>. Utiliser la boite de dialogue d\u0092 <strong>Encodage<\/strong> composite afin de choisir l\u0092algorithme de cryptage que vous souhaitez utiliser:\n<UL>\n  <LI><span class=\"body\"><strong>(Mixte)<\/strong>: le param\u00e8tre par d\u00e9faut. Permets l\u0092encodage des donn\u00e9es en utilisant une combinaison des autres types de mode d\u0092encodage sur les types de donn\u00e9es\n    trouv\u00e9es. G\u00e9n\u00e9ralement ce proc\u00e9d\u00e9 obtient les meilleurs r\u00e9sultats.<\/span>\n  <LI><span class=\"body\"> <strong>Texte<\/strong>: permet l\u0092encodage de plus de 256 caract\u00e8res issus des la table de caract\u00e8re ASCII. Permets les meilleurs r\u00e9sultats pour les caract\u00e8res num\u00e9riques\n    et les valeurs ASCII entre 0 et 127.<\/span>\n  <LI><span class=\"body\"><strong>Numerique<\/strong>: permets un encodage compos\u00e9 de chiffres seulement.<\/span>\n<\/UL>\n<table width=\"100%\" border=\"0\" cellspacing=\"2\" cellpadding=\"2\">\n  <tr>\n    <td  colspan=\"2\" align=\"center\" valign=\"middle\" class=\"images\"> Encodage PDF417:<strong> Labeljoy peut g\u00e9n\u00e9rer les codes-barres 0123456789 PDF417<\/strong><\/td>\n  <\/tr>\n  <tr>\n    <td  align=\"center\" valign=\"middle\"><img src=\"http:\/\/www.labeljoy.com\/user-guide-files\/en\/bcd_pdf417_1.png\"><\/td>\n    <td   align=\"center\" valign=\"middle\"><img src=\"http:\/\/www.labeljoy.com\/user-guide-files\/en\/bcd_pdf417_2.png\"><\/td>\n  <\/tr>\n  <tr>\n    <td align=\"center\" valign=\"middle\" class=\"images\"> Avec l\u0092encodage mixte<\/td>\n    <td align=\"center\" valign=\"middle\" class=\"images\"> Avec l'encodage texte<\/td>\n  <\/tr>\n<\/table>\n<p class=\"body\">La boite de dialogue <em>Niveau de correction d\u0092erreur<\/em> vous permet de choisir entre 9 diff\u00e9rents niveaux de r\u00e9cup\u00e9ration concernant les d\u00e9g\u00e2ts fait au\n  code-barres, de 0 \u00e0 8. <br\/>\n  PDF417 impl\u00e9mente la correction d\u0092erreur pour assurer la lecture de code-barres partiellement endommag\u00e9. Plus grand est le niveau de correction d\u0092erreur,\n  plus le code-barres contenant la donn\u00e9 sera grand.<\/p>\n<table width=\"100%\" border=\"0\" cellspacing=\"2\" cellpadding=\"2\">\n  <tr>\n    <td  colspan=\"2\" align=\"center\" valign=\"middle\" class=\"images\"> Encodage PDF417:<strong> http:\/\/www.labeljoy.com\/en\/download-software-create-labels.html<\/strong><\/td>\n  <\/tr>\n  <tr>\n    <td   align=\"center\" valign=\"middle\"><img src=\"http:\/\/www.labeljoy.com\/user-guide-files\/en\/bcd_pdf417_3.png\"><\/td>\n    <td  align=\"center\" valign=\"middle\"><img src=\"http:\/\/www.labeljoy.com\/user-guide-files\/en\/bcd_pdf417_4.png\"><\/td>\n  <\/tr>\n  <tr>\n    <td align=\"center\" valign=\"middle\" class=\"images\"> Avec un niveau 0 de correction d\u0092erreur<\/td>\n    <td align=\"center\" valign=\"middle\" class=\"images\"> Avec un niveau 8 de correction d\u0092erreur<\/td>\n  <\/tr>\n<\/table>\n<p class=\"note\"><strong> Concat\u00e9nation de texte: <\/strong> <br\/>\n  Quand un code-barres PDF417 est g\u00e9n\u00e9r\u00e9 par la concat\u00e9nation de champs ou compteurs, les r\u00e8gles suivantes s\u0092appliquent: <br\/>\n  - Le texte doit \u00eatre compatible avec l\u0092algorithme d\u0092encodage s\u00e9lectionn\u00e9. <br\/>\n  - La longueur du texte ne doit pas exc\u00e9der la capacit\u00e9 maximum du code-barres. <br\/>\n  Quand une valeur n\u0092est pas compatible avec les r\u00e8gles pr\u00e9sent\u00e9es ci-dessus, le code-barres ne sera pas affich\u00e9. <\/p>\n<p class=\"note\"><strong>Limitations<\/strong>: <br\/>\n  Les codes-barres g\u00e9n\u00e9r\u00e9s par PDF417 Labeljoy ne sont pas compatibles avec: Extended Channel Interpretation (ECI), et le mode Structure Append (Macro\n  PDF417).<\/p>\n<p class=\"body\">* Selon <u><a href=\"http:\/\/en.wikipedia.org\/wiki\/PDF417\">Wikipedia<\/a><\/u>.<\/p>\n\n<\/div>\n","protected":false},"excerpt":{"rendered":"<p>Cette page fait r\u00e9f\u00e9rence \u00e0 Labeljoy 5, qui n&rsquo;est pas notre derni\u00e8re version. Effectuez une mise \u00e0 niveau vers Labeljoy 6 pour obtenir la derni\u00e8re version du logiciel avec toutes ses fonctionnalit\u00e9s \u00e9tonnantes ou, si vous l\u2019utilisez d\u00e9j\u00e0, visitez le guide de l\u2019utilisateur de Labeljoy 6.<\/p>\n","protected":false},"author":1,"featured_media":0,"parent":22289,"menu_order":0,"comment_status":"open","ping_status":"closed","template":"page-template-left-sidebar.php","meta":{"inline_featured_image":false,"_monsterinsights_skip_tracking":false,"_monsterinsights_sitenote_active":false,"_monsterinsights_sitenote_note":"","_monsterinsights_sitenote_category":0,"footnotes":""},"class_list":{"0":"post-22655","1":"page","2":"type-page","3":"status-publish","5":"infinite-scroll-item"},"aioseo_notices":[],"_links":{"self":[{"href":"https:\/\/www.labeljoy.com\/fr\/wp-json\/wp\/v2\/pages\/22655","targetHints":{"allow":["GET"]}}],"collection":[{"href":"https:\/\/www.labeljoy.com\/fr\/wp-json\/wp\/v2\/pages"}],"about":[{"href":"https:\/\/www.labeljoy.com\/fr\/wp-json\/wp\/v2\/types\/page"}],"author":[{"embeddable":true,"href":"https:\/\/www.labeljoy.com\/fr\/wp-json\/wp\/v2\/users\/1"}],"replies":[{"embeddable":true,"href":"https:\/\/www.labeljoy.com\/fr\/wp-json\/wp\/v2\/comments?post=22655"}],"version-history":[{"count":3,"href":"https:\/\/www.labeljoy.com\/fr\/wp-json\/wp\/v2\/pages\/22655\/revisions"}],"predecessor-version":[{"id":22749,"href":"https:\/\/www.labeljoy.com\/fr\/wp-json\/wp\/v2\/pages\/22655\/revisions\/22749"}],"up":[{"embeddable":true,"href":"https:\/\/www.labeljoy.com\/fr\/wp-json\/wp\/v2\/pages\/22289"}],"wp:attachment":[{"href":"https:\/\/www.labeljoy.com\/fr\/wp-json\/wp\/v2\/media?parent=22655"}],"curies":[{"name":"wp","href":"https:\/\/api.w.org\/{rel}","templated":true}]}}