{"id":22692,"date":"2014-11-20T11:04:38","date_gmt":"2014-11-20T11:04:38","guid":{"rendered":"http:\/\/www.labeljoy.com\/aide\/managing-text\/"},"modified":"2015-02-03T17:01:26","modified_gmt":"2015-02-03T17:01:26","slug":"gerer-les-textes","status":"publish","type":"page","link":"https:\/\/www.labeljoy.com\/fr\/aide\/gerer-les-textes\/","title":{"rendered":"G\u00e9rer les textes"},"content":{"rendered":"<div data-partent=\"19635\" class=\"callout callout-warning\">\n<h4>Cette page fait r\u00e9f\u00e9rence \u00e0 Labeljoy 5, qui n&rsquo;est pas notre derni\u00e8re version.<\/h4>\n<p>Effectuez une <a href=\"\/fr\/achat\/\">mise \u00e0 niveau vers Labeljoy 6<\/a> pour obtenir la derni\u00e8re version du logiciel avec toutes ses fonctionnalit\u00e9s \u00e9tonnantes ou, si vous l\u2019utilisez d\u00e9j\u00e0, visitez le <a href=\"\/help-lj6\/\">guide de l\u2019utilisateur de Labeljoy 6<\/a>.<\/p>\n<\/div>\n<link rel=\"stylesheet\" href=\"http:\/\/www.labeljoy.com\/user-guide-files\/en\/styles.css\" type=\"text\/css\" media=\"all\" \/>\n<div id=\"help-guide\">\n\r\n<p class=\"title\">g\u00e9rer les textes<\/p>\r\n<p class=\"body\">L'\u00e9l\u00e9ment <em>Texte <\/em>vous permet d'ajouter des \u00e9tiquettes <strong>caract\u00e9ristiques textuelles<\/strong>. Un \u00e9l\u00e9ment de texte donne la possibilit\u00e9\r\n  d'utiliser quelques effets graphiques (ombres, transparences, fond, texte circulaire, etc.)<\/p>\r\n<p class=\"body\">L'utilisation de l'\u00e9l\u00e9ment de texte en conjonction avec une source de donn\u00e9es peut donner lieu \u00e0 la cr\u00e9ation d'<strong>\u00e9tiquettes dynamiques <\/strong> appartenantes \u00e0 un m\u00eame groupe. Vous pouvez \u00e9galement ins\u00e9rer des compteurs et des r\u00e9f\u00e9rences par d\u00e9faut qui seront remplac\u00e9s par des informations\r\n  sp\u00e9cifiques, telles que la date, l'heure, le num\u00e9ro de page, etc.<\/p>\n<\/div>\n","protected":false},"excerpt":{"rendered":"<p>Cette page fait r\u00e9f\u00e9rence \u00e0 Labeljoy 5, qui n&rsquo;est pas notre derni\u00e8re version. Effectuez une mise \u00e0 niveau vers Labeljoy 6 pour obtenir la derni\u00e8re version du logiciel avec toutes ses fonctionnalit\u00e9s \u00e9tonnantes ou, si vous l\u2019utilisez d\u00e9j\u00e0, visitez le guide de l\u2019utilisateur de Labeljoy 6.<\/p>\n","protected":false},"author":8,"featured_media":0,"parent":22289,"menu_order":0,"comment_status":"open","ping_status":"closed","template":"page-template-left-sidebar.php","meta":{"inline_featured_image":false,"_monsterinsights_skip_tracking":false,"_monsterinsights_sitenote_active":false,"_monsterinsights_sitenote_note":"","_monsterinsights_sitenote_category":0,"footnotes":""},"class_list":{"0":"post-22692","1":"page","2":"type-page","3":"status-publish","5":"infinite-scroll-item"},"aioseo_notices":[],"_links":{"self":[{"href":"https:\/\/www.labeljoy.com\/fr\/wp-json\/wp\/v2\/pages\/22692","targetHints":{"allow":["GET"]}}],"collection":[{"href":"https:\/\/www.labeljoy.com\/fr\/wp-json\/wp\/v2\/pages"}],"about":[{"href":"https:\/\/www.labeljoy.com\/fr\/wp-json\/wp\/v2\/types\/page"}],"author":[{"embeddable":true,"href":"https:\/\/www.labeljoy.com\/fr\/wp-json\/wp\/v2\/users\/8"}],"replies":[{"embeddable":true,"href":"https:\/\/www.labeljoy.com\/fr\/wp-json\/wp\/v2\/comments?post=22692"}],"version-history":[{"count":2,"href":"https:\/\/www.labeljoy.com\/fr\/wp-json\/wp\/v2\/pages\/22692\/revisions"}],"predecessor-version":[{"id":22720,"href":"https:\/\/www.labeljoy.com\/fr\/wp-json\/wp\/v2\/pages\/22692\/revisions\/22720"}],"up":[{"embeddable":true,"href":"https:\/\/www.labeljoy.com\/fr\/wp-json\/wp\/v2\/pages\/22289"}],"wp:attachment":[{"href":"https:\/\/www.labeljoy.com\/fr\/wp-json\/wp\/v2\/media?parent=22692"}],"curies":[{"name":"wp","href":"https:\/\/api.w.org\/{rel}","templated":true}]}}