{"id":22693,"date":"2014-11-20T11:05:36","date_gmt":"2014-11-20T11:05:36","guid":{"rendered":"http:\/\/www.labeljoy.com\/aide\/adding-text\/"},"modified":"2015-02-03T18:11:53","modified_gmt":"2015-02-03T18:11:53","slug":"ajouter-un-texte","status":"publish","type":"page","link":"https:\/\/www.labeljoy.com\/fr\/aide\/ajouter-un-texte\/","title":{"rendered":"Ajouter un texte"},"content":{"rendered":"<div data-partent=\"19635\" class=\"callout callout-warning\">\n<h4>Cette page fait r\u00e9f\u00e9rence \u00e0 Labeljoy 5, qui n&rsquo;est pas notre derni\u00e8re version.<\/h4>\n<p>Effectuez une <a href=\"\/fr\/achat\/\">mise \u00e0 niveau vers Labeljoy 6<\/a> pour obtenir la derni\u00e8re version du logiciel avec toutes ses fonctionnalit\u00e9s \u00e9tonnantes ou, si vous l\u2019utilisez d\u00e9j\u00e0, visitez le <a href=\"\/help-lj6\/\">guide de l\u2019utilisateur de Labeljoy 6<\/a>.<\/p>\n<\/div>\n<div id=\"help-guide\">\n\r\n<p class=\"title\">ajouter un texte<\/p>\r\n<p class=\"body\">Il est possible d'ajouter un \u00e9l\u00e9ment <em>Texte <\/em>en configurant la <strong>mode d'insertion de texte <\/strong><strong>dans la <\/strong><a href=\"http:\/\/www.labeljoy.com\/fr\/aide\/la-barre-des-outils\/\">barre des outils <\/a><strong>ou en s\u00e9lectionnant le bouton <\/strong><strong><em>Ajouter du texte <\/em><\/strong> <strong>dans le menu de l'ic\u00f4ne groupe<\/strong>.<\/p>\r\n<table width=\"100%\">\r\n  <tr valign=\"top\">\r\n    <td><p class=\"body\"><img src=\"http:\/\/www.labeljoy.com\/user-guide-files\/fr\/2040_001.png\" align=\"left\" style=\"margin: 0px 24px 4px 0px\">Cliquez sur <strong>l'ic\u00f4ne <\/strong><strong><em>Ins\u00e9rer du texte <\/em><\/strong>dans la barre des outils pour activer le mode d'insertion\r\n        de texte. Apr\u00e8s cela, cliquez avec le bouton gauche de la souris sur le groupe de l'\u00e9tiquette dans laquelle vous souhaitez ins\u00e9rer\r\n        l'\u00e9l\u00e9ment. Faites glisser la souris tout en maintenant enfonc\u00e9 le bouton gauche pour dessiner la zone rectangulaire dans laquelle vous\r\n        souhaitez ins\u00e9rer l'objet. Quand vous rel\u00e2chez le bouton de la souris, le nouvel \u00e9l\u00e9ment sera ins\u00e9r\u00e9. <\/p><\/td>\r\n  <\/tr>\r\n  <tr valign=\"top\">\r\n    <td><p class=\"body\"><img src=\"http:\/\/www.labeljoy.com\/user-guide-files\/fr\/2040_002.png\" align=\"left\" style=\"margin: 0px 24px 4px 0px\">Vous pouvez \u00e9galement s\u00e9lectionner la commande <em>Ajouter du texte <\/em><em>dans le <\/em>menu de gestion du groupe. Dans ce cas, le nouvel\r\n        \u00e9l\u00e9ment est imm\u00e9diatement ins\u00e9r\u00e9 dans le groupe s\u00e9lectionn\u00e9.<\/p>\r\n      <p class=\"body\"> Un \u00e9l\u00e9ment de texte, d\u00e8s qu'il est ins\u00e9r\u00e9, affichera le texte <em>Double-cliquez pour \u00e9diter<\/em>.<\/p>\r\n      <p class=\"body\">Ensuite vous pourrez en <strong>modifier les param\u00e8tres <\/strong>avec <a href=\"http:\/\/www.labeljoy.com\/fr\/aide\/definir-un-texte\/\">fen\u00eatre<\/a> relative pour l'adapeter \u00e0 vos\r\n        exigences.<\/p><\/td>\r\n  <\/tr>\r\n<\/table>\n<\/div>\n","protected":false},"excerpt":{"rendered":"<p>Cette page fait r\u00e9f\u00e9rence \u00e0 Labeljoy 5, qui n&rsquo;est pas notre derni\u00e8re version. Effectuez une mise \u00e0 niveau vers Labeljoy 6 pour obtenir la derni\u00e8re version du logiciel avec toutes ses fonctionnalit\u00e9s \u00e9tonnantes ou, si vous l\u2019utilisez d\u00e9j\u00e0, visitez le guide de l\u2019utilisateur de Labeljoy 6.<\/p>\n","protected":false},"author":8,"featured_media":0,"parent":22289,"menu_order":0,"comment_status":"open","ping_status":"closed","template":"page-template-left-sidebar.php","meta":{"inline_featured_image":false,"_monsterinsights_skip_tracking":false,"_monsterinsights_sitenote_active":false,"_monsterinsights_sitenote_note":"","_monsterinsights_sitenote_category":0,"footnotes":""},"class_list":{"0":"post-22693","1":"page","2":"type-page","3":"status-publish","5":"infinite-scroll-item"},"aioseo_notices":[],"_links":{"self":[{"href":"https:\/\/www.labeljoy.com\/fr\/wp-json\/wp\/v2\/pages\/22693","targetHints":{"allow":["GET"]}}],"collection":[{"href":"https:\/\/www.labeljoy.com\/fr\/wp-json\/wp\/v2\/pages"}],"about":[{"href":"https:\/\/www.labeljoy.com\/fr\/wp-json\/wp\/v2\/types\/page"}],"author":[{"embeddable":true,"href":"https:\/\/www.labeljoy.com\/fr\/wp-json\/wp\/v2\/users\/8"}],"replies":[{"embeddable":true,"href":"https:\/\/www.labeljoy.com\/fr\/wp-json\/wp\/v2\/comments?post=22693"}],"version-history":[{"count":3,"href":"https:\/\/www.labeljoy.com\/fr\/wp-json\/wp\/v2\/pages\/22693\/revisions"}],"predecessor-version":[{"id":22757,"href":"https:\/\/www.labeljoy.com\/fr\/wp-json\/wp\/v2\/pages\/22693\/revisions\/22757"}],"up":[{"embeddable":true,"href":"https:\/\/www.labeljoy.com\/fr\/wp-json\/wp\/v2\/pages\/22289"}],"wp:attachment":[{"href":"https:\/\/www.labeljoy.com\/fr\/wp-json\/wp\/v2\/media?parent=22693"}],"curies":[{"name":"wp","href":"https:\/\/api.w.org\/{rel}","templated":true}]}}