{"id":22694,"date":"2014-11-20T11:06:28","date_gmt":"2014-11-20T11:06:28","guid":{"rendered":"http:\/\/www.labeljoy.com\/aide\/text-settings\/"},"modified":"2015-02-03T18:12:22","modified_gmt":"2015-02-03T18:12:22","slug":"definir-un-texte","status":"publish","type":"page","link":"https:\/\/www.labeljoy.com\/fr\/aide\/definir-un-texte\/","title":{"rendered":"D\u00e9finir un texte"},"content":{"rendered":"<div data-partent=\"19635\" class=\"callout callout-warning\">\n<h4>Cette page fait r\u00e9f\u00e9rence \u00e0 Labeljoy 5, qui n&rsquo;est pas notre derni\u00e8re version.<\/h4>\n<p>Effectuez une <a href=\"\/fr\/achat\/\">mise \u00e0 niveau vers Labeljoy 6<\/a> pour obtenir la derni\u00e8re version du logiciel avec toutes ses fonctionnalit\u00e9s \u00e9tonnantes ou, si vous l\u2019utilisez d\u00e9j\u00e0, visitez le <a href=\"\/help-lj6\/\">guide de l\u2019utilisateur de Labeljoy 6<\/a>.<\/p>\n<\/div>\n<div id=\"help-guide\">\n\r\n<p class=\"title\">d\u00e9finir un texte<\/p>\r\n<p class=\"body\">En double cliquant sur un \u00e9l\u00e9ment <em>Texte<\/em>, on affiche <strong>sa fen\u00eatre des param\u00e8tres<\/strong>,<strong> <\/strong>qui permet d' <strong>en modifier l'apparence<\/strong>.<\/p>\r\n<p class=\"body\"> La fen\u00eatre des param\u00e8tres d'un \u00e9l\u00e9ment <em>Texte <\/em>se compose de 8 onglets:<\/p>\r\n<table width=\"100%\">\r\n  <tr valign=\"top\">\r\n    <td><p class=\"body\"><img src=\"http:\/\/www.labeljoy.com\/user-guide-files\/fr\/2060_001.png\" align=\"left\" style=\"margin: 0px 24px 4px 0px\"><strong>Texte: <\/strong>dans cet onglet, vous pouvez d\u00e9finir le texte \u00e0 afficher. Vous pouvez cr\u00e9er un texte contenant des compos\u00e9s, ainsi que des textes\r\n        fixes, m\u00eame les <a href=\"http:\/\/www.labeljoy.com\/fr\/aide\/gerer-les-champs\/\">champs de la source de donn\u00e9es<\/a>, des <a href=\"http:\/\/www.labeljoy.com\/fr\/aide\/gerer-les-compteurs\/\">compteurs<\/a>, des <a href=\"http:\/\/www.labeljoy.com\/fr\/aide\/gerer-les-references\/\">r\u00e9f\u00e9rences<\/a> et afficher l'<a href=\"http:\/\/www.labeljoy.com\/fr\/aide\/afficher-l-apercu-d-un-texte\/\">aper\u00e7u<\/a> du texte sera affich\u00e9 sur la feuille.<br>\r\n        Voir la section <a href=\"http:\/\/www.labeljoy.com\/fr\/aide\/concatener-les-textes\/\">Concat\u00e9ner les textesi<\/a> pour plus d'informations.<\/p><\/td>\r\n  <\/tr>\r\n  <tr valign=\"top\">\r\n    <td><p class=\"body\"><img src=\"http:\/\/www.labeljoy.com\/user-guide-files\/fr\/2060_002.png\" align=\"left\" style=\"margin: 0px 24px 4px 0px\"><strong>Police<\/strong>: L'onglet <em>Police<\/em> permet de d\u00e9finir le caract\u00e8re et le style de texte lin\u00e9aire ou circulaire: <\/p>\r\n      <ul>\r\n        <li class=\"body\"><strong>D\u00e9finition de la police<\/strong>: s\u00e9lectionner la police \u00e0 partir de la liste d\u00e9roulante, d\u00e9finissez les dimensions et les attributs <strong>gras<\/strong>, <em>italique<\/em>, <u>soulign\u00e9<\/u> o <strike> barr\u00e9. <\/strike><\/li>\r\n        <li class=\"body\"><strong>Texte lin\u00e9aire<\/strong>: quand cette option est s\u00e9lectionn\u00e9e, utilisez les commandes dans ce volet pour d\u00e9finir l'alignement horizontal et vertical, les\r\n          effets eventuels du r\u00e9glage horizontal, d\u00e9terminer automatiquement si le texte peut \u00eatre envelopp\u00e9 au cas o\u00f9 l'espace horizontal\r\n          soit insuffisant, et d\u00e9finir la rotation de texte \u00e0 l'int\u00e9rieur de son cadre. <\/li>\r\n        <li class=\"body\"><strong>Texte arrondi<\/strong>: quand cette option est s\u00e9lectionn\u00e9e, utilisez les commandes dans ce cadre pour d\u00e9finir l'angle initial \u00e0 partir duquel le texte\r\n          circulaire doit quitter, l'extension circulaire \u00e0 utiliser et le sens du texte. <\/li>\r\n      <\/ul>\r\n      <p class=\"note\"><strong>Note<\/strong>: <br\/>\r\n        Labeljoy affichera dans la liste des <em>polices<\/em> install\u00e9es seulement celles du type <em>TrueType<\/em>. <\/p><\/td>\r\n  <\/tr>\r\n  <tr valign=\"top\">\r\n    <td><p class=\"body\"><img src=\"http:\/\/www.labeljoy.com\/user-guide-files\/fr\/2060_003.png\" align=\"left\" style=\"margin: 0px 24px 4px 0px\"><strong>Remplissage<\/strong>: d\u00e9finition de la couleur interne du texte.<\/p>\r\n      <p class=\"body\"> Voir la section <a href=\"http:\/\/www.labeljoy.com\/fr\/aide\/regler-les-couleurs\/\">d\u00e9finition des couleurs <\/a>pour plus d'informations sur la cr\u00e9ation des couleurs et des nuances complexes.<\/p><\/td>\r\n  <\/tr>\r\n  <tr valign=\"top\">\r\n    <td><p class=\"body\"><img src=\"http:\/\/www.labeljoy.com\/user-guide-files\/fr\/2060_004.png\" align=\"left\" style=\"margin: 0px 24px 4px 0px\"><strong>Fond<\/strong>: d\u00e9finition de la couleur du fond de l'objet textuel. <br\/>\r\n        Cliques sur <em>Permettre une couleur de fond <\/em>pour abiliter les contr\u00f4les de d\u00e9finition, ou d\u00e9sactiver-le pour laisser le texte sur un\r\n        fond transparent.<\/p>\r\n      <p class=\"body\" > Voir la section <a href=\"http:\/\/www.labeljoy.com\/fr\/aide\/regler-les-couleurs\/\">d\u00e9finition des couleurs <\/a>pour plus d'informations sur la cr\u00e9ation des couleurs et des nuances complexes.<\/p><\/td>\r\n  <\/tr>\r\n  <tr valign=\"top\">\r\n    <td><p class=\"body\"><img src=\"http:\/\/www.labeljoy.com\/user-guide-files\/fr\/2060_005.png\" align=\"left\" style=\"margin: 0px 24px 4px 0px\"><strong>Couleur de cadre<\/strong>: Cliquez sur <em>Permettre une couleur de cadre <\/em>pour abiliter les contr\u00f4les de d\u00e9finition, ou d\u00e9sactiver-le pour laisser le texte\r\n        sans cadre.<\/p>\r\n      <p class=\"body\"> Voir la section <a href=\"http:\/\/www.labeljoy.com\/fr\/aide\/regler-les-couleurs\/\">d\u00e9finition des couleurs <\/a>pour plus d'informations sur la cr\u00e9ation des couleurs et des nuances complexes.<\/p><\/td>\r\n  <\/tr>\r\n  <tr valign=\"top\">\r\n    <td><p class=\"body\"><img src=\"http:\/\/www.labeljoy.com\/user-guide-files\/fr\/2060_006.png\" align=\"left\" style=\"margin: 0px 24px 4px 0px\"> <strong>Contour du texte<\/strong>: Cliquer sur <em>Permettre une couleur de contour <\/em>pour activer le mode <em>Outline<\/em> (contour). Dans ce cas le texte est trac\u00e9\r\n        avec un contour dont la couleur est d\u00e9finie ici. Il est aussi possible de d\u00e9finir la dimension du contour et le mode de remplissage\r\n        (contour + remplissage ou seulement le contour).<\/p>\r\n      <p class=\"body\">Voir la section <a href=\"http:\/\/www.labeljoy.com\/fr\/aide\/regler-les-couleurs\/\">d\u00e9finition des couleurs <\/a>pour plus d'informations sur la cr\u00e9ation des couleurs et des nuances complexes. <\/p><\/td>\r\n  <\/tr>\r\n  <tr valign=\"top\">\r\n    <td><p class=\"body\"><img src=\"http:\/\/www.labeljoy.com\/user-guide-files\/fr\/2060_008.png\" align=\"left\" style=\"margin: 0px 24px 4px 0px\"><strong>Forme<\/strong>: d\u00e9finition de la forme de l'\u00e9l\u00e9ment.<\/p><\/td>\r\n  <\/tr>\r\n  <tr valign=\"top\">\r\n    <td><p class=\"body\"><img src=\"http:\/\/www.labeljoy.com\/user-guide-files\/fr\/2060_007.png\" align=\"left\" style=\"margin: 0px 24px 4px 0px\"><strong>Avanc\u00e9<\/strong>: onglet <a href=\"http:\/\/www.labeljoy.com\/fr\/aide\/positionner-les-elements\/\">commun<\/a> \u00e0 tous les \u00e9l\u00e9ments, qui permet de sp\u00e9cifier les cordonn\u00e9s, les dimensions, la\r\n        rotation et le nom de l'\u00e9l\u00e9ment.<\/p>\r\n      <p class=\"note\"><strong>Note<\/strong>: <br\/>\r\n        Les dimensions affich\u00e9es pourront \u00eatre exprim\u00e9es en centim\u00e8tres ou pouces selon le param\u00e8tre courant de l'unit\u00e9 de mesure, changeable dans\r\n        l'onglet <em>Interface utilisateur<\/em> de la fen\u00eatre <a href=\"http:\/\/www.labeljoy.com\/fr\/aide\/principal\/\">Options<\/a>. <br\/>\r\n        Les fractions de pouce peuvent \u00eatre ins\u00e9r\u00e9es seulement avec un menu contextuel, comme on explique dans la section <a href=\"http:\/\/www.labeljoy.com\/fr\/aide\/gerer-les-fractions-de-pouce\/\">g\u00e9rer les fractions de pouce<\/a>. <\/p><\/td>\r\n  <\/tr>\r\n  <tr valign=\"top\">\r\n    <td>&nbsp;<\/td>\r\n  <\/tr>\r\n<\/table>\n<\/div>\n","protected":false},"excerpt":{"rendered":"<p>Cette page fait r\u00e9f\u00e9rence \u00e0 Labeljoy 5, qui n&rsquo;est pas notre derni\u00e8re version. Effectuez une mise \u00e0 niveau vers Labeljoy 6 pour obtenir la derni\u00e8re version du logiciel avec toutes ses fonctionnalit\u00e9s \u00e9tonnantes ou, si vous l\u2019utilisez d\u00e9j\u00e0, visitez le guide de l\u2019utilisateur de Labeljoy 6.<\/p>\n","protected":false},"author":8,"featured_media":0,"parent":22289,"menu_order":0,"comment_status":"open","ping_status":"closed","template":"page-template-left-sidebar.php","meta":{"inline_featured_image":false,"_monsterinsights_skip_tracking":false,"_monsterinsights_sitenote_active":false,"_monsterinsights_sitenote_note":"","_monsterinsights_sitenote_category":0,"footnotes":""},"class_list":{"0":"post-22694","1":"page","2":"type-page","3":"status-publish","5":"infinite-scroll-item"},"aioseo_notices":[],"_links":{"self":[{"href":"https:\/\/www.labeljoy.com\/fr\/wp-json\/wp\/v2\/pages\/22694","targetHints":{"allow":["GET"]}}],"collection":[{"href":"https:\/\/www.labeljoy.com\/fr\/wp-json\/wp\/v2\/pages"}],"about":[{"href":"https:\/\/www.labeljoy.com\/fr\/wp-json\/wp\/v2\/types\/page"}],"author":[{"embeddable":true,"href":"https:\/\/www.labeljoy.com\/fr\/wp-json\/wp\/v2\/users\/8"}],"replies":[{"embeddable":true,"href":"https:\/\/www.labeljoy.com\/fr\/wp-json\/wp\/v2\/comments?post=22694"}],"version-history":[{"count":3,"href":"https:\/\/www.labeljoy.com\/fr\/wp-json\/wp\/v2\/pages\/22694\/revisions"}],"predecessor-version":[{"id":22760,"href":"https:\/\/www.labeljoy.com\/fr\/wp-json\/wp\/v2\/pages\/22694\/revisions\/22760"}],"up":[{"embeddable":true,"href":"https:\/\/www.labeljoy.com\/fr\/wp-json\/wp\/v2\/pages\/22289"}],"wp:attachment":[{"href":"https:\/\/www.labeljoy.com\/fr\/wp-json\/wp\/v2\/media?parent=22694"}],"curies":[{"name":"wp","href":"https:\/\/api.w.org\/{rel}","templated":true}]}}