{"id":22695,"date":"2014-11-20T11:09:09","date_gmt":"2014-11-20T11:09:09","guid":{"rendered":"http:\/\/www.labeljoy.com\/aide\/adding-a-graphic-element\/"},"modified":"2015-02-03T17:01:33","modified_gmt":"2015-02-03T17:01:33","slug":"ajouter-un-element-graphique","status":"publish","type":"page","link":"https:\/\/www.labeljoy.com\/fr\/aide\/ajouter-un-element-graphique\/","title":{"rendered":"Ajouter un \u00e9l\u00e9ment graphique"},"content":{"rendered":"<div data-partent=\"19635\" class=\"callout callout-warning\">\n<h4>Cette page fait r\u00e9f\u00e9rence \u00e0 Labeljoy 5, qui n&rsquo;est pas notre derni\u00e8re version.<\/h4>\n<p>Effectuez une <a href=\"\/fr\/achat\/\">mise \u00e0 niveau vers Labeljoy 6<\/a> pour obtenir la derni\u00e8re version du logiciel avec toutes ses fonctionnalit\u00e9s \u00e9tonnantes ou, si vous l\u2019utilisez d\u00e9j\u00e0, visitez le <a href=\"\/help-lj6\/\">guide de l\u2019utilisateur de Labeljoy 6<\/a>.<\/p>\n<\/div>\n<link rel=\"stylesheet\" href=\"http:\/\/www.labeljoy.com\/user-guide-files\/en\/styles.css\" type=\"text\/css\" media=\"all\" \/>\n<div id=\"help-guide\">\n\r\n<p class=\"title\">ajouter un \u00e9l\u00e9ment graphique<\/p>\r\n<p class=\"body\"><em>Pour ajouter un \u00e9l\u00e9ment <\/em> <em>Graphique <\/em> <em>il faut<\/em> d\u00e9finir la <strong>modalit\u00e9 d'insertion graphique<\/strong> de la<a href=\"http:\/\/www.labeljoy.com\/fr\/aide\/la-barre-des-outils\/\"> barre des outils <\/a>ou s\u00e9l\u00e9ctionner la commande <em>Ajouter un graphique <\/em> <em>dans le <\/em>menu de l'ic\u00f4ne groupe.<\/p>\r\n<table width=\"100%\">\r\n  <tr valign=\"top\">\r\n    <td><p class=\"body\"><img src=\"http:\/\/www.labeljoy.com\/user-guide-files\/fr\/2100_001.png\" align=\"left\" style=\"margin: 0px 24px 4px 0px\"> Cliquez sur l'ic\u00f4ne <em>Ins\u00e9rer un graphique <\/em>\u00e0 partir de la barre des outils,<strong>cliquez et maintenez press\u00e9 le bouton gauche de la souris<\/strong> sur un espace vide du groupe de l'\u00e9tiquette, <strong>faites glisser la souris <\/strong>pour dessiner la zone rectangulaire qui va contenir le nouvel \u00e9l\u00e9ment. Rel\u00e2chez le bouton de la\r\n        souris et le nouvel \u00e9l\u00e9ment sera ins\u00e9r\u00e9.<\/p><\/td>\r\n  <\/tr>\r\n  <tr valign=\"top\">\r\n    <td><p class=\"body\"><img src=\"http:\/\/www.labeljoy.com\/user-guide-files\/fr\/2100_002.png\" align=\"left\" style=\"margin: 0px 24px 4px 0px\">Alternativement, vous pouvez s\u00e9lectionner <em>Ajouter un graphique <\/em>dans le menu de configuration groupe. Dans ce cas, le nouvel\r\n        \u00e9l\u00e9ment sera imm\u00e9diatement ins\u00e9r\u00e9 dans le groupe s\u00e9lectionn\u00e9.<\/p>\r\n      <p class=\"body\"> Un graphique que vous venez d'ins\u00e9rer aura une image par d\u00e9faut.<\/p>\r\n      <p class=\"body\"> Vous pouvez ensuite <strong>en modifier les propri\u00e9t\u00e9s <\/strong>\u00e0 travers sa <a href=\"http:\/\/www.labeljoy.com\/fr\/aide\/definir-un-element-graphique\/\">fen\u00eatre <\/a>selon vos besoins.<\/p><\/td>\r\n  <\/tr>\r\n<\/table>\n<\/div>\n","protected":false},"excerpt":{"rendered":"<p>Cette page fait r\u00e9f\u00e9rence \u00e0 Labeljoy 5, qui n&rsquo;est pas notre derni\u00e8re version. Effectuez une mise \u00e0 niveau vers Labeljoy 6 pour obtenir la derni\u00e8re version du logiciel avec toutes ses fonctionnalit\u00e9s \u00e9tonnantes ou, si vous l\u2019utilisez d\u00e9j\u00e0, visitez le guide de l\u2019utilisateur de Labeljoy 6.<\/p>\n","protected":false},"author":8,"featured_media":0,"parent":22289,"menu_order":0,"comment_status":"open","ping_status":"closed","template":"page-template-left-sidebar.php","meta":{"inline_featured_image":false,"_monsterinsights_skip_tracking":false,"_monsterinsights_sitenote_active":false,"_monsterinsights_sitenote_note":"","_monsterinsights_sitenote_category":0,"footnotes":""},"class_list":{"0":"post-22695","1":"page","2":"type-page","3":"status-publish","5":"infinite-scroll-item"},"aioseo_notices":[],"_links":{"self":[{"href":"https:\/\/www.labeljoy.com\/fr\/wp-json\/wp\/v2\/pages\/22695","targetHints":{"allow":["GET"]}}],"collection":[{"href":"https:\/\/www.labeljoy.com\/fr\/wp-json\/wp\/v2\/pages"}],"about":[{"href":"https:\/\/www.labeljoy.com\/fr\/wp-json\/wp\/v2\/types\/page"}],"author":[{"embeddable":true,"href":"https:\/\/www.labeljoy.com\/fr\/wp-json\/wp\/v2\/users\/8"}],"replies":[{"embeddable":true,"href":"https:\/\/www.labeljoy.com\/fr\/wp-json\/wp\/v2\/comments?post=22695"}],"version-history":[{"count":2,"href":"https:\/\/www.labeljoy.com\/fr\/wp-json\/wp\/v2\/pages\/22695\/revisions"}],"predecessor-version":[{"id":22721,"href":"https:\/\/www.labeljoy.com\/fr\/wp-json\/wp\/v2\/pages\/22695\/revisions\/22721"}],"up":[{"embeddable":true,"href":"https:\/\/www.labeljoy.com\/fr\/wp-json\/wp\/v2\/pages\/22289"}],"wp:attachment":[{"href":"https:\/\/www.labeljoy.com\/fr\/wp-json\/wp\/v2\/media?parent=22695"}],"curies":[{"name":"wp","href":"https:\/\/api.w.org\/{rel}","templated":true}]}}