{"id":22696,"date":"2014-11-20T11:07:46","date_gmt":"2014-11-20T11:07:46","guid":{"rendered":"http:\/\/www.labeljoy.com\/aide\/managing-graphic-elements\/"},"modified":"2015-02-03T18:11:58","modified_gmt":"2015-02-03T18:11:58","slug":"gerer-les-graphiques","status":"publish","type":"page","link":"https:\/\/www.labeljoy.com\/fr\/aide\/gerer-les-graphiques\/","title":{"rendered":"G\u00e9rer les graphiques"},"content":{"rendered":"<div data-partent=\"19635\" class=\"callout callout-warning\">\n<h4>Cette page fait r\u00e9f\u00e9rence \u00e0 Labeljoy 5, qui n&rsquo;est pas notre derni\u00e8re version.<\/h4>\n<p>Effectuez une <a href=\"\/fr\/achat\/\">mise \u00e0 niveau vers Labeljoy 6<\/a> pour obtenir la derni\u00e8re version du logiciel avec toutes ses fonctionnalit\u00e9s \u00e9tonnantes ou, si vous l\u2019utilisez d\u00e9j\u00e0, visitez le <a href=\"\/help-lj6\/\">guide de l\u2019utilisateur de Labeljoy 6<\/a>.<\/p>\n<\/div>\n<div id=\"help-guide\">\n\r\n<p class=\"title\">g\u00e9rer les graphiques<\/p>\r\n<p class=\"body\"> Les \u00e9l\u00e9ments graphiques groupent <strong>certaines caract\u00e9ristiques graphiques <\/strong>qui permettent d'ajouter des effets et des styles aux \u00e9tiquettes.<\/p>\r\n<p class=\"body\"> L'\u00e9l\u00e9ment graphique groupe <strong>3 caract\u00e9ristiques principales<\/strong>:<\/p>\r\n<ol>\r\n  <li class=\"body\"> La capacit\u00e9 d'afficher des <strong>images<\/strong>, charg\u00e9es depuis un disc, depis la librairie des <em>Cliparts<\/em>* ou aussi li\u00e9es \u00e0 une base de\r\n    donn\u00e9es.<\/li>\r\n  <li class=\"body\">La capacit\u00e9 d'afficher des <strong>motifs<\/strong>, c'est \u00e0 dire des effets du fond particuliers comme des lignes, des diagonales, d'autres effets\r\n    etc.<\/li>\r\n  <li class=\"body\"> La capacit\u00e9 d'affichers des <strong>lignes<\/strong> particuli\u00e8res comme des fl\u00e8ches, des lignes pointill\u00e9es ou ombr\u00e9es, etc.<\/li>\r\n<\/ol>\r\n<p class=\"body\">*Les fonctionalit\u00e9s d'acc\u00e8s aux Cliparts ne sont pas disponibles dans la version Light. <\/p>\r\n<\/p>\n<\/div>\n","protected":false},"excerpt":{"rendered":"<p>Cette page fait r\u00e9f\u00e9rence \u00e0 Labeljoy 5, qui n&rsquo;est pas notre derni\u00e8re version. Effectuez une mise \u00e0 niveau vers Labeljoy 6 pour obtenir la derni\u00e8re version du logiciel avec toutes ses fonctionnalit\u00e9s \u00e9tonnantes ou, si vous l\u2019utilisez d\u00e9j\u00e0, visitez le guide de l\u2019utilisateur de Labeljoy 6.<\/p>\n","protected":false},"author":8,"featured_media":0,"parent":22289,"menu_order":0,"comment_status":"open","ping_status":"closed","template":"page-template-left-sidebar.php","meta":{"inline_featured_image":false,"_monsterinsights_skip_tracking":false,"_monsterinsights_sitenote_active":false,"_monsterinsights_sitenote_note":"","_monsterinsights_sitenote_category":0,"footnotes":""},"class_list":{"0":"post-22696","1":"page","2":"type-page","3":"status-publish","5":"infinite-scroll-item"},"aioseo_notices":[],"_links":{"self":[{"href":"https:\/\/www.labeljoy.com\/fr\/wp-json\/wp\/v2\/pages\/22696","targetHints":{"allow":["GET"]}}],"collection":[{"href":"https:\/\/www.labeljoy.com\/fr\/wp-json\/wp\/v2\/pages"}],"about":[{"href":"https:\/\/www.labeljoy.com\/fr\/wp-json\/wp\/v2\/types\/page"}],"author":[{"embeddable":true,"href":"https:\/\/www.labeljoy.com\/fr\/wp-json\/wp\/v2\/users\/8"}],"replies":[{"embeddable":true,"href":"https:\/\/www.labeljoy.com\/fr\/wp-json\/wp\/v2\/comments?post=22696"}],"version-history":[{"count":3,"href":"https:\/\/www.labeljoy.com\/fr\/wp-json\/wp\/v2\/pages\/22696\/revisions"}],"predecessor-version":[{"id":22758,"href":"https:\/\/www.labeljoy.com\/fr\/wp-json\/wp\/v2\/pages\/22696\/revisions\/22758"}],"up":[{"embeddable":true,"href":"https:\/\/www.labeljoy.com\/fr\/wp-json\/wp\/v2\/pages\/22289"}],"wp:attachment":[{"href":"https:\/\/www.labeljoy.com\/fr\/wp-json\/wp\/v2\/media?parent=22696"}],"curies":[{"name":"wp","href":"https:\/\/api.w.org\/{rel}","templated":true}]}}