{"id":22697,"date":"2014-11-20T11:09:57","date_gmt":"2014-11-20T11:09:57","guid":{"rendered":"http:\/\/www.labeljoy.com\/aide\/graphic-element-settings\/"},"modified":"2015-02-03T18:12:31","modified_gmt":"2015-02-03T18:12:31","slug":"definir-un-element-graphique","status":"publish","type":"page","link":"https:\/\/www.labeljoy.com\/fr\/aide\/definir-un-element-graphique\/","title":{"rendered":"D\u00e9finir un \u00e9l\u00e9ment graphique"},"content":{"rendered":"<div data-partent=\"19635\" class=\"callout callout-warning\">\n<h4>Cette page fait r\u00e9f\u00e9rence \u00e0 Labeljoy 5, qui n&rsquo;est pas notre derni\u00e8re version.<\/h4>\n<p>Effectuez une <a href=\"\/fr\/achat\/\">mise \u00e0 niveau vers Labeljoy 6<\/a> pour obtenir la derni\u00e8re version du logiciel avec toutes ses fonctionnalit\u00e9s \u00e9tonnantes ou, si vous l\u2019utilisez d\u00e9j\u00e0, visitez le <a href=\"\/help-lj6\/\">guide de l\u2019utilisateur de Labeljoy 6<\/a>.<\/p>\n<\/div>\n<div id=\"help-guide\">\n\r\n<p class=\"title\">d\u00e9finir un \u00e9l\u00e9ment graphique<\/p>\r\n<p class=\"body\">En double cliquant sur un \u00e9l\u00e9ment graphique, on affiche <strong>la relativa fen\u00eatre de propriet\u00e9s <\/strong>qui permet <strong>d'en <\/strong> <strong>modifier l'apparence.<\/strong><\/p>\r\n<p class=\"body\"> La fen\u00eatre des param\u00e8tres d'un \u00e9l\u00e9ment graphique<em> <\/em>se compose de 8 onglets:<\/p>\r\n<table width=\"100%\">\r\n  <tr valign=\"top\">\r\n    <td><p class=\"body\"><img src=\"http:\/\/www.labeljoy.com\/user-guide-files\/fr\/2120_001.png\" align=\"left\" style=\"margin: 0px 24px 4px 0px\"> <strong>Image<\/strong>: gestion de l'image. Il est possible de t\u00e9l\u00e9charger une image existante depuis le disc dur, l'importer depuis un scanner, l'importer\r\n        depuis les <a href=\"http:\/\/www.labeljoy.com\/fr\/aide\/utiliser-les-cliparts\/\">Cliparts<\/a>* ou la lier \u00e0 un champ de base de donn\u00e9es, comme on explique mieux dans la section <a href=\"#Data\">Liaison \u00e0 un champ de la source de donn\u00e9es<\/a>. Voir la section <a href=\"http:\/\/www.labeljoy.com\/fr\/aide\/definir-une-image\/\">Definir une image <\/a>pour les d\u00e9tails. <\/p>\r\n      <p class=\"body\"> *Les Cliparts ne sont pas disponibles dans la version Light.<\/p><\/td>\r\n  <\/tr>\r\n  <tr valign=\"top\">\r\n    <td><p class=\"body\"><img src=\"http:\/\/www.labeljoy.com\/user-guide-files\/fr\/2120_002.png\" align=\"left\" style=\"margin: 0px 24px 4px 0px\"> <strong>Couleur frontal<\/strong>: D\u00e9finition de la couleur utilis\u00e9e pour les <a href=\"#Pattern\">motifs<\/a> et les <a href=\"#Lines\">lignes<\/a>.<\/p>\r\n      <p class=\"body\"> Voir la section <a href=\"http:\/\/www.labeljoy.com\/fr\/aide\/regler-les-couleurs\/\">d\u00e9finition des couleurs <\/a>pour plus d'informations sur la cr\u00e9ation des couleurs et des nuances complexes.<\/p><\/td>\r\n  <\/tr>\r\n  <tr valign=\"top\">\r\n    <td><p class=\"body\"><img src=\"http:\/\/www.labeljoy.com\/user-guide-files\/fr\/2120_003.png\" align=\"left\" style=\"margin: 0px 24px 4px 0px\"><strong>Fond<\/strong>: d\u00e9finition de la couleur du fond de l'objet graphique. <br\/>\r\n        Cliques sur <em>Permettre une couleur de fond <\/em>pour abiliter les contr\u00f4les de d\u00e9finition, ou d\u00e9sactiver-le pour laisser le graphique\r\n        sur un fond transparent.<\/p>\r\n      <p class=\"body\"> Voir la section <a href=\"http:\/\/www.labeljoy.com\/fr\/aide\/regler-les-couleurs\/\">d\u00e9finition des couleurs <\/a>pour plus d'informations sur la cr\u00e9ation des couleurs et des nuances complexes.<\/p><\/td>\r\n  <\/tr>\r\n  <tr valign=\"top\">\r\n    <td><p class=\"body\"><img src=\"http:\/\/www.labeljoy.com\/user-guide-files\/fr\/2120_004.png\" align=\"left\" style=\"margin: 0px 24px 4px 0px\"><strong>Couler de cadre<\/strong>: Cliquez sur <em>Permettre une couleur de cadre <\/em>pour abiliter les contr\u00f4les de d\u00e9finition, ou d\u00e9sactiver-le pour laisser le graphique\r\n        sans cadre.<\/p>\r\n      <p class=\"body\"> Voir la section <a href=\"http:\/\/www.labeljoy.com\/fr\/aide\/regler-les-couleurs\/\">d\u00e9finition des couleurs <\/a>pour plus d'informations sur la cr\u00e9ation des couleurs et des nuances complexes. <\/p><\/td>\r\n  <\/tr>\r\n  <tr valign=\"top\">\r\n    <td><p class=\"body\"><img src=\"http:\/\/www.labeljoy.com\/user-guide-files\/fr\/2120_005.png\" align=\"left\" style=\"margin: 0px 24px 4px 0px\"><a name=\"Pattern\"><\/a><strong>Motif<\/strong>: en activant la case relative il est possible de s\u00e9l\u00e9ctionner entre 52 styles differents de motifs. <\/p>\r\n      <p class=\"body\"> Activer la cas \u00e0 cocher <strong>Inverser<\/strong> pour inverser les couleurs du motif avec ceux du fond.<\/p><\/td>\r\n  <\/tr>\r\n  <tr valign=\"top\">\r\n    <td><p class=\"body\"><img src=\"http:\/\/www.labeljoy.com\/user-guide-files\/fr\/2120_006.png\" align=\"left\" style=\"margin: 0px 24px 4px 0px\"><a name=\"Lines\"><\/a><strong>Ligne<\/strong>: affichage d'une ligne. <br\/>\r\n        Activez l'affichage d'une ligne avec la case en haut. <br\/>\r\n        D\u00e9finissez le style de debut et de fin de la ligne avec les deux premi\u00e8res listes d\u00e9roulantes. <br\/>\r\n        D\u00e9finissez le style de la ligne avec la liste d\u00e9roulante relative. Dans le cas o\u00f9 vous s\u00e9lectionnez un style different de <em>Plein<\/em>,\r\n        la case dessous sera activ\u00e9e et vous pourrez d\u00e9finire le style des points du trait. <br\/>\r\n        La case <em>Direction<\/em> vous permet de d\u00e9finir l'orientation verticale ou horizontale de la ligne. <br\/>\r\n        Enfin, r\u00e9glez la taille de la ligne \u00e0 travers la derni\u00e8re case de texte. <\/p><\/td>\r\n  <\/tr>\r\n  <tr valign=\"top\">\r\n    <td><p class=\"body\"><img src=\"http:\/\/www.labeljoy.com\/user-guide-files\/fr\/2120_007.png\" align=\"left\" style=\"margin: 0px 24px 4px 0px\"><strong>Forme<\/strong>: d\u00e9finition de la forme de l'\u00e9l\u00e9ment.<\/p><\/td>\r\n  <\/tr>\r\n  <tr valign=\"top\">\r\n    <td><p class=\"body\"><img src=\"http:\/\/www.labeljoy.com\/user-guide-files\/fr\/2120_008.png\" align=\"left\" style=\"margin: 0px 24px 4px 0px\"><strong>Avanzc\u00e9<\/strong>: onglet <a href=\"http:\/\/www.labeljoy.com\/fr\/aide\/positionner-les-elements\/\">commun<\/a> \u00e0 tous les \u00e9l\u00e9ments qui permet de d\u00e9finir les coordonn\u00e9es, les dimensions, la rotation et le nom de l'\u00e9l\u00e9ment. <\/p>\r\n      <p class=\"note\"><strong>Note<\/strong>: <br\/>\r\n        Les dimensions affich\u00e9es pourront \u00eatre exprim\u00e9es en centim\u00e8tres ou pouces selon le param\u00e8tre courant de l'unit\u00e9 de mesure, changeable dans\r\n        l'onglet <em>Interface utilisateur<\/em> de la fen\u00eatre <a href=\"http:\/\/www.labeljoy.com\/fr\/aide\/principal\/\">Options<\/a>. <br\/>\r\n        Les fractions de pouce peuvent \u00eatre ins\u00e9r\u00e9es seulement avec un menu contextuel, comme on explique dans la section <a href=\"http:\/\/www.labeljoy.com\/fr\/aide\/gerer-les-fractions-de-pouce\/\">g\u00e9rer les fractions de pouce<\/a>. <\/p><\/td>\r\n  <\/tr>\r\n<\/table>\r\n<p class=\"body\"><strong><u><a name=\"Data\"><\/a>LIAISON A UN CHAMP DE LA SOURCE DES DONNEES<\/u><\/strong><\/p>\r\n<p class=\"body\">Si le group d'\u00e9tiquettes o\u00f9 il y a l'\u00e9l\u00e9ment graphique est li\u00e9 \u00e0 une source de donn\u00e9es, vous pourrez lier l'image \u00e0 un champ de la source de donn\u00e9es de\r\n  telle fa\u00e7on qu'il soit modifi\u00e9 \u00e0 chaque \u00e9l\u00e9ment du tableau.<\/p>\r\n<p class=\"body\">Il est possible lier 2 cat\u00e9gories de champ \u00e0 un objet graphique:<\/p>\r\n<ul>\r\n  <li class=\"body\"><strong>Binaire<\/strong>: champ de type binaire (OLE, BLOB, Medium BLOB, etc.). Ce type de champ contient la s\u00e9quence des <em>bytes<\/em> qui composent l'image, c'est \u00e0\r\n    dire le fichier image.<\/li>\r\n  <li class=\"body\"><strong>Texte<\/strong>: champ de texte (CHAR, VARCHAR, etc). Labeljoy va interpreter les informations textuelles comme des <em>parcours<\/em> vers les fichiers image sur\r\n    l'ordinateur ou dans le r\u00e9sau. Les images seront affich\u00e9es seulement si le texte indique une position valide et un fichier image compatible. <\/li>\r\n<\/ul>\r\n<p class=\"note\"><strong>Note<\/strong> : <br\/>\r\n  Labeljoy g\u00e8re images de <strong>dimensions de moins de 500 KB<\/strong>.<\/p>\n<\/div>\n","protected":false},"excerpt":{"rendered":"<p>Cette page fait r\u00e9f\u00e9rence \u00e0 Labeljoy 5, qui n&rsquo;est pas notre derni\u00e8re version. Effectuez une mise \u00e0 niveau vers Labeljoy 6 pour obtenir la derni\u00e8re version du logiciel avec toutes ses fonctionnalit\u00e9s \u00e9tonnantes ou, si vous l\u2019utilisez d\u00e9j\u00e0, visitez le guide de l\u2019utilisateur de Labeljoy 6.<\/p>\n","protected":false},"author":8,"featured_media":0,"parent":22289,"menu_order":0,"comment_status":"open","ping_status":"closed","template":"page-template-left-sidebar.php","meta":{"inline_featured_image":false,"_monsterinsights_skip_tracking":false,"_monsterinsights_sitenote_active":false,"_monsterinsights_sitenote_note":"","_monsterinsights_sitenote_category":0,"footnotes":""},"class_list":{"0":"post-22697","1":"page","2":"type-page","3":"status-publish","5":"infinite-scroll-item"},"aioseo_notices":[],"_links":{"self":[{"href":"https:\/\/www.labeljoy.com\/fr\/wp-json\/wp\/v2\/pages\/22697","targetHints":{"allow":["GET"]}}],"collection":[{"href":"https:\/\/www.labeljoy.com\/fr\/wp-json\/wp\/v2\/pages"}],"about":[{"href":"https:\/\/www.labeljoy.com\/fr\/wp-json\/wp\/v2\/types\/page"}],"author":[{"embeddable":true,"href":"https:\/\/www.labeljoy.com\/fr\/wp-json\/wp\/v2\/users\/8"}],"replies":[{"embeddable":true,"href":"https:\/\/www.labeljoy.com\/fr\/wp-json\/wp\/v2\/comments?post=22697"}],"version-history":[{"count":3,"href":"https:\/\/www.labeljoy.com\/fr\/wp-json\/wp\/v2\/pages\/22697\/revisions"}],"predecessor-version":[{"id":22762,"href":"https:\/\/www.labeljoy.com\/fr\/wp-json\/wp\/v2\/pages\/22697\/revisions\/22762"}],"up":[{"embeddable":true,"href":"https:\/\/www.labeljoy.com\/fr\/wp-json\/wp\/v2\/pages\/22289"}],"wp:attachment":[{"href":"https:\/\/www.labeljoy.com\/fr\/wp-json\/wp\/v2\/media?parent=22697"}],"curies":[{"name":"wp","href":"https:\/\/api.w.org\/{rel}","templated":true}]}}